{"id":2987,"date":"2018-12-04T20:03:00","date_gmt":"2018-12-04T20:03:00","guid":{"rendered":"https:\/\/www.europlast-sl.com\/depositos-de-agua\/depositos-de-agua-contra-incendios\/"},"modified":"2018-12-18T09:30:56","modified_gmt":"2018-12-18T09:30:56","slug":"depositos-de-agua-contra-incendios","status":"publish","type":"page","link":"https:\/\/www.europlast-sl.com\/pt-pt\/depositos-de-agua\/depositos-de-agua-contra-incendios\/","title":{"rendered":"Dep\u00f3sitos de \u00e1gua contra inc\u00eandios"},"content":{"rendered":"<div class=\"wpb-content-wrapper\"><p>[vc_row el_class=&#8221;productes&#8221;][vc_column][vc_column_text]Para cumprir os requisitos de bons <strong>sistemas de abastecimento de \u00e1gua contra inc\u00eandios<\/strong>, s\u00e3o necess\u00e1rios <strong>dep\u00f3sitos de \u00e1gua <\/strong>de grandes dimens\u00f5es. A <strong>prote\u00e7\u00e3o contra inc\u00eandios <\/strong>\u00e9 importante em locais com muita aflu\u00eancia de pessoas e com possibilidades de inc\u00eandio.<\/p>\n<p>A vasta gama de <strong>dep\u00f3sitos contra inc\u00eandios <\/strong>da Europlast torna-os a op\u00e7\u00e3o adequada para assegurar o respeito pelo atual Sistema da Ind\u00fastria Respons\u00e1vel.<\/p>\n<p>Dispomos de dep\u00f3sitos com distintas capacidades.<\/p>\n<p>O <strong>dep\u00f3sito de \u00e1gua <\/strong>inclui uma boca de acesso cil\u00edndrica de 560 mm e duas flanges com duas porta-flanges de DN 50.<\/p>\n<p>Caso tenha outras necessidades, consulte o nosso departamento comercial de <strong>prote\u00e7\u00e3o contra <\/strong>inc\u00eandios. Pode solicitar mais informa\u00e7\u00e3o sobre a capacidade e pre\u00e7o dos dep\u00f3sitos<strong> contra inc\u00eandios<\/strong>, contactando a Europlast atrav\u00e9s do formul\u00e1rio de contacto ou do telefone da empresa.[\/vc_column_text][\/vc_column][\/vc_row][vc_row][vc_column][vc_column_text]<\/p>\n<h2>Dep\u00f3sitos de \u00e1gua em formato vertical<\/h2>\n<p>[\/vc_column_text][vc_row_inner][vc_column_inner][vc_raw_html]JTNDdGFibGUlMjBjbGFzcyUzRCUyMnRhdWxhJTIyJTIwd2lkdGglM0QlMjIxMDAlMjUlMjIlM0UlMEElM0N0aGVhZCUzRSUwQSUzQ3RyJTNFJTBBJTNDdGglMjB3aWR0aCUzRCUyMjE1JTI1JTIyJTNFJTI2bmJzcCUzQiUzQyUyRnRoJTNFJTBBJTNDdGglMjBjbGFzcyUzRCUyMmNhcHNhbGVyYTElMjIlMjBjb2xzcGFuJTNEJTIyMyUyMiUzRURJTUVOUyVDMyU5NUVTJTNDJTJGdGglM0UlMEElM0MlMkZ0ciUzRSUwQSUzQ3RyJTNFJTBBJTNDdGglMjBjbGFzcyUzRCUyMmNhcHNhbGVyYTMlMjIlM0VDQVBBQ0lEQURFJTNDJTJGdGglM0UlMEElM0N0aCUyMGNsYXNzJTNEJTIyY2Fwc2FsZXJhMiUyMiUzRUQlM0MlMkZ0aCUzRSUwQSUzQ3RoJTIwY2xhc3MlM0QlMjJjYXBzYWxlcmEyJTIyJTNFSCUzQyUyRnRoJTNFJTBBJTNDdGglMjBjbGFzcyUzRCUyMmNhcHNhbGVyYTIlMjIlM0VCJTNDJTJGdGglM0UlMEElM0MlMkZ0ciUzRSUwQSUzQyUyRnRoZWFkJTNFJTBBJTNDdGJvZHklM0UlMEElM0N0ciUzRSUwQSUzQ3RkJTIwY2xhc3MlM0QlMjJjYXBzYWxlcmEyJTIyJTNFNjAwMCUyMGx0cy4lM0MlMkZ0ZCUzRSUwQSUzQ3RkJTNFMjAwMCUyMG1tLiUzQyUyRnRkJTNFJTBBJTNDdGQlM0UyMDAwJTIwbW0uJTNDJTJGdGQlM0UlMEElM0N0ZCUzRTU2MCUyMG1tLiUzQyUyRnRkJTNFJTBBJTNDJTJGdHIlM0UlMEElM0N0ciUzRSUwQSUzQ3RkJTIwY2xhc3MlM0QlMjJjYXBzYWxlcmEyJTIyJTNFODAwMCUyMGx0cy4lM0MlMkZ0ZCUzRSUwQSUzQ3RkJTNFMjAwMCUyMG1tLiUzQyUyRnRkJTNFJTBBJTNDdGQlM0UyNjAwJTIwbW0uJTNDJTJGdGQlM0UlMEElM0N0ZCUzRTU2MCUyMG1tLiUzQyUyRnRkJTNFJTBBJTNDJTJGdHIlM0UlMEElM0N0ciUzRSUwQSUzQ3RkJTIwY2xhc3MlM0QlMjJjYXBzYWxlcmEyJTIyJTNFMTIwMDAlMjBsdHMuJTNDJTJGdGQlM0UlMEElM0N0ZCUzRTIwMDAlMjBtbS4lM0MlMkZ0ZCUzRSUwQSUzQ3RkJTNFMzgzMCUyMG1tLiUzQyUyRnRkJTNFJTBBJTNDdGQlM0U1NjAlMjBtbS4lM0MlMkZ0ZCUzRSUwQSUzQyUyRnRyJTNFJTBBJTNDdHIlM0UlMEElM0N0ZCUyMGNsYXNzJTNEJTIyY2Fwc2FsZXJhMiUyMiUzRTEyMDAwJTIwbHRzLiUzQyUyRnRkJTNFJTBBJTNDdGQlM0UyNTAwJTIwbW0uJTNDJTJGdGQlM0UlMEElM0N0ZCUzRTI1MDAlMjBtbS4lM0MlMkZ0ZCUzRSUwQSUzQ3RkJTNFNTYwJTIwbW0uJTNDJTJGdGQlM0UlMEElM0MlMkZ0ciUzRSUwQSUzQ3RyJTNFJTBBJTNDdGQlMjBjbGFzcyUzRCUyMmNhcHNhbGVyYTIlMjIlM0UxNTAwMCUyMGx0cy4lM0MlMkZ0ZCUzRSUwQSUzQ3RkJTNFMjUwMCUyMG1tLiUzQyUyRnRkJTNFJTBBJTNDdGQlM0UzMjAwJTIwbW0uJTNDJTJGdGQlM0UlMEElM0N0ZCUzRTU2MCUyMG1tLiUzQyUyRnRkJTNFJTBBJTNDJTJGdHIlM0UlMEElM0N0ciUzRSUwQSUzQ3RkJTIwY2xhc3MlM0QlMjJjYXBzYWxlcmEyJTIyJTNFMjQwMDAlMjBsdHMuJTNDJTJGdGQlM0UlMEElM0N0ZCUzRTI1MDAlMjBtbS4lM0MlMkZ0ZCUzRSUwQSUzQ3RkJTNFNDkwMCUyMG1tLiUzQyUyRnRkJTNFJTBBJTNDdGQlM0U1NjAlMjBtbS4lM0MlMkZ0ZCUzRSUwQSUzQyUyRnRyJTNFJTBBJTNDJTJGdGJvZHklM0UlMEElM0MlMkZ0YWJsZSUzRQ==[\/vc_raw_html][vc_single_image image=&#8221;1845&#8243; img_size=&#8221;600&#215;514&#8243; alignment=&#8221;center&#8221; onclick=&#8221;link_image&#8221;][\/vc_column_inner][\/vc_row_inner][vc_row_inner][vc_column_inner][vc_raw_html]JTNDdGFibGUlMjBjbGFzcyUzRCUyMnRhdWxhJTIyJTIwd2lkdGglM0QlMjIxMDAlMjUlMjIlM0UlMEElM0N0aGVhZCUzRSUwQSUzQ3RyJTNFJTBBJTNDdGglMjB3aWR0aCUzRCUyMjE1JTI1JTIyJTNFJTI2bmJzcCUzQiUzQyUyRnRoJTNFJTBBJTNDdGglMjBjbGFzcyUzRCUyMmNhcHNhbGVyYTIlMjIlMjBjb2xzcGFuJTNEJTIyNCUyMiUzRURJTUVOUyVDMyU5NUVTJTNDJTJGdGglM0UlMEElM0MlMkZ0ciUzRSUwQSUzQ3RyJTNFJTBBJTNDdGglMjBjbGFzcyUzRCUyMmNhcHNhbGVyYTMlMjIlM0VDQVBBQ0lEQURFJTNDJTJGdGglM0UlMEElM0N0aCUyMGNsYXNzJTNEJTIyY2Fwc2FsZXJhMiUyMiUzRUQxJTNDJTJGdGglM0UlMEElM0N0aCUyMGNsYXNzJTNEJTIyY2Fwc2FsZXJhMiUyMiUzRUQyJTNDJTJGdGglM0UlMEElM0N0aCUyMGNsYXNzJTNEJTIyY2Fwc2FsZXJhMiUyMiUzRUglM0MlMkZ0aCUzRSUwQSUzQ3RoJTIwY2xhc3MlM0QlMjJjYXBzYWxlcmEyJTIyJTNFRCUyRlRBUEElM0MlMkZ0aCUzRSUwQSUzQyUyRnRyJTNFJTBBJTNDJTJGdGhlYWQlM0UlMEElM0N0Ym9keSUzRSUwQSUzQ3RyJTNFJTBBJTNDdGQlMjBjbGFzcyUzRCUyMmNhcHNhbGVyYTIlMjIlM0UyMDAwJTNDJTJGdGQlM0UlMEElM0N0ZCUzRTE0OTAlMjBtbS4lM0MlMkZ0ZCUzRSUwQSUzQ3RkJTNFMTM2NSUyMG1tLiUzQyUyRnRkJTNFJTBBJTNDdGQlM0UxNDIwJTIwbW0uJTNDJTJGdGQlM0UlMEElM0N0ZCUzRTE0OTUlMjBtbS4lM0MlMkZ0ZCUzRSUwQSUzQyUyRnRyJTNFJTBBJTNDdHIlM0UlMEElM0N0ZCUyMGNsYXNzJTNEJTIyY2Fwc2FsZXJhMiUyMiUzRTM3MDAlM0MlMkZ0ZCUzRSUwQSUzQ3RkJTNFMjAzMCUyMG1tLiUzQyUyRnRkJTNFJTBBJTNDdGQlM0UxOTcwJTIwbW0uJTNDJTJGdGQlM0UlMEElM0N0ZCUzRTEyMDAlMjBtbS4lM0MlMkZ0ZCUzRSUwQSUzQ3RkJTNFMjAzNSUyMG1tLiUzQyUyRnRkJTNFJTBBJTNDJTJGdHIlM0UlMEElM0MlMkZ0Ym9keSUzRSUwQSUzQyUyRnRhYmxlJTNF[\/vc_raw_html][vc_single_image image=&#8221;1909&#8243; img_size=&#8221;600&#215;410&#8243; alignment=&#8221;center&#8221; onclick=&#8221;link_image&#8221;][\/vc_column_inner][\/vc_row_inner][\/vc_column][\/vc_row][vc_row][vc_column][vc_column_text]<\/p>\n<p><strong>Dep\u00f3sitos formato horizontal superf\u00edcie e enterrar<\/strong><\/p>\n<p>[\/vc_column_text][vc_raw_html]JTNDdGFibGUlMjBjbGFzcyUzRCUyMnRhdWxhJTIyJTIwd2lkdGglM0QlMjIxMDAlMjUlMjIlM0UlMEElM0N0aGVhZCUzRSUwQSUzQ3RyJTNFJTBBJTNDdGglMjB3aWR0aCUzRCUyMjE1JTI1JTIyJTNFJTI2bmJzcCUzQiUzQyUyRnRoJTNFJTBBJTNDdGglMjBjbGFzcyUzRCUyMmNhcHNhbGVyYTElMjIlMjBjb2xzcGFuJTNEJTIyMyUyMiUzRURJTUVOUyVDMyU5NUVTJTNDJTJGdGglM0UlMEElM0MlMkZ0ciUzRSUwQSUzQ3RyJTNFJTBBJTNDdGglMjBjbGFzcyUzRCUyMmNhcHNhbGVyYTMlMjIlM0VDQVBBQ0lEQURFJTNDJTJGdGglM0UlMEElM0N0aCUyMGNsYXNzJTNEJTIyY2Fwc2FsZXJhMiUyMiUzRUQlM0MlMkZ0aCUzRSUwQSUzQ3RoJTIwY2xhc3MlM0QlMjJjYXBzYWxlcmEyJTIyJTNFQ09NUFJJTUVOVE8lM0MlMkZ0aCUzRSUwQSUzQ3RoJTIwY2xhc3MlM0QlMjJjYXBzYWxlcmEyJTIyJTNFQiUzQyUyRnRoJTNFJTBBJTNDJTJGdHIlM0UlMEElM0MlMkZ0aGVhZCUzRSUwQSUzQ3Rib2R5JTNFJTBBJTNDdHIlM0UlMEElM0N0ZCUyMGNsYXNzJTNEJTIyY2Fwc2FsZXJhMiUyMiUzRTYwMDAlMjBsdHMuJTNDJTJGdGQlM0UlMEElM0N0ZCUzRTIwMDAlMjBtbS4lM0MlMkZ0ZCUzRSUwQSUzQ3RkJTNFMjAwMCUyMG1tLiUzQyUyRnRkJTNFJTBBJTNDdGQlM0U1NjAlMjBtbS4lM0MlMkZ0ZCUzRSUwQSUzQyUyRnRyJTNFJTBBJTNDdHIlM0UlMEElM0N0ZCUyMGNsYXNzJTNEJTIyY2Fwc2FsZXJhMiUyMiUzRTgwMDAlMjBsdHMuJTNDJTJGdGQlM0UlMEElM0N0ZCUzRTIwMDAlMjBtbS4lM0MlMkZ0ZCUzRSUwQSUzQ3RkJTNFMjYwMCUyMG1tLiUzQyUyRnRkJTNFJTBBJTNDdGQlM0U1NjAlMjBtbS4lM0MlMkZ0ZCUzRSUwQSUzQyUyRnRyJTNFJTBBJTNDdHIlM0UlMEElM0N0ZCUyMGNsYXNzJTNEJTIyY2Fwc2FsZXJhMiUyMiUzRTEyMDAwJTIwbHRzLiUzQyUyRnRkJTNFJTBBJTNDdGQlM0UyMDAwJTIwbW0uJTNDJTJGdGQlM0UlMEElM0N0ZCUzRTM4MzAlMjBtbS4lM0MlMkZ0ZCUzRSUwQSUzQ3RkJTNFNTYwJTIwbW0uJTNDJTJGdGQlM0UlMEElM0MlMkZ0ciUzRSUwQSUzQ3RyJTNFJTBBJTNDdGQlMjBjbGFzcyUzRCUyMmNhcHNhbGVyYTIlMjIlM0UxNTAwMCUyMGx0cy4lM0MlMkZ0ZCUzRSUwQSUzQ3RkJTNFMjUwMCUyMG1tLiUzQyUyRnRkJTNFJTBBJTNDdGQlM0UzMjAwJTIwbW0uJTNDJTJGdGQlM0UlMEElM0N0ZCUzRTU2MCUyMG1tLiUzQyUyRnRkJTNFJTBBJTNDJTJGdHIlM0UlMEElM0N0ciUzRSUwQSUzQ3RkJTIwY2xhc3MlM0QlMjJjYXBzYWxlcmEyJTIyJTNFMjQwMDAlMjBsdHMuJTNDJTJGdGQlM0UlMEElM0N0ZCUzRTI1MDAlMjBtbS4lM0MlMkZ0ZCUzRSUwQSUzQ3RkJTNFNDkwMCUyMG1tLiUzQyUyRnRkJTNFJTBBJTNDdGQlM0U1NjAlMjBtbS4lM0MlMkZ0ZCUzRSUwQSUzQyUyRnRyJTNFJTBBJTNDJTJGdGJvZHklM0UlMEElM0MlMkZ0YWJsZSUzRQ==[\/vc_raw_html][vc_row_inner][vc_column_inner][vc_single_image image=&#8221;1846&#8243; img_size=&#8221;600&#215;342&#8243; alignment=&#8221;center&#8221; onclick=&#8221;link_image&#8221;][vc_single_image image=&#8221;1847&#8243; img_size=&#8221;600&#215;342&#8243; alignment=&#8221;center&#8221; onclick=&#8221;link_image&#8221;][\/vc_column_inner][\/vc_row_inner][\/vc_column][\/vc_row][vc_row][vc_column][vc_column_text]<\/p>\n<p><strong>Acess\u00f3rios<\/strong><\/p>\n<p>[\/vc_column_text][\/vc_column][\/vc_row][vc_row][vc_column width=&#8221;1\/3&#8243;][vc_column_text]<\/p>\n<ul>\n<li>Flange + porta flange<\/li>\n<\/ul>\n<p>[\/vc_column_text][vc_row_inner][vc_column_inner width=&#8221;2\/3&#8243;][vc_single_image image=&#8221;1838&#8243; img_size=&#8221;300&#215;220&#8243; alignment=&#8221;center&#8221; onclick=&#8221;link_image&#8221;][\/vc_column_inner][vc_column_inner width=&#8221;1\/3&#8243;][\/vc_column_inner][\/vc_row_inner][\/vc_column][vc_column width=&#8221;1\/3&#8243;][vc_column_text]<\/p>\n<ul>\n<li>Passa-muros<\/li>\n<\/ul>\n<p>[\/vc_column_text][vc_row_inner][vc_column_inner width=&#8221;2\/3&#8243;][vc_single_image image=&#8221;1839&#8243; img_size=&#8221;200&#215;217&#8243; alignment=&#8221;center&#8221; onclick=&#8221;link_image&#8221;][\/vc_column_inner][vc_column_inner width=&#8221;1\/3&#8243;][\/vc_column_inner][\/vc_row_inner][\/vc_column][vc_column width=&#8221;1\/3&#8243;][vc_column_text]<\/p>\n<ul>\n<li>V\u00e1lvula flutuante<\/li>\n<\/ul>\n<p>[\/vc_column_text][vc_row_inner][vc_column_inner width=&#8221;2\/3&#8243;][vc_single_image image=&#8221;1840&#8243; img_size=&#8221;400&#215;326&#8243; alignment=&#8221;center&#8221; onclick=&#8221;link_image&#8221;][\/vc_column_inner][vc_column_inner width=&#8221;1\/3&#8243;][\/vc_column_inner][\/vc_row_inner][vc_raw_html]JTNDdGFibGUlMjBjbGFzcyUzRCUyMnRhdWxhJTIyJTIwc3R5bGUlM0QlMjJ3aWR0aCUzQSUyMDEyLjAyNzUlMjUlM0IlMjIlM0UlMEElM0N0aGVhZCUzRSUwQSUzQ3RyJTIwc3R5bGUlM0QlMjJoZWlnaHQlM0ElMjAyMXB4JTNCJTIyJTNFJTBBJTNDdGglMjBjbGFzcyUzRCUyMmNhcHNhbGVyYTElMjIlMjBzdHlsZSUzRCUyMndpZHRoJTNBJTIwMTAwJTI1JTNCJTIwaGVpZ2h0JTNBJTIwMjFweCUzQiUyMiUzRVBVTEdBREFTJTNDJTJGdGglM0UlMEElM0MlMkZ0ciUzRSUwQSUzQyUyRnRoZWFkJTNFJTBBJTNDdGJvZHklM0UlMEElM0N0ciUyMHN0eWxlJTNEJTIyaGVpZ2h0JTNBJTIwMjFweCUzQiUyMiUzRSUwQSUzQ3RkJTIwc3R5bGUlM0QlMjJ3aWR0aCUzQSUyMDEwMCUyNSUzQiUyMGhlaWdodCUzQSUyMDIxcHglM0IlMjIlM0UzJTJGNCUyMiUzQyUyRnRkJTNFJTBBJTNDJTJGdHIlM0UlMEElM0N0ciUyMHN0eWxlJTNEJTIyaGVpZ2h0JTNBJTIwMjFweCUzQiUyMiUzRSUwQSUzQ3RkJTIwc3R5bGUlM0QlMjJ3aWR0aCUzQSUyMDEwMCUyNSUzQiUyMGhlaWdodCUzQSUyMDIxcHglM0IlMjIlM0UxJTIyJTNDJTJGdGQlM0UlMEElM0MlMkZ0ciUzRSUwQSUwQSUzQ3RyJTIwc3R5bGUlM0QlMjJoZWlnaHQlM0ElMjAyMXB4JTNCJTIyJTNFJTBBJTNDdGQlMjBzdHlsZSUzRCUyMndpZHRoJTNBJTIwMTAwJTI1JTNCJTIwaGVpZ2h0JTNBJTIwMjFweCUzQiUyMiUzRTElMjAxJTJGMiUyMiUzQyUyRnRkJTNFJTBBJTNDJTJGdHIlM0UlMEElM0N0ciUyMHN0eWxlJTNEJTIyaGVpZ2h0JTNBJTIwMjFweCUzQiUyMiUzRSUwQSUzQ3RkJTIwc3R5bGUlM0QlMjJ3aWR0aCUzQSUyMDEwMCUyNSUzQiUyMGhlaWdodCUzQSUyMDIxcHglM0IlMjIlM0UyJTIyJTNDJTJGdGQlM0UlMEElM0MlMkZ0ciUzRSUwQSUwQSUzQyUyRnRib2R5JTNFJTBBJTNDJTJGdGFibGUlM0U=[\/vc_raw_html][\/vc_column][\/vc_row][vc_row][vc_column][vc_text_separator title=&#8221;Contato&#8221; el_class=&#8221;titleForm&#8221;]\n<div class=\"wpcf7 no-js\" id=\"wpcf7-f1255-o1\" lang=\"en-US\" dir=\"ltr\" data-wpcf7-id=\"1255\">\n<div class=\"screen-reader-response\"><p role=\"status\" aria-live=\"polite\" aria-atomic=\"true\"><\/p> <ul><\/ul><\/div>\n<form action=\"\/pt-pt\/wp-json\/wp\/v2\/pages\/2987#wpcf7-f1255-o1\" method=\"post\" class=\"wpcf7-form init\" aria-label=\"Contact form\" novalidate=\"novalidate\" data-status=\"init\">\n<fieldset class=\"hidden-fields-container\"><input type=\"hidden\" name=\"_wpcf7\" value=\"1255\" \/><input type=\"hidden\" name=\"_wpcf7_version\" value=\"6.1.5\" \/><input type=\"hidden\" name=\"_wpcf7_locale\" value=\"en_US\" \/><input type=\"hidden\" name=\"_wpcf7_unit_tag\" value=\"wpcf7-f1255-o1\" \/><input type=\"hidden\" name=\"_wpcf7_container_post\" value=\"0\" \/><input type=\"hidden\" name=\"_wpcf7_posted_data_hash\" value=\"\" \/><input type=\"hidden\" name=\"_wpcf7_recaptcha_response\" value=\"\" \/>\n<\/fieldset>\n<p>Nome (*)\n<\/p>\n<p><span class=\"wpcf7-form-control-wrap\" data-name=\"your-name\"><input size=\"40\" maxlength=\"400\" class=\"wpcf7-form-control wpcf7-text wpcf7-validates-as-required\" aria-required=\"true\" aria-invalid=\"false\" value=\"\" type=\"text\" name=\"your-name\" \/><\/span>\n<\/p>\n<p>Telefone(*)\n<\/p>\n<p><span class=\"wpcf7-form-control-wrap\" data-name=\"telefono\"><input size=\"40\" maxlength=\"400\" class=\"wpcf7-form-control wpcf7-text wpcf7-validates-as-required\" aria-required=\"true\" aria-invalid=\"false\" value=\"\" type=\"text\" name=\"telefono\" \/><\/span>\n<\/p>\n<p>Localiza\u00e7\u00e3o(*)\n<\/p>\n<p><span class=\"wpcf7-form-control-wrap\" data-name=\"poblacio\"><input size=\"40\" maxlength=\"400\" class=\"wpcf7-form-control wpcf7-text wpcf7-validates-as-required\" aria-required=\"true\" aria-invalid=\"false\" value=\"\" type=\"text\" name=\"poblacio\" \/><\/span>\n<\/p>\n<p>Email (*)\n<\/p>\n<p><span class=\"wpcf7-form-control-wrap\" data-name=\"your-email\"><input size=\"40\" maxlength=\"400\" class=\"wpcf7-form-control wpcf7-email wpcf7-validates-as-required wpcf7-text wpcf7-validates-as-email\" aria-required=\"true\" aria-invalid=\"false\" value=\"\" type=\"email\" name=\"your-email\" \/><\/span>\n<\/p>\n<p>Mensagem\n<\/p>\n<p><span class=\"wpcf7-form-control-wrap\" data-name=\"your-message\"><textarea cols=\"40\" rows=\"10\" maxlength=\"2000\" class=\"wpcf7-form-control wpcf7-textarea\" aria-invalid=\"false\" name=\"your-message\"><\/textarea><\/span>\n<\/p>\n<p><input class=\"wpcf7-form-control wpcf7-submit has-spinner\" type=\"submit\" value=\"Enviar\" \/>\n<\/p><p style=\"display: none !important;\" class=\"akismet-fields-container\" data-prefix=\"_wpcf7_ak_\"><label>&#916;<textarea name=\"_wpcf7_ak_hp_textarea\" cols=\"45\" rows=\"8\" maxlength=\"100\"><\/textarea><\/label><input type=\"hidden\" id=\"ak_js_1\" name=\"_wpcf7_ak_js\" value=\"138\"\/><script>document.getElementById( \"ak_js_1\" ).setAttribute( \"value\", ( new Date() ).getTime() );<\/script><\/p><div class=\"wpcf7-response-output\" aria-hidden=\"true\"><\/div>\n<\/form>\n<\/div>\n[\/vc_column][\/vc_row][vc_row][vc_column][\/vc_column][\/vc_row]<\/p>\n<\/div>","protected":false},"excerpt":{"rendered":"<p>[vc_row el_class=&#8221;productes&#8221;][vc_column][vc_column_text]Para cumprir os requisitos de bons sistemas de abastecimento de \u00e1gua contra inc\u00eandios, s\u00e3o necess\u00e1rios dep\u00f3sitos de \u00e1gua de grandes dimens\u00f5es. A prote\u00e7\u00e3o contra inc\u00eandios \u00e9 importante em locais com muita aflu\u00eancia de pessoas e com possibilidades de inc\u00eandio. A vasta gama de dep\u00f3sitos contra inc\u00eandios da Europlast torna-os a op\u00e7\u00e3o adequada para assegurar&hellip;<\/p>\n","protected":false},"author":1,"featured_media":0,"parent":2856,"menu_order":0,"comment_status":"closed","ping_status":"closed","template":"","meta":{"_joinchat":[]},"class_list":["post-2987","page","type-page","status-publish","hentry","description-off"],"yoast_head":"<!-- This site is optimized with the Yoast SEO plugin v27.2 - https:\/\/yoast.com\/product\/yoast-seo-wordpress\/ -->\n<title>Dep\u00f3sitos de \u00e1gua contra inc\u00eandios &#8211; Europlast<\/title>\n<meta name=\"robots\" content=\"index, follow, max-snippet:-1, max-image-preview:large, max-video-preview:-1\" \/>\n<link rel=\"canonical\" href=\"https:\/\/www.europlast-sl.com\/pt-pt\/depositos-de-agua\/depositos-de-agua-contra-incendios\/\" \/>\n<meta property=\"og:locale\" content=\"pt_PT\" \/>\n<meta property=\"og:type\" content=\"article\" \/>\n<meta property=\"og:title\" content=\"Dep\u00f3sitos de \u00e1gua contra inc\u00eandios &#8211; Europlast\" \/>\n<meta property=\"og:description\" content=\"[vc_row el_class=&#8221;productes&#8221;][vc_column][vc_column_text]Para cumprir os requisitos de bons sistemas de abastecimento de \u00e1gua contra inc\u00eandios, s\u00e3o necess\u00e1rios dep\u00f3sitos de \u00e1gua de grandes dimens\u00f5es. A prote\u00e7\u00e3o contra inc\u00eandios \u00e9 importante em locais com muita aflu\u00eancia de pessoas e com possibilidades de inc\u00eandio. A vasta gama de dep\u00f3sitos contra inc\u00eandios da Europlast torna-os a op\u00e7\u00e3o adequada para assegurar&hellip;\" \/>\n<meta property=\"og:url\" content=\"https:\/\/www.europlast-sl.com\/pt-pt\/depositos-de-agua\/depositos-de-agua-contra-incendios\/\" \/>\n<meta property=\"og:site_name\" content=\"Europlast\" \/>\n<meta property=\"article:modified_time\" content=\"2018-12-18T09:30:56+00:00\" \/>\n<meta name=\"twitter:label1\" content=\"Tempo estimado de leitura\" \/>\n\t<meta name=\"twitter:data1\" content=\"5 minutos\" \/>\n<script type=\"application\/ld+json\" class=\"yoast-schema-graph\">{\"@context\":\"https:\/\/schema.org\",\"@graph\":[{\"@type\":\"WebPage\",\"@id\":\"https:\/\/www.europlast-sl.com\/pt-pt\/depositos-de-agua\/depositos-de-agua-contra-incendios\/\",\"url\":\"https:\/\/www.europlast-sl.com\/pt-pt\/depositos-de-agua\/depositos-de-agua-contra-incendios\/\",\"name\":\"Dep\u00f3sitos de \u00e1gua contra inc\u00eandios &#8211; Europlast\",\"isPartOf\":{\"@id\":\"https:\/\/www.europlast-sl.com\/pt-pt\/#website\"},\"datePublished\":\"2018-12-04T20:03:00+00:00\",\"dateModified\":\"2018-12-18T09:30:56+00:00\",\"breadcrumb\":{\"@id\":\"https:\/\/www.europlast-sl.com\/pt-pt\/depositos-de-agua\/depositos-de-agua-contra-incendios\/#breadcrumb\"},\"inLanguage\":\"pt-PT\",\"potentialAction\":[{\"@type\":\"ReadAction\",\"target\":[\"https:\/\/www.europlast-sl.com\/pt-pt\/depositos-de-agua\/depositos-de-agua-contra-incendios\/\"]}]},{\"@type\":\"BreadcrumbList\",\"@id\":\"https:\/\/www.europlast-sl.com\/pt-pt\/depositos-de-agua\/depositos-de-agua-contra-incendios\/#breadcrumb\",\"itemListElement\":[{\"@type\":\"ListItem\",\"position\":1,\"name\":\"Portada\",\"item\":\"https:\/\/www.europlast-sl.com\/pt-pt\/\"},{\"@type\":\"ListItem\",\"position\":2,\"name\":\"Dep\u00f3sitos de \u00e1gua\",\"item\":\"https:\/\/www.europlast-sl.com\/pt-pt\/depositos-de-agua\/\"},{\"@type\":\"ListItem\",\"position\":3,\"name\":\"Dep\u00f3sitos de \u00e1gua contra inc\u00eandios\"}]},{\"@type\":\"WebSite\",\"@id\":\"https:\/\/www.europlast-sl.com\/pt-pt\/#website\",\"url\":\"https:\/\/www.europlast-sl.com\/pt-pt\/\",\"name\":\"Europlast\",\"description\":\"Especialistas en la fabricaci\u00f3n y comercializaci\u00f3n de dep\u00f3sitos\",\"potentialAction\":[{\"@type\":\"SearchAction\",\"target\":{\"@type\":\"EntryPoint\",\"urlTemplate\":\"https:\/\/www.europlast-sl.com\/pt-pt\/?s={search_term_string}\"},\"query-input\":{\"@type\":\"PropertyValueSpecification\",\"valueRequired\":true,\"valueName\":\"search_term_string\"}}],\"inLanguage\":\"pt-PT\"}]}<\/script>\n<!-- \/ Yoast SEO plugin. -->","yoast_head_json":{"title":"Dep\u00f3sitos de \u00e1gua contra inc\u00eandios &#8211; Europlast","robots":{"index":"index","follow":"follow","max-snippet":"max-snippet:-1","max-image-preview":"max-image-preview:large","max-video-preview":"max-video-preview:-1"},"canonical":"https:\/\/www.europlast-sl.com\/pt-pt\/depositos-de-agua\/depositos-de-agua-contra-incendios\/","og_locale":"pt_PT","og_type":"article","og_title":"Dep\u00f3sitos de \u00e1gua contra inc\u00eandios &#8211; Europlast","og_description":"[vc_row el_class=&#8221;productes&#8221;][vc_column][vc_column_text]Para cumprir os requisitos de bons sistemas de abastecimento de \u00e1gua contra inc\u00eandios, s\u00e3o necess\u00e1rios dep\u00f3sitos de \u00e1gua de grandes dimens\u00f5es. A prote\u00e7\u00e3o contra inc\u00eandios \u00e9 importante em locais com muita aflu\u00eancia de pessoas e com possibilidades de inc\u00eandio. A vasta gama de dep\u00f3sitos contra inc\u00eandios da Europlast torna-os a op\u00e7\u00e3o adequada para assegurar&hellip;","og_url":"https:\/\/www.europlast-sl.com\/pt-pt\/depositos-de-agua\/depositos-de-agua-contra-incendios\/","og_site_name":"Europlast","article_modified_time":"2018-12-18T09:30:56+00:00","twitter_misc":{"Tempo estimado de leitura":"5 minutos"},"schema":{"@context":"https:\/\/schema.org","@graph":[{"@type":"WebPage","@id":"https:\/\/www.europlast-sl.com\/pt-pt\/depositos-de-agua\/depositos-de-agua-contra-incendios\/","url":"https:\/\/www.europlast-sl.com\/pt-pt\/depositos-de-agua\/depositos-de-agua-contra-incendios\/","name":"Dep\u00f3sitos de \u00e1gua contra inc\u00eandios &#8211; Europlast","isPartOf":{"@id":"https:\/\/www.europlast-sl.com\/pt-pt\/#website"},"datePublished":"2018-12-04T20:03:00+00:00","dateModified":"2018-12-18T09:30:56+00:00","breadcrumb":{"@id":"https:\/\/www.europlast-sl.com\/pt-pt\/depositos-de-agua\/depositos-de-agua-contra-incendios\/#breadcrumb"},"inLanguage":"pt-PT","potentialAction":[{"@type":"ReadAction","target":["https:\/\/www.europlast-sl.com\/pt-pt\/depositos-de-agua\/depositos-de-agua-contra-incendios\/"]}]},{"@type":"BreadcrumbList","@id":"https:\/\/www.europlast-sl.com\/pt-pt\/depositos-de-agua\/depositos-de-agua-contra-incendios\/#breadcrumb","itemListElement":[{"@type":"ListItem","position":1,"name":"Portada","item":"https:\/\/www.europlast-sl.com\/pt-pt\/"},{"@type":"ListItem","position":2,"name":"Dep\u00f3sitos de \u00e1gua","item":"https:\/\/www.europlast-sl.com\/pt-pt\/depositos-de-agua\/"},{"@type":"ListItem","position":3,"name":"Dep\u00f3sitos de \u00e1gua contra inc\u00eandios"}]},{"@type":"WebSite","@id":"https:\/\/www.europlast-sl.com\/pt-pt\/#website","url":"https:\/\/www.europlast-sl.com\/pt-pt\/","name":"Europlast","description":"Especialistas en la fabricaci\u00f3n y comercializaci\u00f3n de dep\u00f3sitos","potentialAction":[{"@type":"SearchAction","target":{"@type":"EntryPoint","urlTemplate":"https:\/\/www.europlast-sl.com\/pt-pt\/?s={search_term_string}"},"query-input":{"@type":"PropertyValueSpecification","valueRequired":true,"valueName":"search_term_string"}}],"inLanguage":"pt-PT"}]}},"_links":{"self":[{"href":"https:\/\/www.europlast-sl.com\/pt-pt\/wp-json\/wp\/v2\/pages\/2987","targetHints":{"allow":["GET"]}}],"collection":[{"href":"https:\/\/www.europlast-sl.com\/pt-pt\/wp-json\/wp\/v2\/pages"}],"about":[{"href":"https:\/\/www.europlast-sl.com\/pt-pt\/wp-json\/wp\/v2\/types\/page"}],"author":[{"embeddable":true,"href":"https:\/\/www.europlast-sl.com\/pt-pt\/wp-json\/wp\/v2\/users\/1"}],"replies":[{"embeddable":true,"href":"https:\/\/www.europlast-sl.com\/pt-pt\/wp-json\/wp\/v2\/comments?post=2987"}],"version-history":[{"count":4,"href":"https:\/\/www.europlast-sl.com\/pt-pt\/wp-json\/wp\/v2\/pages\/2987\/revisions"}],"predecessor-version":[{"id":3239,"href":"https:\/\/www.europlast-sl.com\/pt-pt\/wp-json\/wp\/v2\/pages\/2987\/revisions\/3239"}],"up":[{"embeddable":true,"href":"https:\/\/www.europlast-sl.com\/pt-pt\/wp-json\/wp\/v2\/pages\/2856"}],"wp:attachment":[{"href":"https:\/\/www.europlast-sl.com\/pt-pt\/wp-json\/wp\/v2\/media?parent=2987"}],"curies":[{"name":"wp","href":"https:\/\/api.w.org\/{rel}","templated":true}]}}