{"id":2966,"date":"2018-12-04T20:36:55","date_gmt":"2018-12-04T20:36:55","guid":{"rendered":"https:\/\/www.europlast-sl.com\/depuracion-aguas-residuales\/desarenador\/"},"modified":"2018-12-18T09:51:51","modified_gmt":"2018-12-18T09:51:51","slug":"desarenador","status":"publish","type":"page","link":"https:\/\/www.europlast-sl.com\/pt-pt\/aguas-residuais\/desarenador\/","title":{"rendered":"Desarenador"},"content":{"rendered":"<div class=\"wpb-content-wrapper\"><p>[vc_row el_class=&#8221;productes&#8221;][vc_column][vc_column_text]O objetivo de um <strong>desarenador <\/strong>ou <strong>caixa desarenadora <\/strong>\u00e9 separar a areia da \u00e1gua para que esta seja apta para ser reutilizada.<\/p>\n<p>Trata-se do \u00fanico equipamento para separar as areias das gorduras que v\u00eam misturadas com o afluente de \u00e1gua. \u00c9 uma pe\u00e7a ideal se se disp\u00f5e de espa\u00e7o reduzido, visto que, como se pode verificar no esquema, o <strong>desarenador <\/strong>funciona com a entrada de todo o material no equipamento atrav\u00e9s da mesma curva, sendo que a areia se deposita no fundo e, pela diferen\u00e7a de gravidade, as gorduras ascendem ao estado superior do sistema. A sa\u00edda disp\u00f5e de uma forma e modo que assegura a sa\u00edda \u00fanica da \u00e1gua para o exterior da pe\u00e7a.<\/p>\n<p>Na parte superior, inclui duas bocas, de forma a permitir uma correta manuten\u00e7\u00e3o.<\/p>\n<p>Caso deseje informa\u00e7\u00e3o sobre pre\u00e7os dos <strong>desarenadores<\/strong>, contacte a Europlast atrav\u00e9s do formul\u00e1rio de contacto ou chamada telef\u00f3nica.[\/vc_column_text][\/vc_column][\/vc_row][vc_row][vc_column][vc_raw_html]JTNDdGFibGUlMjBjbGFzcyUzRCUyMnRhdWxhJTIyJTIwd2lkdGglM0QlMjIxMDAlMjUlMjIlM0UlMEElM0N0aGVhZCUzRSUwQSUzQ3RyJTNFJTBBJTNDdGglMjBzdHlsZSUzRCUyMndpZHRoJTNBJTIwMTQlMjUlM0IlMjIlM0UlMjZuYnNwJTNCJTNDJTJGdGglM0UlMEElM0N0aCUyMGNsYXNzJTNEJTIyY2Fwc2FsZXJhMSUyMiUyMHN0eWxlJTNEJTIyd2lkdGglM0ElMjAxMDclMjUlM0IlMjIlMjBjb2xzcGFuJTNEJTIyNSUyMiUzRURJTUVOUyVDMyU5NUVTJTNDJTJGdGglM0UlMEElM0MlMkZ0ciUzRSUwQSUzQ3RyJTNFJTBBJTNDdGglMjBjbGFzcyUzRCUyMmNhcHNhbGVyYTMlMjIlMjBzdHlsZSUzRCUyMndpZHRoJTNBJTIwMTQlMjUlM0IlMjIlM0VDQVBBQ0lEQURFJTNDJTJGdGglM0UlMEElM0N0aCUyMGNsYXNzJTNEJTIyY2Fwc2FsZXJhMiUyMiUyMHN0eWxlJTNEJTIyd2lkdGglM0ElMjAxOCUyNSUzQiUyMiUzRUZMVVhPJTNDJTJGdGglM0UlMEElM0N0aCUyMGNsYXNzJTNEJTIyY2Fwc2FsZXJhMiUyMiUyMHN0eWxlJTNEJTIyd2lkdGglM0ElMjAxOSUyNSUzQiUyMiUzRURJJUMzJTgyTUVUUk8lM0MlMkZ0aCUzRSUwQSUzQ3RoJTIwY2xhc3MlM0QlMjJjYXBzYWxlcmEyJTIyJTIwc3R5bGUlM0QlMjJ3aWR0aCUzQSUyMDE5JTI1JTNCJTIyJTNFTE9OR0lUVUQlM0MlMkZ0aCUzRSUwQSUzQ3RoJTIwY2xhc3MlM0QlMjJjYXBzYWxlcmEyJTIyJTIwc3R5bGUlM0QlMjJ3aWR0aCUzQSUyMDE0Ljc5MjclMjUlM0IlMjIlM0VCT0NBJTNDJTJGdGglM0UlMEElM0N0aCUyMGNsYXNzJTNEJTIyY2Fwc2FsZXJhMiUyMiUyMHN0eWxlJTNEJTIyd2lkdGglM0ElMjAzNi4yMDczJTI1JTNCJTIyJTNFVFVCVUxBJUMzJTg3JUMzJTgzTyUzQyUyRnRoJTNFJTBBJTNDJTJGdHIlM0UlMEElM0MlMkZ0aGVhZCUzRSUwQSUzQ3Rib2R5JTNFJTBBJTNDdHIlM0UlMEElM0N0ZCUyMGNsYXNzJTNEJTIyY2Fwc2FsZXJhMiUyMiUyMHN0eWxlJTNEJTIyd2lkdGglM0ElMjAxNCUyNSUzQiUyMiUzRTEyNDUlMjBsdHMuJTNDJTJGdGQlM0UlMEElM0N0ZCUyMHN0eWxlJTNEJTIyd2lkdGglM0ElMjAxOCUyNSUzQiUyMiUzRTQlMjBsdHMuJTJGcyUzQyUyRnRkJTNFJTBBJTNDdGQlMjBzdHlsZSUzRCUyMndpZHRoJTNBJTIwMTklMjUlM0IlMjIlM0U4NTAlMjBtbS4lM0MlMkZ0ZCUzRSUwQSUzQ3RkJTIwc3R5bGUlM0QlMjJ3aWR0aCUzQSUyMDE5JTI1JTNCJTIyJTNFMjEzMCUyMG1tLiUzQyUyRnRkJTNFJTBBJTNDdGQlMjBzdHlsZSUzRCUyMndpZHRoJTNBJTIwMTQuNzkyNyUyNSUzQiUyMiUzRTU2MCUyMG1tLiUzQyUyRnRkJTNFJTBBJTNDdGQlMjBzdHlsZSUzRCUyMndpZHRoJTNBJTIwMzYuMjA3MyUyNSUzQiUyMiUzRTExMCUyMG1tLiUzQyUyRnRkJTNFJTBBJTNDJTJGdHIlM0UlMEElM0N0ciUzRSUwQSUzQ3RkJTIwY2xhc3MlM0QlMjJjYXBzYWxlcmEyJTIyJTIwc3R5bGUlM0QlMjJ3aWR0aCUzQSUyMDE0JTI1JTNCJTIyJTNFMjMwMCUyMGx0cy4lM0MlMkZ0ZCUzRSUwQSUzQ3RkJTIwc3R5bGUlM0QlMjJ3aWR0aCUzQSUyMDE4JTI1JTNCJTIyJTNFMTAlMjBsdHMuJTJGcyUzQyUyRnRkJTNFJTBBJTNDdGQlMjBzdHlsZSUzRCUyMndpZHRoJTNBJTIwMTklMjUlM0IlMjIlM0UxMDcwJTIwbW0uJTNDJTJGdGQlM0UlMEElM0N0ZCUyMHN0eWxlJTNEJTIyd2lkdGglM0ElMjAxOSUyNSUzQiUyMiUzRTI5MzAlMjBtbS4lM0MlMkZ0ZCUzRSUwQSUzQ3RkJTIwc3R5bGUlM0QlMjJ3aWR0aCUzQSUyMDE0Ljc5MjclMjUlM0IlMjIlM0U1NjAlMjBtbS4lM0MlMkZ0ZCUzRSUwQSUzQ3RkJTIwc3R5bGUlM0QlMjJ3aWR0aCUzQSUyMDM2LjIwNzMlMjUlM0IlMjIlM0UxMTAlMjBtbS4lM0MlMkZ0ZCUzRSUwQSUzQyUyRnRyJTNFJTBBJTNDdHIlM0UlMEElM0N0ZCUyMGNsYXNzJTNEJTIyY2Fwc2FsZXJhMiUyMiUyMHN0eWxlJTNEJTIyd2lkdGglM0ElMjAxNCUyNSUzQiUyMiUzRTM1MDAlMjBsdHMuJTNDJTJGdGQlM0UlMEElM0N0ZCUyMHN0eWxlJTNEJTIyd2lkdGglM0ElMjAxOCUyNSUzQiUyMiUzRTEzJTIwbHRzLiUyRnMlM0MlMkZ0ZCUzRSUwQSUzQ3RkJTIwc3R5bGUlM0QlMjJ3aWR0aCUzQSUyMDE5JTI1JTNCJTIyJTNFMTUwMCUyMG1tLiUzQyUyRnRkJTNFJTBBJTNDdGQlMjBzdHlsZSUzRCUyMndpZHRoJTNBJTIwMTklMjUlM0IlMjIlM0UyODUwJTIwbW0uJTNDJTJGdGQlM0UlMEElM0N0ZCUyMHN0eWxlJTNEJTIyd2lkdGglM0ElMjAxNC43OTI3JTI1JTNCJTIyJTNFNTYwJTIwbW0uJTNDJTJGdGQlM0UlMEElM0N0ZCUyMHN0eWxlJTNEJTIyd2lkdGglM0ElMjAzNi4yMDczJTI1JTNCJTIyJTNFMTEwJTIwbW0uJTNDJTJGdGQlM0UlMEElM0MlMkZ0ciUzRSUwQSUzQ3RyJTNFJTBBJTNDdGQlMjBjbGFzcyUzRCUyMmNhcHNhbGVyYTIlMjIlMjBzdHlsZSUzRCUyMndpZHRoJTNBJTIwMTQlMjUlM0IlMjIlM0U0MjAwJTIwbHRzLiUzQyUyRnRkJTNFJTBBJTNDdGQlMjBzdHlsZSUzRCUyMndpZHRoJTNBJTIwMTglMjUlM0IlMjIlM0UxNSUyMGx0cy4lMkZzJTNDJTJGdGQlM0UlMEElM0N0ZCUyMHN0eWxlJTNEJTIyd2lkdGglM0ElMjAxOSUyNSUzQiUyMiUzRTE0OTAlMjBtbS4lM0MlMkZ0ZCUzRSUwQSUzQ3RkJTIwc3R5bGUlM0QlMjJ3aWR0aCUzQSUyMDE5JTI1JTNCJTIyJTNFMzAwMCUyMG1tLiUzQyUyRnRkJTNFJTBBJTNDdGQlMjBzdHlsZSUzRCUyMndpZHRoJTNBJTIwMTQuNzkyNyUyNSUzQiUyMiUzRTU2MCUyMG1tLiUzQyUyRnRkJTNFJTBBJTNDdGQlMjBzdHlsZSUzRCUyMndpZHRoJTNBJTIwMzYuMjA3MyUyNSUzQiUyMiUzRTExMCUyMG1tLiUzQyUyRnRkJTNFJTBBJTNDJTJGdHIlM0UlMEElM0N0ciUzRSUwQSUzQ3RkJTIwY2xhc3MlM0QlMjJjYXBzYWxlcmEyJTIyJTIwc3R5bGUlM0QlMjJ3aWR0aCUzQSUyMDE0JTI1JTNCJTIyJTNFNjAwMCUyMGx0cy4lM0MlMkZ0ZCUzRSUwQSUzQ3RkJTIwc3R5bGUlM0QlMjJ3aWR0aCUzQSUyMDE4JTI1JTNCJTIyJTNFMTglMjBsdHMuJTJGcyUzQyUyRnRkJTNFJTBBJTNDdGQlMjBzdHlsZSUzRCUyMndpZHRoJTNBJTIwMTklMjUlM0IlMjIlM0UxNTAwJTIwbW0uJTNDJTJGdGQlM0UlMEElM0N0ZCUyMHN0eWxlJTNEJTIyd2lkdGglM0ElMjAxOSUyNSUzQiUyMiUzRTM0MDAlMjBtbS4lM0MlMkZ0ZCUzRSUwQSUzQ3RkJTIwc3R5bGUlM0QlMjJ3aWR0aCUzQSUyMDE0Ljc5MjclMjUlM0IlMjIlM0U1NjAlMjBtbS4lM0MlMkZ0ZCUzRSUwQSUzQ3RkJTIwc3R5bGUlM0QlMjJ3aWR0aCUzQSUyMDM2LjIwNzMlMjUlM0IlMjIlM0UxMTAlMjBtbS4lM0MlMkZ0ZCUzRSUwQSUzQyUyRnRyJTNFJTBBJTNDdHIlM0UlMEElM0N0ZCUyMGNsYXNzJTNEJTIyY2Fwc2FsZXJhMiUyMiUyMHN0eWxlJTNEJTIyd2lkdGglM0ElMjAxNCUyNSUzQiUyMiUzRTgwMDAlMjBsdHMuJTNDJTJGdGQlM0UlMEElM0N0ZCUyMHN0eWxlJTNEJTIyd2lkdGglM0ElMjAxOCUyNSUzQiUyMiUzRTIwJTIwbHRzLiUyRnMlM0MlMkZ0ZCUzRSUwQSUzQ3RkJTIwc3R5bGUlM0QlMjJ3aWR0aCUzQSUyMDE5JTI1JTNCJTIyJTNFMjAwMCUyMG1tLiUzQyUyRnRkJTNFJTBBJTNDdGQlMjBzdHlsZSUzRCUyMndpZHRoJTNBJTIwMTklMjUlM0IlMjIlM0UyNjAwJTIwbW0uJTNDJTJGdGQlM0UlMEElM0N0ZCUyMHN0eWxlJTNEJTIyd2lkdGglM0ElMjAxNC43OTI3JTI1JTNCJTIyJTNFNTYwJTIwbW0uJTNDJTJGdGQlM0UlMEElM0N0ZCUyMHN0eWxlJTNEJTIyd2lkdGglM0ElMjAzNi4yMDczJTI1JTNCJTIyJTNFMTEwJTIwbW0uJTNDJTJGdGQlM0UlMEElM0MlMkZ0ciUzRSUwQSUzQyUyRnRib2R5JTNFJTBBJTNDJTJGdGFibGUlM0U=[\/vc_raw_html][\/vc_column][\/vc_row][vc_row][vc_column][vc_single_image image=&#8221;1631&#8243; img_size=&#8221;600&#215;407&#8243; alignment=&#8221;center&#8221; onclick=&#8221;link_image&#8221;][vc_single_image image=&#8221;1634&#8243; img_size=&#8221;600&#215;407&#8243; alignment=&#8221;center&#8221; onclick=&#8221;link_image&#8221;][\/vc_column][\/vc_row][vc_row][vc_column][vc_text_separator title=&#8221;Contato&#8221; el_class=&#8221;titleForm&#8221;]\n<div class=\"wpcf7 no-js\" id=\"wpcf7-f1255-o1\" lang=\"en-US\" dir=\"ltr\" data-wpcf7-id=\"1255\">\n<div class=\"screen-reader-response\"><p role=\"status\" aria-live=\"polite\" aria-atomic=\"true\"><\/p> <ul><\/ul><\/div>\n<form action=\"\/pt-pt\/wp-json\/wp\/v2\/pages\/2966#wpcf7-f1255-o1\" method=\"post\" class=\"wpcf7-form init\" aria-label=\"Contact form\" novalidate=\"novalidate\" data-status=\"init\">\n<fieldset class=\"hidden-fields-container\"><input type=\"hidden\" name=\"_wpcf7\" value=\"1255\" \/><input type=\"hidden\" name=\"_wpcf7_version\" value=\"6.1.5\" \/><input type=\"hidden\" name=\"_wpcf7_locale\" value=\"en_US\" \/><input type=\"hidden\" name=\"_wpcf7_unit_tag\" value=\"wpcf7-f1255-o1\" \/><input type=\"hidden\" name=\"_wpcf7_container_post\" value=\"0\" \/><input type=\"hidden\" name=\"_wpcf7_posted_data_hash\" value=\"\" \/><input type=\"hidden\" name=\"_wpcf7_recaptcha_response\" value=\"\" \/>\n<\/fieldset>\n<p>Nome (*)\n<\/p>\n<p><span class=\"wpcf7-form-control-wrap\" data-name=\"your-name\"><input size=\"40\" maxlength=\"400\" class=\"wpcf7-form-control wpcf7-text wpcf7-validates-as-required\" aria-required=\"true\" aria-invalid=\"false\" value=\"\" type=\"text\" name=\"your-name\" \/><\/span>\n<\/p>\n<p>Telefone(*)\n<\/p>\n<p><span class=\"wpcf7-form-control-wrap\" data-name=\"telefono\"><input size=\"40\" maxlength=\"400\" class=\"wpcf7-form-control wpcf7-text wpcf7-validates-as-required\" aria-required=\"true\" aria-invalid=\"false\" value=\"\" type=\"text\" name=\"telefono\" \/><\/span>\n<\/p>\n<p>Localiza\u00e7\u00e3o(*)\n<\/p>\n<p><span class=\"wpcf7-form-control-wrap\" data-name=\"poblacio\"><input size=\"40\" maxlength=\"400\" class=\"wpcf7-form-control wpcf7-text wpcf7-validates-as-required\" aria-required=\"true\" aria-invalid=\"false\" value=\"\" type=\"text\" name=\"poblacio\" \/><\/span>\n<\/p>\n<p>Email (*)\n<\/p>\n<p><span class=\"wpcf7-form-control-wrap\" data-name=\"your-email\"><input size=\"40\" maxlength=\"400\" class=\"wpcf7-form-control wpcf7-email wpcf7-validates-as-required wpcf7-text wpcf7-validates-as-email\" aria-required=\"true\" aria-invalid=\"false\" value=\"\" type=\"email\" name=\"your-email\" \/><\/span>\n<\/p>\n<p>Mensagem\n<\/p>\n<p><span class=\"wpcf7-form-control-wrap\" data-name=\"your-message\"><textarea cols=\"40\" rows=\"10\" maxlength=\"2000\" class=\"wpcf7-form-control wpcf7-textarea\" aria-invalid=\"false\" name=\"your-message\"><\/textarea><\/span>\n<\/p>\n<p><input class=\"wpcf7-form-control wpcf7-submit has-spinner\" type=\"submit\" value=\"Enviar\" \/>\n<\/p><p style=\"display: none !important;\" class=\"akismet-fields-container\" data-prefix=\"_wpcf7_ak_\"><label>&#916;<textarea name=\"_wpcf7_ak_hp_textarea\" cols=\"45\" rows=\"8\" maxlength=\"100\"><\/textarea><\/label><input type=\"hidden\" id=\"ak_js_1\" name=\"_wpcf7_ak_js\" value=\"245\"\/><script>document.getElementById( \"ak_js_1\" ).setAttribute( \"value\", ( new Date() ).getTime() );<\/script><\/p><div class=\"wpcf7-response-output\" aria-hidden=\"true\"><\/div>\n<\/form>\n<\/div>\n[\/vc_column][\/vc_row]<\/p>\n<\/div>","protected":false},"excerpt":{"rendered":"<p>[vc_row el_class=&#8221;productes&#8221;][vc_column][vc_column_text]O objetivo de um desarenador ou caixa desarenadora \u00e9 separar a areia da \u00e1gua para que esta seja apta para ser reutilizada. Trata-se do \u00fanico equipamento para separar as areias das gorduras que v\u00eam misturadas com o afluente de \u00e1gua. \u00c9 uma pe\u00e7a ideal se se disp\u00f5e de espa\u00e7o reduzido, visto que, como se&hellip;<\/p>\n","protected":false},"author":1,"featured_media":0,"parent":2933,"menu_order":0,"comment_status":"closed","ping_status":"closed","template":"","meta":{"_joinchat":[]},"class_list":["post-2966","page","type-page","status-publish","hentry","description-off"],"yoast_head":"<!-- This site is optimized with the Yoast SEO plugin v27.2 - https:\/\/yoast.com\/product\/yoast-seo-wordpress\/ -->\n<title>Desarenador &#8211; Europlast<\/title>\n<meta name=\"robots\" content=\"index, follow, max-snippet:-1, max-image-preview:large, max-video-preview:-1\" \/>\n<link rel=\"canonical\" href=\"https:\/\/www.europlast-sl.com\/pt-pt\/aguas-residuais\/desarenador\/\" \/>\n<meta property=\"og:locale\" content=\"pt_PT\" \/>\n<meta property=\"og:type\" content=\"article\" \/>\n<meta property=\"og:title\" content=\"Desarenador &#8211; Europlast\" \/>\n<meta property=\"og:description\" content=\"[vc_row el_class=&#8221;productes&#8221;][vc_column][vc_column_text]O objetivo de um desarenador ou caixa desarenadora \u00e9 separar a areia da \u00e1gua para que esta seja apta para ser reutilizada. Trata-se do \u00fanico equipamento para separar as areias das gorduras que v\u00eam misturadas com o afluente de \u00e1gua. \u00c9 uma pe\u00e7a ideal se se disp\u00f5e de espa\u00e7o reduzido, visto que, como se&hellip;\" \/>\n<meta property=\"og:url\" content=\"https:\/\/www.europlast-sl.com\/pt-pt\/aguas-residuais\/desarenador\/\" \/>\n<meta property=\"og:site_name\" content=\"Europlast\" \/>\n<meta property=\"article:modified_time\" content=\"2018-12-18T09:51:51+00:00\" \/>\n<meta name=\"twitter:label1\" content=\"Tempo estimado de leitura\" \/>\n\t<meta name=\"twitter:data1\" content=\"3 minutos\" \/>\n<script type=\"application\/ld+json\" class=\"yoast-schema-graph\">{\"@context\":\"https:\/\/schema.org\",\"@graph\":[{\"@type\":\"WebPage\",\"@id\":\"https:\/\/www.europlast-sl.com\/pt-pt\/aguas-residuais\/desarenador\/\",\"url\":\"https:\/\/www.europlast-sl.com\/pt-pt\/aguas-residuais\/desarenador\/\",\"name\":\"Desarenador &#8211; Europlast\",\"isPartOf\":{\"@id\":\"https:\/\/www.europlast-sl.com\/pt-pt\/#website\"},\"datePublished\":\"2018-12-04T20:36:55+00:00\",\"dateModified\":\"2018-12-18T09:51:51+00:00\",\"breadcrumb\":{\"@id\":\"https:\/\/www.europlast-sl.com\/pt-pt\/aguas-residuais\/desarenador\/#breadcrumb\"},\"inLanguage\":\"pt-PT\",\"potentialAction\":[{\"@type\":\"ReadAction\",\"target\":[\"https:\/\/www.europlast-sl.com\/pt-pt\/aguas-residuais\/desarenador\/\"]}]},{\"@type\":\"BreadcrumbList\",\"@id\":\"https:\/\/www.europlast-sl.com\/pt-pt\/aguas-residuais\/desarenador\/#breadcrumb\",\"itemListElement\":[{\"@type\":\"ListItem\",\"position\":1,\"name\":\"Portada\",\"item\":\"https:\/\/www.europlast-sl.com\/pt-pt\/\"},{\"@type\":\"ListItem\",\"position\":2,\"name\":\"\u00c1guas residuais\",\"item\":\"https:\/\/www.europlast-sl.com\/pt-pt\/aguas-residuais\/\"},{\"@type\":\"ListItem\",\"position\":3,\"name\":\"Desarenador\"}]},{\"@type\":\"WebSite\",\"@id\":\"https:\/\/www.europlast-sl.com\/pt-pt\/#website\",\"url\":\"https:\/\/www.europlast-sl.com\/pt-pt\/\",\"name\":\"Europlast\",\"description\":\"Especialistas en la fabricaci\u00f3n y comercializaci\u00f3n de dep\u00f3sitos\",\"potentialAction\":[{\"@type\":\"SearchAction\",\"target\":{\"@type\":\"EntryPoint\",\"urlTemplate\":\"https:\/\/www.europlast-sl.com\/pt-pt\/?s={search_term_string}\"},\"query-input\":{\"@type\":\"PropertyValueSpecification\",\"valueRequired\":true,\"valueName\":\"search_term_string\"}}],\"inLanguage\":\"pt-PT\"}]}<\/script>\n<!-- \/ Yoast SEO plugin. -->","yoast_head_json":{"title":"Desarenador &#8211; Europlast","robots":{"index":"index","follow":"follow","max-snippet":"max-snippet:-1","max-image-preview":"max-image-preview:large","max-video-preview":"max-video-preview:-1"},"canonical":"https:\/\/www.europlast-sl.com\/pt-pt\/aguas-residuais\/desarenador\/","og_locale":"pt_PT","og_type":"article","og_title":"Desarenador &#8211; Europlast","og_description":"[vc_row el_class=&#8221;productes&#8221;][vc_column][vc_column_text]O objetivo de um desarenador ou caixa desarenadora \u00e9 separar a areia da \u00e1gua para que esta seja apta para ser reutilizada. Trata-se do \u00fanico equipamento para separar as areias das gorduras que v\u00eam misturadas com o afluente de \u00e1gua. \u00c9 uma pe\u00e7a ideal se se disp\u00f5e de espa\u00e7o reduzido, visto que, como se&hellip;","og_url":"https:\/\/www.europlast-sl.com\/pt-pt\/aguas-residuais\/desarenador\/","og_site_name":"Europlast","article_modified_time":"2018-12-18T09:51:51+00:00","twitter_misc":{"Tempo estimado de leitura":"3 minutos"},"schema":{"@context":"https:\/\/schema.org","@graph":[{"@type":"WebPage","@id":"https:\/\/www.europlast-sl.com\/pt-pt\/aguas-residuais\/desarenador\/","url":"https:\/\/www.europlast-sl.com\/pt-pt\/aguas-residuais\/desarenador\/","name":"Desarenador &#8211; Europlast","isPartOf":{"@id":"https:\/\/www.europlast-sl.com\/pt-pt\/#website"},"datePublished":"2018-12-04T20:36:55+00:00","dateModified":"2018-12-18T09:51:51+00:00","breadcrumb":{"@id":"https:\/\/www.europlast-sl.com\/pt-pt\/aguas-residuais\/desarenador\/#breadcrumb"},"inLanguage":"pt-PT","potentialAction":[{"@type":"ReadAction","target":["https:\/\/www.europlast-sl.com\/pt-pt\/aguas-residuais\/desarenador\/"]}]},{"@type":"BreadcrumbList","@id":"https:\/\/www.europlast-sl.com\/pt-pt\/aguas-residuais\/desarenador\/#breadcrumb","itemListElement":[{"@type":"ListItem","position":1,"name":"Portada","item":"https:\/\/www.europlast-sl.com\/pt-pt\/"},{"@type":"ListItem","position":2,"name":"\u00c1guas residuais","item":"https:\/\/www.europlast-sl.com\/pt-pt\/aguas-residuais\/"},{"@type":"ListItem","position":3,"name":"Desarenador"}]},{"@type":"WebSite","@id":"https:\/\/www.europlast-sl.com\/pt-pt\/#website","url":"https:\/\/www.europlast-sl.com\/pt-pt\/","name":"Europlast","description":"Especialistas en la fabricaci\u00f3n y comercializaci\u00f3n de dep\u00f3sitos","potentialAction":[{"@type":"SearchAction","target":{"@type":"EntryPoint","urlTemplate":"https:\/\/www.europlast-sl.com\/pt-pt\/?s={search_term_string}"},"query-input":{"@type":"PropertyValueSpecification","valueRequired":true,"valueName":"search_term_string"}}],"inLanguage":"pt-PT"}]}},"_links":{"self":[{"href":"https:\/\/www.europlast-sl.com\/pt-pt\/wp-json\/wp\/v2\/pages\/2966","targetHints":{"allow":["GET"]}}],"collection":[{"href":"https:\/\/www.europlast-sl.com\/pt-pt\/wp-json\/wp\/v2\/pages"}],"about":[{"href":"https:\/\/www.europlast-sl.com\/pt-pt\/wp-json\/wp\/v2\/types\/page"}],"author":[{"embeddable":true,"href":"https:\/\/www.europlast-sl.com\/pt-pt\/wp-json\/wp\/v2\/users\/1"}],"replies":[{"embeddable":true,"href":"https:\/\/www.europlast-sl.com\/pt-pt\/wp-json\/wp\/v2\/comments?post=2966"}],"version-history":[{"count":3,"href":"https:\/\/www.europlast-sl.com\/pt-pt\/wp-json\/wp\/v2\/pages\/2966\/revisions"}],"predecessor-version":[{"id":3251,"href":"https:\/\/www.europlast-sl.com\/pt-pt\/wp-json\/wp\/v2\/pages\/2966\/revisions\/3251"}],"up":[{"embeddable":true,"href":"https:\/\/www.europlast-sl.com\/pt-pt\/wp-json\/wp\/v2\/pages\/2933"}],"wp:attachment":[{"href":"https:\/\/www.europlast-sl.com\/pt-pt\/wp-json\/wp\/v2\/media?parent=2966"}],"curies":[{"name":"wp","href":"https:\/\/api.w.org\/{rel}","templated":true}]}}