{"id":2963,"date":"2018-12-04T20:35:35","date_gmt":"2018-12-04T20:35:35","guid":{"rendered":"https:\/\/www.europlast-sl.com\/depuracion-aguas-residuales\/oxidacion-total\/"},"modified":"2018-12-20T12:08:51","modified_gmt":"2018-12-20T12:08:51","slug":"oxidacao-total","status":"publish","type":"page","link":"https:\/\/www.europlast-sl.com\/pt-pt\/aguas-residuais\/oxidacao-total\/","title":{"rendered":"Oxida\u00e7\u00e3o total"},"content":{"rendered":"<div class=\"wpb-content-wrapper\"><p>[vc_row][vc_column][vc_column_text el_class=&#8221;productes&#8221;]No reator biol\u00f3gico ocorrem as diferentes rea\u00e7\u00f5es necess\u00e1rias \u00e0 decomposi\u00e7\u00e3o bioqu\u00edmica da mat\u00e9ria org\u00e2nica. Para que estas rea\u00e7\u00f5es possam ocorrer, \u00e9 necess\u00e1rio um fornecimento de oxig\u00e9nio que mantenha as condi\u00e7\u00f5es aer\u00f3bias no reator e a cria\u00e7\u00e3o de circula\u00e7\u00e3o suficiente para manter os microrganismos em suspens\u00e3o.<\/p>\n<p>Na variante de <strong>oxida\u00e7\u00e3o total<\/strong>, a mistura de \u00e1guas residuais e lama recirculada distribui-se uniformemente por todo o volume do reator onde se areja. Devido ao tempo prolongado de arejamento, o processo mant\u00e9m-se na fase de crescimento end\u00f3geno, na qual os microrganismos se comem entre si.<\/p>\n<p>A insuficiente disponibilidade de carga de nutrientes conduz a uma situa\u00e7\u00e3o em que os microrganismos utilizam o material celular dos outros como fonte de nutri\u00e7\u00e3o.<\/p>\n<p>Caso deseje informa\u00e7\u00e3o sobre pre\u00e7os de reatores biol\u00f3gicos para a <strong>oxida\u00e7\u00e3o total<\/strong>, contacte a Europlast atrav\u00e9s do formul\u00e1rio de contacto ou chamada telef\u00f3nica.[\/vc_column_text][\/vc_column][\/vc_row][vc_row el_class=&#8221;productes&#8221;][vc_column][vc_raw_html]JTNDdGFibGUlMjBjbGFzcyUzRCUyMnRhdWxhJTIyJTIwd2lkdGglM0QlMjIxMDAlMjUlMjIlM0UlMEElM0N0aGVhZCUzRSUwQSUzQ3RyJTIwc3R5bGUlM0QlMjJoZWlnaHQlM0ElMjAyMXB4JTNCJTIyJTNFJTBBJTNDdGglMjBzdHlsZSUzRCUyMmhlaWdodCUzQSUyMDIxcHglM0IlMjIlMjB3aWR0aCUzRCUyMjE1JTI1JTIyJTNFJTI2bmJzcCUzQiUzQyUyRnRoJTNFJTBBJTNDdGglMjBjbGFzcyUzRCUyMmNhcHNhbGVyYTElMjIlMjBzdHlsZSUzRCUyMmhlaWdodCUzQSUyMDIxcHglM0IlMjIlMjBjb2xzcGFuJTNEJTIyNCUyMiUzRURJTUVOUyVDMyU5NUVTJTNDJTJGdGglM0UlMEElM0MlMkZ0ciUzRSUwQSUzQ3RyJTIwc3R5bGUlM0QlMjJoZWlnaHQlM0ElMjAyMXB4JTNCJTIyJTNFJTBBJTNDdGglMjBjbGFzcyUzRCUyMmNhcHNhbGVyYTMlMjIlMjBzdHlsZSUzRCUyMmhlaWdodCUzQSUyMDIxcHglM0IlMjIlM0VOJTI2b3JkbSUzQiUyMEhBQklUQU5URVMlM0MlMkZ0aCUzRSUwQSUzQ3RoJTIwY2xhc3MlM0QlMjJjYXBzYWxlcmEyJTIyJTIwc3R5bGUlM0QlMjJoZWlnaHQlM0ElMjAyMXB4JTNCJTIyJTNFQ0FQQUNJREFERSUzQyUyRnRoJTNFJTBBJTNDdGglMjBjbGFzcyUzRCUyMmNhcHNhbGVyYTIlMjIlMjBzdHlsZSUzRCUyMmhlaWdodCUzQSUyMDIxcHglM0IlMjIlM0VESSVDMyU4Mk1FVFJPJTNDJTJGdGglM0UlMEElM0N0aCUyMGNsYXNzJTNEJTIyY2Fwc2FsZXJhMiUyMiUyMHN0eWxlJTNEJTIyaGVpZ2h0JTNBJTIwMjFweCUzQiUyMiUzRUxPTkdJVFVEJTNDJTJGdGglM0UlMEElM0N0aCUyMGNsYXNzJTNEJTIyY2Fwc2FsZXJhMiUyMiUyMHN0eWxlJTNEJTIyaGVpZ2h0JTNBJTIwMjFweCUzQiUyMiUzRUZPUk1BVE8lM0MlMkZ0aCUzRSUwQSUzQyUyRnRyJTNFJTBBJTNDJTJGdGhlYWQlM0UlMEElM0N0Ym9keSUzRSUwQSUzQ3RyJTIwc3R5bGUlM0QlMjJoZWlnaHQlM0ElMjAyMXB4JTNCJTIyJTNFJTBBJTNDdGQlMjBjbGFzcyUzRCUyMmNhcHNhbGVyYTIlMjIlMjBzdHlsZSUzRCUyMmhlaWdodCUzQSUyMDIxcHglM0IlMjIlM0U1JTNDJTJGdGQlM0UlMEElM0N0ZCUyMHN0eWxlJTNEJTIyaGVpZ2h0JTNBJTIwMjFweCUzQiUyMiUzRTIzMDAlMjBtbSUzQyUyRnRkJTNFJTBBJTNDdGQlMjBzdHlsZSUzRCUyMmhlaWdodCUzQSUyMDIxcHglM0IlMjIlM0UxMDcwJTIwbW0lM0MlMkZ0ZCUzRSUwQSUzQ3RkJTIwc3R5bGUlM0QlMjJoZWlnaHQlM0ElMjAyMXB4JTNCJTIyJTNFMjkzMCUyMG1tJTNDJTJGdGQlM0UlMEElM0N0ZCUyMHN0eWxlJTNEJTIyaGVpZ2h0JTNBJTIwMjFweCUzQiUyMiUzRUhPUklaT05UQUwlM0MlMkZ0ZCUzRSUwQSUzQyUyRnRyJTNFJTBBJTNDdHIlMjBzdHlsZSUzRCUyMmhlaWdodCUzQSUyMDIxcHglM0IlMjIlM0UlMEElM0N0ZCUyMGNsYXNzJTNEJTIyY2Fwc2FsZXJhMiUyMiUyMHN0eWxlJTNEJTIyaGVpZ2h0JTNBJTIwMjFweCUzQiUyMiUzRTEwJTNDJTJGdGQlM0UlMEElM0N0ZCUyMHN0eWxlJTNEJTIyaGVpZ2h0JTNBJTIwMjFweCUzQiUyMiUzRTUwMDAlMjBtbSUzQyUyRnRkJTNFJTBBJTNDdGQlMjBzdHlsZSUzRCUyMmhlaWdodCUzQSUyMDIxcHglM0IlMjIlM0UxNTAwJTIwbW0lM0MlMkZ0ZCUzRSUwQSUzQ3RkJTIwc3R5bGUlM0QlMjJoZWlnaHQlM0ElMjAyMXB4JTNCJTIyJTNFMjg2MCUyMG1tJTNDJTJGdGQlM0UlMEElM0N0ZCUyMHN0eWxlJTNEJTIyaGVpZ2h0JTNBJTIwMjFweCUzQiUyMiUzRUhPUklaT05UQUwlM0MlMkZ0ZCUzRSUwQSUzQyUyRnRyJTNFJTBBJTNDdHIlMjBzdHlsZSUzRCUyMmhlaWdodCUzQSUyMDIxcHglM0IlMjIlM0UlMEElM0N0ZCUyMGNsYXNzJTNEJTIyY2Fwc2FsZXJhMiUyMiUyMHN0eWxlJTNEJTIyaGVpZ2h0JTNBJTIwMjFweCUzQiUyMiUzRTIwJTNDJTJGdGQlM0UlMEElM0N0ZCUyMHN0eWxlJTNEJTIyaGVpZ2h0JTNBJTIwMjFweCUzQiUyMiUzRTg1MDAlMjBtbSUzQyUyRnRkJTNFJTBBJTNDdGQlMjBzdHlsZSUzRCUyMmhlaWdodCUzQSUyMDIxcHglM0IlMjIlM0UyMDAwJTIwbW0lM0MlMkZ0ZCUzRSUwQSUzQ3RkJTIwc3R5bGUlM0QlMjJoZWlnaHQlM0ElMjAyMXB4JTNCJTIyJTNFMjcxMCUyMG1tJTNDJTJGdGQlM0UlMEElM0N0ZCUyMHN0eWxlJTNEJTIyaGVpZ2h0JTNBJTIwMjFweCUzQiUyMiUzRUhPUklaT05UQUwlM0MlMkZ0ZCUzRSUwQSUzQyUyRnRyJTNFJTBBJTNDdHIlMjBzdHlsZSUzRCUyMmhlaWdodCUzQSUyMDIxcHglM0IlMjIlM0UlMEElM0N0ZCUyMGNsYXNzJTNEJTIyY2Fwc2FsZXJhMiUyMiUyMHN0eWxlJTNEJTIyaGVpZ2h0JTNBJTIwMjFweCUzQiUyMiUzRTMwJTNDJTJGdGQlM0UlMEElM0N0ZCUyMHN0eWxlJTNEJTIyaGVpZ2h0JTNBJTIwMjFweCUzQiUyMiUzRTExMDAwJTIwbW0lM0MlMkZ0ZCUzRSUwQSUzQ3RkJTIwc3R5bGUlM0QlMjJoZWlnaHQlM0ElMjAyMXB4JTNCJTIyJTNFMjAwMCUyMG1tJTNDJTJGdGQlM0UlMEElM0N0ZCUyMHN0eWxlJTNEJTIyaGVpZ2h0JTNBJTIwMjFweCUzQiUyMiUzRTM1MDAlMjBtbSUzQyUyRnRkJTNFJTBBJTNDdGQlMjBzdHlsZSUzRCUyMmhlaWdodCUzQSUyMDIxcHglM0IlMjIlM0VIT1JJWk9OVEFMJTNDJTJGdGQlM0UlMEElM0MlMkZ0ciUzRSUwQSUzQ3RyJTIwc3R5bGUlM0QlMjJoZWlnaHQlM0ElMjAyMXB4JTNCJTIyJTNFJTBBJTNDdGQlMjBjbGFzcyUzRCUyMmNhcHNhbGVyYTIlMjIlMjBzdHlsZSUzRCUyMmhlaWdodCUzQSUyMDIxcHglM0IlMjIlM0U1MCUzQyUyRnRkJTNFJTBBJTNDdGQlMjBzdHlsZSUzRCUyMmhlaWdodCUzQSUyMDIxcHglM0IlMjIlM0UxNTAwMCUyMG1tJTNDJTJGdGQlM0UlMEElM0N0ZCUyMHN0eWxlJTNEJTIyaGVpZ2h0JTNBJTIwMjFweCUzQiUyMiUzRTIwMDAlMjBtbSUzQyUyRnRkJTNFJTBBJTNDdGQlMjBzdHlsZSUzRCUyMmhlaWdodCUzQSUyMDIxcHglM0IlMjIlM0U0NzgwJTIwbW0lM0MlMkZ0ZCUzRSUwQSUzQ3RkJTIwc3R5bGUlM0QlMjJoZWlnaHQlM0ElMjAyMXB4JTNCJTIyJTNFSE9SSVpPTlRBTCUzQyUyRnRkJTNFJTBBJTNDJTJGdHIlM0UlMEElM0N0ciUyMHN0eWxlJTNEJTIyaGVpZ2h0JTNBJTIwMjFweCUzQiUyMiUzRSUwQSUzQ3RkJTIwY2xhc3MlM0QlMjJjYXBzYWxlcmEyJTIyJTIwc3R5bGUlM0QlMjJoZWlnaHQlM0ElMjAyMXB4JTNCJTIyJTNFNzUlM0MlMkZ0ZCUzRSUwQSUzQ3RkJTIwc3R5bGUlM0QlMjJoZWlnaHQlM0ElMjAyMXB4JTNCJTIyJTNFMjIwMDAlMjBtbSUzQyUyRnRkJTNFJTBBJTNDdGQlMjBzdHlsZSUzRCUyMmhlaWdodCUzQSUyMDIxcHglM0IlMjIlM0UyNTAwJTIwbW0lM0MlMkZ0ZCUzRSUwQSUzQ3RkJTIwc3R5bGUlM0QlMjJoZWlnaHQlM0ElMjAyMXB4JTNCJTIyJTNFNDQ5MCUyMG1tJTNDJTJGdGQlM0UlMEElM0N0ZCUyMHN0eWxlJTNEJTIyaGVpZ2h0JTNBJTIwMjFweCUzQiUyMiUzRUhPUklaT05UQUwlM0MlMkZ0ZCUzRSUwQSUzQyUyRnRyJTNFJTBBJTNDdHIlMjBzdHlsZSUzRCUyMmhlaWdodCUzQSUyMDIxcHglM0IlMjIlM0UlMEElM0N0ZCUyMGNsYXNzJTNEJTIyY2Fwc2FsZXJhMiUyMiUyMHN0eWxlJTNEJTIyaGVpZ2h0JTNBJTIwMjFweCUzQiUyMiUzRTEwMCUzQyUyRnRkJTNFJTBBJTNDdGQlMjBzdHlsZSUzRCUyMmhlaWdodCUzQSUyMDIxcHglM0IlMjIlM0UyNzAwMCUyMG1tJTNDJTJGdGQlM0UlMEElM0N0ZCUyMHN0eWxlJTNEJTIyaGVpZ2h0JTNBJTIwMjFweCUzQiUyMiUzRTI1MDAlMjBtbSUzQyUyRnRkJTNFJTBBJTNDdGQlMjBzdHlsZSUzRCUyMmhlaWdodCUzQSUyMDIxcHglM0IlMjIlM0U1NTAwJTIwbW0lM0MlMkZ0ZCUzRSUwQSUzQ3RkJTIwc3R5bGUlM0QlMjJoZWlnaHQlM0ElMjAyMXB4JTNCJTIyJTNFSE9SSVpPTlRBTCUzQyUyRnRkJTNFJTBBJTNDJTJGdHIlM0UlMEElM0N0ciUyMHN0eWxlJTNEJTIyaGVpZ2h0JTNBJTIwMjFweCUzQiUyMiUzRSUwQSUzQ3RkJTIwY2xhc3MlM0QlMjJjYXBzYWxlcmEyJTIyJTIwc3R5bGUlM0QlMjJoZWlnaHQlM0ElMjAyMXB4JTNCJTIyJTNFMTI1JTNDJTJGdGQlM0UlMEElM0N0ZCUyMHN0eWxlJTNEJTIyaGVpZ2h0JTNBJTIwMjFweCUzQiUyMiUzRTM4MDAwJTIwbW0lM0MlMkZ0ZCUzRSUwQSUzQ3RkJTIwc3R5bGUlM0QlMjJoZWlnaHQlM0ElMjAyMXB4JTNCJTIyJTNFMjUwMCUyMG1tJTNDJTJGdGQlM0UlMEElM0N0ZCUyMHN0eWxlJTNEJTIyaGVpZ2h0JTNBJTIwMjFweCUzQiUyMiUzRTc1NDAlMjBtbSUzQyUyRnRkJTNFJTBBJTNDdGQlMjBzdHlsZSUzRCUyMmhlaWdodCUzQSUyMDIxcHglM0IlMjIlM0VIT1JJWk9OVEFMJTNDJTJGdGQlM0UlMEElM0MlMkZ0ciUzRSUwQSUzQ3RyJTIwc3R5bGUlM0QlMjJoZWlnaHQlM0ElMjAyMXB4JTNCJTIyJTNFJTBBJTNDdGQlMjBjbGFzcyUzRCUyMmNhcHNhbGVyYTIlMjIlMjBzdHlsZSUzRCUyMmhlaWdodCUzQSUyMDIxcHglM0IlMjIlM0UxNTAlM0MlMkZ0ZCUzRSUwQSUzQ3RkJTIwc3R5bGUlM0QlMjJoZWlnaHQlM0ElMjAyMXB4JTNCJTIyJTNFNDMwMDAlMjBtbSUzQyUyRnRkJTNFJTBBJTNDdGQlMjBzdHlsZSUzRCUyMmhlaWdodCUzQSUyMDIxcHglM0IlMjIlM0UyNTAwJTIwbW0lM0MlMkZ0ZCUzRSUwQSUzQ3RkJTIwc3R5bGUlM0QlMjJoZWlnaHQlM0ElMjAyMXB4JTNCJTIyJTNFODc2MCUyMG1tJTNDJTJGdGQlM0UlMEElM0N0ZCUyMHN0eWxlJTNEJTIyaGVpZ2h0JTNBJTIwMjFweCUzQiUyMiUzRUhPUklaT05UQUwlM0MlMkZ0ZCUzRSUwQSUzQyUyRnRyJTNFJTBBJTNDJTJGdGJvZHklM0UlMEElM0MlMkZ0YWJsZSUzRQ==[\/vc_raw_html][vc_single_image image=&#8221;1664&#8243; img_size=&#8221;600&#215;407&#8243; alignment=&#8221;center&#8221; onclick=&#8221;link_image&#8221;][\/vc_column][\/vc_row][vc_row el_class=&#8221;productes&#8221;][vc_column][vc_column_text]<\/p>\n<p>Os depuradores EP\/OX Europlast fornecem-se totalmente equipados para funcionamento imediato ap\u00f3s a instala\u00e7\u00e3o. O equipamento inclui o ventilador (que varia entre os 2,2 e os 5,5 KW, segundo o modelo), os difusores ou ejetores, a bomba submers\u00edvel de recircula\u00e7\u00e3o de lamas e o quadro el\u00e9trico de prote\u00e7\u00e3o e manobra.<\/p>\n<p>[\/vc_column_text][\/vc_column][\/vc_row][vc_row][vc_column][vc_text_separator title=&#8221;Contato&#8221; el_class=&#8221;titleForm&#8221;]\n<div class=\"wpcf7 no-js\" id=\"wpcf7-f1255-o1\" lang=\"en-US\" dir=\"ltr\" data-wpcf7-id=\"1255\">\n<div class=\"screen-reader-response\"><p role=\"status\" aria-live=\"polite\" aria-atomic=\"true\"><\/p> <ul><\/ul><\/div>\n<form action=\"\/pt-pt\/wp-json\/wp\/v2\/pages\/2963#wpcf7-f1255-o1\" method=\"post\" class=\"wpcf7-form init\" aria-label=\"Contact form\" novalidate=\"novalidate\" data-status=\"init\">\n<fieldset class=\"hidden-fields-container\"><input type=\"hidden\" name=\"_wpcf7\" value=\"1255\" \/><input type=\"hidden\" name=\"_wpcf7_version\" value=\"6.1.5\" \/><input type=\"hidden\" name=\"_wpcf7_locale\" value=\"en_US\" \/><input type=\"hidden\" name=\"_wpcf7_unit_tag\" value=\"wpcf7-f1255-o1\" \/><input type=\"hidden\" name=\"_wpcf7_container_post\" value=\"0\" \/><input type=\"hidden\" name=\"_wpcf7_posted_data_hash\" value=\"\" \/><input type=\"hidden\" name=\"_wpcf7_recaptcha_response\" value=\"\" \/>\n<\/fieldset>\n<p>Nome (*)\n<\/p>\n<p><span class=\"wpcf7-form-control-wrap\" data-name=\"your-name\"><input size=\"40\" maxlength=\"400\" class=\"wpcf7-form-control wpcf7-text wpcf7-validates-as-required\" aria-required=\"true\" aria-invalid=\"false\" value=\"\" type=\"text\" name=\"your-name\" \/><\/span>\n<\/p>\n<p>Telefone(*)\n<\/p>\n<p><span class=\"wpcf7-form-control-wrap\" data-name=\"telefono\"><input size=\"40\" maxlength=\"400\" class=\"wpcf7-form-control wpcf7-text wpcf7-validates-as-required\" aria-required=\"true\" aria-invalid=\"false\" value=\"\" type=\"text\" name=\"telefono\" \/><\/span>\n<\/p>\n<p>Localiza\u00e7\u00e3o(*)\n<\/p>\n<p><span class=\"wpcf7-form-control-wrap\" data-name=\"poblacio\"><input size=\"40\" maxlength=\"400\" class=\"wpcf7-form-control wpcf7-text wpcf7-validates-as-required\" aria-required=\"true\" aria-invalid=\"false\" value=\"\" type=\"text\" name=\"poblacio\" \/><\/span>\n<\/p>\n<p>Email (*)\n<\/p>\n<p><span class=\"wpcf7-form-control-wrap\" data-name=\"your-email\"><input size=\"40\" maxlength=\"400\" class=\"wpcf7-form-control wpcf7-email wpcf7-validates-as-required wpcf7-text wpcf7-validates-as-email\" aria-required=\"true\" aria-invalid=\"false\" value=\"\" type=\"email\" name=\"your-email\" \/><\/span>\n<\/p>\n<p>Mensagem\n<\/p>\n<p><span class=\"wpcf7-form-control-wrap\" data-name=\"your-message\"><textarea cols=\"40\" rows=\"10\" maxlength=\"2000\" class=\"wpcf7-form-control wpcf7-textarea\" aria-invalid=\"false\" name=\"your-message\"><\/textarea><\/span>\n<\/p>\n<p><input class=\"wpcf7-form-control wpcf7-submit has-spinner\" type=\"submit\" value=\"Enviar\" \/>\n<\/p><p style=\"display: none !important;\" class=\"akismet-fields-container\" data-prefix=\"_wpcf7_ak_\"><label>&#916;<textarea name=\"_wpcf7_ak_hp_textarea\" cols=\"45\" rows=\"8\" maxlength=\"100\"><\/textarea><\/label><input type=\"hidden\" id=\"ak_js_1\" name=\"_wpcf7_ak_js\" value=\"211\"\/><script>document.getElementById( \"ak_js_1\" ).setAttribute( \"value\", ( new Date() ).getTime() );<\/script><\/p><div class=\"wpcf7-response-output\" aria-hidden=\"true\"><\/div>\n<\/form>\n<\/div>\n[\/vc_column][\/vc_row]<\/p>\n<\/div>","protected":false},"excerpt":{"rendered":"<p>[vc_row][vc_column][vc_column_text el_class=&#8221;productes&#8221;]No reator biol\u00f3gico ocorrem as diferentes rea\u00e7\u00f5es necess\u00e1rias \u00e0 decomposi\u00e7\u00e3o bioqu\u00edmica da mat\u00e9ria org\u00e2nica. Para que estas rea\u00e7\u00f5es possam ocorrer, \u00e9 necess\u00e1rio um fornecimento de oxig\u00e9nio que mantenha as condi\u00e7\u00f5es aer\u00f3bias no reator e a cria\u00e7\u00e3o de circula\u00e7\u00e3o suficiente para manter os microrganismos em suspens\u00e3o. Na variante de oxida\u00e7\u00e3o total, a mistura de \u00e1guas&hellip;<\/p>\n","protected":false},"author":1,"featured_media":0,"parent":2933,"menu_order":0,"comment_status":"closed","ping_status":"closed","template":"","meta":{"_joinchat":[]},"class_list":["post-2963","page","type-page","status-publish","hentry","description-off"],"yoast_head":"<!-- This site is optimized with the Yoast SEO plugin v27.2 - https:\/\/yoast.com\/product\/yoast-seo-wordpress\/ -->\n<title>Oxida\u00e7\u00e3o total &#8211; Europlast<\/title>\n<meta name=\"robots\" content=\"index, follow, max-snippet:-1, max-image-preview:large, max-video-preview:-1\" \/>\n<link rel=\"canonical\" href=\"https:\/\/www.europlast-sl.com\/pt-pt\/aguas-residuais\/oxidacao-total\/\" \/>\n<meta property=\"og:locale\" content=\"pt_PT\" \/>\n<meta property=\"og:type\" content=\"article\" \/>\n<meta property=\"og:title\" content=\"Oxida\u00e7\u00e3o total &#8211; Europlast\" \/>\n<meta property=\"og:description\" content=\"[vc_row][vc_column][vc_column_text el_class=&#8221;productes&#8221;]No reator biol\u00f3gico ocorrem as diferentes rea\u00e7\u00f5es necess\u00e1rias \u00e0 decomposi\u00e7\u00e3o bioqu\u00edmica da mat\u00e9ria org\u00e2nica. Para que estas rea\u00e7\u00f5es possam ocorrer, \u00e9 necess\u00e1rio um fornecimento de oxig\u00e9nio que mantenha as condi\u00e7\u00f5es aer\u00f3bias no reator e a cria\u00e7\u00e3o de circula\u00e7\u00e3o suficiente para manter os microrganismos em suspens\u00e3o. Na variante de oxida\u00e7\u00e3o total, a mistura de \u00e1guas&hellip;\" \/>\n<meta property=\"og:url\" content=\"https:\/\/www.europlast-sl.com\/pt-pt\/aguas-residuais\/oxidacao-total\/\" \/>\n<meta property=\"og:site_name\" content=\"Europlast\" \/>\n<meta property=\"article:modified_time\" content=\"2018-12-20T12:08:51+00:00\" \/>\n<meta name=\"twitter:label1\" content=\"Tempo estimado de leitura\" \/>\n\t<meta name=\"twitter:data1\" content=\"4 minutos\" \/>\n<script type=\"application\/ld+json\" class=\"yoast-schema-graph\">{\"@context\":\"https:\/\/schema.org\",\"@graph\":[{\"@type\":\"WebPage\",\"@id\":\"https:\/\/www.europlast-sl.com\/pt-pt\/aguas-residuais\/oxidacao-total\/\",\"url\":\"https:\/\/www.europlast-sl.com\/pt-pt\/aguas-residuais\/oxidacao-total\/\",\"name\":\"Oxida\u00e7\u00e3o total &#8211; Europlast\",\"isPartOf\":{\"@id\":\"https:\/\/www.europlast-sl.com\/pt-pt\/#website\"},\"datePublished\":\"2018-12-04T20:35:35+00:00\",\"dateModified\":\"2018-12-20T12:08:51+00:00\",\"breadcrumb\":{\"@id\":\"https:\/\/www.europlast-sl.com\/pt-pt\/aguas-residuais\/oxidacao-total\/#breadcrumb\"},\"inLanguage\":\"pt-PT\",\"potentialAction\":[{\"@type\":\"ReadAction\",\"target\":[\"https:\/\/www.europlast-sl.com\/pt-pt\/aguas-residuais\/oxidacao-total\/\"]}]},{\"@type\":\"BreadcrumbList\",\"@id\":\"https:\/\/www.europlast-sl.com\/pt-pt\/aguas-residuais\/oxidacao-total\/#breadcrumb\",\"itemListElement\":[{\"@type\":\"ListItem\",\"position\":1,\"name\":\"Portada\",\"item\":\"https:\/\/www.europlast-sl.com\/pt-pt\/\"},{\"@type\":\"ListItem\",\"position\":2,\"name\":\"\u00c1guas residuais\",\"item\":\"https:\/\/www.europlast-sl.com\/pt-pt\/aguas-residuais\/\"},{\"@type\":\"ListItem\",\"position\":3,\"name\":\"Oxida\u00e7\u00e3o total\"}]},{\"@type\":\"WebSite\",\"@id\":\"https:\/\/www.europlast-sl.com\/pt-pt\/#website\",\"url\":\"https:\/\/www.europlast-sl.com\/pt-pt\/\",\"name\":\"Europlast\",\"description\":\"Especialistas en la fabricaci\u00f3n y comercializaci\u00f3n de dep\u00f3sitos\",\"potentialAction\":[{\"@type\":\"SearchAction\",\"target\":{\"@type\":\"EntryPoint\",\"urlTemplate\":\"https:\/\/www.europlast-sl.com\/pt-pt\/?s={search_term_string}\"},\"query-input\":{\"@type\":\"PropertyValueSpecification\",\"valueRequired\":true,\"valueName\":\"search_term_string\"}}],\"inLanguage\":\"pt-PT\"}]}<\/script>\n<!-- \/ Yoast SEO plugin. -->","yoast_head_json":{"title":"Oxida\u00e7\u00e3o total &#8211; Europlast","robots":{"index":"index","follow":"follow","max-snippet":"max-snippet:-1","max-image-preview":"max-image-preview:large","max-video-preview":"max-video-preview:-1"},"canonical":"https:\/\/www.europlast-sl.com\/pt-pt\/aguas-residuais\/oxidacao-total\/","og_locale":"pt_PT","og_type":"article","og_title":"Oxida\u00e7\u00e3o total &#8211; Europlast","og_description":"[vc_row][vc_column][vc_column_text el_class=&#8221;productes&#8221;]No reator biol\u00f3gico ocorrem as diferentes rea\u00e7\u00f5es necess\u00e1rias \u00e0 decomposi\u00e7\u00e3o bioqu\u00edmica da mat\u00e9ria org\u00e2nica. Para que estas rea\u00e7\u00f5es possam ocorrer, \u00e9 necess\u00e1rio um fornecimento de oxig\u00e9nio que mantenha as condi\u00e7\u00f5es aer\u00f3bias no reator e a cria\u00e7\u00e3o de circula\u00e7\u00e3o suficiente para manter os microrganismos em suspens\u00e3o. Na variante de oxida\u00e7\u00e3o total, a mistura de \u00e1guas&hellip;","og_url":"https:\/\/www.europlast-sl.com\/pt-pt\/aguas-residuais\/oxidacao-total\/","og_site_name":"Europlast","article_modified_time":"2018-12-20T12:08:51+00:00","twitter_misc":{"Tempo estimado de leitura":"4 minutos"},"schema":{"@context":"https:\/\/schema.org","@graph":[{"@type":"WebPage","@id":"https:\/\/www.europlast-sl.com\/pt-pt\/aguas-residuais\/oxidacao-total\/","url":"https:\/\/www.europlast-sl.com\/pt-pt\/aguas-residuais\/oxidacao-total\/","name":"Oxida\u00e7\u00e3o total &#8211; Europlast","isPartOf":{"@id":"https:\/\/www.europlast-sl.com\/pt-pt\/#website"},"datePublished":"2018-12-04T20:35:35+00:00","dateModified":"2018-12-20T12:08:51+00:00","breadcrumb":{"@id":"https:\/\/www.europlast-sl.com\/pt-pt\/aguas-residuais\/oxidacao-total\/#breadcrumb"},"inLanguage":"pt-PT","potentialAction":[{"@type":"ReadAction","target":["https:\/\/www.europlast-sl.com\/pt-pt\/aguas-residuais\/oxidacao-total\/"]}]},{"@type":"BreadcrumbList","@id":"https:\/\/www.europlast-sl.com\/pt-pt\/aguas-residuais\/oxidacao-total\/#breadcrumb","itemListElement":[{"@type":"ListItem","position":1,"name":"Portada","item":"https:\/\/www.europlast-sl.com\/pt-pt\/"},{"@type":"ListItem","position":2,"name":"\u00c1guas residuais","item":"https:\/\/www.europlast-sl.com\/pt-pt\/aguas-residuais\/"},{"@type":"ListItem","position":3,"name":"Oxida\u00e7\u00e3o total"}]},{"@type":"WebSite","@id":"https:\/\/www.europlast-sl.com\/pt-pt\/#website","url":"https:\/\/www.europlast-sl.com\/pt-pt\/","name":"Europlast","description":"Especialistas en la fabricaci\u00f3n y comercializaci\u00f3n de dep\u00f3sitos","potentialAction":[{"@type":"SearchAction","target":{"@type":"EntryPoint","urlTemplate":"https:\/\/www.europlast-sl.com\/pt-pt\/?s={search_term_string}"},"query-input":{"@type":"PropertyValueSpecification","valueRequired":true,"valueName":"search_term_string"}}],"inLanguage":"pt-PT"}]}},"_links":{"self":[{"href":"https:\/\/www.europlast-sl.com\/pt-pt\/wp-json\/wp\/v2\/pages\/2963","targetHints":{"allow":["GET"]}}],"collection":[{"href":"https:\/\/www.europlast-sl.com\/pt-pt\/wp-json\/wp\/v2\/pages"}],"about":[{"href":"https:\/\/www.europlast-sl.com\/pt-pt\/wp-json\/wp\/v2\/types\/page"}],"author":[{"embeddable":true,"href":"https:\/\/www.europlast-sl.com\/pt-pt\/wp-json\/wp\/v2\/users\/1"}],"replies":[{"embeddable":true,"href":"https:\/\/www.europlast-sl.com\/pt-pt\/wp-json\/wp\/v2\/comments?post=2963"}],"version-history":[{"count":4,"href":"https:\/\/www.europlast-sl.com\/pt-pt\/wp-json\/wp\/v2\/pages\/2963\/revisions"}],"predecessor-version":[{"id":3295,"href":"https:\/\/www.europlast-sl.com\/pt-pt\/wp-json\/wp\/v2\/pages\/2963\/revisions\/3295"}],"up":[{"embeddable":true,"href":"https:\/\/www.europlast-sl.com\/pt-pt\/wp-json\/wp\/v2\/pages\/2933"}],"wp:attachment":[{"href":"https:\/\/www.europlast-sl.com\/pt-pt\/wp-json\/wp\/v2\/media?parent=2963"}],"curies":[{"name":"wp","href":"https:\/\/api.w.org\/{rel}","templated":true}]}}