{"id":2957,"date":"2018-12-04T20:32:21","date_gmt":"2018-12-04T20:32:21","guid":{"rendered":"https:\/\/www.europlast-sl.com\/depuracion-aguas-residuales\/filtro-biologico\/"},"modified":"2018-12-17T10:19:06","modified_gmt":"2018-12-17T10:19:06","slug":"filtro-biologico","status":"publish","type":"page","link":"https:\/\/www.europlast-sl.com\/pt-pt\/aguas-residuais\/filtro-biologico\/","title":{"rendered":"Filtro biol\u00f3gico"},"content":{"rendered":"<div class=\"wpb-content-wrapper\"><p>[vc_row][vc_column][vc_column_text el_class=&#8221;productes&#8221;]Um <strong>filtro biol\u00f3gico <\/strong>\u00e9 indispens\u00e1vel para complementar uma <strong>fossa s\u00e9tica <\/strong>que se encontre j\u00e1 instalada, adaptando-a, desta forma, \u00e0s novas normativas cada vez mais exigentes sobre descargas de \u00e1guas residuais.<\/p>\n<p>O <strong>filtro biol\u00f3gico <\/strong>trata as \u00e1guas residuais para limp\u00e1-las e transform\u00e1-las em \u00e1guas dom\u00e9sticas aptas para uso na rega e outras utilidades. A reutiliza\u00e7\u00e3o da \u00e1gua \u00e9 poss\u00edvel com uma <strong>fossa s\u00e9tica com filtro biol\u00f3gico<\/strong> e isto far\u00e1 com que reduzamos os custos, ao mesmo tempo que contribu\u00edmos para o cuidado do meio-ambiente.[\/vc_column_text][\/vc_column][\/vc_row][vc_row][vc_column][vc_raw_html]JTNDdGFibGUlMjBjbGFzcyUzRCUyMnRhdWxhJTIyJTIwc3R5bGUlM0QlMjJoZWlnaHQlM0ElMjAxNjlweCUzQiUyMiUyMHdpZHRoJTNEJTIyMjM4JTIyJTNFJTBBJTNDdGhlYWQlM0UlMEElM0N0ciUyMHN0eWxlJTNEJTIyaGVpZ2h0JTNBJTIwMjFweCUzQiUyMiUzRSUwQSUzQ3RoJTIwY2xhc3MlM0QlMjJjYXBzYWxlcmExJTIyJTIwc3R5bGUlM0QlMjJoZWlnaHQlM0ElMjAyMXB4JTNCJTIwd2lkdGglM0ElMjAxMTJweCUzQiUyMiUzRVVTVSVDMyU4MVJJT1MlM0MlMkZ0aCUzRSUwQSUzQ3RoJTIwY2xhc3MlM0QlMjJjYXBzYWxlcmEzJTIyJTIwc3R5bGUlM0QlMjJoZWlnaHQlM0ElMjAyMXB4JTNCJTIwd2lkdGglM0ElMjAxMjVweCUzQiUyMiUzRUNBUEFDSURBREUlMjBsdHMlM0MlMkZ0aCUzRSUwQSUzQyUyRnRyJTNFJTBBJTNDJTJGdGhlYWQlM0UlMEElM0N0Ym9keSUzRSUwQSUzQ3RyJTIwc3R5bGUlM0QlMjJoZWlnaHQlM0ElMjAyMXB4JTNCJTIyJTNFJTBBJTNDdGQlMjBjbGFzcyUzRCUyMmNhcHNhbGVyYTIlMjIlMjBzdHlsZSUzRCUyMmhlaWdodCUzQSUyMDIxcHglM0IlMjB3aWR0aCUzQSUyMDExMnB4JTNCJTIyJTNFNiUzQyUyRnRkJTNFJTBBJTNDdGQlMjBzdHlsZSUzRCUyMmhlaWdodCUzQSUyMDIxcHglM0IlMjB3aWR0aCUzQSUyMDEyNXB4JTNCJTIyJTNFNTAwJTNDJTJGdGQlM0UlMEElM0MlMkZ0ciUzRSUwQSUzQ3RyJTIwc3R5bGUlM0QlMjJoZWlnaHQlM0ElMjAyMXB4JTNCJTIyJTNFJTBBJTNDdGQlMjBjbGFzcyUzRCUyMmNhcHNhbGVyYTIlMjIlMjBzdHlsZSUzRCUyMmhlaWdodCUzQSUyMDIxcHglM0IlMjB3aWR0aCUzQSUyMDExMnB4JTNCJTIyJTNFMTIlM0MlMkZ0ZCUzRSUwQSUzQ3RkJTIwc3R5bGUlM0QlMjJoZWlnaHQlM0ElMjAyMXB4JTNCJTIwd2lkdGglM0ElMjAxMjVweCUzQiUyMiUzRTEyMDAlM0MlMkZ0ZCUzRSUwQSUzQyUyRnRyJTNFJTBBJTNDdHIlMjBzdHlsZSUzRCUyMmhlaWdodCUzQSUyMDIxcHglM0IlMjIlM0UlMEElM0N0ZCUyMGNsYXNzJTNEJTIyY2Fwc2FsZXJhMiUyMiUyMHN0eWxlJTNEJTIyaGVpZ2h0JTNBJTIwMjFweCUzQiUyMHdpZHRoJTNBJTIwMTEycHglM0IlMjIlM0UyMyUzQyUyRnRkJTNFJTBBJTNDdGQlMjBzdHlsZSUzRCUyMmhlaWdodCUzQSUyMDIxcHglM0IlMjB3aWR0aCUzQSUyMDEyNXB4JTNCJTIyJTNFMjMwMCUzQyUyRnRkJTNFJTBBJTNDJTJGdHIlM0UlMEElM0N0ciUyMHN0eWxlJTNEJTIyaGVpZ2h0JTNBJTIwMjFweCUzQiUyMiUzRSUwQSUzQ3RkJTIwY2xhc3MlM0QlMjJjYXBzYWxlcmEyJTIyJTIwc3R5bGUlM0QlMjJoZWlnaHQlM0ElMjAyMXB4JTNCJTIwd2lkdGglM0ElMjAxMTJweCUzQiUyMiUzRTM1JTNDJTJGdGQlM0UlMEElM0N0ZCUyMHN0eWxlJTNEJTIyaGVpZ2h0JTNBJTIwMjFweCUzQiUyMHdpZHRoJTNBJTIwMTI1cHglM0IlMjIlM0UzNTAwJTNDJTJGdGQlM0UlMEElM0MlMkZ0ciUzRSUwQSUzQ3RyJTIwc3R5bGUlM0QlMjJoZWlnaHQlM0ElMjAyMXB4JTNCJTIyJTNFJTBBJTNDdGQlMjBjbGFzcyUzRCUyMmNhcHNhbGVyYTIlMjIlMjBzdHlsZSUzRCUyMmhlaWdodCUzQSUyMDIxcHglM0IlMjB3aWR0aCUzQSUyMDExMnB4JTNCJTIyJTNFNDIlM0MlMkZ0ZCUzRSUwQSUzQ3RkJTIwc3R5bGUlM0QlMjJoZWlnaHQlM0ElMjAyMXB4JTNCJTIwd2lkdGglM0ElMjAxMjVweCUzQiUyMiUzRTQyMDAlM0MlMkZ0ZCUzRSUwQSUzQyUyRnRyJTNFJTBBJTNDdHIlMjBzdHlsZSUzRCUyMmhlaWdodCUzQSUyMDIxcHglM0IlMjIlM0UlMEElM0N0ZCUyMGNsYXNzJTNEJTIyY2Fwc2FsZXJhMiUyMiUyMHN0eWxlJTNEJTIyaGVpZ2h0JTNBJTIwMjFweCUzQiUyMHdpZHRoJTNBJTIwMTEycHglM0IlMjIlM0U2MCUzQyUyRnRkJTNFJTBBJTNDdGQlMjBzdHlsZSUzRCUyMmhlaWdodCUzQSUyMDIxcHglM0IlMjB3aWR0aCUzQSUyMDEyNXB4JTNCJTIyJTNFNjAwMCUzQyUyRnRkJTNFJTBBJTNDJTJGdHIlM0UlMEElM0N0ciUyMHN0eWxlJTNEJTIyaGVpZ2h0JTNBJTIwMjFweCUzQiUyMiUzRSUwQSUzQ3RkJTIwY2xhc3MlM0QlMjJjYXBzYWxlcmEyJTIyJTIwc3R5bGUlM0QlMjJoZWlnaHQlM0ElMjAyMXB4JTNCJTIwd2lkdGglM0ElMjAxMTJweCUzQiUyMiUzRTgwJTNDJTJGdGQlM0UlMEElM0N0ZCUyMHN0eWxlJTNEJTIyaGVpZ2h0JTNBJTIwMjFweCUzQiUyMHdpZHRoJTNBJTIwMTI1cHglM0IlMjIlM0U4MDAwJTNDJTJGdGQlM0UlMEElM0MlMkZ0ciUzRSUwQSUzQ3RyJTIwc3R5bGUlM0QlMjJoZWlnaHQlM0ElMjAyMXB4JTNCJTIyJTNFJTBBJTNDdGQlMjBjbGFzcyUzRCUyMmNhcHNhbGVyYTIlMjIlMjBzdHlsZSUzRCUyMmhlaWdodCUzQSUyMDIxcHglM0IlMjB3aWR0aCUzQSUyMDExMnB4JTNCJTIyJTNFMTAwJTNDJTJGdGQlM0UlMEElM0N0ZCUyMHN0eWxlJTNEJTIyaGVpZ2h0JTNBJTIwMjFweCUzQiUyMHdpZHRoJTNBJTIwMTI1cHglM0IlMjIlM0UxMDAwMCUzQyUyRnRkJTNFJTBBJTNDJTJGdHIlM0UlMEElM0MlMkZ0Ym9keSUzRSUwQSUzQyUyRnRhYmxlJTNF[\/vc_raw_html][vc_single_image image=&#8221;1640&#8243; img_size=&#8221;600&#215;407&#8243; alignment=&#8221;center&#8221; onclick=&#8221;link_image&#8221;][\/vc_column][\/vc_row][vc_row][vc_column][vc_text_separator title=&#8221;Contacto&#8221; el_class=&#8221;titleForm&#8221;]\n<div class=\"wpcf7 no-js\" id=\"wpcf7-f1255-o1\" lang=\"en-US\" dir=\"ltr\" data-wpcf7-id=\"1255\">\n<div class=\"screen-reader-response\"><p role=\"status\" aria-live=\"polite\" aria-atomic=\"true\"><\/p> <ul><\/ul><\/div>\n<form action=\"\/pt-pt\/wp-json\/wp\/v2\/pages\/2957#wpcf7-f1255-o1\" method=\"post\" class=\"wpcf7-form init\" aria-label=\"Contact form\" novalidate=\"novalidate\" data-status=\"init\">\n<fieldset class=\"hidden-fields-container\"><input type=\"hidden\" name=\"_wpcf7\" value=\"1255\" \/><input type=\"hidden\" name=\"_wpcf7_version\" value=\"6.1.5\" \/><input type=\"hidden\" name=\"_wpcf7_locale\" value=\"en_US\" \/><input type=\"hidden\" name=\"_wpcf7_unit_tag\" value=\"wpcf7-f1255-o1\" \/><input type=\"hidden\" name=\"_wpcf7_container_post\" value=\"0\" \/><input type=\"hidden\" name=\"_wpcf7_posted_data_hash\" value=\"\" \/><input type=\"hidden\" name=\"_wpcf7_recaptcha_response\" value=\"\" \/>\n<\/fieldset>\n<p>Nome (*)\n<\/p>\n<p><span class=\"wpcf7-form-control-wrap\" data-name=\"your-name\"><input size=\"40\" maxlength=\"400\" class=\"wpcf7-form-control wpcf7-text wpcf7-validates-as-required\" aria-required=\"true\" aria-invalid=\"false\" value=\"\" type=\"text\" name=\"your-name\" \/><\/span>\n<\/p>\n<p>Telefone(*)\n<\/p>\n<p><span class=\"wpcf7-form-control-wrap\" data-name=\"telefono\"><input size=\"40\" maxlength=\"400\" class=\"wpcf7-form-control wpcf7-text wpcf7-validates-as-required\" aria-required=\"true\" aria-invalid=\"false\" value=\"\" type=\"text\" name=\"telefono\" \/><\/span>\n<\/p>\n<p>Localiza\u00e7\u00e3o(*)\n<\/p>\n<p><span class=\"wpcf7-form-control-wrap\" data-name=\"poblacio\"><input size=\"40\" maxlength=\"400\" class=\"wpcf7-form-control wpcf7-text wpcf7-validates-as-required\" aria-required=\"true\" aria-invalid=\"false\" value=\"\" type=\"text\" name=\"poblacio\" \/><\/span>\n<\/p>\n<p>Email (*)\n<\/p>\n<p><span class=\"wpcf7-form-control-wrap\" data-name=\"your-email\"><input size=\"40\" maxlength=\"400\" class=\"wpcf7-form-control wpcf7-email wpcf7-validates-as-required wpcf7-text wpcf7-validates-as-email\" aria-required=\"true\" aria-invalid=\"false\" value=\"\" type=\"email\" name=\"your-email\" \/><\/span>\n<\/p>\n<p>Mensagem\n<\/p>\n<p><span class=\"wpcf7-form-control-wrap\" data-name=\"your-message\"><textarea cols=\"40\" rows=\"10\" maxlength=\"2000\" class=\"wpcf7-form-control wpcf7-textarea\" aria-invalid=\"false\" name=\"your-message\"><\/textarea><\/span>\n<\/p>\n<p><input class=\"wpcf7-form-control wpcf7-submit has-spinner\" type=\"submit\" value=\"Enviar\" \/>\n<\/p><p style=\"display: none !important;\" class=\"akismet-fields-container\" data-prefix=\"_wpcf7_ak_\"><label>&#916;<textarea name=\"_wpcf7_ak_hp_textarea\" cols=\"45\" rows=\"8\" maxlength=\"100\"><\/textarea><\/label><input type=\"hidden\" id=\"ak_js_1\" name=\"_wpcf7_ak_js\" value=\"179\"\/><script>document.getElementById( \"ak_js_1\" ).setAttribute( \"value\", ( new Date() ).getTime() );<\/script><\/p><div class=\"wpcf7-response-output\" aria-hidden=\"true\"><\/div>\n<\/form>\n<\/div>\n[\/vc_column][\/vc_row]<\/p>\n<\/div>","protected":false},"excerpt":{"rendered":"<p>[vc_row][vc_column][vc_column_text el_class=&#8221;productes&#8221;]Um filtro biol\u00f3gico \u00e9 indispens\u00e1vel para complementar uma fossa s\u00e9tica que se encontre j\u00e1 instalada, adaptando-a, desta forma, \u00e0s novas normativas cada vez mais exigentes sobre descargas de \u00e1guas residuais. O filtro biol\u00f3gico trata as \u00e1guas residuais para limp\u00e1-las e transform\u00e1-las em \u00e1guas dom\u00e9sticas aptas para uso na rega e outras utilidades. A reutiliza\u00e7\u00e3o&hellip;<\/p>\n","protected":false},"author":1,"featured_media":0,"parent":2933,"menu_order":0,"comment_status":"closed","ping_status":"closed","template":"","meta":{"_joinchat":[]},"class_list":["post-2957","page","type-page","status-publish","hentry","description-off"],"yoast_head":"<!-- This site is optimized with the Yoast SEO plugin v27.2 - https:\/\/yoast.com\/product\/yoast-seo-wordpress\/ -->\n<title>Filtro biol\u00f3gico &#8211; Europlast<\/title>\n<meta name=\"robots\" content=\"index, follow, max-snippet:-1, max-image-preview:large, max-video-preview:-1\" \/>\n<link rel=\"canonical\" href=\"https:\/\/www.europlast-sl.com\/pt-pt\/aguas-residuais\/filtro-biologico\/\" \/>\n<meta property=\"og:locale\" content=\"pt_PT\" \/>\n<meta property=\"og:type\" content=\"article\" \/>\n<meta property=\"og:title\" content=\"Filtro biol\u00f3gico &#8211; Europlast\" \/>\n<meta property=\"og:description\" content=\"[vc_row][vc_column][vc_column_text el_class=&#8221;productes&#8221;]Um filtro biol\u00f3gico \u00e9 indispens\u00e1vel para complementar uma fossa s\u00e9tica que se encontre j\u00e1 instalada, adaptando-a, desta forma, \u00e0s novas normativas cada vez mais exigentes sobre descargas de \u00e1guas residuais. O filtro biol\u00f3gico trata as \u00e1guas residuais para limp\u00e1-las e transform\u00e1-las em \u00e1guas dom\u00e9sticas aptas para uso na rega e outras utilidades. A reutiliza\u00e7\u00e3o&hellip;\" \/>\n<meta property=\"og:url\" content=\"https:\/\/www.europlast-sl.com\/pt-pt\/aguas-residuais\/filtro-biologico\/\" \/>\n<meta property=\"og:site_name\" content=\"Europlast\" \/>\n<meta property=\"article:modified_time\" content=\"2018-12-17T10:19:06+00:00\" \/>\n<meta name=\"twitter:label1\" content=\"Tempo estimado de leitura\" \/>\n\t<meta name=\"twitter:data1\" content=\"2 minutos\" \/>\n<script type=\"application\/ld+json\" class=\"yoast-schema-graph\">{\"@context\":\"https:\/\/schema.org\",\"@graph\":[{\"@type\":\"WebPage\",\"@id\":\"https:\/\/www.europlast-sl.com\/pt-pt\/aguas-residuais\/filtro-biologico\/\",\"url\":\"https:\/\/www.europlast-sl.com\/pt-pt\/aguas-residuais\/filtro-biologico\/\",\"name\":\"Filtro biol\u00f3gico &#8211; Europlast\",\"isPartOf\":{\"@id\":\"https:\/\/www.europlast-sl.com\/pt-pt\/#website\"},\"datePublished\":\"2018-12-04T20:32:21+00:00\",\"dateModified\":\"2018-12-17T10:19:06+00:00\",\"breadcrumb\":{\"@id\":\"https:\/\/www.europlast-sl.com\/pt-pt\/aguas-residuais\/filtro-biologico\/#breadcrumb\"},\"inLanguage\":\"pt-PT\",\"potentialAction\":[{\"@type\":\"ReadAction\",\"target\":[\"https:\/\/www.europlast-sl.com\/pt-pt\/aguas-residuais\/filtro-biologico\/\"]}]},{\"@type\":\"BreadcrumbList\",\"@id\":\"https:\/\/www.europlast-sl.com\/pt-pt\/aguas-residuais\/filtro-biologico\/#breadcrumb\",\"itemListElement\":[{\"@type\":\"ListItem\",\"position\":1,\"name\":\"Portada\",\"item\":\"https:\/\/www.europlast-sl.com\/pt-pt\/\"},{\"@type\":\"ListItem\",\"position\":2,\"name\":\"\u00c1guas residuais\",\"item\":\"https:\/\/www.europlast-sl.com\/pt-pt\/aguas-residuais\/\"},{\"@type\":\"ListItem\",\"position\":3,\"name\":\"Filtro biol\u00f3gico\"}]},{\"@type\":\"WebSite\",\"@id\":\"https:\/\/www.europlast-sl.com\/pt-pt\/#website\",\"url\":\"https:\/\/www.europlast-sl.com\/pt-pt\/\",\"name\":\"Europlast\",\"description\":\"Especialistas en la fabricaci\u00f3n y comercializaci\u00f3n de dep\u00f3sitos\",\"potentialAction\":[{\"@type\":\"SearchAction\",\"target\":{\"@type\":\"EntryPoint\",\"urlTemplate\":\"https:\/\/www.europlast-sl.com\/pt-pt\/?s={search_term_string}\"},\"query-input\":{\"@type\":\"PropertyValueSpecification\",\"valueRequired\":true,\"valueName\":\"search_term_string\"}}],\"inLanguage\":\"pt-PT\"}]}<\/script>\n<!-- \/ Yoast SEO plugin. -->","yoast_head_json":{"title":"Filtro biol\u00f3gico &#8211; Europlast","robots":{"index":"index","follow":"follow","max-snippet":"max-snippet:-1","max-image-preview":"max-image-preview:large","max-video-preview":"max-video-preview:-1"},"canonical":"https:\/\/www.europlast-sl.com\/pt-pt\/aguas-residuais\/filtro-biologico\/","og_locale":"pt_PT","og_type":"article","og_title":"Filtro biol\u00f3gico &#8211; Europlast","og_description":"[vc_row][vc_column][vc_column_text el_class=&#8221;productes&#8221;]Um filtro biol\u00f3gico \u00e9 indispens\u00e1vel para complementar uma fossa s\u00e9tica que se encontre j\u00e1 instalada, adaptando-a, desta forma, \u00e0s novas normativas cada vez mais exigentes sobre descargas de \u00e1guas residuais. O filtro biol\u00f3gico trata as \u00e1guas residuais para limp\u00e1-las e transform\u00e1-las em \u00e1guas dom\u00e9sticas aptas para uso na rega e outras utilidades. A reutiliza\u00e7\u00e3o&hellip;","og_url":"https:\/\/www.europlast-sl.com\/pt-pt\/aguas-residuais\/filtro-biologico\/","og_site_name":"Europlast","article_modified_time":"2018-12-17T10:19:06+00:00","twitter_misc":{"Tempo estimado de leitura":"2 minutos"},"schema":{"@context":"https:\/\/schema.org","@graph":[{"@type":"WebPage","@id":"https:\/\/www.europlast-sl.com\/pt-pt\/aguas-residuais\/filtro-biologico\/","url":"https:\/\/www.europlast-sl.com\/pt-pt\/aguas-residuais\/filtro-biologico\/","name":"Filtro biol\u00f3gico &#8211; Europlast","isPartOf":{"@id":"https:\/\/www.europlast-sl.com\/pt-pt\/#website"},"datePublished":"2018-12-04T20:32:21+00:00","dateModified":"2018-12-17T10:19:06+00:00","breadcrumb":{"@id":"https:\/\/www.europlast-sl.com\/pt-pt\/aguas-residuais\/filtro-biologico\/#breadcrumb"},"inLanguage":"pt-PT","potentialAction":[{"@type":"ReadAction","target":["https:\/\/www.europlast-sl.com\/pt-pt\/aguas-residuais\/filtro-biologico\/"]}]},{"@type":"BreadcrumbList","@id":"https:\/\/www.europlast-sl.com\/pt-pt\/aguas-residuais\/filtro-biologico\/#breadcrumb","itemListElement":[{"@type":"ListItem","position":1,"name":"Portada","item":"https:\/\/www.europlast-sl.com\/pt-pt\/"},{"@type":"ListItem","position":2,"name":"\u00c1guas residuais","item":"https:\/\/www.europlast-sl.com\/pt-pt\/aguas-residuais\/"},{"@type":"ListItem","position":3,"name":"Filtro biol\u00f3gico"}]},{"@type":"WebSite","@id":"https:\/\/www.europlast-sl.com\/pt-pt\/#website","url":"https:\/\/www.europlast-sl.com\/pt-pt\/","name":"Europlast","description":"Especialistas en la fabricaci\u00f3n y comercializaci\u00f3n de dep\u00f3sitos","potentialAction":[{"@type":"SearchAction","target":{"@type":"EntryPoint","urlTemplate":"https:\/\/www.europlast-sl.com\/pt-pt\/?s={search_term_string}"},"query-input":{"@type":"PropertyValueSpecification","valueRequired":true,"valueName":"search_term_string"}}],"inLanguage":"pt-PT"}]}},"_links":{"self":[{"href":"https:\/\/www.europlast-sl.com\/pt-pt\/wp-json\/wp\/v2\/pages\/2957","targetHints":{"allow":["GET"]}}],"collection":[{"href":"https:\/\/www.europlast-sl.com\/pt-pt\/wp-json\/wp\/v2\/pages"}],"about":[{"href":"https:\/\/www.europlast-sl.com\/pt-pt\/wp-json\/wp\/v2\/types\/page"}],"author":[{"embeddable":true,"href":"https:\/\/www.europlast-sl.com\/pt-pt\/wp-json\/wp\/v2\/users\/1"}],"replies":[{"embeddable":true,"href":"https:\/\/www.europlast-sl.com\/pt-pt\/wp-json\/wp\/v2\/comments?post=2957"}],"version-history":[{"count":2,"href":"https:\/\/www.europlast-sl.com\/pt-pt\/wp-json\/wp\/v2\/pages\/2957\/revisions"}],"predecessor-version":[{"id":3077,"href":"https:\/\/www.europlast-sl.com\/pt-pt\/wp-json\/wp\/v2\/pages\/2957\/revisions\/3077"}],"up":[{"embeddable":true,"href":"https:\/\/www.europlast-sl.com\/pt-pt\/wp-json\/wp\/v2\/pages\/2933"}],"wp:attachment":[{"href":"https:\/\/www.europlast-sl.com\/pt-pt\/wp-json\/wp\/v2\/media?parent=2957"}],"curies":[{"name":"wp","href":"https:\/\/api.w.org\/{rel}","templated":true}]}}