{"id":2953,"date":"2018-12-04T20:30:30","date_gmt":"2018-12-04T20:30:30","guid":{"rendered":"https:\/\/www.europlast-sl.com\/depuracion-aguas-residuales\/fosa-filtro-con-separador-de-grasas\/"},"modified":"2018-12-20T12:08:04","modified_gmt":"2018-12-20T12:08:04","slug":"fossa-filtro-com-separadores-de-gorduras","status":"publish","type":"page","link":"https:\/\/www.europlast-sl.com\/pt-pt\/aguas-residuais\/fossa-filtro-com-separadores-de-gorduras\/","title":{"rendered":"Fossa filtro com separadores de gorduras"},"content":{"rendered":"<div class=\"wpb-content-wrapper\"><p>[vc_row][vc_column][vc_column_text el_class=&#8221;productes&#8221;]A fossa filtro com separador de gorduras separa as gorduras animais e vegetais da \u00e1gua, al\u00e9m de filtrar este l\u00edquido. Esta <strong>fossa s\u00e9tica <\/strong>leva a cabo v\u00e1rios processos para que a \u00e1gua seja reutiliz\u00e1vel.<\/p>\n<p>Esta pe\u00e7a, idealizada para os nossos clientes mais comprometidos com o meio-ambiente, \u00e9 composta por um primeiro decantador (<strong>separador de gorduras<\/strong>) com tubos interiores que, mediante diferen\u00e7a de peso, passam as \u00e1guas limpas para o segundo compartimento, transferindo tudo para um terceiro.<\/p>\n<p>Neste sistema depurador, est\u00e3o inclu\u00eddas 3 bocas de inspe\u00e7\u00e3o e 2 entradas (uma destinada \u00e0s \u00e1guas fecais e outra destinada \u00e0s gorduras e detergentes).<\/p>\n<p>A principal vantagem desta cria\u00e7\u00e3o \u00e9 o facto de reter, numa mesma pe\u00e7a, todos os l\u00edquidos provenientes de uma casa, sem necessidade de criar v\u00e1rias instala\u00e7\u00f5es para uma mesma fun\u00e7\u00e3o.<\/p>\n<p>Caso deseje informa\u00e7\u00e3o sobre pre\u00e7os das <strong>fossas filtro com separador de gorduras<\/strong>, contacte a Europlast atrav\u00e9s do formul\u00e1rio de contacto ou chamada telef\u00f3nica.[\/vc_column_text][\/vc_column][\/vc_row][vc_row][vc_column][vc_raw_html]JTNDdGFibGUlMjBjbGFzcyUzRCUyMnRhdWxhJTIyJTIwd2lkdGglM0QlMjIxMDAlMjUlMjIlM0UlMEElM0N0aGVhZCUzRSUwQSUzQ3RyJTIwc3R5bGUlM0QlMjJoZWlnaHQlM0ElMjAyMXB4JTNCJTIyJTNFJTBBJTNDdGglMjBjbGFzcyUzRCUyMmNhcHNhbGVyYTElMjIlMjBzdHlsZSUzRCUyMmhlaWdodCUzQSUyMDIxcHglM0IlMjIlM0VOJTI2b3JkbSUzQiUyMFVTVSVDMyU4MVJJT1MlM0MlMkZ0aCUzRSUwQSUzQ3RoJTIwY2xhc3MlM0QlMjJjYXBzYWxlcmEyJTIyJTIwc3R5bGUlM0QlMjJoZWlnaHQlM0ElMjAyMXB4JTNCJTIyJTNFMi00JTNDJTJGdGglM0UlMEElM0N0aCUyMGNsYXNzJTNEJTIyY2Fwc2FsZXJhMiUyMiUyMHN0eWxlJTNEJTIyaGVpZ2h0JTNBJTIwMjFweCUzQiUyMiUzRTclM0MlMkZ0aCUzRSUwQSUzQ3RoJTIwY2xhc3MlM0QlMjJjYXBzYWxlcmEyJTIyJTIwc3R5bGUlM0QlMjJoZWlnaHQlM0ElMjAyMXB4JTNCJTIyJTNFMTAlM0MlMkZ0aCUzRSUwQSUzQ3RoJTIwY2xhc3MlM0QlMjJjYXBzYWxlcmEyJTIyJTIwc3R5bGUlM0QlMjJoZWlnaHQlM0ElMjAyMXB4JTNCJTIyJTNFMTUlM0MlMkZ0aCUzRSUwQSUzQyUyRnRyJTNFJTBBJTNDJTJGdGhlYWQlM0UlMEElM0N0Ym9keSUzRSUwQSUzQ3RyJTIwc3R5bGUlM0QlMjJoZWlnaHQlM0ElMjAyMXB4JTNCJTIyJTNFJTBBJTNDdGQlMjBjbGFzcyUzRCUyMmNhcHNhbGVyYTIlMjIlMjBzdHlsZSUzRCUyMmhlaWdodCUzQSUyMDIxcHglM0IlMjIlM0UlM0NzdHJvbmclM0VDQVBBQ0lEQURFJTIwbHRzJTNDJTJGc3Ryb25nJTNFJTNDJTJGdGQlM0UlMEElM0N0ZCUyMHN0eWxlJTNEJTIyaGVpZ2h0JTNBJTIwMjFweCUzQiUyMiUzRTEyNDUlMkIxMDAlM0MlMkZ0ZCUzRSUwQSUzQ3RkJTIwc3R5bGUlM0QlMjJoZWlnaHQlM0ElMjAyMXB4JTNCJTIyJTNFMjMwMCUyQjIwMCUzQyUyRnRkJTNFJTBBJTNDdGQlMjBzdHlsZSUzRCUyMmhlaWdodCUzQSUyMDIxcHglM0IlMjIlM0UzNTAwJTJCMzAwJTNDJTJGdGQlM0UlMEElM0N0ZCUyMHN0eWxlJTNEJTIyaGVpZ2h0JTNBJTIwMjFweCUzQiUyMiUzRTQyMDAlMkIzMDAlM0MlMkZ0ZCUzRSUwQSUzQyUyRnRyJTNFJTBBJTNDdHIlMjBzdHlsZSUzRCUyMmhlaWdodCUzQSUyMDIxcHglM0IlMjIlM0UlMEElM0N0ZCUyMGNsYXNzJTNEJTIyY2Fwc2FsZXJhMiUyMiUyMHN0eWxlJTNEJTIyaGVpZ2h0JTNBJTIwMjFweCUzQiUyMiUzRSUzQ3N0cm9uZyUzRURJJUMzJTgyTUVUUk8lMjBtbSUzQyUyRnN0cm9uZyUzRSUzQyUyRnRkJTNFJTBBJTNDdGQlMjBzdHlsZSUzRCUyMmhlaWdodCUzQSUyMDIxcHglM0IlMjIlM0U4NTAlM0MlMkZ0ZCUzRSUwQSUzQ3RkJTIwc3R5bGUlM0QlMjJoZWlnaHQlM0ElMjAyMXB4JTNCJTIyJTNFMTA3MCUzQyUyRnRkJTNFJTBBJTNDdGQlMjBzdHlsZSUzRCUyMmhlaWdodCUzQSUyMDIxcHglM0IlMjIlM0UxNTAwJTNDJTJGdGQlM0UlMEElM0N0ZCUyMHN0eWxlJTNEJTIyaGVpZ2h0JTNBJTIwMjFweCUzQiUyMiUzRTE0NTAlM0MlMkZ0ZCUzRSUwQSUzQyUyRnRyJTNFJTBBJTNDdHIlMjBzdHlsZSUzRCUyMmhlaWdodCUzQSUyMDIxcHglM0IlMjIlM0UlMEElM0N0ZCUyMGNsYXNzJTNEJTIyY2Fwc2FsZXJhMiUyMiUyMHN0eWxlJTNEJTIyaGVpZ2h0JTNBJTIwMjFweCUzQiUyMiUzRSUzQ3N0cm9uZyUzRUNPTVBSSU1FTlRPJTIwbW0lM0MlMkZzdHJvbmclM0UlM0MlMkZ0ZCUzRSUwQSUzQ3RkJTIwc3R5bGUlM0QlMjJoZWlnaHQlM0ElMjAyMXB4JTNCJTIyJTNFMjMwMCUzQyUyRnRkJTNFJTBBJTNDdGQlMjBzdHlsZSUzRCUyMmhlaWdodCUzQSUyMDIxcHglM0IlMjIlM0UyOTMwJTNDJTJGdGQlM0UlMEElM0N0ZCUyMHN0eWxlJTNEJTIyaGVpZ2h0JTNBJTIwMjFweCUzQiUyMiUzRTIxNTAlM0MlMkZ0ZCUzRSUwQSUzQ3RkJTIwc3R5bGUlM0QlMjJoZWlnaHQlM0ElMjAyMXB4JTNCJTIyJTNFMjcwMCUzQyUyRnRkJTNFJTBBJTNDJTJGdHIlM0UlMEElM0N0ciUyMHN0eWxlJTNEJTIyaGVpZ2h0JTNBJTIwMjFweCUzQiUyMiUzRSUwQSUzQ3RkJTIwY2xhc3MlM0QlMjJjYXBzYWxlcmEyJTIyJTIwc3R5bGUlM0QlMjJoZWlnaHQlM0ElMjAyMXB4JTNCJTIyJTNFJTNDc3Ryb25nJTNFVFVCVUxBJUMzJTg3JUMzJTgzTyUyMG1tJTNDJTJGc3Ryb25nJTNFJTNDJTJGdGQlM0UlMEElM0N0ZCUyMHN0eWxlJTNEJTIyaGVpZ2h0JTNBJTIwMjFweCUzQiUyMiUzRTExMCUzQyUyRnRkJTNFJTBBJTNDdGQlMjBzdHlsZSUzRCUyMmhlaWdodCUzQSUyMDIxcHglM0IlMjIlM0UxMTAlM0MlMkZ0ZCUzRSUwQSUzQ3RkJTIwc3R5bGUlM0QlMjJoZWlnaHQlM0ElMjAyMXB4JTNCJTIyJTNFMTEwJTNDJTJGdGQlM0UlMEElM0N0ZCUyMHN0eWxlJTNEJTIyaGVpZ2h0JTNBJTIwMjFweCUzQiUyMiUzRTExMCUzQyUyRnRkJTNFJTBBJTNDJTJGdHIlM0UlMEElM0MlMkZ0Ym9keSUzRSUwQSUzQyUyRnRhYmxlJTNF[\/vc_raw_html][vc_row_inner el_class=&#8221;productes&#8221;][vc_column_inner][vc_single_image image=&#8221;1646&#8243; img_size=&#8221;600&#215;407&#8243; alignment=&#8221;center&#8221; onclick=&#8221;link_image&#8221;][\/vc_column_inner][\/vc_row_inner][\/vc_column][\/vc_row][vc_row][vc_column][vc_text_separator title=&#8221;Contato&#8221; el_class=&#8221;titleForm&#8221;]\n<div class=\"wpcf7 no-js\" id=\"wpcf7-f1255-o1\" lang=\"en-US\" dir=\"ltr\" data-wpcf7-id=\"1255\">\n<div class=\"screen-reader-response\"><p role=\"status\" aria-live=\"polite\" aria-atomic=\"true\"><\/p> <ul><\/ul><\/div>\n<form action=\"\/pt-pt\/wp-json\/wp\/v2\/pages\/2953#wpcf7-f1255-o1\" method=\"post\" class=\"wpcf7-form init\" aria-label=\"Contact form\" novalidate=\"novalidate\" data-status=\"init\">\n<fieldset class=\"hidden-fields-container\"><input type=\"hidden\" name=\"_wpcf7\" value=\"1255\" \/><input type=\"hidden\" name=\"_wpcf7_version\" value=\"6.1.5\" \/><input type=\"hidden\" name=\"_wpcf7_locale\" value=\"en_US\" \/><input type=\"hidden\" name=\"_wpcf7_unit_tag\" value=\"wpcf7-f1255-o1\" \/><input type=\"hidden\" name=\"_wpcf7_container_post\" value=\"0\" \/><input type=\"hidden\" name=\"_wpcf7_posted_data_hash\" value=\"\" \/><input type=\"hidden\" name=\"_wpcf7_recaptcha_response\" value=\"\" \/>\n<\/fieldset>\n<p>Nome (*)\n<\/p>\n<p><span class=\"wpcf7-form-control-wrap\" data-name=\"your-name\"><input size=\"40\" maxlength=\"400\" class=\"wpcf7-form-control wpcf7-text wpcf7-validates-as-required\" aria-required=\"true\" aria-invalid=\"false\" value=\"\" type=\"text\" name=\"your-name\" \/><\/span>\n<\/p>\n<p>Telefone(*)\n<\/p>\n<p><span class=\"wpcf7-form-control-wrap\" data-name=\"telefono\"><input size=\"40\" maxlength=\"400\" class=\"wpcf7-form-control wpcf7-text wpcf7-validates-as-required\" aria-required=\"true\" aria-invalid=\"false\" value=\"\" type=\"text\" name=\"telefono\" \/><\/span>\n<\/p>\n<p>Localiza\u00e7\u00e3o(*)\n<\/p>\n<p><span class=\"wpcf7-form-control-wrap\" data-name=\"poblacio\"><input size=\"40\" maxlength=\"400\" class=\"wpcf7-form-control wpcf7-text wpcf7-validates-as-required\" aria-required=\"true\" aria-invalid=\"false\" value=\"\" type=\"text\" name=\"poblacio\" \/><\/span>\n<\/p>\n<p>Email (*)\n<\/p>\n<p><span class=\"wpcf7-form-control-wrap\" data-name=\"your-email\"><input size=\"40\" maxlength=\"400\" class=\"wpcf7-form-control wpcf7-email wpcf7-validates-as-required wpcf7-text wpcf7-validates-as-email\" aria-required=\"true\" aria-invalid=\"false\" value=\"\" type=\"email\" name=\"your-email\" \/><\/span>\n<\/p>\n<p>Mensagem\n<\/p>\n<p><span class=\"wpcf7-form-control-wrap\" data-name=\"your-message\"><textarea cols=\"40\" rows=\"10\" maxlength=\"2000\" class=\"wpcf7-form-control wpcf7-textarea\" aria-invalid=\"false\" name=\"your-message\"><\/textarea><\/span>\n<\/p>\n<p><input class=\"wpcf7-form-control wpcf7-submit has-spinner\" type=\"submit\" value=\"Enviar\" \/>\n<\/p><p style=\"display: none !important;\" class=\"akismet-fields-container\" data-prefix=\"_wpcf7_ak_\"><label>&#916;<textarea name=\"_wpcf7_ak_hp_textarea\" cols=\"45\" rows=\"8\" maxlength=\"100\"><\/textarea><\/label><input type=\"hidden\" id=\"ak_js_1\" name=\"_wpcf7_ak_js\" value=\"53\"\/><script>document.getElementById( \"ak_js_1\" ).setAttribute( \"value\", ( new Date() ).getTime() );<\/script><\/p><div class=\"wpcf7-response-output\" aria-hidden=\"true\"><\/div>\n<\/form>\n<\/div>\n[\/vc_column][\/vc_row]<\/p>\n<\/div>","protected":false},"excerpt":{"rendered":"<p>[vc_row][vc_column][vc_column_text el_class=&#8221;productes&#8221;]A fossa filtro com separador de gorduras separa as gorduras animais e vegetais da \u00e1gua, al\u00e9m de filtrar este l\u00edquido. Esta fossa s\u00e9tica leva a cabo v\u00e1rios processos para que a \u00e1gua seja reutiliz\u00e1vel. Esta pe\u00e7a, idealizada para os nossos clientes mais comprometidos com o meio-ambiente, \u00e9 composta por um primeiro decantador (separador de&hellip;<\/p>\n","protected":false},"author":1,"featured_media":0,"parent":2933,"menu_order":0,"comment_status":"closed","ping_status":"closed","template":"","meta":{"_joinchat":[]},"class_list":["post-2953","page","type-page","status-publish","hentry","description-off"],"yoast_head":"<!-- This site is optimized with the Yoast SEO plugin v27.2 - https:\/\/yoast.com\/product\/yoast-seo-wordpress\/ -->\n<title>Fossa filtro com separadores de gorduras &#8211; Europlast<\/title>\n<meta name=\"robots\" content=\"index, follow, max-snippet:-1, max-image-preview:large, max-video-preview:-1\" \/>\n<link rel=\"canonical\" href=\"https:\/\/www.europlast-sl.com\/pt-pt\/aguas-residuais\/fossa-filtro-com-separadores-de-gorduras\/\" \/>\n<meta property=\"og:locale\" content=\"pt_PT\" \/>\n<meta property=\"og:type\" content=\"article\" \/>\n<meta property=\"og:title\" content=\"Fossa filtro com separadores de gorduras &#8211; Europlast\" \/>\n<meta property=\"og:description\" content=\"[vc_row][vc_column][vc_column_text el_class=&#8221;productes&#8221;]A fossa filtro com separador de gorduras separa as gorduras animais e vegetais da \u00e1gua, al\u00e9m de filtrar este l\u00edquido. Esta fossa s\u00e9tica leva a cabo v\u00e1rios processos para que a \u00e1gua seja reutiliz\u00e1vel. Esta pe\u00e7a, idealizada para os nossos clientes mais comprometidos com o meio-ambiente, \u00e9 composta por um primeiro decantador (separador de&hellip;\" \/>\n<meta property=\"og:url\" content=\"https:\/\/www.europlast-sl.com\/pt-pt\/aguas-residuais\/fossa-filtro-com-separadores-de-gorduras\/\" \/>\n<meta property=\"og:site_name\" content=\"Europlast\" \/>\n<meta property=\"article:modified_time\" content=\"2018-12-20T12:08:04+00:00\" \/>\n<meta name=\"twitter:label1\" content=\"Tempo estimado de leitura\" \/>\n\t<meta name=\"twitter:data1\" content=\"2 minutos\" \/>\n<script type=\"application\/ld+json\" class=\"yoast-schema-graph\">{\"@context\":\"https:\/\/schema.org\",\"@graph\":[{\"@type\":\"WebPage\",\"@id\":\"https:\/\/www.europlast-sl.com\/pt-pt\/aguas-residuais\/fossa-filtro-com-separadores-de-gorduras\/\",\"url\":\"https:\/\/www.europlast-sl.com\/pt-pt\/aguas-residuais\/fossa-filtro-com-separadores-de-gorduras\/\",\"name\":\"Fossa filtro com separadores de gorduras &#8211; Europlast\",\"isPartOf\":{\"@id\":\"https:\/\/www.europlast-sl.com\/pt-pt\/#website\"},\"datePublished\":\"2018-12-04T20:30:30+00:00\",\"dateModified\":\"2018-12-20T12:08:04+00:00\",\"breadcrumb\":{\"@id\":\"https:\/\/www.europlast-sl.com\/pt-pt\/aguas-residuais\/fossa-filtro-com-separadores-de-gorduras\/#breadcrumb\"},\"inLanguage\":\"pt-PT\",\"potentialAction\":[{\"@type\":\"ReadAction\",\"target\":[\"https:\/\/www.europlast-sl.com\/pt-pt\/aguas-residuais\/fossa-filtro-com-separadores-de-gorduras\/\"]}]},{\"@type\":\"BreadcrumbList\",\"@id\":\"https:\/\/www.europlast-sl.com\/pt-pt\/aguas-residuais\/fossa-filtro-com-separadores-de-gorduras\/#breadcrumb\",\"itemListElement\":[{\"@type\":\"ListItem\",\"position\":1,\"name\":\"Portada\",\"item\":\"https:\/\/www.europlast-sl.com\/pt-pt\/\"},{\"@type\":\"ListItem\",\"position\":2,\"name\":\"\u00c1guas residuais\",\"item\":\"https:\/\/www.europlast-sl.com\/pt-pt\/aguas-residuais\/\"},{\"@type\":\"ListItem\",\"position\":3,\"name\":\"Fossa filtro com separadores de gorduras\"}]},{\"@type\":\"WebSite\",\"@id\":\"https:\/\/www.europlast-sl.com\/pt-pt\/#website\",\"url\":\"https:\/\/www.europlast-sl.com\/pt-pt\/\",\"name\":\"Europlast\",\"description\":\"Especialistas en la fabricaci\u00f3n y comercializaci\u00f3n de dep\u00f3sitos\",\"potentialAction\":[{\"@type\":\"SearchAction\",\"target\":{\"@type\":\"EntryPoint\",\"urlTemplate\":\"https:\/\/www.europlast-sl.com\/pt-pt\/?s={search_term_string}\"},\"query-input\":{\"@type\":\"PropertyValueSpecification\",\"valueRequired\":true,\"valueName\":\"search_term_string\"}}],\"inLanguage\":\"pt-PT\"}]}<\/script>\n<!-- \/ Yoast SEO plugin. -->","yoast_head_json":{"title":"Fossa filtro com separadores de gorduras &#8211; Europlast","robots":{"index":"index","follow":"follow","max-snippet":"max-snippet:-1","max-image-preview":"max-image-preview:large","max-video-preview":"max-video-preview:-1"},"canonical":"https:\/\/www.europlast-sl.com\/pt-pt\/aguas-residuais\/fossa-filtro-com-separadores-de-gorduras\/","og_locale":"pt_PT","og_type":"article","og_title":"Fossa filtro com separadores de gorduras &#8211; Europlast","og_description":"[vc_row][vc_column][vc_column_text el_class=&#8221;productes&#8221;]A fossa filtro com separador de gorduras separa as gorduras animais e vegetais da \u00e1gua, al\u00e9m de filtrar este l\u00edquido. Esta fossa s\u00e9tica leva a cabo v\u00e1rios processos para que a \u00e1gua seja reutiliz\u00e1vel. Esta pe\u00e7a, idealizada para os nossos clientes mais comprometidos com o meio-ambiente, \u00e9 composta por um primeiro decantador (separador de&hellip;","og_url":"https:\/\/www.europlast-sl.com\/pt-pt\/aguas-residuais\/fossa-filtro-com-separadores-de-gorduras\/","og_site_name":"Europlast","article_modified_time":"2018-12-20T12:08:04+00:00","twitter_misc":{"Tempo estimado de leitura":"2 minutos"},"schema":{"@context":"https:\/\/schema.org","@graph":[{"@type":"WebPage","@id":"https:\/\/www.europlast-sl.com\/pt-pt\/aguas-residuais\/fossa-filtro-com-separadores-de-gorduras\/","url":"https:\/\/www.europlast-sl.com\/pt-pt\/aguas-residuais\/fossa-filtro-com-separadores-de-gorduras\/","name":"Fossa filtro com separadores de gorduras &#8211; Europlast","isPartOf":{"@id":"https:\/\/www.europlast-sl.com\/pt-pt\/#website"},"datePublished":"2018-12-04T20:30:30+00:00","dateModified":"2018-12-20T12:08:04+00:00","breadcrumb":{"@id":"https:\/\/www.europlast-sl.com\/pt-pt\/aguas-residuais\/fossa-filtro-com-separadores-de-gorduras\/#breadcrumb"},"inLanguage":"pt-PT","potentialAction":[{"@type":"ReadAction","target":["https:\/\/www.europlast-sl.com\/pt-pt\/aguas-residuais\/fossa-filtro-com-separadores-de-gorduras\/"]}]},{"@type":"BreadcrumbList","@id":"https:\/\/www.europlast-sl.com\/pt-pt\/aguas-residuais\/fossa-filtro-com-separadores-de-gorduras\/#breadcrumb","itemListElement":[{"@type":"ListItem","position":1,"name":"Portada","item":"https:\/\/www.europlast-sl.com\/pt-pt\/"},{"@type":"ListItem","position":2,"name":"\u00c1guas residuais","item":"https:\/\/www.europlast-sl.com\/pt-pt\/aguas-residuais\/"},{"@type":"ListItem","position":3,"name":"Fossa filtro com separadores de gorduras"}]},{"@type":"WebSite","@id":"https:\/\/www.europlast-sl.com\/pt-pt\/#website","url":"https:\/\/www.europlast-sl.com\/pt-pt\/","name":"Europlast","description":"Especialistas en la fabricaci\u00f3n y comercializaci\u00f3n de dep\u00f3sitos","potentialAction":[{"@type":"SearchAction","target":{"@type":"EntryPoint","urlTemplate":"https:\/\/www.europlast-sl.com\/pt-pt\/?s={search_term_string}"},"query-input":{"@type":"PropertyValueSpecification","valueRequired":true,"valueName":"search_term_string"}}],"inLanguage":"pt-PT"}]}},"_links":{"self":[{"href":"https:\/\/www.europlast-sl.com\/pt-pt\/wp-json\/wp\/v2\/pages\/2953","targetHints":{"allow":["GET"]}}],"collection":[{"href":"https:\/\/www.europlast-sl.com\/pt-pt\/wp-json\/wp\/v2\/pages"}],"about":[{"href":"https:\/\/www.europlast-sl.com\/pt-pt\/wp-json\/wp\/v2\/types\/page"}],"author":[{"embeddable":true,"href":"https:\/\/www.europlast-sl.com\/pt-pt\/wp-json\/wp\/v2\/users\/1"}],"replies":[{"embeddable":true,"href":"https:\/\/www.europlast-sl.com\/pt-pt\/wp-json\/wp\/v2\/comments?post=2953"}],"version-history":[{"count":5,"href":"https:\/\/www.europlast-sl.com\/pt-pt\/wp-json\/wp\/v2\/pages\/2953\/revisions"}],"predecessor-version":[{"id":3293,"href":"https:\/\/www.europlast-sl.com\/pt-pt\/wp-json\/wp\/v2\/pages\/2953\/revisions\/3293"}],"up":[{"embeddable":true,"href":"https:\/\/www.europlast-sl.com\/pt-pt\/wp-json\/wp\/v2\/pages\/2933"}],"wp:attachment":[{"href":"https:\/\/www.europlast-sl.com\/pt-pt\/wp-json\/wp\/v2\/media?parent=2953"}],"curies":[{"name":"wp","href":"https:\/\/api.w.org\/{rel}","templated":true}]}}