{"id":2943,"date":"2018-12-04T20:27:36","date_gmt":"2018-12-04T20:27:36","guid":{"rendered":"https:\/\/www.europlast-sl.com\/depuracion-aguas-residuales\/rejas-de-desbaste\/"},"modified":"2018-12-20T12:07:09","modified_gmt":"2018-12-20T12:07:09","slug":"grelhas-de-desbaste","status":"publish","type":"page","link":"https:\/\/www.europlast-sl.com\/pt-pt\/aguas-residuais\/grelhas-de-desbaste\/","title":{"rendered":"Grelhas de desbaste"},"content":{"rendered":"<div class=\"wpb-content-wrapper\"><p>[vc_row el_class=&#8221;productes&#8221;][vc_column][vc_column_text]Uma <strong>grelha de desbaste <\/strong>\u00e9 um produto indispens\u00e1vel, destinado a separar as part\u00edculas n\u00e3o-biodegrad\u00e1veis contidas no afluente residual e, desta forma, armazen\u00e1-las no compartimento espec\u00edfico da grelha, n\u00e3o obstruindo o processo natural da posterior fossa.<\/p>\n<p>A <strong>grelha de desbaste <\/strong>\u00e9 imprescind\u00edvel e deve instalar-se antes do equipamento de oxida\u00e7\u00e3o total. Recomenda-se a sua instala\u00e7\u00e3o nos demais depuradores.<\/p>\n<p>Para consultar o pre\u00e7o das <strong>grelhas de desbaste<\/strong>, contacte a Europlast atrav\u00e9s do formul\u00e1rio de contacto ou chamada telef\u00f3nica.[\/vc_column_text][\/vc_column][\/vc_row][vc_row][vc_column][vc_raw_html]JTNDdGFibGUlMjBjbGFzcyUzRCUyMnRhdWxhJTIyJTIwd2lkdGglM0QlMjIxMDAlMjUlMjIlM0UlMEElM0N0aGVhZCUzRSUwQSUzQ3RyJTIwc3R5bGUlM0QlMjJoZWlnaHQlM0ElMjAyMXB4JTNCJTIyJTNFJTBBJTNDdGglMjBjbGFzcyUzRCUyMmNhcHNhbGVyYTMlMjIlMjBzdHlsZSUzRCUyMmhlaWdodCUzQSUyMDIxcHglM0IlMjB3aWR0aCUzQSUyMDIwLjYxODYlMjUlM0IlMjIlM0VDQVBBQ0lEQURFJTNDJTJGdGglM0UlMEElM0N0aCUyMGNsYXNzJTNEJTIyY2Fwc2FsZXJhMiUyMiUyMHN0eWxlJTNEJTIyaGVpZ2h0JTNBJTIwMjFweCUzQiUyMHdpZHRoJTNBJTIwMTcuNTI1OCUyNSUzQiUyMiUzRUZPUk1BVE8lM0MlMkZ0aCUzRSUwQSUzQ3RoJTIwY2xhc3MlM0QlMjJjYXBzYWxlcmEyJTIyJTIwc3R5bGUlM0QlMjJoZWlnaHQlM0ElMjAyMXB4JTNCJTIwd2lkdGglM0ElMjAxOC40NDIyJTI1JTNCJTIyJTNFQ09NUFJJTUVOVE8lM0MlMkZ0aCUzRSUwQSUzQ3RoJTIwY2xhc3MlM0QlMjJjYXBzYWxlcmEyJTIyJTIwc3R5bGUlM0QlMjJoZWlnaHQlM0ElMjAyMXB4JTNCJTIwd2lkdGglM0ElMjAxMy4wNTg0JTI1JTNCJTIyJTNFTEFSR1VSQSUzQyUyRnRoJTNFJTBBJTNDdGglMjBjbGFzcyUzRCUyMmNhcHNhbGVyYTIlMjIlMjBzdHlsZSUzRCUyMmhlaWdodCUzQSUyMDIxcHglM0IlMjB3aWR0aCUzQSUyMDE0LjMxODQlMjUlM0IlMjIlM0VBTFRVUkElM0MlMkZ0aCUzRSUwQSUzQ3RoJTIwY2xhc3MlM0QlMjJjYXBzYWxlcmEyJTIyJTIwc3R5bGUlM0QlMjJoZWlnaHQlM0ElMjAyMXB4JTNCJTIwd2lkdGglM0ElMjAxNS45MjIxJTI1JTNCJTIyJTNFVFVCVUxBJUMzJTg3JUMzJTgzTyUzQyUyRnRoJTNFJTBBJTNDJTJGdHIlM0UlMEElM0MlMkZ0aGVhZCUzRSUwQSUzQ3Rib2R5JTNFJTBBJTNDdHIlMjBzdHlsZSUzRCUyMmhlaWdodCUzQSUyMDIxcHglM0IlMjIlM0UlMEElM0N0ZCUyMGNsYXNzJTNEJTIyY2Fwc2FsZXJhMiUyMiUyMHN0eWxlJTNEJTIyaGVpZ2h0JTNBJTIwMjFweCUzQiUyMHdpZHRoJTNBJTIwMjAuNjE4NiUyNSUzQiUyMiUzRTIwMCUyMGx0cy4lM0MlMkZ0ZCUzRSUwQSUzQ3RkJTIwc3R5bGUlM0QlMjJoZWlnaHQlM0ElMjAyMXB4JTNCJTIwd2lkdGglM0ElMjAxNy41MjU4JTI1JTNCJTIyJTNFUmV0YW5ndWxhciUzQyUyRnRkJTNFJTBBJTNDdGQlMjBzdHlsZSUzRCUyMmhlaWdodCUzQSUyMDIxcHglM0IlMjB3aWR0aCUzQSUyMDE4LjQ0MjIlMjUlM0IlMjIlM0U5NjUlMjBtbSUzQyUyRnRkJTNFJTBBJTNDdGQlMjBzdHlsZSUzRCUyMmhlaWdodCUzQSUyMDIxcHglM0IlMjB3aWR0aCUzQSUyMDEzLjA1ODQlMjUlM0IlMjIlM0U2MjAlMjBtbSUzQyUyRnRkJTNFJTBBJTNDdGQlMjBzdHlsZSUzRCUyMmhlaWdodCUzQSUyMDIxcHglM0IlMjB3aWR0aCUzQSUyMDE0LjMxODQlMjUlM0IlMjIlM0U0ODAlMjBtbSUzQyUyRnRkJTNFJTBBJTNDdGQlMjBzdHlsZSUzRCUyMmhlaWdodCUzQSUyMDIxcHglM0IlMjB3aWR0aCUzQSUyMDE1LjkyMjElMjUlM0IlMjIlM0UxMTAlMjBtbSUzQyUyRnRkJTNFJTBBJTNDJTJGdHIlM0UlMEElM0N0ciUyMHN0eWxlJTNEJTIyaGVpZ2h0JTNBJTIwMjFweCUzQiUyMiUzRSUwQSUzQ3RkJTIwY2xhc3MlM0QlMjJjYXBzYWxlcmEyJTIyJTIwc3R5bGUlM0QlMjJoZWlnaHQlM0ElMjAyMXB4JTNCJTIwd2lkdGglM0ElMjAyMC42MTg2JTI1JTNCJTIyJTNFMzAwJTIwbHRzLiUzQyUyRnRkJTNFJTBBJTNDdGQlMjBzdHlsZSUzRCUyMmhlaWdodCUzQSUyMDIxcHglM0IlMjB3aWR0aCUzQSUyMDE3LjUyNTglMjUlM0IlMjIlM0VSZXRhbmd1bGFyJTNDJTJGdGQlM0UlMEElM0N0ZCUyMHN0eWxlJTNEJTIyaGVpZ2h0JTNBJTIwMjFweCUzQiUyMHdpZHRoJTNBJTIwMTguNDQyMiUyNSUzQiUyMiUzRTExNjAlMjBtbSUzQyUyRnRkJTNFJTBBJTNDdGQlMjBzdHlsZSUzRCUyMmhlaWdodCUzQSUyMDIxcHglM0IlMjB3aWR0aCUzQSUyMDEzLjA1ODQlMjUlM0IlMjIlM0U3MzAlMjBtbSUzQyUyRnRkJTNFJTBBJTNDdGQlMjBzdHlsZSUzRCUyMmhlaWdodCUzQSUyMDIxcHglM0IlMjB3aWR0aCUzQSUyMDE0LjMxODQlMjUlM0IlMjIlM0U0ODUlMjBtbSUzQyUyRnRkJTNFJTBBJTNDdGQlMjBzdHlsZSUzRCUyMmhlaWdodCUzQSUyMDIxcHglM0IlMjB3aWR0aCUzQSUyMDE1LjkyMjElMjUlM0IlMjIlM0UxMTAlMjBtbSUzQyUyRnRkJTNFJTBBJTNDJTJGdHIlM0UlMEElM0N0ciUyMHN0eWxlJTNEJTIyaGVpZ2h0JTNBJTIwMjFweCUzQiUyMiUzRSUwQSUzQ3RkJTIwY2xhc3MlM0QlMjJjYXBzYWxlcmEyJTIyJTIwc3R5bGUlM0QlMjJoZWlnaHQlM0ElMjAyMXB4JTNCJTIwd2lkdGglM0ElMjAyMC42MTg2JTI1JTNCJTIyJTNFNTAwJTIwbHRzLiUzQyUyRnRkJTNFJTBBJTNDdGQlMjBzdHlsZSUzRCUyMmhlaWdodCUzQSUyMDIxcHglM0IlMjB3aWR0aCUzQSUyMDE3LjUyNTglMjUlM0IlMjIlM0VSZXRhbmd1bGFyJTNDJTJGdGQlM0UlMEElM0N0ZCUyMHN0eWxlJTNEJTIyaGVpZ2h0JTNBJTIwMjFweCUzQiUyMHdpZHRoJTNBJTIwMTguNDQyMiUyNSUzQiUyMiUzRTEzMjUlMjBtbSUzQyUyRnRkJTNFJTBBJTNDdGQlMjBzdHlsZSUzRCUyMmhlaWdodCUzQSUyMDIxcHglM0IlMjB3aWR0aCUzQSUyMDEzLjA1ODQlMjUlM0IlMjIlM0U4ODUlMjBtbSUzQyUyRnRkJTNFJTBBJTNDdGQlMjBzdHlsZSUzRCUyMmhlaWdodCUzQSUyMDIxcHglM0IlMjB3aWR0aCUzQSUyMDE0LjMxODQlMjUlM0IlMjIlM0U2MDAlMjBtbSUzQyUyRnRkJTNFJTBBJTNDdGQlMjBzdHlsZSUzRCUyMmhlaWdodCUzQSUyMDIxcHglM0IlMjB3aWR0aCUzQSUyMDE1LjkyMjElMjUlM0IlMjIlM0UxMTAlMjBtbSUzQyUyRnRkJTNFJTBBJTNDJTJGdHIlM0UlMEElM0N0ciUyMHN0eWxlJTNEJTIyaGVpZ2h0JTNBJTIwMjFweCUzQiUyMiUzRSUwQSUzQ3RkJTIwY2xhc3MlM0QlMjJjYXBzYWxlcmEyJTIyJTIwc3R5bGUlM0QlMjJoZWlnaHQlM0ElMjAyMXB4JTNCJTIwd2lkdGglM0ElMjAyMC42MTg2JTI1JTNCJTIyJTNFMTE1MCUyMGx0cy4lM0MlMkZ0ZCUzRSUwQSUzQ3RkJTIwc3R5bGUlM0QlMjJoZWlnaHQlM0ElMjAyMXB4JTNCJTIwd2lkdGglM0ElMjAxNy41MjU4JTI1JTNCJTIyJTNFUmV0YW5ndWxhciUzQyUyRnRkJTNFJTBBJTNDdGQlMjBzdHlsZSUzRCUyMmhlaWdodCUzQSUyMDIxcHglM0IlMjB3aWR0aCUzQSUyMDE4LjQ0MjIlMjUlM0IlMjIlM0UxNTUwJTIwbW0lM0MlMkZ0ZCUzRSUwQSUzQ3RkJTIwc3R5bGUlM0QlMjJoZWlnaHQlM0ElMjAyMXB4JTNCJTIwd2lkdGglM0ElMjAxMy4wNTg0JTI1JTNCJTIyJTNFMTE3MCUyMG1tJTNDJTJGdGQlM0UlMEElM0N0ZCUyMHN0eWxlJTNEJTIyaGVpZ2h0JTNBJTIwMjFweCUzQiUyMHdpZHRoJTNBJTIwMTQuMzE4NCUyNSUzQiUyMiUzRTc1MCUyMG1tJTNDJTJGdGQlM0UlMEElM0N0ZCUyMHN0eWxlJTNEJTIyaGVpZ2h0JTNBJTIwMjFweCUzQiUyMHdpZHRoJTNBJTIwMTUuOTIyMSUyNSUzQiUyMiUzRTExMCUyMG1tJTNDJTJGdGQlM0UlMEElM0MlMkZ0ciUzRSUwQSUzQyUyRnRib2R5JTNFJTBBJTNDJTJGdGFibGUlM0U=[\/vc_raw_html][vc_single_image image=&#8221;1693&#8243; img_size=&#8221;600&#215;407&#8243; alignment=&#8221;center&#8221; onclick=&#8221;link_image&#8221;][\/vc_column][\/vc_row][vc_row][vc_column][vc_text_separator title=&#8221;Contato&#8221; el_class=&#8221;titleForm&#8221;]\n<div class=\"wpcf7 no-js\" id=\"wpcf7-f1255-o1\" lang=\"en-US\" dir=\"ltr\" data-wpcf7-id=\"1255\">\n<div class=\"screen-reader-response\"><p role=\"status\" aria-live=\"polite\" aria-atomic=\"true\"><\/p> <ul><\/ul><\/div>\n<form action=\"\/pt-pt\/wp-json\/wp\/v2\/pages\/2943#wpcf7-f1255-o1\" method=\"post\" class=\"wpcf7-form init\" aria-label=\"Contact form\" novalidate=\"novalidate\" data-status=\"init\">\n<fieldset class=\"hidden-fields-container\"><input type=\"hidden\" name=\"_wpcf7\" value=\"1255\" \/><input type=\"hidden\" name=\"_wpcf7_version\" value=\"6.1.5\" \/><input type=\"hidden\" name=\"_wpcf7_locale\" value=\"en_US\" \/><input type=\"hidden\" name=\"_wpcf7_unit_tag\" value=\"wpcf7-f1255-o1\" \/><input type=\"hidden\" name=\"_wpcf7_container_post\" value=\"0\" \/><input type=\"hidden\" name=\"_wpcf7_posted_data_hash\" value=\"\" \/><input type=\"hidden\" name=\"_wpcf7_recaptcha_response\" value=\"\" \/>\n<\/fieldset>\n<p>Nome (*)\n<\/p>\n<p><span class=\"wpcf7-form-control-wrap\" data-name=\"your-name\"><input size=\"40\" maxlength=\"400\" class=\"wpcf7-form-control wpcf7-text wpcf7-validates-as-required\" aria-required=\"true\" aria-invalid=\"false\" value=\"\" type=\"text\" name=\"your-name\" \/><\/span>\n<\/p>\n<p>Telefone(*)\n<\/p>\n<p><span class=\"wpcf7-form-control-wrap\" data-name=\"telefono\"><input size=\"40\" maxlength=\"400\" class=\"wpcf7-form-control wpcf7-text wpcf7-validates-as-required\" aria-required=\"true\" aria-invalid=\"false\" value=\"\" type=\"text\" name=\"telefono\" \/><\/span>\n<\/p>\n<p>Localiza\u00e7\u00e3o(*)\n<\/p>\n<p><span class=\"wpcf7-form-control-wrap\" data-name=\"poblacio\"><input size=\"40\" maxlength=\"400\" class=\"wpcf7-form-control wpcf7-text wpcf7-validates-as-required\" aria-required=\"true\" aria-invalid=\"false\" value=\"\" type=\"text\" name=\"poblacio\" \/><\/span>\n<\/p>\n<p>Email (*)\n<\/p>\n<p><span class=\"wpcf7-form-control-wrap\" data-name=\"your-email\"><input size=\"40\" maxlength=\"400\" class=\"wpcf7-form-control wpcf7-email wpcf7-validates-as-required wpcf7-text wpcf7-validates-as-email\" aria-required=\"true\" aria-invalid=\"false\" value=\"\" type=\"email\" name=\"your-email\" \/><\/span>\n<\/p>\n<p>Mensagem\n<\/p>\n<p><span class=\"wpcf7-form-control-wrap\" data-name=\"your-message\"><textarea cols=\"40\" rows=\"10\" maxlength=\"2000\" class=\"wpcf7-form-control wpcf7-textarea\" aria-invalid=\"false\" name=\"your-message\"><\/textarea><\/span>\n<\/p>\n<p><input class=\"wpcf7-form-control wpcf7-submit has-spinner\" type=\"submit\" value=\"Enviar\" \/>\n<\/p><p style=\"display: none !important;\" class=\"akismet-fields-container\" data-prefix=\"_wpcf7_ak_\"><label>&#916;<textarea name=\"_wpcf7_ak_hp_textarea\" cols=\"45\" rows=\"8\" maxlength=\"100\"><\/textarea><\/label><input type=\"hidden\" id=\"ak_js_1\" name=\"_wpcf7_ak_js\" value=\"96\"\/><script>document.getElementById( \"ak_js_1\" ).setAttribute( \"value\", ( new Date() ).getTime() );<\/script><\/p><div class=\"wpcf7-response-output\" aria-hidden=\"true\"><\/div>\n<\/form>\n<\/div>\n[\/vc_column][\/vc_row]<\/p>\n<\/div>","protected":false},"excerpt":{"rendered":"<p>[vc_row el_class=&#8221;productes&#8221;][vc_column][vc_column_text]Uma grelha de desbaste \u00e9 um produto indispens\u00e1vel, destinado a separar as part\u00edculas n\u00e3o-biodegrad\u00e1veis contidas no afluente residual e, desta forma, armazen\u00e1-las no compartimento espec\u00edfico da grelha, n\u00e3o obstruindo o processo natural da posterior fossa. A grelha de desbaste \u00e9 imprescind\u00edvel e deve instalar-se antes do equipamento de oxida\u00e7\u00e3o total. Recomenda-se a sua instala\u00e7\u00e3o&hellip;<\/p>\n","protected":false},"author":1,"featured_media":0,"parent":2933,"menu_order":0,"comment_status":"closed","ping_status":"closed","template":"","meta":{"_joinchat":[]},"class_list":["post-2943","page","type-page","status-publish","hentry","description-off"],"yoast_head":"<!-- This site is optimized with the Yoast SEO plugin v27.2 - https:\/\/yoast.com\/product\/yoast-seo-wordpress\/ -->\n<title>Grelhas de desbaste &#8211; Europlast<\/title>\n<meta name=\"robots\" content=\"index, follow, max-snippet:-1, max-image-preview:large, max-video-preview:-1\" \/>\n<link rel=\"canonical\" href=\"https:\/\/www.europlast-sl.com\/pt-pt\/aguas-residuais\/grelhas-de-desbaste\/\" \/>\n<meta property=\"og:locale\" content=\"pt_PT\" \/>\n<meta property=\"og:type\" content=\"article\" \/>\n<meta property=\"og:title\" content=\"Grelhas de desbaste &#8211; Europlast\" \/>\n<meta property=\"og:description\" content=\"[vc_row el_class=&#8221;productes&#8221;][vc_column][vc_column_text]Uma grelha de desbaste \u00e9 um produto indispens\u00e1vel, destinado a separar as part\u00edculas n\u00e3o-biodegrad\u00e1veis contidas no afluente residual e, desta forma, armazen\u00e1-las no compartimento espec\u00edfico da grelha, n\u00e3o obstruindo o processo natural da posterior fossa. A grelha de desbaste \u00e9 imprescind\u00edvel e deve instalar-se antes do equipamento de oxida\u00e7\u00e3o total. Recomenda-se a sua instala\u00e7\u00e3o&hellip;\" \/>\n<meta property=\"og:url\" content=\"https:\/\/www.europlast-sl.com\/pt-pt\/aguas-residuais\/grelhas-de-desbaste\/\" \/>\n<meta property=\"og:site_name\" content=\"Europlast\" \/>\n<meta property=\"article:modified_time\" content=\"2018-12-20T12:07:09+00:00\" \/>\n<meta name=\"twitter:label1\" content=\"Tempo estimado de leitura\" \/>\n\t<meta name=\"twitter:data1\" content=\"2 minutos\" \/>\n<script type=\"application\/ld+json\" class=\"yoast-schema-graph\">{\"@context\":\"https:\/\/schema.org\",\"@graph\":[{\"@type\":\"WebPage\",\"@id\":\"https:\/\/www.europlast-sl.com\/pt-pt\/aguas-residuais\/grelhas-de-desbaste\/\",\"url\":\"https:\/\/www.europlast-sl.com\/pt-pt\/aguas-residuais\/grelhas-de-desbaste\/\",\"name\":\"Grelhas de desbaste &#8211; Europlast\",\"isPartOf\":{\"@id\":\"https:\/\/www.europlast-sl.com\/pt-pt\/#website\"},\"datePublished\":\"2018-12-04T20:27:36+00:00\",\"dateModified\":\"2018-12-20T12:07:09+00:00\",\"breadcrumb\":{\"@id\":\"https:\/\/www.europlast-sl.com\/pt-pt\/aguas-residuais\/grelhas-de-desbaste\/#breadcrumb\"},\"inLanguage\":\"pt-PT\",\"potentialAction\":[{\"@type\":\"ReadAction\",\"target\":[\"https:\/\/www.europlast-sl.com\/pt-pt\/aguas-residuais\/grelhas-de-desbaste\/\"]}]},{\"@type\":\"BreadcrumbList\",\"@id\":\"https:\/\/www.europlast-sl.com\/pt-pt\/aguas-residuais\/grelhas-de-desbaste\/#breadcrumb\",\"itemListElement\":[{\"@type\":\"ListItem\",\"position\":1,\"name\":\"Portada\",\"item\":\"https:\/\/www.europlast-sl.com\/pt-pt\/\"},{\"@type\":\"ListItem\",\"position\":2,\"name\":\"\u00c1guas residuais\",\"item\":\"https:\/\/www.europlast-sl.com\/pt-pt\/aguas-residuais\/\"},{\"@type\":\"ListItem\",\"position\":3,\"name\":\"Grelhas de desbaste\"}]},{\"@type\":\"WebSite\",\"@id\":\"https:\/\/www.europlast-sl.com\/pt-pt\/#website\",\"url\":\"https:\/\/www.europlast-sl.com\/pt-pt\/\",\"name\":\"Europlast\",\"description\":\"Especialistas en la fabricaci\u00f3n y comercializaci\u00f3n de dep\u00f3sitos\",\"potentialAction\":[{\"@type\":\"SearchAction\",\"target\":{\"@type\":\"EntryPoint\",\"urlTemplate\":\"https:\/\/www.europlast-sl.com\/pt-pt\/?s={search_term_string}\"},\"query-input\":{\"@type\":\"PropertyValueSpecification\",\"valueRequired\":true,\"valueName\":\"search_term_string\"}}],\"inLanguage\":\"pt-PT\"}]}<\/script>\n<!-- \/ Yoast SEO plugin. -->","yoast_head_json":{"title":"Grelhas de desbaste &#8211; Europlast","robots":{"index":"index","follow":"follow","max-snippet":"max-snippet:-1","max-image-preview":"max-image-preview:large","max-video-preview":"max-video-preview:-1"},"canonical":"https:\/\/www.europlast-sl.com\/pt-pt\/aguas-residuais\/grelhas-de-desbaste\/","og_locale":"pt_PT","og_type":"article","og_title":"Grelhas de desbaste &#8211; Europlast","og_description":"[vc_row el_class=&#8221;productes&#8221;][vc_column][vc_column_text]Uma grelha de desbaste \u00e9 um produto indispens\u00e1vel, destinado a separar as part\u00edculas n\u00e3o-biodegrad\u00e1veis contidas no afluente residual e, desta forma, armazen\u00e1-las no compartimento espec\u00edfico da grelha, n\u00e3o obstruindo o processo natural da posterior fossa. A grelha de desbaste \u00e9 imprescind\u00edvel e deve instalar-se antes do equipamento de oxida\u00e7\u00e3o total. Recomenda-se a sua instala\u00e7\u00e3o&hellip;","og_url":"https:\/\/www.europlast-sl.com\/pt-pt\/aguas-residuais\/grelhas-de-desbaste\/","og_site_name":"Europlast","article_modified_time":"2018-12-20T12:07:09+00:00","twitter_misc":{"Tempo estimado de leitura":"2 minutos"},"schema":{"@context":"https:\/\/schema.org","@graph":[{"@type":"WebPage","@id":"https:\/\/www.europlast-sl.com\/pt-pt\/aguas-residuais\/grelhas-de-desbaste\/","url":"https:\/\/www.europlast-sl.com\/pt-pt\/aguas-residuais\/grelhas-de-desbaste\/","name":"Grelhas de desbaste &#8211; Europlast","isPartOf":{"@id":"https:\/\/www.europlast-sl.com\/pt-pt\/#website"},"datePublished":"2018-12-04T20:27:36+00:00","dateModified":"2018-12-20T12:07:09+00:00","breadcrumb":{"@id":"https:\/\/www.europlast-sl.com\/pt-pt\/aguas-residuais\/grelhas-de-desbaste\/#breadcrumb"},"inLanguage":"pt-PT","potentialAction":[{"@type":"ReadAction","target":["https:\/\/www.europlast-sl.com\/pt-pt\/aguas-residuais\/grelhas-de-desbaste\/"]}]},{"@type":"BreadcrumbList","@id":"https:\/\/www.europlast-sl.com\/pt-pt\/aguas-residuais\/grelhas-de-desbaste\/#breadcrumb","itemListElement":[{"@type":"ListItem","position":1,"name":"Portada","item":"https:\/\/www.europlast-sl.com\/pt-pt\/"},{"@type":"ListItem","position":2,"name":"\u00c1guas residuais","item":"https:\/\/www.europlast-sl.com\/pt-pt\/aguas-residuais\/"},{"@type":"ListItem","position":3,"name":"Grelhas de desbaste"}]},{"@type":"WebSite","@id":"https:\/\/www.europlast-sl.com\/pt-pt\/#website","url":"https:\/\/www.europlast-sl.com\/pt-pt\/","name":"Europlast","description":"Especialistas en la fabricaci\u00f3n y comercializaci\u00f3n de dep\u00f3sitos","potentialAction":[{"@type":"SearchAction","target":{"@type":"EntryPoint","urlTemplate":"https:\/\/www.europlast-sl.com\/pt-pt\/?s={search_term_string}"},"query-input":{"@type":"PropertyValueSpecification","valueRequired":true,"valueName":"search_term_string"}}],"inLanguage":"pt-PT"}]}},"_links":{"self":[{"href":"https:\/\/www.europlast-sl.com\/pt-pt\/wp-json\/wp\/v2\/pages\/2943","targetHints":{"allow":["GET"]}}],"collection":[{"href":"https:\/\/www.europlast-sl.com\/pt-pt\/wp-json\/wp\/v2\/pages"}],"about":[{"href":"https:\/\/www.europlast-sl.com\/pt-pt\/wp-json\/wp\/v2\/types\/page"}],"author":[{"embeddable":true,"href":"https:\/\/www.europlast-sl.com\/pt-pt\/wp-json\/wp\/v2\/users\/1"}],"replies":[{"embeddable":true,"href":"https:\/\/www.europlast-sl.com\/pt-pt\/wp-json\/wp\/v2\/comments?post=2943"}],"version-history":[{"count":4,"href":"https:\/\/www.europlast-sl.com\/pt-pt\/wp-json\/wp\/v2\/pages\/2943\/revisions"}],"predecessor-version":[{"id":3291,"href":"https:\/\/www.europlast-sl.com\/pt-pt\/wp-json\/wp\/v2\/pages\/2943\/revisions\/3291"}],"up":[{"embeddable":true,"href":"https:\/\/www.europlast-sl.com\/pt-pt\/wp-json\/wp\/v2\/pages\/2933"}],"wp:attachment":[{"href":"https:\/\/www.europlast-sl.com\/pt-pt\/wp-json\/wp\/v2\/media?parent=2943"}],"curies":[{"name":"wp","href":"https:\/\/api.w.org\/{rel}","templated":true}]}}