{"id":2933,"date":"2018-12-04T20:17:31","date_gmt":"2018-12-04T20:17:31","guid":{"rendered":"https:\/\/www.europlast-sl.com\/depuracion-aguas-residuales\/"},"modified":"2019-01-16T09:45:24","modified_gmt":"2019-01-16T09:45:24","slug":"aguas-residuais","status":"publish","type":"page","link":"https:\/\/www.europlast-sl.com\/pt-pt\/aguas-residuais\/","title":{"rendered":"\u00c1guas residuais"},"content":{"rendered":"<div class=\"wpb-content-wrapper\"><p>[vc_row][vc_column][vc_column_text el_class=&#8221;principal&#8221;]<\/p>\n<h4 style=\"text-align: center;\"><strong>N\u00f3s fabricamos todo o material necess\u00e1rio para a purifica\u00e7\u00e3o de \u00e1guas residuais. Nossos produtos garantem o tratamento correto das \u00e1guas residuais, cumprindo os regulamentos e requisitos da lei.<\/strong><\/h4>\n<p>[\/vc_column_text][\/vc_column][\/vc_row][vc_row el_class=&#8221;llistat&#8221;][vc_column width=&#8221;1\/3&#8243;][vc_single_image image=&#8221;2458&#8243; img_size=&#8221;348 \u00d7 200&#8243; alignment=&#8221;center&#8221; onclick=&#8221;custom_link&#8221; link=&#8221;https:\/\/www.europlast-sl.com\/pt-pt\/depuracion-aguas-residuales\/arquetas-de-registro\/&#8221;][vc_column_text]<\/p>\n<p style=\"text-align: center;\"><a href=\"https:\/\/www.europlast-sl.com\/pt-pt\/depuracion-aguas-residuales\/arquetas-de-registro\/\">Caixa de inspe\u00e7\u00e3o<\/a><\/p>\n<p>[\/vc_column_text][vc_empty_space height=&#8221;20px&#8221;][\/vc_column][vc_column width=&#8221;1\/3&#8243;][vc_single_image image=&#8221;2663&#8243; img_size=&#8221;348 \u00d7 200&#8243; alignment=&#8221;center&#8221; onclick=&#8221;custom_link&#8221; link=&#8221;https:\/\/www.europlast-sl.com\/pt-pt\/aguas-residuais\/grelhas-de-desbaste\/&#8221;][vc_column_text]<\/p>\n<p style=\"text-align: center;\"><a href=\"https:\/\/www.europlast-sl.com\/pt-pt\/aguas-residuais\/grelhas-de-desbaste\/\">Grelhas de desbaste<\/a><\/p>\n<p>[\/vc_column_text][vc_empty_space height=&#8221;20px&#8221;][\/vc_column][vc_column width=&#8221;1\/3&#8243;][vc_single_image image=&#8221;2666&#8243; img_size=&#8221;348 \u00d7 200&#8243; alignment=&#8221;center&#8221; onclick=&#8221;custom_link&#8221; link=&#8221;https:\/\/www.europlast-sl.com\/pt-pt\/aguas-residuais\/clarificador-aguas-cinzentas\/&#8221;][vc_column_text]<\/p>\n<p style=\"text-align: center;\"><a href=\"https:\/\/www.europlast-sl.com\/pt-pt\/aguas-residuais\/clarificador-aguas-cinzentas\/\">Clarificador de \u00e1guas cinzentas<\/a><\/p>\n<p>[\/vc_column_text][vc_empty_space height=&#8221;20px&#8221;][\/vc_column][\/vc_row][vc_row el_class=&#8221;llistat&#8221;][vc_column width=&#8221;1\/3&#8243;][vc_single_image image=&#8221;2772&#8243; img_size=&#8221;348 \u00d7 200&#8243; alignment=&#8221;center&#8221; onclick=&#8221;custom_link&#8221; link=&#8221;https:\/\/www.europlast-sl.com\/pt-pt\/aguas-residuais\/fossa-filtro-com-separadores-de-gorduras\/&#8221;][vc_column_text]<\/p>\n<p style=\"text-align: center;\"><a href=\"https:\/\/www.europlast-sl.com\/pt-pt\/aguas-residuais\/fossa-filtro-com-separadores-de-gorduras\/\">Fossa filtro com separadores de gorduras<\/a><\/p>\n<p>[\/vc_column_text][vc_empty_space height=&#8221;20px&#8221;][\/vc_column][vc_column width=&#8221;1\/3&#8243;][vc_single_image image=&#8221;2672&#8243; img_size=&#8221;348 \u00d7 200&#8243; alignment=&#8221;center&#8221; onclick=&#8221;custom_link&#8221; link=&#8221;https:\/\/www.europlast-sl.com\/pt-pt\/aguas-residuais\/filtro-biologico\/&#8221;][vc_column_text]<\/p>\n<p style=\"text-align: center;\"><a href=\"https:\/\/www.europlast-sl.com\/pt-pt\/aguas-residuais\/filtro-biologico\/\">Filtro biol\u00f3gico<\/a><\/p>\n<p>[\/vc_column_text][vc_empty_space height=&#8221;20px&#8221;][\/vc_column][vc_column width=&#8221;1\/3&#8243;][vc_single_image image=&#8221;2473&#8243; img_size=&#8221;348 \u00d7 200&#8243; alignment=&#8221;center&#8221; onclick=&#8221;custom_link&#8221; link=&#8221;https:\/\/www.europlast-sl.com\/pt-pt\/aguas-residuais\/poco-de-bombagem\/&#8221;][vc_column_text]<\/p>\n<p style=\"text-align: center;\"><a href=\"https:\/\/www.europlast-sl.com\/pt-pt\/aguas-residuais\/poco-de-bombagem\/\">Po\u00e7o de bombagem<\/a><\/p>\n<p>[\/vc_column_text][vc_empty_space height=&#8221;20px&#8221;][\/vc_column][\/vc_row][vc_row el_class=&#8221;llistat&#8221;][vc_column width=&#8221;1\/3&#8243;][vc_single_image image=&#8221;2678&#8243; img_size=&#8221;348 \u00d7 200&#8243; alignment=&#8221;center&#8221; onclick=&#8221;custom_link&#8221; link=&#8221;https:\/\/www.europlast-sl.com\/pt-pt\/aguas-residuais\/oxidacao-total\/&#8221;][vc_column_text]<\/p>\n<p style=\"text-align: center;\"><a href=\"https:\/\/www.europlast-sl.com\/pt-pt\/aguas-residuais\/oxidacao-total\/\">Oxida\u00e7\u00e3o total<\/a><\/p>\n<p>[\/vc_column_text][vc_empty_space height=&#8221;20px&#8221;][\/vc_column][vc_column width=&#8221;1\/3&#8243;][vc_single_image image=&#8221;2681&#8243; img_size=&#8221;348 \u00d7 200&#8243; alignment=&#8221;center&#8221; onclick=&#8221;custom_link&#8221; link=&#8221;https:\/\/www.europlast-sl.com\/pt-pt\/aguas-residuais\/desarenador\/&#8221;][vc_column_text]<\/p>\n<p style=\"text-align: center;\"><a href=\"https:\/\/www.europlast-sl.com\/pt-pt\/aguas-residuais\/desarenador\/\">Desarenador<\/a><\/p>\n<p>[\/vc_column_text][vc_empty_space height=&#8221;20px&#8221;][\/vc_column][vc_column width=&#8221;1\/3&#8243;][\/vc_column][\/vc_row][vc_row css=&#8221;.vc_custom_1544024905668{padding-top: 20px !important;padding-right: 20px !important;padding-bottom: 20px !important;padding-left: 20px !important;background-color: #efefef !important;}&#8221;][vc_column][vc_column_text]O tratamento (ou purifica\u00e7\u00e3o) de \u00e1guas residu\u00e1rias \u00e9 definido como o processo de elimina\u00e7\u00e3o em \u00e1guas residuais (urbanas ou industriais) que foram contaminadas com res\u00edduos org\u00e2nicos e \/ ou org\u00e2nicos.<\/p>\n<p>O <strong>processo de purifica\u00e7\u00e3o das \u00e1guas residuais \u00e9 biol\u00f3gico e baseia-se na a\u00e7\u00e3o purificadora exercida pela flora bacteriana<\/strong>. Microrganismos que se alimentam da subst\u00e2ncia org\u00e2nica contida nas \u00e1guas residuais de entrada podem ser anaer\u00f3bicos (isto \u00e9, oxig\u00eanio livre n\u00e3o \u00e9 necess\u00e1rio) ou aer\u00f3bicos (isto \u00e9, requerem a presen\u00e7a de oxig\u00eanio livre).[\/vc_column_text][\/vc_column][\/vc_row]<\/p>\n<\/div>","protected":false},"excerpt":{"rendered":"<p>[vc_row][vc_column][vc_column_text el_class=&#8221;principal&#8221;] N\u00f3s fabricamos todo o material necess\u00e1rio para a purifica\u00e7\u00e3o de \u00e1guas residuais. Nossos produtos garantem o tratamento correto das \u00e1guas residuais, cumprindo os regulamentos e requisitos da lei. [\/vc_column_text][\/vc_column][\/vc_row][vc_row el_class=&#8221;llistat&#8221;][vc_column width=&#8221;1\/3&#8243;][vc_single_image image=&#8221;2458&#8243; img_size=&#8221;348 \u00d7 200&#8243; alignment=&#8221;center&#8221; onclick=&#8221;custom_link&#8221; link=&#8221;https:\/\/www.europlast-sl.com\/pt-pt\/depuracion-aguas-residuales\/arquetas-de-registro\/&#8221;][vc_column_text] Caixa de inspe\u00e7\u00e3o [\/vc_column_text][vc_empty_space height=&#8221;20px&#8221;][\/vc_column][vc_column width=&#8221;1\/3&#8243;][vc_single_image image=&#8221;2663&#8243; img_size=&#8221;348 \u00d7 200&#8243; alignment=&#8221;center&#8221; onclick=&#8221;custom_link&#8221; link=&#8221;https:\/\/www.europlast-sl.com\/pt-pt\/aguas-residuais\/grelhas-de-desbaste\/&#8221;][vc_column_text] Grelhas de&hellip;<\/p>\n","protected":false},"author":1,"featured_media":0,"parent":0,"menu_order":0,"comment_status":"closed","ping_status":"closed","template":"","meta":{"_joinchat":[]},"class_list":["post-2933","page","type-page","status-publish","hentry","description-off"],"yoast_head":"<!-- This site is optimized with the Yoast SEO plugin v27.2 - https:\/\/yoast.com\/product\/yoast-seo-wordpress\/ -->\n<title>\u00c1guas residuais &#8211; Europlast<\/title>\n<meta name=\"robots\" content=\"index, follow, max-snippet:-1, max-image-preview:large, max-video-preview:-1\" \/>\n<link rel=\"canonical\" href=\"https:\/\/www.europlast-sl.com\/pt-pt\/aguas-residuais\/\" \/>\n<meta property=\"og:locale\" content=\"pt_PT\" \/>\n<meta property=\"og:type\" content=\"article\" \/>\n<meta property=\"og:title\" content=\"\u00c1guas residuais &#8211; Europlast\" \/>\n<meta property=\"og:description\" content=\"[vc_row][vc_column][vc_column_text el_class=&#8221;principal&#8221;] N\u00f3s fabricamos todo o material necess\u00e1rio para a purifica\u00e7\u00e3o de \u00e1guas residuais. Nossos produtos garantem o tratamento correto das \u00e1guas residuais, cumprindo os regulamentos e requisitos da lei. [\/vc_column_text][\/vc_column][\/vc_row][vc_row el_class=&#8221;llistat&#8221;][vc_column width=&#8221;1\/3&#8243;][vc_single_image image=&#8221;2458&#8243; img_size=&#8221;348 \u00d7 200&#8243; alignment=&#8221;center&#8221; onclick=&#8221;custom_link&#8221; link=&#8221;https:\/\/www.europlast-sl.com\/pt-pt\/depuracion-aguas-residuales\/arquetas-de-registro\/&#8221;][vc_column_text] Caixa de inspe\u00e7\u00e3o [\/vc_column_text][vc_empty_space height=&#8221;20px&#8221;][\/vc_column][vc_column width=&#8221;1\/3&#8243;][vc_single_image image=&#8221;2663&#8243; img_size=&#8221;348 \u00d7 200&#8243; alignment=&#8221;center&#8221; onclick=&#8221;custom_link&#8221; link=&#8221;https:\/\/www.europlast-sl.com\/pt-pt\/aguas-residuais\/grelhas-de-desbaste\/&#8221;][vc_column_text] Grelhas de&hellip;\" \/>\n<meta property=\"og:url\" content=\"https:\/\/www.europlast-sl.com\/pt-pt\/aguas-residuais\/\" \/>\n<meta property=\"og:site_name\" content=\"Europlast\" \/>\n<meta property=\"article:modified_time\" content=\"2019-01-16T09:45:24+00:00\" \/>\n<meta name=\"twitter:label1\" content=\"Tempo estimado de leitura\" \/>\n\t<meta name=\"twitter:data1\" content=\"3 minutos\" \/>\n<script type=\"application\/ld+json\" class=\"yoast-schema-graph\">{\"@context\":\"https:\/\/schema.org\",\"@graph\":[{\"@type\":\"WebPage\",\"@id\":\"https:\/\/www.europlast-sl.com\/pt-pt\/aguas-residuais\/\",\"url\":\"https:\/\/www.europlast-sl.com\/pt-pt\/aguas-residuais\/\",\"name\":\"\u00c1guas residuais &#8211; Europlast\",\"isPartOf\":{\"@id\":\"https:\/\/www.europlast-sl.com\/pt-pt\/#website\"},\"datePublished\":\"2018-12-04T20:17:31+00:00\",\"dateModified\":\"2019-01-16T09:45:24+00:00\",\"breadcrumb\":{\"@id\":\"https:\/\/www.europlast-sl.com\/pt-pt\/aguas-residuais\/#breadcrumb\"},\"inLanguage\":\"pt-PT\",\"potentialAction\":[{\"@type\":\"ReadAction\",\"target\":[\"https:\/\/www.europlast-sl.com\/pt-pt\/aguas-residuais\/\"]}]},{\"@type\":\"BreadcrumbList\",\"@id\":\"https:\/\/www.europlast-sl.com\/pt-pt\/aguas-residuais\/#breadcrumb\",\"itemListElement\":[{\"@type\":\"ListItem\",\"position\":1,\"name\":\"Portada\",\"item\":\"https:\/\/www.europlast-sl.com\/pt-pt\/\"},{\"@type\":\"ListItem\",\"position\":2,\"name\":\"\u00c1guas residuais\"}]},{\"@type\":\"WebSite\",\"@id\":\"https:\/\/www.europlast-sl.com\/pt-pt\/#website\",\"url\":\"https:\/\/www.europlast-sl.com\/pt-pt\/\",\"name\":\"Europlast\",\"description\":\"Especialistas en la fabricaci\u00f3n y comercializaci\u00f3n de dep\u00f3sitos\",\"potentialAction\":[{\"@type\":\"SearchAction\",\"target\":{\"@type\":\"EntryPoint\",\"urlTemplate\":\"https:\/\/www.europlast-sl.com\/pt-pt\/?s={search_term_string}\"},\"query-input\":{\"@type\":\"PropertyValueSpecification\",\"valueRequired\":true,\"valueName\":\"search_term_string\"}}],\"inLanguage\":\"pt-PT\"}]}<\/script>\n<!-- \/ Yoast SEO plugin. -->","yoast_head_json":{"title":"\u00c1guas residuais &#8211; Europlast","robots":{"index":"index","follow":"follow","max-snippet":"max-snippet:-1","max-image-preview":"max-image-preview:large","max-video-preview":"max-video-preview:-1"},"canonical":"https:\/\/www.europlast-sl.com\/pt-pt\/aguas-residuais\/","og_locale":"pt_PT","og_type":"article","og_title":"\u00c1guas residuais &#8211; Europlast","og_description":"[vc_row][vc_column][vc_column_text el_class=&#8221;principal&#8221;] N\u00f3s fabricamos todo o material necess\u00e1rio para a purifica\u00e7\u00e3o de \u00e1guas residuais. Nossos produtos garantem o tratamento correto das \u00e1guas residuais, cumprindo os regulamentos e requisitos da lei. [\/vc_column_text][\/vc_column][\/vc_row][vc_row el_class=&#8221;llistat&#8221;][vc_column width=&#8221;1\/3&#8243;][vc_single_image image=&#8221;2458&#8243; img_size=&#8221;348 \u00d7 200&#8243; alignment=&#8221;center&#8221; onclick=&#8221;custom_link&#8221; link=&#8221;https:\/\/www.europlast-sl.com\/pt-pt\/depuracion-aguas-residuales\/arquetas-de-registro\/&#8221;][vc_column_text] Caixa de inspe\u00e7\u00e3o [\/vc_column_text][vc_empty_space height=&#8221;20px&#8221;][\/vc_column][vc_column width=&#8221;1\/3&#8243;][vc_single_image image=&#8221;2663&#8243; img_size=&#8221;348 \u00d7 200&#8243; alignment=&#8221;center&#8221; onclick=&#8221;custom_link&#8221; link=&#8221;https:\/\/www.europlast-sl.com\/pt-pt\/aguas-residuais\/grelhas-de-desbaste\/&#8221;][vc_column_text] Grelhas de&hellip;","og_url":"https:\/\/www.europlast-sl.com\/pt-pt\/aguas-residuais\/","og_site_name":"Europlast","article_modified_time":"2019-01-16T09:45:24+00:00","twitter_misc":{"Tempo estimado de leitura":"3 minutos"},"schema":{"@context":"https:\/\/schema.org","@graph":[{"@type":"WebPage","@id":"https:\/\/www.europlast-sl.com\/pt-pt\/aguas-residuais\/","url":"https:\/\/www.europlast-sl.com\/pt-pt\/aguas-residuais\/","name":"\u00c1guas residuais &#8211; Europlast","isPartOf":{"@id":"https:\/\/www.europlast-sl.com\/pt-pt\/#website"},"datePublished":"2018-12-04T20:17:31+00:00","dateModified":"2019-01-16T09:45:24+00:00","breadcrumb":{"@id":"https:\/\/www.europlast-sl.com\/pt-pt\/aguas-residuais\/#breadcrumb"},"inLanguage":"pt-PT","potentialAction":[{"@type":"ReadAction","target":["https:\/\/www.europlast-sl.com\/pt-pt\/aguas-residuais\/"]}]},{"@type":"BreadcrumbList","@id":"https:\/\/www.europlast-sl.com\/pt-pt\/aguas-residuais\/#breadcrumb","itemListElement":[{"@type":"ListItem","position":1,"name":"Portada","item":"https:\/\/www.europlast-sl.com\/pt-pt\/"},{"@type":"ListItem","position":2,"name":"\u00c1guas residuais"}]},{"@type":"WebSite","@id":"https:\/\/www.europlast-sl.com\/pt-pt\/#website","url":"https:\/\/www.europlast-sl.com\/pt-pt\/","name":"Europlast","description":"Especialistas en la fabricaci\u00f3n y comercializaci\u00f3n de dep\u00f3sitos","potentialAction":[{"@type":"SearchAction","target":{"@type":"EntryPoint","urlTemplate":"https:\/\/www.europlast-sl.com\/pt-pt\/?s={search_term_string}"},"query-input":{"@type":"PropertyValueSpecification","valueRequired":true,"valueName":"search_term_string"}}],"inLanguage":"pt-PT"}]}},"_links":{"self":[{"href":"https:\/\/www.europlast-sl.com\/pt-pt\/wp-json\/wp\/v2\/pages\/2933","targetHints":{"allow":["GET"]}}],"collection":[{"href":"https:\/\/www.europlast-sl.com\/pt-pt\/wp-json\/wp\/v2\/pages"}],"about":[{"href":"https:\/\/www.europlast-sl.com\/pt-pt\/wp-json\/wp\/v2\/types\/page"}],"author":[{"embeddable":true,"href":"https:\/\/www.europlast-sl.com\/pt-pt\/wp-json\/wp\/v2\/users\/1"}],"replies":[{"embeddable":true,"href":"https:\/\/www.europlast-sl.com\/pt-pt\/wp-json\/wp\/v2\/comments?post=2933"}],"version-history":[{"count":6,"href":"https:\/\/www.europlast-sl.com\/pt-pt\/wp-json\/wp\/v2\/pages\/2933\/revisions"}],"predecessor-version":[{"id":3340,"href":"https:\/\/www.europlast-sl.com\/pt-pt\/wp-json\/wp\/v2\/pages\/2933\/revisions\/3340"}],"wp:attachment":[{"href":"https:\/\/www.europlast-sl.com\/pt-pt\/wp-json\/wp\/v2\/media?parent=2933"}],"curies":[{"name":"wp","href":"https:\/\/api.w.org\/{rel}","templated":true}]}}