{"id":1241,"date":"2014-08-20T18:55:43","date_gmt":"2014-08-20T18:55:43","guid":{"rendered":"https:\/\/www.europlast-sl.com\/pt-pt\/inicio\/"},"modified":"2022-05-04T07:44:58","modified_gmt":"2022-05-04T07:44:58","slug":"inicio","status":"publish","type":"page","link":"https:\/\/www.europlast-sl.com\/pt-pt\/","title":{"rendered":"In\u00edcio"},"content":{"rendered":"<div class=\"wpb-content-wrapper\"><p>[vc_row el_class=&#8221;frase&#8221;][vc_column][rev_slider_vc alias=&#8221;home-pt&#8221;][\/vc_column][\/vc_row][vc_row full_width=&#8221;stretch_row&#8221; el_class=&#8221;productes&#8221;][vc_column][vc_empty_space height=&#8221;35px&#8221;][vc_column_text]<\/p>\n<h3 class=\"titol\" style=\"text-align: center;\">Produtos<\/h3>\n<p>[\/vc_column_text][vc_empty_space height=&#8221;15px&#8221;][vc_row_inner el_class=&#8221;categories&#8221;][vc_column_inner width=&#8221;1\/4&#8243;][vc_single_image image=&#8221;2417&#8243; img_size=&#8221;273&#215;153&#8243; alignment=&#8221;center&#8221; onclick=&#8221;custom_link&#8221; link=&#8221;https:\/\/www.europlast-sl.com\/pt-pt\/depositos-de-agua\/&#8221;][vc_column_text css=&#8221;.vc_custom_1545034948788{margin-top: -20px !important;}&#8221;]<\/p>\n<p style=\"text-align: center;\"><a href=\"https:\/\/www.europlast-sl.com\/pt-pt\/depositos-de-agua\/\">Dep\u00f3sitos de \u00e1gua<\/a><\/p>\n<p>[\/vc_column_text][\/vc_column_inner][vc_column_inner width=&#8221;1\/4&#8243;][vc_single_image image=&#8221;2272&#8243; img_size=&#8221;273&#215;153&#8243; alignment=&#8221;center&#8221; onclick=&#8221;custom_link&#8221; link=&#8221;https:\/\/www.europlast-sl.com\/pt-pt\/depuracion-aguas-residuales\/&#8221;][vc_column_text css=&#8221;.vc_custom_1545034994330{margin-top: -20px !important;}&#8221;]<\/p>\n<p style=\"text-align: center;\"><a href=\"https:\/\/www.europlast-sl.com\/pt-pt\/depuracion-aguas-residuales\/\">Tratamento de \u00e1guas residuais<\/a><\/p>\n<p>[\/vc_column_text][\/vc_column_inner][vc_column_inner width=&#8221;1\/4&#8243;][vc_single_image image=&#8221;2653&#8243; img_size=&#8221;273&#215;153&#8243; alignment=&#8221;center&#8221; onclick=&#8221;custom_link&#8221; link=&#8221;https:\/\/www.europlast-sl.com\/pt-pt\/depositos-de-agua\/aguas-pluviales\/&#8221;][vc_column_text css=&#8221;.vc_custom_1545035039703{margin-top: -20px !important;}&#8221;]<\/p>\n<p style=\"text-align: center;\"><a href=\"https:\/\/www.europlast-sl.com\/pt-pt\/depositos-de-agua\/aguas-pluviales\/\">Dep\u00f3sitos \u00e1guas pluviais<\/a><\/p>\n<p>[\/vc_column_text][\/vc_column_inner][vc_column_inner width=&#8221;1\/4&#8243;][vc_single_image image=&#8221;2266&#8243; img_size=&#8221;273&#215;153&#8243; alignment=&#8221;center&#8221; onclick=&#8221;custom_link&#8221; link=&#8221;https:\/\/www.europlast-sl.com\/pt-pt\/accesorios\/&#8221;][vc_column_text css=&#8221;.vc_custom_1545035088978{margin-top: -20px !important;}&#8221;]<\/p>\n<p style=\"text-align: center;\"><a href=\"https:\/\/www.europlast-sl.com\/pt-pt\/accesorios\/\/\">Aces\u00f3rios<\/a><\/p>\n<p>[\/vc_column_text][\/vc_column_inner][\/vc_row_inner][vc_empty_space height=&#8221;35px&#8221;][\/vc_column][\/vc_row][vc_row full_width=&#8221;stretch_row&#8221; css=&#8221;.vc_custom_1544607098028{padding-top: 40px !important;padding-bottom: 40px !important;background-image: url(https:\/\/www.europlast-sl.com\/wp-content\/uploads\/2018\/12\/europlast-separador-1.jpg?id=2742) !important;}&#8221;][vc_column][vc_column_text]<\/p>\n<h2 style=\"text-align: center;\"><span style=\"color: #ffffff;\">Especialistas em tratamento e armazenamento de \u00e1gua<\/span><\/h2>\n<p style=\"font-size: 15px; color: #ffffff; text-align: center;\">Nossa experi\u00eancia nos apoia! Fabricantes de dep\u00f3sitos desde 1988. Atualmente, temos agentes e distribuidores em toda a Espanha e Portugal. Nossa equipe de pessoas \u00e9 formada por especialistas, com ampla reputa\u00e7\u00e3o no campo de aplica\u00e7\u00f5es de armazenamento de \u00e1gua.<\/p>\n<p>[\/vc_column_text][\/vc_column][\/vc_row][vc_row full_width=&#8221;stretch_row&#8221; el_class=&#8221;blocs&#8221; css=&#8221;.vc_custom_1543861608388{background-color: #f2f2f2 !important;}&#8221;][vc_column width=&#8221;1\/3&#8243;][vc_row_inner][vc_column_inner width=&#8221;1\/4&#8243;][vc_single_image image=&#8221;2292&#8243; img_size=&#8221;61&#215;58&#8243; onclick=&#8221;custom_link&#8221; link=&#8221;https:\/\/www.europlast-sl.com\/pt-pt\/fabricantes-depositos\/&#8221;][\/vc_column_inner][vc_column_inner width=&#8221;3\/4&#8243;][vc_empty_space height=&#8221;25px&#8221;][vc_column_text]<\/p>\n<h2>Empresa<\/h2>\n<p>[\/vc_column_text][\/vc_column_inner][\/vc_row_inner][vc_column_text el_class=&#8221;alsada&#8221;]<\/p>\n<p>Dispomos de uma vasta rede de agentes comerciais amplamente qualificados que informam e prestam assessoria, de modo personalizado, a todos os clientes que assim o solicitarem.<\/p>\n<p>[\/vc_column_text][\/vc_column][vc_column width=&#8221;1\/3&#8243;][vc_row_inner][vc_column_inner width=&#8221;1\/4&#8243;][vc_single_image image=&#8221;2295&#8243; img_size=&#8221;65&#215;58&#8243; onclick=&#8221;custom_link&#8221; link=&#8221;https:\/\/www.europlast-sl.com\/pt-pt\/productos\/&#8221;][\/vc_column_inner][vc_column_inner width=&#8221;3\/4&#8243;][vc_empty_space height=&#8221;25px&#8221;][vc_column_text]<\/p>\n<h2>Produtos<\/h2>\n<p>[\/vc_column_text][\/vc_column_inner][\/vc_row_inner][vc_column_text el_class=&#8221;alsada&#8221;]Fabrico pr\u00f3prio de reservat\u00f3rios de resinas de elevada resist\u00eancia qu\u00edmica: armazenamento, depura\u00e7\u00e3o de \u00e1guas residuais, grandes dep\u00f3sitos, combust\u00edveis, material &#8230;[\/vc_column_text][\/vc_column][vc_column width=&#8221;1\/3&#8243;][vc_row_inner][vc_column_inner width=&#8221;1\/4&#8243;][vc_single_image image=&#8221;2298&#8243; img_size=&#8221;58&#215;58&#8243; onclick=&#8221;custom_link&#8221; link=&#8221;https:\/\/www.europlast-sl.com\/pt-pt\/contato\/&#8221;][\/vc_column_inner][vc_column_inner width=&#8221;3\/4&#8243;][vc_empty_space height=&#8221;25px&#8221;][vc_column_text]<\/p>\n<h2>Contacto<\/h2>\n<p>[\/vc_column_text][\/vc_column_inner][\/vc_row_inner][vc_column_text el_class=&#8221;alsada&#8221;]Nossas instala\u00e7\u00f5es est\u00e3o localizadas na \u00e1rea industrial de Bufalvent, em Manresa. N\u00e3o hesite em nos perguntar sobre nossa ampla gama de solu\u00e7\u00f5es de dep\u00f3sito.[\/vc_column_text][\/vc_column][\/vc_row]<\/p>\n<\/div>","protected":false},"excerpt":{"rendered":"<p>[vc_row el_class=&#8221;frase&#8221;][vc_column][rev_slider_vc alias=&#8221;home-pt&#8221;][\/vc_column][\/vc_row][vc_row full_width=&#8221;stretch_row&#8221; el_class=&#8221;productes&#8221;][vc_column][vc_empty_space height=&#8221;35px&#8221;][vc_column_text] Produtos [\/vc_column_text][vc_empty_space height=&#8221;15px&#8221;][vc_row_inner el_class=&#8221;categories&#8221;][vc_column_inner width=&#8221;1\/4&#8243;][vc_single_image image=&#8221;2417&#8243; img_size=&#8221;273&#215;153&#8243; alignment=&#8221;center&#8221; onclick=&#8221;custom_link&#8221; link=&#8221;https:\/\/www.europlast-sl.com\/pt-pt\/depositos-de-agua\/&#8221;][vc_column_text css=&#8221;.vc_custom_1545034948788{margin-top: -20px !important;}&#8221;] Dep\u00f3sitos de \u00e1gua [\/vc_column_text][\/vc_column_inner][vc_column_inner width=&#8221;1\/4&#8243;][vc_single_image image=&#8221;2272&#8243; img_size=&#8221;273&#215;153&#8243; alignment=&#8221;center&#8221; onclick=&#8221;custom_link&#8221; link=&#8221;https:\/\/www.europlast-sl.com\/pt-pt\/depuracion-aguas-residuales\/&#8221;][vc_column_text css=&#8221;.vc_custom_1545034994330{margin-top: -20px !important;}&#8221;] Tratamento de \u00e1guas residuais [\/vc_column_text][\/vc_column_inner][vc_column_inner width=&#8221;1\/4&#8243;][vc_single_image image=&#8221;2653&#8243; img_size=&#8221;273&#215;153&#8243; alignment=&#8221;center&#8221; onclick=&#8221;custom_link&#8221; link=&#8221;https:\/\/www.europlast-sl.com\/pt-pt\/depositos-de-agua\/aguas-pluviales\/&#8221;][vc_column_text css=&#8221;.vc_custom_1545035039703{margin-top: -20px !important;}&#8221;] Dep\u00f3sitos \u00e1guas pluviais [\/vc_column_text][\/vc_column_inner][vc_column_inner width=&#8221;1\/4&#8243;][vc_single_image image=&#8221;2266&#8243; img_size=&#8221;273&#215;153&#8243; alignment=&#8221;center&#8221; onclick=&#8221;custom_link&#8221;&hellip;<\/p>\n","protected":false},"author":1,"featured_media":0,"parent":0,"menu_order":0,"comment_status":"closed","ping_status":"closed","template":"","meta":{"_joinchat":[]},"class_list":["post-1241","page","type-page","status-publish","hentry","description-off"],"yoast_head":"<!-- This site is optimized with the Yoast SEO plugin v27.2 - https:\/\/yoast.com\/product\/yoast-seo-wordpress\/ -->\n<title>Dep\u00f3sitos de agua y fosas s\u00e9pticas - Europlast<\/title>\n<meta name=\"description\" content=\"Dep\u00f3sitos de agua y fosas s\u00e9pticas Europlast. Fabricaci\u00f3n y comercializaci\u00f3n de fosa s\u00e9ptica, dep\u00f3sitos de agua, pluviales, contra incendios, de gasoil.\" \/>\n<meta name=\"robots\" content=\"index, follow, max-snippet:-1, max-image-preview:large, max-video-preview:-1\" \/>\n<link rel=\"canonical\" href=\"https:\/\/www.europlast-sl.com\/pt-pt\/\" \/>\n<meta property=\"og:locale\" content=\"pt_PT\" \/>\n<meta property=\"og:type\" content=\"article\" \/>\n<meta property=\"og:title\" content=\"Dep\u00f3sitos de agua y fosas s\u00e9pticas - Europlast\" \/>\n<meta property=\"og:description\" content=\"Dep\u00f3sitos de agua y fosas s\u00e9pticas Europlast. Fabricaci\u00f3n y comercializaci\u00f3n de fosa s\u00e9ptica, dep\u00f3sitos de agua, pluviales, contra incendios, de gasoil.\" \/>\n<meta property=\"og:url\" content=\"https:\/\/www.europlast-sl.com\/pt-pt\/\" \/>\n<meta property=\"og:site_name\" content=\"Europlast\" \/>\n<meta property=\"article:modified_time\" content=\"2022-05-04T07:44:58+00:00\" \/>\n<meta name=\"twitter:label1\" content=\"Tempo estimado de leitura\" \/>\n\t<meta name=\"twitter:data1\" content=\"2 minutos\" \/>\n<script type=\"application\/ld+json\" class=\"yoast-schema-graph\">{\"@context\":\"https:\/\/schema.org\",\"@graph\":[{\"@type\":\"WebPage\",\"@id\":\"https:\/\/www.europlast-sl.com\/pt-pt\/\",\"url\":\"https:\/\/www.europlast-sl.com\/pt-pt\/\",\"name\":\"Dep\u00f3sitos de agua y fosas s\u00e9pticas - Europlast\",\"isPartOf\":{\"@id\":\"https:\/\/www.europlast-sl.com\/pt-pt\/#website\"},\"datePublished\":\"2014-08-20T18:55:43+00:00\",\"dateModified\":\"2022-05-04T07:44:58+00:00\",\"description\":\"Dep\u00f3sitos de agua y fosas s\u00e9pticas Europlast. Fabricaci\u00f3n y comercializaci\u00f3n de fosa s\u00e9ptica, dep\u00f3sitos de agua, pluviales, contra incendios, de gasoil.\",\"breadcrumb\":{\"@id\":\"https:\/\/www.europlast-sl.com\/pt-pt\/#breadcrumb\"},\"inLanguage\":\"pt-PT\",\"potentialAction\":[{\"@type\":\"ReadAction\",\"target\":[\"https:\/\/www.europlast-sl.com\/pt-pt\/\"]}]},{\"@type\":\"BreadcrumbList\",\"@id\":\"https:\/\/www.europlast-sl.com\/pt-pt\/#breadcrumb\",\"itemListElement\":[{\"@type\":\"ListItem\",\"position\":1,\"name\":\"Portada\",\"item\":\"https:\/\/www.europlast-sl.com\/pt-pt\/\"},{\"@type\":\"ListItem\",\"position\":2,\"name\":\"In\u00edcio\"}]},{\"@type\":\"WebSite\",\"@id\":\"https:\/\/www.europlast-sl.com\/pt-pt\/#website\",\"url\":\"https:\/\/www.europlast-sl.com\/pt-pt\/\",\"name\":\"Europlast\",\"description\":\"Especialistas en la fabricaci\u00f3n y comercializaci\u00f3n de dep\u00f3sitos\",\"potentialAction\":[{\"@type\":\"SearchAction\",\"target\":{\"@type\":\"EntryPoint\",\"urlTemplate\":\"https:\/\/www.europlast-sl.com\/pt-pt\/?s={search_term_string}\"},\"query-input\":{\"@type\":\"PropertyValueSpecification\",\"valueRequired\":true,\"valueName\":\"search_term_string\"}}],\"inLanguage\":\"pt-PT\"}]}<\/script>\n<!-- \/ Yoast SEO plugin. -->","yoast_head_json":{"title":"Dep\u00f3sitos de agua y fosas s\u00e9pticas - Europlast","description":"Dep\u00f3sitos de agua y fosas s\u00e9pticas Europlast. Fabricaci\u00f3n y comercializaci\u00f3n de fosa s\u00e9ptica, dep\u00f3sitos de agua, pluviales, contra incendios, de gasoil.","robots":{"index":"index","follow":"follow","max-snippet":"max-snippet:-1","max-image-preview":"max-image-preview:large","max-video-preview":"max-video-preview:-1"},"canonical":"https:\/\/www.europlast-sl.com\/pt-pt\/","og_locale":"pt_PT","og_type":"article","og_title":"Dep\u00f3sitos de agua y fosas s\u00e9pticas - Europlast","og_description":"Dep\u00f3sitos de agua y fosas s\u00e9pticas Europlast. Fabricaci\u00f3n y comercializaci\u00f3n de fosa s\u00e9ptica, dep\u00f3sitos de agua, pluviales, contra incendios, de gasoil.","og_url":"https:\/\/www.europlast-sl.com\/pt-pt\/","og_site_name":"Europlast","article_modified_time":"2022-05-04T07:44:58+00:00","twitter_misc":{"Tempo estimado de leitura":"2 minutos"},"schema":{"@context":"https:\/\/schema.org","@graph":[{"@type":"WebPage","@id":"https:\/\/www.europlast-sl.com\/pt-pt\/","url":"https:\/\/www.europlast-sl.com\/pt-pt\/","name":"Dep\u00f3sitos de agua y fosas s\u00e9pticas - Europlast","isPartOf":{"@id":"https:\/\/www.europlast-sl.com\/pt-pt\/#website"},"datePublished":"2014-08-20T18:55:43+00:00","dateModified":"2022-05-04T07:44:58+00:00","description":"Dep\u00f3sitos de agua y fosas s\u00e9pticas Europlast. Fabricaci\u00f3n y comercializaci\u00f3n de fosa s\u00e9ptica, dep\u00f3sitos de agua, pluviales, contra incendios, de gasoil.","breadcrumb":{"@id":"https:\/\/www.europlast-sl.com\/pt-pt\/#breadcrumb"},"inLanguage":"pt-PT","potentialAction":[{"@type":"ReadAction","target":["https:\/\/www.europlast-sl.com\/pt-pt\/"]}]},{"@type":"BreadcrumbList","@id":"https:\/\/www.europlast-sl.com\/pt-pt\/#breadcrumb","itemListElement":[{"@type":"ListItem","position":1,"name":"Portada","item":"https:\/\/www.europlast-sl.com\/pt-pt\/"},{"@type":"ListItem","position":2,"name":"In\u00edcio"}]},{"@type":"WebSite","@id":"https:\/\/www.europlast-sl.com\/pt-pt\/#website","url":"https:\/\/www.europlast-sl.com\/pt-pt\/","name":"Europlast","description":"Especialistas en la fabricaci\u00f3n y comercializaci\u00f3n de dep\u00f3sitos","potentialAction":[{"@type":"SearchAction","target":{"@type":"EntryPoint","urlTemplate":"https:\/\/www.europlast-sl.com\/pt-pt\/?s={search_term_string}"},"query-input":{"@type":"PropertyValueSpecification","valueRequired":true,"valueName":"search_term_string"}}],"inLanguage":"pt-PT"}]}},"_links":{"self":[{"href":"https:\/\/www.europlast-sl.com\/pt-pt\/wp-json\/wp\/v2\/pages\/1241","targetHints":{"allow":["GET"]}}],"collection":[{"href":"https:\/\/www.europlast-sl.com\/pt-pt\/wp-json\/wp\/v2\/pages"}],"about":[{"href":"https:\/\/www.europlast-sl.com\/pt-pt\/wp-json\/wp\/v2\/types\/page"}],"author":[{"embeddable":true,"href":"https:\/\/www.europlast-sl.com\/pt-pt\/wp-json\/wp\/v2\/users\/1"}],"replies":[{"embeddable":true,"href":"https:\/\/www.europlast-sl.com\/pt-pt\/wp-json\/wp\/v2\/comments?post=1241"}],"version-history":[{"count":21,"href":"https:\/\/www.europlast-sl.com\/pt-pt\/wp-json\/wp\/v2\/pages\/1241\/revisions"}],"predecessor-version":[{"id":3378,"href":"https:\/\/www.europlast-sl.com\/pt-pt\/wp-json\/wp\/v2\/pages\/1241\/revisions\/3378"}],"wp:attachment":[{"href":"https:\/\/www.europlast-sl.com\/pt-pt\/wp-json\/wp\/v2\/media?parent=1241"}],"curies":[{"name":"wp","href":"https:\/\/api.w.org\/{rel}","templated":true}]}}