{"id":1240,"date":"2014-08-20T18:55:52","date_gmt":"2014-08-20T18:55:52","guid":{"rendered":"https:\/\/www.europlast-sl.com\/pt-pt\/fabricantes-depositos\/"},"modified":"2022-07-01T15:42:14","modified_gmt":"2022-07-01T15:42:14","slug":"fabricantes-depositos","status":"publish","type":"page","link":"https:\/\/www.europlast-sl.com\/pt-pt\/fabricantes-depositos\/","title":{"rendered":"Empresa"},"content":{"rendered":"<div class=\"wpb-content-wrapper\"><p>[vc_row][vc_column][vc_column_text]<\/p>\n<h1 style=\"text-align: justify;\">Hist\u00f3ria \u2013 Fabricantes de dep\u00f3sitos<\/h1>\n<p style=\"text-align: justify;\"><strong>Europlast<\/strong>, <strong>fabricantes de dep\u00f3sitos<\/strong>. Somos especialistas na fabrica\u00e7\u00e3o e comercializa\u00e7\u00e3o de\u00a0<strong>dep\u00f3sitos<\/strong>,\u00a0<a title=\"Dep\u00f3sitos contra incendios\" href=\"https:\/\/www.europlast-sl.com\/pt-pt\/productos\/grandes-depositos\/depositos-de-agua-contra-incendios\/\"><strong>dep\u00f3sitos contra inc\u00eandios<\/strong><\/a>, <strong>dep\u00f3sitos<\/strong>\u00a0para o <a href=\"https:\/\/www.europlast-sl.com\/pt-pt\/aguas-residuais\/\"><strong>armazenamento de \u00e1guas pluviais<\/strong><\/a>, ,\u00a0<strong>dep\u00f3sitos<\/strong>,\u00a0<strong>fossas<\/strong>, <a href=\"https:\/\/www.europlast-sl.com\/pt-pt\/productos\/depuracion-agua-residual\/separador-de-grasas\/\"><strong>separadores de gorduras<\/strong><\/a>, <strong>oxida\u00e7\u00e3o total<\/strong>\u00a0e <strong><a href=\"https:\/\/www.europlast-sl.com\/pt-pt\/productos\/depuracion-agua-residual\/clarificador-de-aguas-grises\/\">clarificadores de \u00e1guas cinzentas<\/a>\u00a0<\/strong>em\u00a0<strong>poli\u00e9ster<\/strong>\u00a0desde 1992.<\/p>\n<p>Gra\u00e7as ao esfor\u00e7o dos nossos colaboradores, a EUROPLAST experienciou, com o decorrer dos anos, um processo de expans\u00e3o por toda a Espanha, conseguindo, ainda, obter uma presen\u00e7a destacada em Portugal, nas Ilhas Can\u00e1rias e, inclusive, em Fran\u00e7a.<br \/>\nContamos com uma extensa rede de agentes comerciais amplamente qualificados que informam e prestam assessoria, de modo personalizado, a todos os clientes que solicitam informa\u00e7\u00e3o sobre os nossos dep\u00f3sitos de \u00e1gua.<\/p>\n<p>A pedido expresso do cliente, adaptamos os nossos produtos \u00e0s suas necessidades, construindo elementos de dimens\u00f5es especiais, gra\u00e7as \u00e0 nossa condi\u00e7\u00e3o de <strong>\u00a0fabricantes de dep\u00f3sitos de \u00e1gua<\/strong>.<\/p>\n<p>Temos \u00e0 disposi\u00e7\u00e3o uma grande variedade de dep\u00f3sitos, cisternas e dep\u00f3sitos contra inc\u00eandios, de diversas medidas e capacidades, para armazenar todo o tipo de \u00e1guas. Dispomos de uma vasta gama de\u00a0 <a href=\"https:\/\/www.europlast-sl.com\/pt-pt\/depositos-de-agua\/depositos-agua-cilindricos-superficie\/\"><strong>dep\u00f3sitos cil\u00edndricos<\/strong><\/a>\u00a0e\u00a0<strong><a href=\"https:\/\/www.europlast-sl.com\/pt-pt\/depositos-de-agua\/depositos-de-agua-retangulares\/\">retangulares<\/a>\u00a0<\/strong>para reten\u00e7\u00e3o de \u00e1gua. Devido \u00e0s suas dimens\u00f5es, s\u00e3o muito f\u00e1ceis de manusear.<\/p>\n<p>Procurando sempre garantir a seguran\u00e7a dos utilizadores, fabricamos\u00a0<strong>dep\u00f3sitos de poli\u00e9ster<\/strong>\u00a0contra inc\u00eandios com diversas capacidades. Atualmente, estes s\u00e3o imprescind\u00edveis para o cumprimento do Sistema da Ind\u00fastria Respons\u00e1vel.<\/p>\n<p>Possibilitando uma poupan\u00e7a consider\u00e1vel, os nossos dep\u00f3sitos para armazenamento de \u00e1guas pluviais s\u00e3o perfeitos para reter as \u00e1guas pluviais e reutiliz\u00e1-las.<br \/>\n<strong>Sempre comprometidos com o meio-ambiente, dispomos de<\/strong> <a href=\"https:\/\/www.europlast-sl.com\/pt-pt\/fossa-septica\/\"><strong>fossas s\u00e9ticas<\/strong><\/a>, <strong>separadores de gorduras<\/strong>\u00a0e\u00a0 <strong>grelhas de desbaste\u00a0<\/strong>que incorporam mecanismos inovadores para a depura\u00e7\u00e3o das \u00e1guas residuais (depura\u00e7\u00e3o composta ou b\u00e1sica).<\/p>\n<p>Na EUROPLAST, como <strong>fabricantes de dep\u00f3sitos de poli\u00e9ster<\/strong>, a nossa maior motiva\u00e7\u00e3o \u00e9 a satisfa\u00e7\u00e3o dos nossos clientes. Por esse motivo, fabricamos produtos baseados em sistemas de armazenamento inovadores que respondem \u00e0s exig\u00eancias do mercado atual.<\/p>\n<p>Somos igualmente fabricantes de <strong>CLARIFICADORES DE \u00c1GUAS CINZENTAS<\/strong>, um equipamento depurador de <strong>\u00c1GUAS CINZENTAS <\/strong>que constitui, atualmente, uma pe\u00e7a fundamental para o aproveitamento deste tipo de \u00e1guas. \u00c9 o equipamento ideal para diminuir o valor da fatura da \u00e1gua, uma vez que a \u00e1gua depurada pode ser utilizada para rega e\/ou descarga de autoclismos. Tamb\u00e9m contamos com\u00a0<a href=\"https:\/\/www.europlast-sl.com\/pt-pt\/productos\/depositos\/deposito-de-compensacion\/\"><strong>dep\u00f3sitos de compensa\u00e7\u00e3o<\/strong><\/a>\u00a0para piscinas.[\/vc_column_text][\/vc_column][\/vc_row][vc_row][vc_column][vc_column_text]<\/p>\n<h1>Instala\u00e7\u00f5es<\/h1>\n<p>Apresentamos-lhe as nossas instala\u00e7\u00f5es, onde levamos a cabo o processo de fabrico de toda a nossa gama de produtos.[\/vc_column_text][vc_media_grid element_width=&#8221;2&#8243; grid_id=&#8221;vc_gid:1656690099928-946d305b-806e-0&#8243; include=&#8221;2847,2844,2841,2838,2835,2832,2829,2826,2823,2820,2817,2814,2811,2808,2805,2802,2799,2796,2793,2790&#8243;][\/vc_column][\/vc_row][vc_row][vc_column width=&#8221;1\/3&#8243;][vc_column_text]<\/p>\n<h1>Localiza\u00e7\u00e3o<\/h1>\n<p>Estamos situados em Manresa, no pol\u00edgono Bufalvent.<br \/>\nC\/ Edison, 5 MANRESA (Barcelona)<br \/>\nTelefone: 0034 93 877 18 32<br \/>\nFax: 0034 93 877 22 46<br \/>\nE-mail: <a href=\"mailto:comercial@europlast-sl.com\">comercial@europlast-sl.com<\/a><br \/>\n<a href=\"https:\/\/www.google.com\/maps\/place\/Carrer+d'Edison,+5,+Pol%C3%ADgono+Industrial+Bufalvent,+08243+Manresa,+Barcelona,+Espa%C3%B1a\/@41.71387,1.846018,15z\/data=!4m2!3m1!1s0x12a4f7cf0bff23cd:0xa306334e21cca3d0?hl=es\" target=\"_blank\" rel=\"noopener noreferrer\">Ampliar mapa<\/a>[\/vc_column_text][\/vc_column][vc_column width=&#8221;2\/3&#8243;][\/vc_column][\/vc_row][vc_row][vc_column][vc_column_text]<\/p>\n<h1>Outros dados<\/h1>\n<p>[\/vc_column_text][vc_column_text]<\/p>\n<p><strong>Normas de instala\u00e7\u00e3o:<\/strong><\/p>\n<p>[\/vc_column_text][vc_toggle title=&#8221;Vertical para superf\u00edcie. Instala\u00e7\u00e3o de dep\u00f3sito para superf\u00edcie&#8221;]<\/p>\n<ul>\n<li>Preparar o local onde se ir\u00e1 descarregar o dep\u00f3sito, retirando tanto pedras como qualquer outro elemento que o possa danificar, de forma a que fique totalmente nivelado e plano.<\/li>\n<li>Construir uma laje de bet\u00e3o armado de 5 cm de espessura. Sobre este bet\u00e3o, colocar cerca de 5 cm de areia lavada.<\/li>\n<li>N\u00e3o mover o dep\u00f3sito, fazendo-o deslizar pelo solo, e n\u00e3o o golpear.<\/li>\n<li>Certificar-se de que o equipamento utilizado para elevar o dep\u00f3sito \u00e9 o adequado. N\u00e3o utilizar, em caso algum, correias ou cabos para esta fun\u00e7\u00e3o.<\/li>\n<li>Uma vez assentado o dep\u00f3sito, efetuar as liga\u00e7\u00f5es, se tal for necess\u00e1rio.<\/li>\n<\/ul>\n<p>[\/vc_toggle][vc_toggle title=&#8221;Horizontal para enterrar: pr\u00e9-instala\u00e7\u00e3o de dep\u00f3sitos para enterrar&#8221;]<\/p>\n<ul>\n<li>Preparar o local onde se ir\u00e1 descarregar o dep\u00f3sito, retirando tanto pedras como qualquer outro elemento que o possa danificar, garantindo que o terreno fica totalmente nivelado.<\/li>\n<li>Certificar-se de que o equipamento utilizado para elevar o dep\u00f3sito \u00e9 o adequado. N\u00e3o utilizar, em caso algum, correias ou cabos para esta fun\u00e7\u00e3o.<\/li>\n<li>N\u00e3o mover o tanque fazendo-o deslizar pelo solo.<\/li>\n<li>Se o solo for compacto, ao instalar o dep\u00f3sito, dever-se-\u00e1 respeitar uma dist\u00e2ncia m\u00ednima de 52 cm entre este e qualquer parede interior da escava\u00e7\u00e3o. No caso de se pretender instalar mais do que um tanque no mesmo fosso, dever\u00e1 existir uma dist\u00e2ncia m\u00ednima de 102 cm entre os tanques.<\/li>\n<li>Se o fosso onde se ir\u00e1 instalar o dep\u00f3sito for claramente inst\u00e1vel, como, por exemplo, argiloso, recomendamos a consulta de um especialista.<\/li>\n<\/ul>\n<p>[\/vc_toggle][vc_toggle title=&#8221;Normas de instala\u00e7\u00e3o&#8221;]<\/p>\n<ul>\n<li>Sobre o interior do fosso, construir um leito de 15 cm de bet\u00e3o armado.<\/li>\n<li>Sobre a primeira laje de bet\u00e3o armado, despejar bet\u00e3o e, antes da sua secagem, assentar o tanque. Ench\u00ea-lo parcialmente at\u00e9 que se enterre no bet\u00e3o.<\/li>\n<li>Depois de nivelado e assentado o dep\u00f3sito, continuar a encher o fosso com bet\u00e3o mole at\u00e9 atingir 1\/3 da altura do dep\u00f3sito.<\/li>\n<li>Depois de assentado o dep\u00f3sito, encher o per\u00edmetro da escava\u00e7\u00e3o com areia lavada ou bet\u00e3o pobre. Garantir que estes estejam totalmente livres de objetos pesados volumosos e que a sua granulometria n\u00e3o seja superior a 15 mm. Humedecer o enchimento, compactando-o para evitar a cria\u00e7\u00e3o de bolsas de ar. Encher o dep\u00f3sito \u00e0 medida que se vai adicionando o enchimento.<\/li>\n<li>Caso se produza tr\u00e1fego de ve\u00edculos a menos de cinco metros de dist\u00e2ncia, dever\u00e1 ser constru\u00edda uma placa de bet\u00e3o na parte superior da escava\u00e7\u00e3o. Esta laje n\u00e3o dever\u00e1 estar apoiada sobre o dep\u00f3sito.<\/li>\n<li>Construir uma c\u00e2mara de inspe\u00e7\u00e3o sobre cada boca de acesso do dep\u00f3sito. Esta c\u00e2mara n\u00e3o dever\u00e1 colocar qualquer tipo de carga sobre a superf\u00edcie do dep\u00f3sito.<\/li>\n<li>Uma vez assentado o dep\u00f3sito, efetuar as liga\u00e7\u00f5es.<\/li>\n<li>Sobre o dep\u00f3sito poder\u00e3o ser aplicados, no m\u00e1ximo, 30 cm de areia.<\/li>\n<\/ul>\n<p>[\/vc_toggle][vc_toggle title=&#8221;Dados de interesse&#8221;]<\/p>\n<div class=\"post-content\">\n<div class=\"vc_row wpb_row vc_row-fluid\">\n<div class=\"vc_col-sm-12 vc_span12 wpb_column vc_column_container\">\n<div class=\"wpb_wrapper\">\n<div class=\"wpb_text_column wpb_content_element \">\n<div class=\"wpb_wrapper\">\n<ul>\n<li>Os portes de envio para qualquer destino dentro da Pen\u00ednsula s\u00e3o gratuitos nas encomendas com um valor l\u00edquido superior a 350 euros. Caso a encomenda n\u00e3o supere este valor, os portes ser\u00e3o pagos pelo cliente.<\/li>\n<li>Para saber informa\u00e7\u00e3o sobre os portes para qualquer ilha, consulte o nosso departamento comercial.<\/li>\n<li>No caso da entrega de materiais que requeiram uma grua\/guindaste para a sua descarga, o custo associado n\u00e3o ser\u00e1, em caso algum, suportado por n\u00f3s. Caso necessite deste tipo de servi\u00e7o, contacte o nosso departamento comercial.<\/li>\n<\/ul>\n<\/div>\n<\/div>\n<\/div>\n<\/div>\n<\/div>\n<\/div>\n<p>[\/vc_toggle][vc_toggle title=&#8221;Garantia&#8221;]<\/p>\n<ul>\n<li>A empresa Europlast garante que toda a gama de produtos fornecidos se entrega em perfeito estado, para que os mesmos cumpram a fun\u00e7\u00e3o para a qual foram concebidos.<\/li>\n<li>A nossa garantia \u00e9 de 2 anos a partir da data de fatura\u00e7\u00e3o do equipamento.<\/li>\n<li>A presente garantia inclui a repara\u00e7\u00e3o ou substitui\u00e7\u00e3o do equipamento, conforme decis\u00e3o da nossa equipa t\u00e9cnica. Em caso algum cobre materiais fabricados ou instala\u00e7\u00f5es realizadas por terceiros sobre qualquer dos nossos produtos.<\/li>\n<li>A garantia mant\u00e9m a sua cobertura desde que se tenham seguido todos os passos de instala\u00e7\u00e3o e posicionamento que se detalham nas p\u00e1ginas desta pauta que vigora em seu poder. Caso algum ponto, dos especificamente detalhados, n\u00e3o tenha sido cumprido, a EUROPLAST n\u00e3o se responsabiliza pela mesmo.<\/li>\n<li>No caso da aquisi\u00e7\u00e3o de qualquer sistema de depura\u00e7\u00e3o para \u00e1guas residuais e\/ou cisternas para armazenamento l\u00edquido fornecidos por n\u00f3s, as normas de instala\u00e7\u00e3o corretas facultam-se SEMPRE junto ao recibo de entrega,<\/li>\n<li>Em caso de lit\u00edgio por alguma ou ambas as partes, os Tribunais de Manresa (Barcelona) ter\u00e3o a exclusiva compet\u00eancia sobre estes assuntos.<\/li>\n<\/ul>\n<p>[\/vc_toggle][\/vc_column][\/vc_row]<\/p>\n<\/div>","protected":false},"excerpt":{"rendered":"<p>[vc_row][vc_column][vc_column_text] Hist\u00f3ria \u2013 Fabricantes de dep\u00f3sitos Europlast, fabricantes de dep\u00f3sitos. Somos especialistas na fabrica\u00e7\u00e3o e comercializa\u00e7\u00e3o de\u00a0dep\u00f3sitos,\u00a0dep\u00f3sitos contra inc\u00eandios, dep\u00f3sitos\u00a0para o armazenamento de \u00e1guas pluviais, ,\u00a0dep\u00f3sitos,\u00a0fossas, separadores de gorduras, oxida\u00e7\u00e3o total\u00a0e clarificadores de \u00e1guas cinzentas\u00a0em\u00a0poli\u00e9ster\u00a0desde 1992. Gra\u00e7as ao esfor\u00e7o dos nossos colaboradores, a EUROPLAST experienciou, com o decorrer dos anos, um processo de expans\u00e3o por&hellip;<\/p>\n","protected":false},"author":1,"featured_media":0,"parent":0,"menu_order":0,"comment_status":"open","ping_status":"closed","template":"","meta":{"_joinchat":[]},"class_list":["post-1240","page","type-page","status-publish","hentry","description-off"],"yoast_head":"<!-- This site is optimized with the Yoast SEO plugin v27.2 - https:\/\/yoast.com\/product\/yoast-seo-wordpress\/ -->\n<title>Fabricantes de dep\u00f3sitos de agua - Europlast<\/title>\n<meta name=\"description\" content=\"Fabricantes de dep\u00f3sitos de agua Europlast. Fabricamos todo tipo de dep\u00f3sitos de poli\u00e9ster de calidad. Dep\u00f3sitos pluviales, contra incendios y m\u00e1s.\" \/>\n<meta name=\"robots\" content=\"index, follow, max-snippet:-1, max-image-preview:large, max-video-preview:-1\" \/>\n<link rel=\"canonical\" href=\"https:\/\/www.europlast-sl.com\/pt-pt\/fabricantes-depositos\/\" \/>\n<meta property=\"og:locale\" content=\"pt_PT\" \/>\n<meta property=\"og:type\" content=\"article\" \/>\n<meta property=\"og:title\" content=\"Fabricantes de dep\u00f3sitos de agua - Europlast\" \/>\n<meta property=\"og:description\" content=\"Fabricantes de dep\u00f3sitos de agua Europlast. Fabricamos todo tipo de dep\u00f3sitos de poli\u00e9ster de calidad. Dep\u00f3sitos pluviales, contra incendios y m\u00e1s.\" \/>\n<meta property=\"og:url\" content=\"https:\/\/www.europlast-sl.com\/pt-pt\/fabricantes-depositos\/\" \/>\n<meta property=\"og:site_name\" content=\"Europlast\" \/>\n<meta property=\"article:modified_time\" content=\"2022-07-01T15:42:14+00:00\" \/>\n<meta name=\"twitter:label1\" content=\"Tempo estimado de leitura\" \/>\n\t<meta name=\"twitter:data1\" content=\"6 minutos\" \/>\n<script type=\"application\/ld+json\" class=\"yoast-schema-graph\">{\"@context\":\"https:\/\/schema.org\",\"@graph\":[{\"@type\":\"WebPage\",\"@id\":\"https:\/\/www.europlast-sl.com\/pt-pt\/fabricantes-depositos\/\",\"url\":\"https:\/\/www.europlast-sl.com\/pt-pt\/fabricantes-depositos\/\",\"name\":\"Fabricantes de dep\u00f3sitos de agua - Europlast\",\"isPartOf\":{\"@id\":\"https:\/\/www.europlast-sl.com\/pt-pt\/#website\"},\"datePublished\":\"2014-08-20T18:55:52+00:00\",\"dateModified\":\"2022-07-01T15:42:14+00:00\",\"description\":\"Fabricantes de dep\u00f3sitos de agua Europlast. Fabricamos todo tipo de dep\u00f3sitos de poli\u00e9ster de calidad. Dep\u00f3sitos pluviales, contra incendios y m\u00e1s.\",\"breadcrumb\":{\"@id\":\"https:\/\/www.europlast-sl.com\/pt-pt\/fabricantes-depositos\/#breadcrumb\"},\"inLanguage\":\"pt-PT\",\"potentialAction\":[{\"@type\":\"ReadAction\",\"target\":[\"https:\/\/www.europlast-sl.com\/pt-pt\/fabricantes-depositos\/\"]}]},{\"@type\":\"BreadcrumbList\",\"@id\":\"https:\/\/www.europlast-sl.com\/pt-pt\/fabricantes-depositos\/#breadcrumb\",\"itemListElement\":[{\"@type\":\"ListItem\",\"position\":1,\"name\":\"Portada\",\"item\":\"https:\/\/www.europlast-sl.com\/pt-pt\/\"},{\"@type\":\"ListItem\",\"position\":2,\"name\":\"Empresa\"}]},{\"@type\":\"WebSite\",\"@id\":\"https:\/\/www.europlast-sl.com\/pt-pt\/#website\",\"url\":\"https:\/\/www.europlast-sl.com\/pt-pt\/\",\"name\":\"Europlast\",\"description\":\"Especialistas en la fabricaci\u00f3n y comercializaci\u00f3n de dep\u00f3sitos\",\"potentialAction\":[{\"@type\":\"SearchAction\",\"target\":{\"@type\":\"EntryPoint\",\"urlTemplate\":\"https:\/\/www.europlast-sl.com\/pt-pt\/?s={search_term_string}\"},\"query-input\":{\"@type\":\"PropertyValueSpecification\",\"valueRequired\":true,\"valueName\":\"search_term_string\"}}],\"inLanguage\":\"pt-PT\"}]}<\/script>\n<!-- \/ Yoast SEO plugin. -->","yoast_head_json":{"title":"Fabricantes de dep\u00f3sitos de agua - Europlast","description":"Fabricantes de dep\u00f3sitos de agua Europlast. Fabricamos todo tipo de dep\u00f3sitos de poli\u00e9ster de calidad. Dep\u00f3sitos pluviales, contra incendios y m\u00e1s.","robots":{"index":"index","follow":"follow","max-snippet":"max-snippet:-1","max-image-preview":"max-image-preview:large","max-video-preview":"max-video-preview:-1"},"canonical":"https:\/\/www.europlast-sl.com\/pt-pt\/fabricantes-depositos\/","og_locale":"pt_PT","og_type":"article","og_title":"Fabricantes de dep\u00f3sitos de agua - Europlast","og_description":"Fabricantes de dep\u00f3sitos de agua Europlast. Fabricamos todo tipo de dep\u00f3sitos de poli\u00e9ster de calidad. Dep\u00f3sitos pluviales, contra incendios y m\u00e1s.","og_url":"https:\/\/www.europlast-sl.com\/pt-pt\/fabricantes-depositos\/","og_site_name":"Europlast","article_modified_time":"2022-07-01T15:42:14+00:00","twitter_misc":{"Tempo estimado de leitura":"6 minutos"},"schema":{"@context":"https:\/\/schema.org","@graph":[{"@type":"WebPage","@id":"https:\/\/www.europlast-sl.com\/pt-pt\/fabricantes-depositos\/","url":"https:\/\/www.europlast-sl.com\/pt-pt\/fabricantes-depositos\/","name":"Fabricantes de dep\u00f3sitos de agua - Europlast","isPartOf":{"@id":"https:\/\/www.europlast-sl.com\/pt-pt\/#website"},"datePublished":"2014-08-20T18:55:52+00:00","dateModified":"2022-07-01T15:42:14+00:00","description":"Fabricantes de dep\u00f3sitos de agua Europlast. Fabricamos todo tipo de dep\u00f3sitos de poli\u00e9ster de calidad. Dep\u00f3sitos pluviales, contra incendios y m\u00e1s.","breadcrumb":{"@id":"https:\/\/www.europlast-sl.com\/pt-pt\/fabricantes-depositos\/#breadcrumb"},"inLanguage":"pt-PT","potentialAction":[{"@type":"ReadAction","target":["https:\/\/www.europlast-sl.com\/pt-pt\/fabricantes-depositos\/"]}]},{"@type":"BreadcrumbList","@id":"https:\/\/www.europlast-sl.com\/pt-pt\/fabricantes-depositos\/#breadcrumb","itemListElement":[{"@type":"ListItem","position":1,"name":"Portada","item":"https:\/\/www.europlast-sl.com\/pt-pt\/"},{"@type":"ListItem","position":2,"name":"Empresa"}]},{"@type":"WebSite","@id":"https:\/\/www.europlast-sl.com\/pt-pt\/#website","url":"https:\/\/www.europlast-sl.com\/pt-pt\/","name":"Europlast","description":"Especialistas en la fabricaci\u00f3n y comercializaci\u00f3n de dep\u00f3sitos","potentialAction":[{"@type":"SearchAction","target":{"@type":"EntryPoint","urlTemplate":"https:\/\/www.europlast-sl.com\/pt-pt\/?s={search_term_string}"},"query-input":{"@type":"PropertyValueSpecification","valueRequired":true,"valueName":"search_term_string"}}],"inLanguage":"pt-PT"}]}},"_links":{"self":[{"href":"https:\/\/www.europlast-sl.com\/pt-pt\/wp-json\/wp\/v2\/pages\/1240","targetHints":{"allow":["GET"]}}],"collection":[{"href":"https:\/\/www.europlast-sl.com\/pt-pt\/wp-json\/wp\/v2\/pages"}],"about":[{"href":"https:\/\/www.europlast-sl.com\/pt-pt\/wp-json\/wp\/v2\/types\/page"}],"author":[{"embeddable":true,"href":"https:\/\/www.europlast-sl.com\/pt-pt\/wp-json\/wp\/v2\/users\/1"}],"replies":[{"embeddable":true,"href":"https:\/\/www.europlast-sl.com\/pt-pt\/wp-json\/wp\/v2\/comments?post=1240"}],"version-history":[{"count":6,"href":"https:\/\/www.europlast-sl.com\/pt-pt\/wp-json\/wp\/v2\/pages\/1240\/revisions"}],"predecessor-version":[{"id":3431,"href":"https:\/\/www.europlast-sl.com\/pt-pt\/wp-json\/wp\/v2\/pages\/1240\/revisions\/3431"}],"wp:attachment":[{"href":"https:\/\/www.europlast-sl.com\/pt-pt\/wp-json\/wp\/v2\/media?parent=1240"}],"curies":[{"name":"wp","href":"https:\/\/api.w.org\/{rel}","templated":true}]}}