{"id":1212,"date":"2014-08-20T19:05:39","date_gmt":"2014-08-20T19:05:39","guid":{"rendered":"https:\/\/www.europlast-sl.com\/pt-pt\/depositos-rectangulares-gasoil\/"},"modified":"2018-12-18T09:38:40","modified_gmt":"2018-12-18T09:38:40","slug":"depositos-rectangulares-gasoil","status":"publish","type":"page","link":"https:\/\/www.europlast-sl.com\/pt-pt\/depositos-rectangulares-gasoil\/","title":{"rendered":"Dep\u00f3sitos retangulares para gas\u00f3leo"},"content":{"rendered":"<div class=\"wpb-content-wrapper\"><p>[vc_row][vc_column][vc_column_text el_class=&#8221;productes&#8221;]S\u00e3o dep\u00f3sitos para gas\u00f3leo, ideais para a acumula\u00e7\u00e3o de combust\u00edvel em pequenas quantidades. Dispomos destes dep\u00f3sitos em formato retangular vertical, um formato que os torna muito pr\u00e1ticos e facilmente manuse\u00e1veis para a sua coloca\u00e7\u00e3o em qualquer local.<\/p>\n<p>Estes <strong>dep\u00f3sitos para gas\u00f3leo<\/strong> t\u00eam uma forma retangular e podem ter uma capacidade de at\u00e9 1150 litros de combust\u00edvel.<\/p>\n<p>De s\u00e9rie, fornecemo-los com dois tamp\u00f5es roscados de PVC 75 mm.[\/vc_column_text][vc_row_inner][vc_column_inner][vc_raw_html]JTNDdGFibGUlMjBjbGFzcyUzRCUyMnRhdWxhJTIyJTIwd2lkdGglM0QlMjIxMDAlMjUlMjIlM0UlMEElM0N0aGVhZCUzRSUwQSUzQ3RyJTNFJTBBJTNDdGglMjB3aWR0aCUzRCUyMjE1JTI1JTIyJTNFJTI2bmJzcCUzQiUzQyUyRnRoJTNFJTBBJTNDdGglMjBjbGFzcyUzRCUyMmNhcHNhbGVyYTElMjIlMjBjb2xzcGFuJTNEJTIyMyUyMiUzRURJTUVOUyVDMyU5NUVTJTNDJTJGdGglM0UlMEElM0MlMkZ0ciUzRSUwQSUzQ3RyJTNFJTBBJTNDdGglMjBjbGFzcyUzRCUyMmNhcHNhbGVyYTMlMjIlM0VDQVBBQ0lEQURFJTNDJTJGdGglM0UlMEElM0N0aCUyMGNsYXNzJTNEJTIyY2Fwc2FsZXJhMiUyMiUzRUwlM0MlMkZ0aCUzRSUwQSUzQ3RoJTIwY2xhc3MlM0QlMjJjYXBzYWxlcmEyJTIyJTNFTGFyZ3VyYSUzQyUyRnRoJTNFJTBBJTNDdGglMjBjbGFzcyUzRCUyMmNhcHNhbGVyYTIlMjIlM0VIJTNDJTJGdGglM0UlMEElM0MlMkZ0ciUzRSUwQSUzQyUyRnRoZWFkJTNFJTBBJTNDdGJvZHklM0UlMEElM0N0ciUzRSUwQSUzQ3RkJTIwY2xhc3MlM0QlMjJjYXBzYWxlcmEyJTIyJTNFMTAwJTNDJTJGdGQlM0UlMEElM0N0ZCUzRTQ1MCUyMG1tLiUzQyUyRnRkJTNFJTBBJTNDdGQlM0U2NjIlMjBtbS4lM0MlMkZ0ZCUzRSUwQSUzQ3RkJTNFNTIwJTIwbW0uJTNDJTJGdGQlM0UlMEElM0MlMkZ0ciUzRSUwQSUzQ3RyJTNFJTBBJTNDdGQlMjBjbGFzcyUzRCUyMmNhcHNhbGVyYTIlMjIlM0UyMDAlM0MlMkZ0ZCUzRSUwQSUzQ3RkJTNFNjUwJTIwbW0uJTNDJTJGdGQlM0UlMEElM0N0ZCUzRTk5NSUyMG1tLiUzQyUyRnRkJTNFJTBBJTNDdGQlM0U0OTAlMjBtbS4lM0MlMkZ0ZCUzRSUwQSUzQyUyRnRyJTNFJTBBJTNDdHIlM0UlMEElM0N0ZCUyMGNsYXNzJTNEJTIyY2Fwc2FsZXJhMiUyMiUzRTMwMCUzQyUyRnRkJTNFJTBBJTNDdGQlM0U3NTAlMjBtbS4lM0MlMkZ0ZCUzRSUwQSUzQ3RkJTNFMTE4MCUyMG1tLiUzQyUyRnRkJTNFJTBBJTNDdGQlM0U0OTUlMjBtbS4lM0MlMkZ0ZCUzRSUwQSUzQyUyRnRyJTNFJTBBJTNDdHIlM0UlMEElM0N0ZCUyMGNsYXNzJTNEJTIyY2Fwc2FsZXJhMiUyMiUzRTUwMCUzQyUyRnRkJTNFJTBBJTNDdGQlM0U5MTUlMjBtbS4lM0MlMkZ0ZCUzRSUwQSUzQ3RkJTNFMTM1NSUyMG1tLiUzQyUyRnRkJTNFJTBBJTNDdGQlM0U2MjAlMjBtbS4lM0MlMkZ0ZCUzRSUwQSUzQyUyRnRyJTNFJTBBJTNDdHIlM0UlMEElM0N0ZCUyMGNsYXNzJTNEJTIyY2Fwc2FsZXJhMiUyMiUzRTExNTAlM0MlMkZ0ZCUzRSUwQSUzQ3RkJTNFMTIxMCUyMG1tLiUzQyUyRnRkJTNFJTBBJTNDdGQlM0UxNTgwJTIwbW0uJTNDJTJGdGQlM0UlMEElM0N0ZCUzRTc3MCUyMG1tLiUzQyUyRnRkJTNFJTBBJTNDJTJGdHIlM0UlMEElM0MlMkZ0Ym9keSUzRSUwQSUzQyUyRnRhYmxlJTNF[\/vc_raw_html][\/vc_column_inner][\/vc_row_inner][vc_single_image image=&#8221;1612&#8243; img_size=&#8221;600&#215;407&#8243; alignment=&#8221;center&#8221; onclick=&#8221;link_image&#8221;][\/vc_column][\/vc_row][vc_row][vc_column][vc_text_separator title=&#8221;Contato&#8221; el_class=&#8221;titleForm&#8221;]\n<div class=\"wpcf7 no-js\" id=\"wpcf7-f1255-o1\" lang=\"en-US\" dir=\"ltr\" data-wpcf7-id=\"1255\">\n<div class=\"screen-reader-response\"><p role=\"status\" aria-live=\"polite\" aria-atomic=\"true\"><\/p> <ul><\/ul><\/div>\n<form action=\"\/pt-pt\/wp-json\/wp\/v2\/pages\/1212#wpcf7-f1255-o1\" method=\"post\" class=\"wpcf7-form init\" aria-label=\"Contact form\" novalidate=\"novalidate\" data-status=\"init\">\n<fieldset class=\"hidden-fields-container\"><input type=\"hidden\" name=\"_wpcf7\" value=\"1255\" \/><input type=\"hidden\" name=\"_wpcf7_version\" value=\"6.1.5\" \/><input type=\"hidden\" name=\"_wpcf7_locale\" value=\"en_US\" \/><input type=\"hidden\" name=\"_wpcf7_unit_tag\" value=\"wpcf7-f1255-o1\" \/><input type=\"hidden\" name=\"_wpcf7_container_post\" value=\"0\" \/><input type=\"hidden\" name=\"_wpcf7_posted_data_hash\" value=\"\" \/><input type=\"hidden\" name=\"_wpcf7_recaptcha_response\" value=\"\" \/>\n<\/fieldset>\n<p>Nome (*)\n<\/p>\n<p><span class=\"wpcf7-form-control-wrap\" data-name=\"your-name\"><input size=\"40\" maxlength=\"400\" class=\"wpcf7-form-control wpcf7-text wpcf7-validates-as-required\" aria-required=\"true\" aria-invalid=\"false\" value=\"\" type=\"text\" name=\"your-name\" \/><\/span>\n<\/p>\n<p>Telefone(*)\n<\/p>\n<p><span class=\"wpcf7-form-control-wrap\" data-name=\"telefono\"><input size=\"40\" maxlength=\"400\" class=\"wpcf7-form-control wpcf7-text wpcf7-validates-as-required\" aria-required=\"true\" aria-invalid=\"false\" value=\"\" type=\"text\" name=\"telefono\" \/><\/span>\n<\/p>\n<p>Localiza\u00e7\u00e3o(*)\n<\/p>\n<p><span class=\"wpcf7-form-control-wrap\" data-name=\"poblacio\"><input size=\"40\" maxlength=\"400\" class=\"wpcf7-form-control wpcf7-text wpcf7-validates-as-required\" aria-required=\"true\" aria-invalid=\"false\" value=\"\" type=\"text\" name=\"poblacio\" \/><\/span>\n<\/p>\n<p>Email (*)\n<\/p>\n<p><span class=\"wpcf7-form-control-wrap\" data-name=\"your-email\"><input size=\"40\" maxlength=\"400\" class=\"wpcf7-form-control wpcf7-email wpcf7-validates-as-required wpcf7-text wpcf7-validates-as-email\" aria-required=\"true\" aria-invalid=\"false\" value=\"\" type=\"email\" name=\"your-email\" \/><\/span>\n<\/p>\n<p>Mensagem\n<\/p>\n<p><span class=\"wpcf7-form-control-wrap\" data-name=\"your-message\"><textarea cols=\"40\" rows=\"10\" maxlength=\"2000\" class=\"wpcf7-form-control wpcf7-textarea\" aria-invalid=\"false\" name=\"your-message\"><\/textarea><\/span>\n<\/p>\n<p><input class=\"wpcf7-form-control wpcf7-submit has-spinner\" type=\"submit\" value=\"Enviar\" \/>\n<\/p><p style=\"display: none !important;\" class=\"akismet-fields-container\" data-prefix=\"_wpcf7_ak_\"><label>&#916;<textarea name=\"_wpcf7_ak_hp_textarea\" cols=\"45\" rows=\"8\" maxlength=\"100\"><\/textarea><\/label><input type=\"hidden\" id=\"ak_js_1\" name=\"_wpcf7_ak_js\" value=\"178\"\/><script>document.getElementById( \"ak_js_1\" ).setAttribute( \"value\", ( new Date() ).getTime() );<\/script><\/p><div class=\"wpcf7-response-output\" aria-hidden=\"true\"><\/div>\n<\/form>\n<\/div>\n[\/vc_column][\/vc_row]<\/p>\n<\/div>","protected":false},"excerpt":{"rendered":"<p>[vc_row][vc_column][vc_column_text el_class=&#8221;productes&#8221;]S\u00e3o dep\u00f3sitos para gas\u00f3leo, ideais para a acumula\u00e7\u00e3o de combust\u00edvel em pequenas quantidades. Dispomos destes dep\u00f3sitos em formato retangular vertical, um formato que os torna muito pr\u00e1ticos e facilmente manuse\u00e1veis para a sua coloca\u00e7\u00e3o em qualquer local. Estes dep\u00f3sitos para gas\u00f3leo t\u00eam uma forma retangular e podem ter uma capacidade de at\u00e9 1150 litros&hellip;<\/p>\n","protected":false},"author":1,"featured_media":0,"parent":0,"menu_order":0,"comment_status":"open","ping_status":"closed","template":"","meta":{"_joinchat":[]},"class_list":["post-1212","page","type-page","status-publish","hentry","description-off"],"yoast_head":"<!-- This site is optimized with the Yoast SEO plugin v27.2 - https:\/\/yoast.com\/product\/yoast-seo-wordpress\/ -->\n<title>Dep\u00f3sitos retangulares para gas\u00f3leo &#8211; Europlast<\/title>\n<meta name=\"description\" content=\"Dep\u00f3sitos rectangulares para gasoil. Fabricaci\u00f3n y comercializaci\u00f3n de dep\u00f3sitos de gasoil rectangulares por Europlast, experto en dep\u00f3sitos de poil\u00e9ster.\" \/>\n<meta name=\"robots\" content=\"index, follow, max-snippet:-1, max-image-preview:large, max-video-preview:-1\" \/>\n<link rel=\"canonical\" href=\"https:\/\/www.europlast-sl.com\/pt-pt\/depositos-rectangulares-gasoil\/\" \/>\n<meta property=\"og:locale\" content=\"pt_PT\" \/>\n<meta property=\"og:type\" content=\"article\" \/>\n<meta property=\"og:title\" content=\"Dep\u00f3sitos retangulares para gas\u00f3leo &#8211; Europlast\" \/>\n<meta property=\"og:description\" content=\"Dep\u00f3sitos rectangulares para gasoil. Fabricaci\u00f3n y comercializaci\u00f3n de dep\u00f3sitos de gasoil rectangulares por Europlast, experto en dep\u00f3sitos de poil\u00e9ster.\" \/>\n<meta property=\"og:url\" content=\"https:\/\/www.europlast-sl.com\/pt-pt\/depositos-rectangulares-gasoil\/\" \/>\n<meta property=\"og:site_name\" content=\"Europlast\" \/>\n<meta property=\"article:modified_time\" content=\"2018-12-18T09:38:40+00:00\" \/>\n<meta name=\"twitter:label1\" content=\"Tempo estimado de leitura\" \/>\n\t<meta name=\"twitter:data1\" content=\"1 minuto\" \/>\n<script type=\"application\/ld+json\" class=\"yoast-schema-graph\">{\"@context\":\"https:\/\/schema.org\",\"@graph\":[{\"@type\":\"WebPage\",\"@id\":\"https:\/\/www.europlast-sl.com\/pt-pt\/depositos-rectangulares-gasoil\/\",\"url\":\"https:\/\/www.europlast-sl.com\/pt-pt\/depositos-rectangulares-gasoil\/\",\"name\":\"Dep\u00f3sitos retangulares para gas\u00f3leo &#8211; Europlast\",\"isPartOf\":{\"@id\":\"https:\/\/www.europlast-sl.com\/pt-pt\/#website\"},\"datePublished\":\"2014-08-20T19:05:39+00:00\",\"dateModified\":\"2018-12-18T09:38:40+00:00\",\"description\":\"Dep\u00f3sitos rectangulares para gasoil. Fabricaci\u00f3n y comercializaci\u00f3n de dep\u00f3sitos de gasoil rectangulares por Europlast, experto en dep\u00f3sitos de poil\u00e9ster.\",\"breadcrumb\":{\"@id\":\"https:\/\/www.europlast-sl.com\/pt-pt\/depositos-rectangulares-gasoil\/#breadcrumb\"},\"inLanguage\":\"pt-PT\",\"potentialAction\":[{\"@type\":\"ReadAction\",\"target\":[\"https:\/\/www.europlast-sl.com\/pt-pt\/depositos-rectangulares-gasoil\/\"]}]},{\"@type\":\"BreadcrumbList\",\"@id\":\"https:\/\/www.europlast-sl.com\/pt-pt\/depositos-rectangulares-gasoil\/#breadcrumb\",\"itemListElement\":[{\"@type\":\"ListItem\",\"position\":1,\"name\":\"Portada\",\"item\":\"https:\/\/www.europlast-sl.com\/pt-pt\/\"},{\"@type\":\"ListItem\",\"position\":2,\"name\":\"Dep\u00f3sitos retangulares para gas\u00f3leo\"}]},{\"@type\":\"WebSite\",\"@id\":\"https:\/\/www.europlast-sl.com\/pt-pt\/#website\",\"url\":\"https:\/\/www.europlast-sl.com\/pt-pt\/\",\"name\":\"Europlast\",\"description\":\"Especialistas en la fabricaci\u00f3n y comercializaci\u00f3n de dep\u00f3sitos\",\"potentialAction\":[{\"@type\":\"SearchAction\",\"target\":{\"@type\":\"EntryPoint\",\"urlTemplate\":\"https:\/\/www.europlast-sl.com\/pt-pt\/?s={search_term_string}\"},\"query-input\":{\"@type\":\"PropertyValueSpecification\",\"valueRequired\":true,\"valueName\":\"search_term_string\"}}],\"inLanguage\":\"pt-PT\"}]}<\/script>\n<!-- \/ Yoast SEO plugin. -->","yoast_head_json":{"title":"Dep\u00f3sitos retangulares para gas\u00f3leo &#8211; Europlast","description":"Dep\u00f3sitos rectangulares para gasoil. Fabricaci\u00f3n y comercializaci\u00f3n de dep\u00f3sitos de gasoil rectangulares por Europlast, experto en dep\u00f3sitos de poil\u00e9ster.","robots":{"index":"index","follow":"follow","max-snippet":"max-snippet:-1","max-image-preview":"max-image-preview:large","max-video-preview":"max-video-preview:-1"},"canonical":"https:\/\/www.europlast-sl.com\/pt-pt\/depositos-rectangulares-gasoil\/","og_locale":"pt_PT","og_type":"article","og_title":"Dep\u00f3sitos retangulares para gas\u00f3leo &#8211; Europlast","og_description":"Dep\u00f3sitos rectangulares para gasoil. Fabricaci\u00f3n y comercializaci\u00f3n de dep\u00f3sitos de gasoil rectangulares por Europlast, experto en dep\u00f3sitos de poil\u00e9ster.","og_url":"https:\/\/www.europlast-sl.com\/pt-pt\/depositos-rectangulares-gasoil\/","og_site_name":"Europlast","article_modified_time":"2018-12-18T09:38:40+00:00","twitter_misc":{"Tempo estimado de leitura":"1 minuto"},"schema":{"@context":"https:\/\/schema.org","@graph":[{"@type":"WebPage","@id":"https:\/\/www.europlast-sl.com\/pt-pt\/depositos-rectangulares-gasoil\/","url":"https:\/\/www.europlast-sl.com\/pt-pt\/depositos-rectangulares-gasoil\/","name":"Dep\u00f3sitos retangulares para gas\u00f3leo &#8211; Europlast","isPartOf":{"@id":"https:\/\/www.europlast-sl.com\/pt-pt\/#website"},"datePublished":"2014-08-20T19:05:39+00:00","dateModified":"2018-12-18T09:38:40+00:00","description":"Dep\u00f3sitos rectangulares para gasoil. Fabricaci\u00f3n y comercializaci\u00f3n de dep\u00f3sitos de gasoil rectangulares por Europlast, experto en dep\u00f3sitos de poil\u00e9ster.","breadcrumb":{"@id":"https:\/\/www.europlast-sl.com\/pt-pt\/depositos-rectangulares-gasoil\/#breadcrumb"},"inLanguage":"pt-PT","potentialAction":[{"@type":"ReadAction","target":["https:\/\/www.europlast-sl.com\/pt-pt\/depositos-rectangulares-gasoil\/"]}]},{"@type":"BreadcrumbList","@id":"https:\/\/www.europlast-sl.com\/pt-pt\/depositos-rectangulares-gasoil\/#breadcrumb","itemListElement":[{"@type":"ListItem","position":1,"name":"Portada","item":"https:\/\/www.europlast-sl.com\/pt-pt\/"},{"@type":"ListItem","position":2,"name":"Dep\u00f3sitos retangulares para gas\u00f3leo"}]},{"@type":"WebSite","@id":"https:\/\/www.europlast-sl.com\/pt-pt\/#website","url":"https:\/\/www.europlast-sl.com\/pt-pt\/","name":"Europlast","description":"Especialistas en la fabricaci\u00f3n y comercializaci\u00f3n de dep\u00f3sitos","potentialAction":[{"@type":"SearchAction","target":{"@type":"EntryPoint","urlTemplate":"https:\/\/www.europlast-sl.com\/pt-pt\/?s={search_term_string}"},"query-input":{"@type":"PropertyValueSpecification","valueRequired":true,"valueName":"search_term_string"}}],"inLanguage":"pt-PT"}]}},"_links":{"self":[{"href":"https:\/\/www.europlast-sl.com\/pt-pt\/wp-json\/wp\/v2\/pages\/1212","targetHints":{"allow":["GET"]}}],"collection":[{"href":"https:\/\/www.europlast-sl.com\/pt-pt\/wp-json\/wp\/v2\/pages"}],"about":[{"href":"https:\/\/www.europlast-sl.com\/pt-pt\/wp-json\/wp\/v2\/types\/page"}],"author":[{"embeddable":true,"href":"https:\/\/www.europlast-sl.com\/pt-pt\/wp-json\/wp\/v2\/users\/1"}],"replies":[{"embeddable":true,"href":"https:\/\/www.europlast-sl.com\/pt-pt\/wp-json\/wp\/v2\/comments?post=1212"}],"version-history":[{"count":8,"href":"https:\/\/www.europlast-sl.com\/pt-pt\/wp-json\/wp\/v2\/pages\/1212\/revisions"}],"predecessor-version":[{"id":3241,"href":"https:\/\/www.europlast-sl.com\/pt-pt\/wp-json\/wp\/v2\/pages\/1212\/revisions\/3241"}],"wp:attachment":[{"href":"https:\/\/www.europlast-sl.com\/pt-pt\/wp-json\/wp\/v2\/media?parent=1212"}],"curies":[{"name":"wp","href":"https:\/\/api.w.org\/{rel}","templated":true}]}}