{"id":1208,"date":"2014-08-20T19:06:58","date_gmt":"2014-08-20T19:06:58","guid":{"rendered":"https:\/\/www.europlast-sl.com\/pt-pt\/productos\/accesorios\/boca-de-presion-lateral\/"},"modified":"2019-01-16T08:57:45","modified_gmt":"2019-01-16T08:57:45","slug":"boca-pressao-lateral","status":"publish","type":"page","link":"https:\/\/www.europlast-sl.com\/pt-pt\/accesorios\/boca-pressao-lateral\/","title":{"rendered":"Boca de press\u00e3o lateral"},"content":{"rendered":"<div class=\"wpb-content-wrapper\"><p>[vc_row el_class=&#8221;productes&#8221;][vc_column][vc_column_text]<\/p>\n<p>\u00c9 muito pr\u00e1tica e totalmente recomend\u00e1vel para instalar nos dep\u00f3sitos para armazenamento de \u00e1gua em formato vertical. Como o pr\u00f3prio esquema indica, instala-se na parte inferior do dep\u00f3sito, facilitando o acesso ao interior do mesmo.<\/p>\n<p>[\/vc_column_text][vc_row_inner][vc_column_inner][vc_single_image image=&#8221;1512&#8243; img_size=&#8221;600&#215;407&#8243; alignment=&#8221;center&#8221; onclick=&#8221;link_image&#8221;][\/vc_column_inner][\/vc_row_inner][\/vc_column][\/vc_row][vc_row][vc_column][vc_text_separator title=&#8221;Contato&#8221; el_class=&#8221;titleForm&#8221;]\n<div class=\"wpcf7 no-js\" id=\"wpcf7-f1255-o1\" lang=\"en-US\" dir=\"ltr\" data-wpcf7-id=\"1255\">\n<div class=\"screen-reader-response\"><p role=\"status\" aria-live=\"polite\" aria-atomic=\"true\"><\/p> <ul><\/ul><\/div>\n<form action=\"\/pt-pt\/wp-json\/wp\/v2\/pages\/1208#wpcf7-f1255-o1\" method=\"post\" class=\"wpcf7-form init\" aria-label=\"Contact form\" novalidate=\"novalidate\" data-status=\"init\">\n<fieldset class=\"hidden-fields-container\"><input type=\"hidden\" name=\"_wpcf7\" value=\"1255\" \/><input type=\"hidden\" name=\"_wpcf7_version\" value=\"6.1.5\" \/><input type=\"hidden\" name=\"_wpcf7_locale\" value=\"en_US\" \/><input type=\"hidden\" name=\"_wpcf7_unit_tag\" value=\"wpcf7-f1255-o1\" \/><input type=\"hidden\" name=\"_wpcf7_container_post\" value=\"0\" \/><input type=\"hidden\" name=\"_wpcf7_posted_data_hash\" value=\"\" \/><input type=\"hidden\" name=\"_wpcf7_recaptcha_response\" value=\"\" \/>\n<\/fieldset>\n<p>Nome (*)\n<\/p>\n<p><span class=\"wpcf7-form-control-wrap\" data-name=\"your-name\"><input size=\"40\" maxlength=\"400\" class=\"wpcf7-form-control wpcf7-text wpcf7-validates-as-required\" aria-required=\"true\" aria-invalid=\"false\" value=\"\" type=\"text\" name=\"your-name\" \/><\/span>\n<\/p>\n<p>Telefone(*)\n<\/p>\n<p><span class=\"wpcf7-form-control-wrap\" data-name=\"telefono\"><input size=\"40\" maxlength=\"400\" class=\"wpcf7-form-control wpcf7-text wpcf7-validates-as-required\" aria-required=\"true\" aria-invalid=\"false\" value=\"\" type=\"text\" name=\"telefono\" \/><\/span>\n<\/p>\n<p>Localiza\u00e7\u00e3o(*)\n<\/p>\n<p><span class=\"wpcf7-form-control-wrap\" data-name=\"poblacio\"><input size=\"40\" maxlength=\"400\" class=\"wpcf7-form-control wpcf7-text wpcf7-validates-as-required\" aria-required=\"true\" aria-invalid=\"false\" value=\"\" type=\"text\" name=\"poblacio\" \/><\/span>\n<\/p>\n<p>Email (*)\n<\/p>\n<p><span class=\"wpcf7-form-control-wrap\" data-name=\"your-email\"><input size=\"40\" maxlength=\"400\" class=\"wpcf7-form-control wpcf7-email wpcf7-validates-as-required wpcf7-text wpcf7-validates-as-email\" aria-required=\"true\" aria-invalid=\"false\" value=\"\" type=\"email\" name=\"your-email\" \/><\/span>\n<\/p>\n<p>Mensagem\n<\/p>\n<p><span class=\"wpcf7-form-control-wrap\" data-name=\"your-message\"><textarea cols=\"40\" rows=\"10\" maxlength=\"2000\" class=\"wpcf7-form-control wpcf7-textarea\" aria-invalid=\"false\" name=\"your-message\"><\/textarea><\/span>\n<\/p>\n<p><input class=\"wpcf7-form-control wpcf7-submit has-spinner\" type=\"submit\" value=\"Enviar\" \/>\n<\/p><p style=\"display: none !important;\" class=\"akismet-fields-container\" data-prefix=\"_wpcf7_ak_\"><label>&#916;<textarea name=\"_wpcf7_ak_hp_textarea\" cols=\"45\" rows=\"8\" maxlength=\"100\"><\/textarea><\/label><input type=\"hidden\" id=\"ak_js_1\" name=\"_wpcf7_ak_js\" value=\"62\"\/><script>document.getElementById( \"ak_js_1\" ).setAttribute( \"value\", ( new Date() ).getTime() );<\/script><\/p><div class=\"wpcf7-response-output\" aria-hidden=\"true\"><\/div>\n<\/form>\n<\/div>\n[\/vc_column][\/vc_row]<\/p>\n<\/div>","protected":false},"excerpt":{"rendered":"<p>[vc_row el_class=&#8221;productes&#8221;][vc_column][vc_column_text] \u00c9 muito pr\u00e1tica e totalmente recomend\u00e1vel para instalar nos dep\u00f3sitos para armazenamento de \u00e1gua em formato vertical. Como o pr\u00f3prio esquema indica, instala-se na parte inferior do dep\u00f3sito, facilitando o acesso ao interior do mesmo. [\/vc_column_text][vc_row_inner][vc_column_inner][vc_single_image image=&#8221;1512&#8243; img_size=&#8221;600&#215;407&#8243; alignment=&#8221;center&#8221; onclick=&#8221;link_image&#8221;][\/vc_column_inner][\/vc_row_inner][\/vc_column][\/vc_row][vc_row][vc_column][vc_text_separator title=&#8221;Contato&#8221; el_class=&#8221;titleForm&#8221;][\/vc_column][\/vc_row]<\/p>\n","protected":false},"author":1,"featured_media":0,"parent":2876,"menu_order":0,"comment_status":"open","ping_status":"closed","template":"","meta":{"_joinchat":[]},"class_list":["post-1208","page","type-page","status-publish","hentry","description-off"],"yoast_head":"<!-- This site is optimized with the Yoast SEO plugin v27.2 - https:\/\/yoast.com\/product\/yoast-seo-wordpress\/ -->\n<title>Boca de press\u00e3o lateral &#8211; Europlast<\/title>\n<meta name=\"robots\" content=\"index, follow, max-snippet:-1, max-image-preview:large, max-video-preview:-1\" \/>\n<link rel=\"canonical\" href=\"https:\/\/www.europlast-sl.com\/pt-pt\/accesorios\/boca-pressao-lateral\/\" \/>\n<meta property=\"og:locale\" content=\"pt_PT\" \/>\n<meta property=\"og:type\" content=\"article\" \/>\n<meta property=\"og:title\" content=\"Boca de press\u00e3o lateral &#8211; Europlast\" \/>\n<meta property=\"og:description\" content=\"[vc_row el_class=&#8221;productes&#8221;][vc_column][vc_column_text] \u00c9 muito pr\u00e1tica e totalmente recomend\u00e1vel para instalar nos dep\u00f3sitos para armazenamento de \u00e1gua em formato vertical. Como o pr\u00f3prio esquema indica, instala-se na parte inferior do dep\u00f3sito, facilitando o acesso ao interior do mesmo. [\/vc_column_text][vc_row_inner][vc_column_inner][vc_single_image image=&#8221;1512&#8243; img_size=&#8221;600&#215;407&#8243; alignment=&#8221;center&#8221; onclick=&#8221;link_image&#8221;][\/vc_column_inner][\/vc_row_inner][\/vc_column][\/vc_row][vc_row][vc_column][vc_text_separator title=&#8221;Contato&#8221; el_class=&#8221;titleForm&#8221;][\/vc_column][\/vc_row]\" \/>\n<meta property=\"og:url\" content=\"https:\/\/www.europlast-sl.com\/pt-pt\/accesorios\/boca-pressao-lateral\/\" \/>\n<meta property=\"og:site_name\" content=\"Europlast\" \/>\n<meta property=\"article:modified_time\" content=\"2019-01-16T08:57:45+00:00\" \/>\n<script type=\"application\/ld+json\" class=\"yoast-schema-graph\">{\"@context\":\"https:\/\/schema.org\",\"@graph\":[{\"@type\":\"WebPage\",\"@id\":\"https:\/\/www.europlast-sl.com\/pt-pt\/accesorios\/boca-pressao-lateral\/\",\"url\":\"https:\/\/www.europlast-sl.com\/pt-pt\/accesorios\/boca-pressao-lateral\/\",\"name\":\"Boca de press\u00e3o lateral &#8211; Europlast\",\"isPartOf\":{\"@id\":\"https:\/\/www.europlast-sl.com\/pt-pt\/#website\"},\"datePublished\":\"2014-08-20T19:06:58+00:00\",\"dateModified\":\"2019-01-16T08:57:45+00:00\",\"breadcrumb\":{\"@id\":\"https:\/\/www.europlast-sl.com\/pt-pt\/accesorios\/boca-pressao-lateral\/#breadcrumb\"},\"inLanguage\":\"pt-PT\",\"potentialAction\":[{\"@type\":\"ReadAction\",\"target\":[\"https:\/\/www.europlast-sl.com\/pt-pt\/accesorios\/boca-pressao-lateral\/\"]}]},{\"@type\":\"BreadcrumbList\",\"@id\":\"https:\/\/www.europlast-sl.com\/pt-pt\/accesorios\/boca-pressao-lateral\/#breadcrumb\",\"itemListElement\":[{\"@type\":\"ListItem\",\"position\":1,\"name\":\"Portada\",\"item\":\"https:\/\/www.europlast-sl.com\/pt-pt\/\"},{\"@type\":\"ListItem\",\"position\":2,\"name\":\"Acess\u00f3rios\",\"item\":\"https:\/\/www.europlast-sl.com\/pt-pt\/accesorios\/\"},{\"@type\":\"ListItem\",\"position\":3,\"name\":\"Boca de press\u00e3o lateral\"}]},{\"@type\":\"WebSite\",\"@id\":\"https:\/\/www.europlast-sl.com\/pt-pt\/#website\",\"url\":\"https:\/\/www.europlast-sl.com\/pt-pt\/\",\"name\":\"Europlast\",\"description\":\"Especialistas en la fabricaci\u00f3n y comercializaci\u00f3n de dep\u00f3sitos\",\"potentialAction\":[{\"@type\":\"SearchAction\",\"target\":{\"@type\":\"EntryPoint\",\"urlTemplate\":\"https:\/\/www.europlast-sl.com\/pt-pt\/?s={search_term_string}\"},\"query-input\":{\"@type\":\"PropertyValueSpecification\",\"valueRequired\":true,\"valueName\":\"search_term_string\"}}],\"inLanguage\":\"pt-PT\"}]}<\/script>\n<!-- \/ Yoast SEO plugin. -->","yoast_head_json":{"title":"Boca de press\u00e3o lateral &#8211; Europlast","robots":{"index":"index","follow":"follow","max-snippet":"max-snippet:-1","max-image-preview":"max-image-preview:large","max-video-preview":"max-video-preview:-1"},"canonical":"https:\/\/www.europlast-sl.com\/pt-pt\/accesorios\/boca-pressao-lateral\/","og_locale":"pt_PT","og_type":"article","og_title":"Boca de press\u00e3o lateral &#8211; Europlast","og_description":"[vc_row el_class=&#8221;productes&#8221;][vc_column][vc_column_text] \u00c9 muito pr\u00e1tica e totalmente recomend\u00e1vel para instalar nos dep\u00f3sitos para armazenamento de \u00e1gua em formato vertical. Como o pr\u00f3prio esquema indica, instala-se na parte inferior do dep\u00f3sito, facilitando o acesso ao interior do mesmo. [\/vc_column_text][vc_row_inner][vc_column_inner][vc_single_image image=&#8221;1512&#8243; img_size=&#8221;600&#215;407&#8243; alignment=&#8221;center&#8221; onclick=&#8221;link_image&#8221;][\/vc_column_inner][\/vc_row_inner][\/vc_column][\/vc_row][vc_row][vc_column][vc_text_separator title=&#8221;Contato&#8221; el_class=&#8221;titleForm&#8221;][\/vc_column][\/vc_row]","og_url":"https:\/\/www.europlast-sl.com\/pt-pt\/accesorios\/boca-pressao-lateral\/","og_site_name":"Europlast","article_modified_time":"2019-01-16T08:57:45+00:00","schema":{"@context":"https:\/\/schema.org","@graph":[{"@type":"WebPage","@id":"https:\/\/www.europlast-sl.com\/pt-pt\/accesorios\/boca-pressao-lateral\/","url":"https:\/\/www.europlast-sl.com\/pt-pt\/accesorios\/boca-pressao-lateral\/","name":"Boca de press\u00e3o lateral &#8211; Europlast","isPartOf":{"@id":"https:\/\/www.europlast-sl.com\/pt-pt\/#website"},"datePublished":"2014-08-20T19:06:58+00:00","dateModified":"2019-01-16T08:57:45+00:00","breadcrumb":{"@id":"https:\/\/www.europlast-sl.com\/pt-pt\/accesorios\/boca-pressao-lateral\/#breadcrumb"},"inLanguage":"pt-PT","potentialAction":[{"@type":"ReadAction","target":["https:\/\/www.europlast-sl.com\/pt-pt\/accesorios\/boca-pressao-lateral\/"]}]},{"@type":"BreadcrumbList","@id":"https:\/\/www.europlast-sl.com\/pt-pt\/accesorios\/boca-pressao-lateral\/#breadcrumb","itemListElement":[{"@type":"ListItem","position":1,"name":"Portada","item":"https:\/\/www.europlast-sl.com\/pt-pt\/"},{"@type":"ListItem","position":2,"name":"Acess\u00f3rios","item":"https:\/\/www.europlast-sl.com\/pt-pt\/accesorios\/"},{"@type":"ListItem","position":3,"name":"Boca de press\u00e3o lateral"}]},{"@type":"WebSite","@id":"https:\/\/www.europlast-sl.com\/pt-pt\/#website","url":"https:\/\/www.europlast-sl.com\/pt-pt\/","name":"Europlast","description":"Especialistas en la fabricaci\u00f3n y comercializaci\u00f3n de dep\u00f3sitos","potentialAction":[{"@type":"SearchAction","target":{"@type":"EntryPoint","urlTemplate":"https:\/\/www.europlast-sl.com\/pt-pt\/?s={search_term_string}"},"query-input":{"@type":"PropertyValueSpecification","valueRequired":true,"valueName":"search_term_string"}}],"inLanguage":"pt-PT"}]}},"_links":{"self":[{"href":"https:\/\/www.europlast-sl.com\/pt-pt\/wp-json\/wp\/v2\/pages\/1208","targetHints":{"allow":["GET"]}}],"collection":[{"href":"https:\/\/www.europlast-sl.com\/pt-pt\/wp-json\/wp\/v2\/pages"}],"about":[{"href":"https:\/\/www.europlast-sl.com\/pt-pt\/wp-json\/wp\/v2\/types\/page"}],"author":[{"embeddable":true,"href":"https:\/\/www.europlast-sl.com\/pt-pt\/wp-json\/wp\/v2\/users\/1"}],"replies":[{"embeddable":true,"href":"https:\/\/www.europlast-sl.com\/pt-pt\/wp-json\/wp\/v2\/comments?post=1208"}],"version-history":[{"count":3,"href":"https:\/\/www.europlast-sl.com\/pt-pt\/wp-json\/wp\/v2\/pages\/1208\/revisions"}],"predecessor-version":[{"id":3301,"href":"https:\/\/www.europlast-sl.com\/pt-pt\/wp-json\/wp\/v2\/pages\/1208\/revisions\/3301"}],"up":[{"embeddable":true,"href":"https:\/\/www.europlast-sl.com\/pt-pt\/wp-json\/wp\/v2\/pages\/2876"}],"wp:attachment":[{"href":"https:\/\/www.europlast-sl.com\/pt-pt\/wp-json\/wp\/v2\/media?parent=1208"}],"curies":[{"name":"wp","href":"https:\/\/api.w.org\/{rel}","templated":true}]}}