{"id":1199,"date":"2014-08-21T11:51:49","date_gmt":"2014-08-21T11:51:49","guid":{"rendered":"https:\/\/www.europlast-sl.com\/pt-pt\/productos\/"},"modified":"2018-02-14T11:32:33","modified_gmt":"2018-02-14T11:32:33","slug":"productos","status":"publish","type":"page","link":"https:\/\/www.europlast-sl.com\/pt-pt\/productos\/","title":{"rendered":"Produtos"},"content":{"rendered":"<div class=\"wpb-content-wrapper\"><p>[vc_row el_class=&#8221;llistatproductes&#8221;][vc_column width=&#8221;1\/3&#8243;][vc_column_text]<\/p>\n<h1>Dep\u00f3sitos<\/h1>\n<p>[\/vc_column_text][vc_row_inner][vc_column_inner width=&#8221;1\/3&#8243;][vc_single_image image=&#8221;184&#8243; img_size=&#8221;110&#215;70&#8243;][\/vc_column_inner][vc_column_inner width=&#8221;2\/3&#8243;][vc_column_text]<\/p>\n<ul>\n<li><a href=\"https:\/\/www.europlast-sl.com\/pt-pt\/productos\/depositos\/depositos-de-agua-cilindricos\/\">Dep\u00f3sitos de \u00e1gua cil\u00edndricos<\/a><\/li>\n<li><a href=\"https:\/\/www.europlast-sl.com\/pt-pt\/productos\/depositos\/depositos-de-agua-rectangulares\/\">Dep\u00f3sitos de \u00e1gua retangulares<\/a><\/li>\n<li><a href=\"https:\/\/www.europlast-sl.com\/pt-pt\/productos\/depositos\/dep-arqueta-de-registro\/\">Caixa de inspe\u00e7\u00e3o<\/a><\/li>\n<li><a href=\"https:\/\/www.europlast-sl.com\/pt-pt\/productos\/depositos\/rejas-de-desbaste\/\">Grelhas de desbaste<\/a><\/li>\n<li><a title=\"Dep\u00f3sito de compensaci\u00f3n\" href=\"https:\/\/www.europlast-sl.com\/pt-pt\/productos\/depositos\/deposito-de-compensacion\/\">Dep\u00f3sitos de compensa\u00e7\u00e3o<\/a><\/li>\n<\/ul>\n<p>[\/vc_column_text][\/vc_column_inner][\/vc_row_inner][\/vc_column][vc_column width=&#8221;1\/3&#8243;][vc_column_text]<\/p>\n<h1>Depura\u00e7\u00e3o de \u00e1guas residuais<\/h1>\n<p>[\/vc_column_text][vc_row_inner][vc_column_inner width=&#8221;1\/3&#8243;][vc_single_image image=&#8221;196&#8243; img_size=&#8221;110&#215;70&#8243;][\/vc_column_inner][vc_column_inner width=&#8221;2\/3&#8243;][vc_column_text]<\/p>\n<ul>\n<li><a href=\"https:\/\/www.europlast-sl.com\/pt-pt\/productos\/depuracion-agua-residual\/clarificador-de-aguas-grises\/\">Clarificador de \u00e1guas cinzentas<\/a><\/li>\n<li><a href=\"https:\/\/www.europlast-sl.com\/pt-pt\/productos\/depuracion-agua-residual\/fosa-septica\/\">Fossa s\u00e9tica<\/a><\/li>\n<li><a href=\"https:\/\/www.europlast-sl.com\/pt-pt\/productos\/depuracion-agua-residual\/fosa-filtro-separador-grasas\/\">Fossa filtro com separadores de gorduras<\/a><\/li>\n<li><a href=\"https:\/\/www.europlast-sl.com\/pt-pt\/productos\/depuracion-agua-residual\/filtro-biologico\/\">Filtro biol\u00f3gico<\/a><\/li>\n<li><a href=\"https:\/\/www.europlast-sl.com\/pt-pt\/productos\/depuracion-agua-residual\/oxidacion-total\/\">Oxida\u00e7\u00e3o total<\/a><\/li>\n<li><a href=\"https:\/\/www.europlast-sl.com\/pt-pt\/productos\/depuracion-agua-residual\/separador-de-grasas\/\">Separador de gorduras<\/a><\/li>\n<li><a href=\"https:\/\/www.europlast-sl.com\/pt-pt\/productos\/depuracion-agua-residual\/separador-de-hidrocarburos\/\">Separador de hidrocarbonetos<\/a><\/li>\n<li><a href=\"https:\/\/www.europlast-sl.com\/pt-pt\/productos\/depuracion-agua-residual\/desarenador-camara-de-grasas\/\">Desarenador<\/a><\/li>\n<li><a href=\"https:\/\/www.europlast-sl.com\/pt-pt\/productos\/depuracion-agua-residual\/pozo-de-bombeo\/\">Po\u00e7o de bombagem<\/a><\/li>\n<\/ul>\n<p>[\/vc_column_text][\/vc_column_inner][\/vc_row_inner][\/vc_column][vc_column width=&#8221;1\/3&#8243;][vc_column_text]<\/p>\n<h1>Grandes dep\u00f3sitos<\/h1>\n<p>[\/vc_column_text][vc_row_inner][vc_column_inner width=&#8221;1\/3&#8243;][vc_single_image image=&#8221;197&#8243; img_size=&#8221;110&#215;70&#8243;][\/vc_column_inner][vc_column_inner width=&#8221;2\/3&#8243;][vc_column_text]<\/p>\n<ul>\n<li><a href=\"https:\/\/www.europlast-sl.com\/pt-pt\/productos\/grandes-depositos\/depositos-aguas-pluviales\/\">Dep\u00f3sitos \u00e1guas pluviais<\/a><\/li>\n<li><a href=\"https:\/\/www.europlast-sl.com\/pt-pt\/productos\/grandes-depositos\/cilindricos-horizontales-superficie\/\">Dep\u00f3sitos cil\u00edndricos horizontais, \u00e0 superf\u00edcie<\/a><\/li>\n<li><a href=\"https:\/\/www.europlast-sl.com\/pt-pt\/productos\/grandes-depositos\/cilindricos-horizontales-enterrar\/\">Dep\u00f3sitos cil\u00edndricos horizontais, para enterrar<\/a><\/li>\n<li><a href=\"https:\/\/www.europlast-sl.com\/pt-pt\/productos\/grandes-depositos\/cilindricos-verticales-superficie\/\">Dep\u00f3sitos cil\u00edndricos verticais, \u00e0 superf\u00edcie<\/a><\/li>\n<li><a href=\"https:\/\/www.europlast-sl.com\/pt-pt\/productos\/grandes-depositos\/cilindricos-verticales-enterrar\/\">Dep\u00f3sitos cil\u00edndricos verticais, para enterrar<\/a><\/li>\n<li><a href=\"https:\/\/www.europlast-sl.com\/pt-pt\/productos\/grandes-depositos\/para-transporte\/\">Dep\u00f3sitos para transporte<\/a><\/li>\n<li><a href=\"https:\/\/www.europlast-sl.com\/pt-pt\/productos\/grandes-depositos\/depositos-de-agua-contra-incendios\/\">Dep\u00f3sitos de \u00e1gua contra inc\u00eandios<\/a><\/li>\n<li><a href=\"https:\/\/www.europlast-sl.com\/pt-pt\/productos\/grandes-depositos\/almacenamiento-de-aguas-fecales\/\">Armazenamento de \u00e1guas fecais<\/a><\/li>\n<\/ul>\n<p>[\/vc_column_text][\/vc_column_inner][\/vc_row_inner][\/vc_column][\/vc_row][vc_row el_class=&#8221;llistatproductes&#8221;][vc_column width=&#8221;1\/3&#8243;][vc_column_text]<\/p>\n<h1>Combust\u00edveis<\/h1>\n<p>[\/vc_column_text][vc_row_inner][vc_column_inner width=&#8221;1\/3&#8243;][vc_single_image image=&#8221;201&#8243; img_size=&#8221;110&#215;70&#8243;][\/vc_column_inner][vc_column_inner width=&#8221;2\/3&#8243;][vc_column_text]<\/p>\n<ul>\n<li><a href=\"https:\/\/www.europlast-sl.com\/pt-pt\/productos\/carburantes\/depositos-cilindricos-gasoil\/\">Dep\u00f3sitos cil\u00edndricos para gas\u00f3leo<\/a><\/li>\n<li><a href=\"https:\/\/www.europlast-sl.com\/pt-pt\/productos\/carburantes\/depositos-rectangulares-gasoil\/\">Dep\u00f3sitos retangulares para gas\u00f3leo<\/a><\/li>\n<\/ul>\n<p>[\/vc_column_text][\/vc_column_inner][\/vc_row_inner][\/vc_column][vc_column width=&#8221;1\/3&#8243;][vc_column_text]<\/p>\n<h1>Material \u00e0 medida<\/h1>\n<p>[\/vc_column_text][vc_row_inner][vc_column_inner width=&#8221;1\/3&#8243;][vc_single_image image=&#8221;202&#8243; img_size=&#8221;110&#215;70&#8243;][\/vc_column_inner][vc_column_inner width=&#8221;2\/3&#8243;][vc_column_text]<\/p>\n<ul>\n<li><a href=\"https:\/\/www.europlast-sl.com\/pt-pt\/productos\/material-a-medida\/\">Mais informa\u00e7\u00e3o<\/a><\/li>\n<\/ul>\n<p>[\/vc_column_text][\/vc_column_inner][\/vc_row_inner][\/vc_column][vc_column width=&#8221;1\/3&#8243;][vc_column_text]<\/p>\n<h1>Acess\u00f3rios<\/h1>\n<p>[\/vc_column_text][vc_row_inner][vc_column_inner width=&#8221;1\/3&#8243;][vc_single_image image=&#8221;203&#8243; img_size=&#8221;110&#215;70&#8243;][\/vc_column_inner][vc_column_inner width=&#8221;2\/3&#8243;][vc_column_text]<\/p>\n<ul>\n<li><a href=\"https:\/\/www.europlast-sl.com\/pt-pt\/productos\/accesorios\/boca-de-presion-lateral\/\">Boca de press\u00e3o lateral<\/a><\/li>\n<li><a href=\"https:\/\/www.europlast-sl.com\/pt-pt\/productos\/accesorios\/orejas-de-elevacion\/\">Argolas de eleva\u00e7\u00e3o<\/a><\/li>\n<li><a href=\"https:\/\/www.europlast-sl.com\/pt-pt\/productos\/accesorios\/bridas-portabridas\/\">Flanges + porta-flanges<\/a><\/li>\n<li><a href=\"https:\/\/www.europlast-sl.com\/pt-pt\/productos\/accesorios\/pasamuros\/\">Passa-muros<\/a><\/li>\n<li><a href=\"https:\/\/www.europlast-sl.com\/pt-pt\/productos\/accesorios\/valvula-bola\/\">V\u00e1lvula de esfera<\/a><\/li>\n<li><a href=\"?page_id=84\">Tampa de polipropileno<\/a><\/li>\n<li><a href=\"https:\/\/www.europlast-sl.com\/pt-pt\/productos\/accesorios\/kit-reparador\/\">Kit de repara\u00e7\u00e3o<\/a><\/li>\n<li><a href=\"https:\/\/www.europlast-sl.com\/pt-pt\/productos\/accesorios\/valvula-flotador-con-boya\/\">V\u00e1lvula flutuante com boia<\/a><\/li>\n<\/ul>\n<p>[\/vc_column_text][\/vc_column_inner][\/vc_row_inner][\/vc_column][\/vc_row]<\/p>\n<\/div>","protected":false},"excerpt":{"rendered":"<p>[vc_row el_class=&#8221;llistatproductes&#8221;][vc_column width=&#8221;1\/3&#8243;][vc_column_text] Dep\u00f3sitos [\/vc_column_text][vc_row_inner][vc_column_inner width=&#8221;1\/3&#8243;][vc_single_image image=&#8221;184&#8243; img_size=&#8221;110&#215;70&#8243;][\/vc_column_inner][vc_column_inner width=&#8221;2\/3&#8243;][vc_column_text] Dep\u00f3sitos de \u00e1gua cil\u00edndricos Dep\u00f3sitos de \u00e1gua retangulares Caixa de inspe\u00e7\u00e3o Grelhas de desbaste Dep\u00f3sitos de compensa\u00e7\u00e3o [\/vc_column_text][\/vc_column_inner][\/vc_row_inner][\/vc_column][vc_column width=&#8221;1\/3&#8243;][vc_column_text] Depura\u00e7\u00e3o de \u00e1guas residuais [\/vc_column_text][vc_row_inner][vc_column_inner width=&#8221;1\/3&#8243;][vc_single_image image=&#8221;196&#8243; img_size=&#8221;110&#215;70&#8243;][\/vc_column_inner][vc_column_inner width=&#8221;2\/3&#8243;][vc_column_text] Clarificador de \u00e1guas cinzentas Fossa s\u00e9tica Fossa filtro com separadores de gorduras Filtro biol\u00f3gico Oxida\u00e7\u00e3o total Separador de&hellip;<\/p>\n","protected":false},"author":1,"featured_media":0,"parent":0,"menu_order":0,"comment_status":"open","ping_status":"closed","template":"full-width.php","meta":{"_joinchat":[]},"class_list":["post-1199","page","type-page","status-publish","hentry","description-off"],"yoast_head":"<!-- This site is optimized with the Yoast SEO plugin v27.2 - https:\/\/yoast.com\/product\/yoast-seo-wordpress\/ -->\n<title>Venta de dep\u00f3sitos de agua de poli\u00e9ster - Europlast<\/title>\n<meta name=\"description\" content=\"Venta de dep\u00f3sitos de agua de poli\u00e9ster fabricados por Europlast. Dep\u00f3sitos de agua para lluvia, gasoil e contra incendios. Dep\u00f3sitos a medida de poli\u00e9ster.\" \/>\n<meta name=\"robots\" content=\"index, follow, max-snippet:-1, max-image-preview:large, max-video-preview:-1\" \/>\n<link rel=\"canonical\" href=\"https:\/\/www.europlast-sl.com\/pt-pt\/productos\/\" \/>\n<meta property=\"og:locale\" content=\"pt_PT\" \/>\n<meta property=\"og:type\" content=\"article\" \/>\n<meta property=\"og:title\" content=\"Venta de dep\u00f3sitos de agua de poli\u00e9ster - Europlast\" \/>\n<meta property=\"og:description\" content=\"Venta de dep\u00f3sitos de agua de poli\u00e9ster fabricados por Europlast. Dep\u00f3sitos de agua para lluvia, gasoil e contra incendios. Dep\u00f3sitos a medida de poli\u00e9ster.\" \/>\n<meta property=\"og:url\" content=\"https:\/\/www.europlast-sl.com\/pt-pt\/productos\/\" \/>\n<meta property=\"og:site_name\" content=\"Europlast\" \/>\n<meta property=\"article:modified_time\" content=\"2018-02-14T11:32:33+00:00\" \/>\n<meta name=\"twitter:label1\" content=\"Tempo estimado de leitura\" \/>\n\t<meta name=\"twitter:data1\" content=\"2 minutos\" \/>\n<script type=\"application\/ld+json\" class=\"yoast-schema-graph\">{\"@context\":\"https:\/\/schema.org\",\"@graph\":[{\"@type\":\"WebPage\",\"@id\":\"https:\/\/www.europlast-sl.com\/pt-pt\/productos\/\",\"url\":\"https:\/\/www.europlast-sl.com\/pt-pt\/productos\/\",\"name\":\"Venta de dep\u00f3sitos de agua de poli\u00e9ster - Europlast\",\"isPartOf\":{\"@id\":\"https:\/\/www.europlast-sl.com\/pt-pt\/#website\"},\"datePublished\":\"2014-08-21T11:51:49+00:00\",\"dateModified\":\"2018-02-14T11:32:33+00:00\",\"description\":\"Venta de dep\u00f3sitos de agua de poli\u00e9ster fabricados por Europlast. Dep\u00f3sitos de agua para lluvia, gasoil e contra incendios. Dep\u00f3sitos a medida de poli\u00e9ster.\",\"breadcrumb\":{\"@id\":\"https:\/\/www.europlast-sl.com\/pt-pt\/productos\/#breadcrumb\"},\"inLanguage\":\"pt-PT\",\"potentialAction\":[{\"@type\":\"ReadAction\",\"target\":[\"https:\/\/www.europlast-sl.com\/pt-pt\/productos\/\"]}]},{\"@type\":\"BreadcrumbList\",\"@id\":\"https:\/\/www.europlast-sl.com\/pt-pt\/productos\/#breadcrumb\",\"itemListElement\":[{\"@type\":\"ListItem\",\"position\":1,\"name\":\"Portada\",\"item\":\"https:\/\/www.europlast-sl.com\/pt-pt\/\"},{\"@type\":\"ListItem\",\"position\":2,\"name\":\"Produtos\"}]},{\"@type\":\"WebSite\",\"@id\":\"https:\/\/www.europlast-sl.com\/pt-pt\/#website\",\"url\":\"https:\/\/www.europlast-sl.com\/pt-pt\/\",\"name\":\"Europlast\",\"description\":\"Especialistas en la fabricaci\u00f3n y comercializaci\u00f3n de dep\u00f3sitos\",\"potentialAction\":[{\"@type\":\"SearchAction\",\"target\":{\"@type\":\"EntryPoint\",\"urlTemplate\":\"https:\/\/www.europlast-sl.com\/pt-pt\/?s={search_term_string}\"},\"query-input\":{\"@type\":\"PropertyValueSpecification\",\"valueRequired\":true,\"valueName\":\"search_term_string\"}}],\"inLanguage\":\"pt-PT\"}]}<\/script>\n<!-- \/ Yoast SEO plugin. -->","yoast_head_json":{"title":"Venta de dep\u00f3sitos de agua de poli\u00e9ster - Europlast","description":"Venta de dep\u00f3sitos de agua de poli\u00e9ster fabricados por Europlast. Dep\u00f3sitos de agua para lluvia, gasoil e contra incendios. Dep\u00f3sitos a medida de poli\u00e9ster.","robots":{"index":"index","follow":"follow","max-snippet":"max-snippet:-1","max-image-preview":"max-image-preview:large","max-video-preview":"max-video-preview:-1"},"canonical":"https:\/\/www.europlast-sl.com\/pt-pt\/productos\/","og_locale":"pt_PT","og_type":"article","og_title":"Venta de dep\u00f3sitos de agua de poli\u00e9ster - Europlast","og_description":"Venta de dep\u00f3sitos de agua de poli\u00e9ster fabricados por Europlast. Dep\u00f3sitos de agua para lluvia, gasoil e contra incendios. Dep\u00f3sitos a medida de poli\u00e9ster.","og_url":"https:\/\/www.europlast-sl.com\/pt-pt\/productos\/","og_site_name":"Europlast","article_modified_time":"2018-02-14T11:32:33+00:00","twitter_misc":{"Tempo estimado de leitura":"2 minutos"},"schema":{"@context":"https:\/\/schema.org","@graph":[{"@type":"WebPage","@id":"https:\/\/www.europlast-sl.com\/pt-pt\/productos\/","url":"https:\/\/www.europlast-sl.com\/pt-pt\/productos\/","name":"Venta de dep\u00f3sitos de agua de poli\u00e9ster - Europlast","isPartOf":{"@id":"https:\/\/www.europlast-sl.com\/pt-pt\/#website"},"datePublished":"2014-08-21T11:51:49+00:00","dateModified":"2018-02-14T11:32:33+00:00","description":"Venta de dep\u00f3sitos de agua de poli\u00e9ster fabricados por Europlast. Dep\u00f3sitos de agua para lluvia, gasoil e contra incendios. Dep\u00f3sitos a medida de poli\u00e9ster.","breadcrumb":{"@id":"https:\/\/www.europlast-sl.com\/pt-pt\/productos\/#breadcrumb"},"inLanguage":"pt-PT","potentialAction":[{"@type":"ReadAction","target":["https:\/\/www.europlast-sl.com\/pt-pt\/productos\/"]}]},{"@type":"BreadcrumbList","@id":"https:\/\/www.europlast-sl.com\/pt-pt\/productos\/#breadcrumb","itemListElement":[{"@type":"ListItem","position":1,"name":"Portada","item":"https:\/\/www.europlast-sl.com\/pt-pt\/"},{"@type":"ListItem","position":2,"name":"Produtos"}]},{"@type":"WebSite","@id":"https:\/\/www.europlast-sl.com\/pt-pt\/#website","url":"https:\/\/www.europlast-sl.com\/pt-pt\/","name":"Europlast","description":"Especialistas en la fabricaci\u00f3n y comercializaci\u00f3n de dep\u00f3sitos","potentialAction":[{"@type":"SearchAction","target":{"@type":"EntryPoint","urlTemplate":"https:\/\/www.europlast-sl.com\/pt-pt\/?s={search_term_string}"},"query-input":{"@type":"PropertyValueSpecification","valueRequired":true,"valueName":"search_term_string"}}],"inLanguage":"pt-PT"}]}},"_links":{"self":[{"href":"https:\/\/www.europlast-sl.com\/pt-pt\/wp-json\/wp\/v2\/pages\/1199","targetHints":{"allow":["GET"]}}],"collection":[{"href":"https:\/\/www.europlast-sl.com\/pt-pt\/wp-json\/wp\/v2\/pages"}],"about":[{"href":"https:\/\/www.europlast-sl.com\/pt-pt\/wp-json\/wp\/v2\/types\/page"}],"author":[{"embeddable":true,"href":"https:\/\/www.europlast-sl.com\/pt-pt\/wp-json\/wp\/v2\/users\/1"}],"replies":[{"embeddable":true,"href":"https:\/\/www.europlast-sl.com\/pt-pt\/wp-json\/wp\/v2\/comments?post=1199"}],"version-history":[{"count":2,"href":"https:\/\/www.europlast-sl.com\/pt-pt\/wp-json\/wp\/v2\/pages\/1199\/revisions"}],"predecessor-version":[{"id":1775,"href":"https:\/\/www.europlast-sl.com\/pt-pt\/wp-json\/wp\/v2\/pages\/1199\/revisions\/1775"}],"wp:attachment":[{"href":"https:\/\/www.europlast-sl.com\/pt-pt\/wp-json\/wp\/v2\/media?parent=1199"}],"curies":[{"name":"wp","href":"https:\/\/api.w.org\/{rel}","templated":true}]}}