{"id":1196,"date":"2014-08-21T18:33:07","date_gmt":"2014-08-21T18:33:07","guid":{"rendered":"https:\/\/www.europlast-sl.com\/pt-pt\/datos-de-interes\/"},"modified":"2019-05-10T09:47:01","modified_gmt":"2019-05-10T09:47:01","slug":"datos-de-interes","status":"publish","type":"page","link":"https:\/\/www.europlast-sl.com\/pt-pt\/fabricantes-depositos\/datos-de-interes\/","title":{"rendered":"Datos de inter\u00e9s"},"content":{"rendered":"<div class=\"wpb-content-wrapper\"><p>[vc_row][vc_column width=&#8221;1\/1&#8243;][vc_column_text]<\/p>\n<ul>\n<li>Todos los portes son pagados hasta destino, cualquiera que este sea dentro de toda la pen\u00ednsula, siempre que el importe m\u00ednimo neto de un pedido supere los 350 euros. En caso de no superar esta cifra, el porte no ir\u00e1 a cuenta nuestra.<\/li>\n<li>Para portes a cualquier isla, consultar con nuestro departamento comercial.<\/li>\n<li>Cuando se entregue un material que para su descarga se requiera gr\u00faa\/pluma, esta en ning\u00fan caso ir\u00e1 a cuenta nuestra. Si se precisa este tipo de servicio contactar con nuestro departamento comercial.<\/li>\n<\/ul>\n<p>[\/vc_column_text][\/vc_column][\/vc_row]<\/p>\n<\/div>","protected":false},"excerpt":{"rendered":"<p>[vc_row][vc_column width=&#8221;1\/1&#8243;][vc_column_text] Todos los portes son pagados hasta destino, cualquiera que este sea dentro de toda la pen\u00ednsula, siempre que el importe m\u00ednimo neto de un pedido supere los 350 euros. En caso de no superar esta cifra, el porte no ir\u00e1 a cuenta nuestra. Para portes a cualquier isla, consultar con nuestro departamento comercial.&hellip;<\/p>\n","protected":false},"author":1,"featured_media":0,"parent":1240,"menu_order":0,"comment_status":"closed","ping_status":"closed","template":"","meta":{"_joinchat":[]},"class_list":["post-1196","page","type-page","status-publish","hentry","description-off"],"yoast_head":"<!-- This site is optimized with the Yoast SEO plugin v27.2 - https:\/\/yoast.com\/product\/yoast-seo-wordpress\/ -->\n<title>Datos de inter\u00e9s &#8211; Europlast<\/title>\n<meta name=\"robots\" content=\"index, follow, max-snippet:-1, max-image-preview:large, max-video-preview:-1\" \/>\n<link rel=\"canonical\" href=\"https:\/\/www.europlast-sl.com\/pt-pt\/fabricantes-depositos\/datos-de-interes\/\" \/>\n<meta property=\"og:locale\" content=\"pt_PT\" \/>\n<meta property=\"og:type\" content=\"article\" \/>\n<meta property=\"og:title\" content=\"Datos de inter\u00e9s &#8211; Europlast\" \/>\n<meta property=\"og:description\" content=\"[vc_row][vc_column width=&#8221;1\/1&#8243;][vc_column_text] Todos los portes son pagados hasta destino, cualquiera que este sea dentro de toda la pen\u00ednsula, siempre que el importe m\u00ednimo neto de un pedido supere los 350 euros. En caso de no superar esta cifra, el porte no ir\u00e1 a cuenta nuestra. Para portes a cualquier isla, consultar con nuestro departamento comercial.&hellip;\" \/>\n<meta property=\"og:url\" content=\"https:\/\/www.europlast-sl.com\/pt-pt\/fabricantes-depositos\/datos-de-interes\/\" \/>\n<meta property=\"og:site_name\" content=\"Europlast\" \/>\n<meta property=\"article:modified_time\" content=\"2019-05-10T09:47:01+00:00\" \/>\n<meta name=\"twitter:label1\" content=\"Tempo estimado de leitura\" \/>\n\t<meta name=\"twitter:data1\" content=\"1 minuto\" \/>\n<script type=\"application\/ld+json\" class=\"yoast-schema-graph\">{\"@context\":\"https:\/\/schema.org\",\"@graph\":[{\"@type\":\"WebPage\",\"@id\":\"https:\/\/www.europlast-sl.com\/pt-pt\/fabricantes-depositos\/datos-de-interes\/\",\"url\":\"https:\/\/www.europlast-sl.com\/pt-pt\/fabricantes-depositos\/datos-de-interes\/\",\"name\":\"Datos de inter\u00e9s &#8211; Europlast\",\"isPartOf\":{\"@id\":\"https:\/\/www.europlast-sl.com\/pt-pt\/#website\"},\"datePublished\":\"2014-08-21T18:33:07+00:00\",\"dateModified\":\"2019-05-10T09:47:01+00:00\",\"breadcrumb\":{\"@id\":\"https:\/\/www.europlast-sl.com\/pt-pt\/fabricantes-depositos\/datos-de-interes\/#breadcrumb\"},\"inLanguage\":\"pt-PT\",\"potentialAction\":[{\"@type\":\"ReadAction\",\"target\":[\"https:\/\/www.europlast-sl.com\/pt-pt\/fabricantes-depositos\/datos-de-interes\/\"]}]},{\"@type\":\"BreadcrumbList\",\"@id\":\"https:\/\/www.europlast-sl.com\/pt-pt\/fabricantes-depositos\/datos-de-interes\/#breadcrumb\",\"itemListElement\":[{\"@type\":\"ListItem\",\"position\":1,\"name\":\"Portada\",\"item\":\"https:\/\/www.europlast-sl.com\/pt-pt\/\"},{\"@type\":\"ListItem\",\"position\":2,\"name\":\"Empresa\",\"item\":\"https:\/\/www.europlast-sl.com\/pt-pt\/fabricantes-depositos\/\"},{\"@type\":\"ListItem\",\"position\":3,\"name\":\"Datos de inter\u00e9s\"}]},{\"@type\":\"WebSite\",\"@id\":\"https:\/\/www.europlast-sl.com\/pt-pt\/#website\",\"url\":\"https:\/\/www.europlast-sl.com\/pt-pt\/\",\"name\":\"Europlast\",\"description\":\"Especialistas en la fabricaci\u00f3n y comercializaci\u00f3n de dep\u00f3sitos\",\"potentialAction\":[{\"@type\":\"SearchAction\",\"target\":{\"@type\":\"EntryPoint\",\"urlTemplate\":\"https:\/\/www.europlast-sl.com\/pt-pt\/?s={search_term_string}\"},\"query-input\":{\"@type\":\"PropertyValueSpecification\",\"valueRequired\":true,\"valueName\":\"search_term_string\"}}],\"inLanguage\":\"pt-PT\"}]}<\/script>\n<!-- \/ Yoast SEO plugin. -->","yoast_head_json":{"title":"Datos de inter\u00e9s &#8211; Europlast","robots":{"index":"index","follow":"follow","max-snippet":"max-snippet:-1","max-image-preview":"max-image-preview:large","max-video-preview":"max-video-preview:-1"},"canonical":"https:\/\/www.europlast-sl.com\/pt-pt\/fabricantes-depositos\/datos-de-interes\/","og_locale":"pt_PT","og_type":"article","og_title":"Datos de inter\u00e9s &#8211; Europlast","og_description":"[vc_row][vc_column width=&#8221;1\/1&#8243;][vc_column_text] Todos los portes son pagados hasta destino, cualquiera que este sea dentro de toda la pen\u00ednsula, siempre que el importe m\u00ednimo neto de un pedido supere los 350 euros. En caso de no superar esta cifra, el porte no ir\u00e1 a cuenta nuestra. Para portes a cualquier isla, consultar con nuestro departamento comercial.&hellip;","og_url":"https:\/\/www.europlast-sl.com\/pt-pt\/fabricantes-depositos\/datos-de-interes\/","og_site_name":"Europlast","article_modified_time":"2019-05-10T09:47:01+00:00","twitter_misc":{"Tempo estimado de leitura":"1 minuto"},"schema":{"@context":"https:\/\/schema.org","@graph":[{"@type":"WebPage","@id":"https:\/\/www.europlast-sl.com\/pt-pt\/fabricantes-depositos\/datos-de-interes\/","url":"https:\/\/www.europlast-sl.com\/pt-pt\/fabricantes-depositos\/datos-de-interes\/","name":"Datos de inter\u00e9s &#8211; Europlast","isPartOf":{"@id":"https:\/\/www.europlast-sl.com\/pt-pt\/#website"},"datePublished":"2014-08-21T18:33:07+00:00","dateModified":"2019-05-10T09:47:01+00:00","breadcrumb":{"@id":"https:\/\/www.europlast-sl.com\/pt-pt\/fabricantes-depositos\/datos-de-interes\/#breadcrumb"},"inLanguage":"pt-PT","potentialAction":[{"@type":"ReadAction","target":["https:\/\/www.europlast-sl.com\/pt-pt\/fabricantes-depositos\/datos-de-interes\/"]}]},{"@type":"BreadcrumbList","@id":"https:\/\/www.europlast-sl.com\/pt-pt\/fabricantes-depositos\/datos-de-interes\/#breadcrumb","itemListElement":[{"@type":"ListItem","position":1,"name":"Portada","item":"https:\/\/www.europlast-sl.com\/pt-pt\/"},{"@type":"ListItem","position":2,"name":"Empresa","item":"https:\/\/www.europlast-sl.com\/pt-pt\/fabricantes-depositos\/"},{"@type":"ListItem","position":3,"name":"Datos de inter\u00e9s"}]},{"@type":"WebSite","@id":"https:\/\/www.europlast-sl.com\/pt-pt\/#website","url":"https:\/\/www.europlast-sl.com\/pt-pt\/","name":"Europlast","description":"Especialistas en la fabricaci\u00f3n y comercializaci\u00f3n de dep\u00f3sitos","potentialAction":[{"@type":"SearchAction","target":{"@type":"EntryPoint","urlTemplate":"https:\/\/www.europlast-sl.com\/pt-pt\/?s={search_term_string}"},"query-input":{"@type":"PropertyValueSpecification","valueRequired":true,"valueName":"search_term_string"}}],"inLanguage":"pt-PT"}]}},"_links":{"self":[{"href":"https:\/\/www.europlast-sl.com\/pt-pt\/wp-json\/wp\/v2\/pages\/1196","targetHints":{"allow":["GET"]}}],"collection":[{"href":"https:\/\/www.europlast-sl.com\/pt-pt\/wp-json\/wp\/v2\/pages"}],"about":[{"href":"https:\/\/www.europlast-sl.com\/pt-pt\/wp-json\/wp\/v2\/types\/page"}],"author":[{"embeddable":true,"href":"https:\/\/www.europlast-sl.com\/pt-pt\/wp-json\/wp\/v2\/users\/1"}],"replies":[{"embeddable":true,"href":"https:\/\/www.europlast-sl.com\/pt-pt\/wp-json\/wp\/v2\/comments?post=1196"}],"version-history":[{"count":1,"href":"https:\/\/www.europlast-sl.com\/pt-pt\/wp-json\/wp\/v2\/pages\/1196\/revisions"}],"predecessor-version":[{"id":3346,"href":"https:\/\/www.europlast-sl.com\/pt-pt\/wp-json\/wp\/v2\/pages\/1196\/revisions\/3346"}],"up":[{"embeddable":true,"href":"https:\/\/www.europlast-sl.com\/pt-pt\/wp-json\/wp\/v2\/pages\/1240"}],"wp:attachment":[{"href":"https:\/\/www.europlast-sl.com\/pt-pt\/wp-json\/wp\/v2\/media?parent=1196"}],"curies":[{"name":"wp","href":"https:\/\/api.w.org\/{rel}","templated":true}]}}