{"id":1192,"date":"2014-08-23T09:53:16","date_gmt":"2014-08-23T09:53:16","guid":{"rendered":"https:\/\/www.europlast-sl.com\/pt-pt\/aviso-legal\/"},"modified":"2022-11-11T13:15:05","modified_gmt":"2022-11-11T13:15:05","slug":"aviso-legal","status":"publish","type":"page","link":"https:\/\/www.europlast-sl.com\/pt-pt\/aviso-legal\/","title":{"rendered":"Aviso legal"},"content":{"rendered":"<div class=\"wpb-content-wrapper\"><p>[vc_row][vc_column][vc_column_text]<\/p>\n<h3>DATOS LEGALES<\/h3>\n<p>En cumplimiento de la Ley 34\/2002, de 11 de julio, de Servicios de la Sociedad de la Informaci\u00f3n y de Comercio Electr\u00f3nico, te informamos que el titular de europlast-sl.com es: EUROPLAST SL con direcci\u00f3n en PG BUFALVENT 84, Nau 7-8 MANRESA (Barcelona). Inscrita en el Registro Mercantil de Barcelona, Tomo 24710 de la secci\u00f3n general, Folio 194, Hoja B-79012, con C.I.F. B-60182516<\/p>\n<h3>AUTORIZACI\u00d3N DE TRATAMIENTO DE DATOS<\/h3>\n<p>EUROPLAST SL, le informa de la existencia de un fichero de datos de car\u00e1cter personal al que se incorporar\u00e1n los datos de las personas o empresas que suscriben este documento, conjuntamente con los datos que han facilitado con motivo de otros contratos, relaciones o comunicaciones, as\u00ed como las que procedan de registros p\u00fablicos u otras fuentes legalmente admitidas, y las que se deriven del tratamiento automatizado o no de todos estos datos.<\/p>\n<p>El responsable de este fichero es: EUROPLAST SL &#8211; PG BUFALVENT 84, Nau 7-8 MANRESA (Barcelona) &#8211; Tel (+34) 93 877 18 32 &#8211; Fax (+34) 93 877 22 46 &#8211; comercial@europlast-sl.com<\/p>\n<p>La finalidad de este fichero es permitir a EUROPLAST SL, el uso interno, de los datos para la gesti\u00f3n precisa de la tarea por la que se suscribe este documento. EUROPLAST SL, as\u00ed como la\/s empresa\/s destinataria\/as de cualquiera de los formularios contenidos en esta p\u00e1gina web quedan autorizadas a conservar los datos de los interesados, incluso en el caso de que la prestaci\u00f3n del servicio solicitado no llegara a realizarse, con la finalidad de poder enviarle informaci\u00f3n publicitaria y ofertas comerciales de EUROPLAST SL, y empresas afiliadas.<\/p>\n<p>Los datos personales que se han incorporado al fichero est\u00e1n protegidos con los medios y los sistemas t\u00e9cnicos necesarios para poder preservar la confidencialidad y evitar la p\u00e9rdida, alteraci\u00f3n o acceso no autorizado, los niveles de seguridad que legalmente se requieran.<\/p>\n<p>Todos los datos solicitados en el documento de captaci\u00f3n, son necesarias para poder llevar a cabo la tarea encomendada pudiendo llegar, en caso de ser incompletas, impedir su correcta realizaci\u00f3n.<\/p>\n<p>El interesado puede ejercer los derechos de acceder a sus datos personales, obtener informaci\u00f3n, a rectificarla las ya oponerse que \u00e9stas se cedan en los t\u00e9rminos establecidos. Para ejercer estos derechos el interesado se podr\u00e1 dirigir a EUROPLAST SL, en el domicilio anteriormente mencionado.<\/p>\n<h3>RECOPILACI\u00d3N DE INFORMACI\u00d3N DE LOS USUARIOS<\/h3>\n<p>EUROPLAST SL informa a los usuarios que existen cookies instaladas en su Portal www.europlast-sl.com.<\/p>\n<p>Las cookies son peque\u00f1os ficheros de datos generados a trav\u00e9s de instrucciones enviadas por los servidores web a los programas navegadores de los usuarios, y que se guardan en un directorio espec\u00edfico del terminal de aqu\u00e9llos, con el objetivo de reunir informaci\u00f3n compilada por el propio fichero.<\/p>\n<p>Este portal guarda cookies en los discos duros de los ordenadores de los visitantes. Son para recordar el idioma escogido por el usuario durante la navegaci\u00f3n y para recordar el codigo de seguridad generado en el formulario al realizar el envio de este. La mayor\u00eda de los navegadores aceptan la utilizaci\u00f3n de cookies de forma autom\u00e1tica. Sin embargo, el usuario tiene la posibilidad de impedir el acceso a su ordenador, mediante la elecci\u00f3n de la opci\u00f3n correspondiente de su navegador:<\/p>\n<p>Para desactivarlas en Mozilla Firefox, es necesario hacer clic en &#8220;Opciones&#8221; y en la pesta\u00f1a &#8220;Privacidad&#8221;; en ella, se ha de desactivar la posibilidad de &#8220;Aceptar cookies de las webs&#8221;.<\/p>\n<p>Para desactivarlas en Internet Explorer, es necesario hacer clic en &#8220;Opciones de Internet&#8221; y en la pesta\u00f1a &#8220;Privacidad&#8221;; en ella, se ha deslizar la barra de configuraci\u00f3n de la privacidad hasta el l\u00edmite inferior.[\/vc_column_text][\/vc_column][\/vc_row]<\/p>\n<\/div>","protected":false},"excerpt":{"rendered":"<p>[vc_row][vc_column][vc_column_text] DATOS LEGALES En cumplimiento de la Ley 34\/2002, de 11 de julio, de Servicios de la Sociedad de la Informaci\u00f3n y de Comercio Electr\u00f3nico, te informamos que el titular de europlast-sl.com es: EUROPLAST SL con direcci\u00f3n en PG BUFALVENT 84, Nau 7-8 MANRESA (Barcelona). Inscrita en el Registro Mercantil de Barcelona, Tomo 24710 de&hellip;<\/p>\n","protected":false},"author":1,"featured_media":0,"parent":0,"menu_order":0,"comment_status":"open","ping_status":"closed","template":"","meta":{"_joinchat":[]},"class_list":["post-1192","page","type-page","status-publish","hentry","description-off"],"yoast_head":"<!-- This site is optimized with the Yoast SEO plugin v27.2 - https:\/\/yoast.com\/product\/yoast-seo-wordpress\/ -->\n<title>Aviso legal &#8211; Europlast<\/title>\n<meta name=\"robots\" content=\"index, follow, max-snippet:-1, max-image-preview:large, max-video-preview:-1\" \/>\n<link rel=\"canonical\" href=\"https:\/\/www.europlast-sl.com\/pt-pt\/aviso-legal\/\" \/>\n<meta property=\"og:locale\" content=\"pt_PT\" \/>\n<meta property=\"og:type\" content=\"article\" \/>\n<meta property=\"og:title\" content=\"Aviso legal &#8211; Europlast\" \/>\n<meta property=\"og:description\" content=\"[vc_row][vc_column][vc_column_text] DATOS LEGALES En cumplimiento de la Ley 34\/2002, de 11 de julio, de Servicios de la Sociedad de la Informaci\u00f3n y de Comercio Electr\u00f3nico, te informamos que el titular de europlast-sl.com es: EUROPLAST SL con direcci\u00f3n en PG BUFALVENT 84, Nau 7-8 MANRESA (Barcelona). Inscrita en el Registro Mercantil de Barcelona, Tomo 24710 de&hellip;\" \/>\n<meta property=\"og:url\" content=\"https:\/\/www.europlast-sl.com\/pt-pt\/aviso-legal\/\" \/>\n<meta property=\"og:site_name\" content=\"Europlast\" \/>\n<meta property=\"article:modified_time\" content=\"2022-11-11T13:15:05+00:00\" \/>\n<meta name=\"twitter:label1\" content=\"Tempo estimado de leitura\" \/>\n\t<meta name=\"twitter:data1\" content=\"3 minutos\" \/>\n<script type=\"application\/ld+json\" class=\"yoast-schema-graph\">{\"@context\":\"https:\/\/schema.org\",\"@graph\":[{\"@type\":\"WebPage\",\"@id\":\"https:\/\/www.europlast-sl.com\/pt-pt\/aviso-legal\/\",\"url\":\"https:\/\/www.europlast-sl.com\/pt-pt\/aviso-legal\/\",\"name\":\"Aviso legal &#8211; Europlast\",\"isPartOf\":{\"@id\":\"https:\/\/www.europlast-sl.com\/pt-pt\/#website\"},\"datePublished\":\"2014-08-23T09:53:16+00:00\",\"dateModified\":\"2022-11-11T13:15:05+00:00\",\"breadcrumb\":{\"@id\":\"https:\/\/www.europlast-sl.com\/pt-pt\/aviso-legal\/#breadcrumb\"},\"inLanguage\":\"pt-PT\",\"potentialAction\":[{\"@type\":\"ReadAction\",\"target\":[\"https:\/\/www.europlast-sl.com\/pt-pt\/aviso-legal\/\"]}]},{\"@type\":\"BreadcrumbList\",\"@id\":\"https:\/\/www.europlast-sl.com\/pt-pt\/aviso-legal\/#breadcrumb\",\"itemListElement\":[{\"@type\":\"ListItem\",\"position\":1,\"name\":\"Portada\",\"item\":\"https:\/\/www.europlast-sl.com\/pt-pt\/\"},{\"@type\":\"ListItem\",\"position\":2,\"name\":\"Aviso legal\"}]},{\"@type\":\"WebSite\",\"@id\":\"https:\/\/www.europlast-sl.com\/pt-pt\/#website\",\"url\":\"https:\/\/www.europlast-sl.com\/pt-pt\/\",\"name\":\"Europlast\",\"description\":\"Especialistas en la fabricaci\u00f3n y comercializaci\u00f3n de dep\u00f3sitos\",\"potentialAction\":[{\"@type\":\"SearchAction\",\"target\":{\"@type\":\"EntryPoint\",\"urlTemplate\":\"https:\/\/www.europlast-sl.com\/pt-pt\/?s={search_term_string}\"},\"query-input\":{\"@type\":\"PropertyValueSpecification\",\"valueRequired\":true,\"valueName\":\"search_term_string\"}}],\"inLanguage\":\"pt-PT\"}]}<\/script>\n<!-- \/ Yoast SEO plugin. -->","yoast_head_json":{"title":"Aviso legal &#8211; Europlast","robots":{"index":"index","follow":"follow","max-snippet":"max-snippet:-1","max-image-preview":"max-image-preview:large","max-video-preview":"max-video-preview:-1"},"canonical":"https:\/\/www.europlast-sl.com\/pt-pt\/aviso-legal\/","og_locale":"pt_PT","og_type":"article","og_title":"Aviso legal &#8211; Europlast","og_description":"[vc_row][vc_column][vc_column_text] DATOS LEGALES En cumplimiento de la Ley 34\/2002, de 11 de julio, de Servicios de la Sociedad de la Informaci\u00f3n y de Comercio Electr\u00f3nico, te informamos que el titular de europlast-sl.com es: EUROPLAST SL con direcci\u00f3n en PG BUFALVENT 84, Nau 7-8 MANRESA (Barcelona). Inscrita en el Registro Mercantil de Barcelona, Tomo 24710 de&hellip;","og_url":"https:\/\/www.europlast-sl.com\/pt-pt\/aviso-legal\/","og_site_name":"Europlast","article_modified_time":"2022-11-11T13:15:05+00:00","twitter_misc":{"Tempo estimado de leitura":"3 minutos"},"schema":{"@context":"https:\/\/schema.org","@graph":[{"@type":"WebPage","@id":"https:\/\/www.europlast-sl.com\/pt-pt\/aviso-legal\/","url":"https:\/\/www.europlast-sl.com\/pt-pt\/aviso-legal\/","name":"Aviso legal &#8211; Europlast","isPartOf":{"@id":"https:\/\/www.europlast-sl.com\/pt-pt\/#website"},"datePublished":"2014-08-23T09:53:16+00:00","dateModified":"2022-11-11T13:15:05+00:00","breadcrumb":{"@id":"https:\/\/www.europlast-sl.com\/pt-pt\/aviso-legal\/#breadcrumb"},"inLanguage":"pt-PT","potentialAction":[{"@type":"ReadAction","target":["https:\/\/www.europlast-sl.com\/pt-pt\/aviso-legal\/"]}]},{"@type":"BreadcrumbList","@id":"https:\/\/www.europlast-sl.com\/pt-pt\/aviso-legal\/#breadcrumb","itemListElement":[{"@type":"ListItem","position":1,"name":"Portada","item":"https:\/\/www.europlast-sl.com\/pt-pt\/"},{"@type":"ListItem","position":2,"name":"Aviso legal"}]},{"@type":"WebSite","@id":"https:\/\/www.europlast-sl.com\/pt-pt\/#website","url":"https:\/\/www.europlast-sl.com\/pt-pt\/","name":"Europlast","description":"Especialistas en la fabricaci\u00f3n y comercializaci\u00f3n de dep\u00f3sitos","potentialAction":[{"@type":"SearchAction","target":{"@type":"EntryPoint","urlTemplate":"https:\/\/www.europlast-sl.com\/pt-pt\/?s={search_term_string}"},"query-input":{"@type":"PropertyValueSpecification","valueRequired":true,"valueName":"search_term_string"}}],"inLanguage":"pt-PT"}]}},"_links":{"self":[{"href":"https:\/\/www.europlast-sl.com\/pt-pt\/wp-json\/wp\/v2\/pages\/1192","targetHints":{"allow":["GET"]}}],"collection":[{"href":"https:\/\/www.europlast-sl.com\/pt-pt\/wp-json\/wp\/v2\/pages"}],"about":[{"href":"https:\/\/www.europlast-sl.com\/pt-pt\/wp-json\/wp\/v2\/types\/page"}],"author":[{"embeddable":true,"href":"https:\/\/www.europlast-sl.com\/pt-pt\/wp-json\/wp\/v2\/users\/1"}],"replies":[{"embeddable":true,"href":"https:\/\/www.europlast-sl.com\/pt-pt\/wp-json\/wp\/v2\/comments?post=1192"}],"version-history":[{"count":3,"href":"https:\/\/www.europlast-sl.com\/pt-pt\/wp-json\/wp\/v2\/pages\/1192\/revisions"}],"predecessor-version":[{"id":3439,"href":"https:\/\/www.europlast-sl.com\/pt-pt\/wp-json\/wp\/v2\/pages\/1192\/revisions\/3439"}],"wp:attachment":[{"href":"https:\/\/www.europlast-sl.com\/pt-pt\/wp-json\/wp\/v2\/media?parent=1192"}],"curies":[{"name":"wp","href":"https:\/\/api.w.org\/{rel}","templated":true}]}}