{"id":657,"date":"2014-09-02T14:19:08","date_gmt":"2014-09-02T14:19:08","guid":{"rendered":"https:\/\/www.europlast-sl.com\/nova\/?page_id=657"},"modified":"2018-12-17T11:19:44","modified_gmt":"2018-12-17T11:19:44","slug":"diposits-rectangulars","status":"publish","type":"page","link":"https:\/\/www.europlast-sl.com\/ca\/diposits-aigua\/diposits-rectangulars\/","title":{"rendered":"Dip\u00f2sits rectangulars"},"content":{"rendered":"<div class=\"wpb-content-wrapper\"><p>[vc_row el_class=&#8221;productes&#8221;][vc_column][vc_column_text]Ideals per contenir aigua. Per les seves magn\u00edfiques dimensions i el seu poc pes, faciliten la manipulaci\u00f3 per instalar on millor convingui.[\/vc_column_text][\/vc_column][\/vc_row][vc_row][vc_column][vc_raw_html]JTNDdGFibGUlMjBjbGFzcyUzRCUyMnRhdWxhJTIyJTIwd2lkdGglM0QlMjIxMDAlMjUlMjIlM0UlMEElM0N0aGVhZCUzRSUwQSUzQ3RyJTNFJTBBJTNDdGglMjB3aWR0aCUzRCUyMjE1JTI1JTIyJTNFJTI2bmJzcCUzQiUzQyUyRnRoJTNFJTBBJTNDdGglMjBjbGFzcyUzRCUyMmNhcHNhbGVyYTElMjIlMjBjb2xzcGFuJTNEJTIyNSUyMiUzRURJTUVOU0lPTlMlM0MlMkZ0aCUzRSUwQSUzQyUyRnRyJTNFJTBBJTNDdHIlM0UlMEElM0N0aCUyMGNsYXNzJTNEJTIyY2Fwc2FsZXJhMyUyMiUzRUNBUEFDSVRBVCUzQyUyRnRoJTNFJTBBJTNDdGglMjBjbGFzcyUzRCUyMmNhcHNhbGVyYTIlMjIlM0VBMSUzQyUyRnRoJTNFJTBBJTNDdGglMjBjbGFzcyUzRCUyMmNhcHNhbGVyYTIlMjIlM0VBMiUzQyUyRnRoJTNFJTBBJTNDdGglMjBjbGFzcyUzRCUyMmNhcHNhbGVyYTIlMjIlM0VMMSUzQyUyRnRoJTNFJTBBJTNDdGglMjBjbGFzcyUzRCUyMmNhcHNhbGVyYTIlMjIlM0VMMiUzQyUyRnRoJTNFJTBBJTNDdGglMjBjbGFzcyUzRCUyMmNhcHNhbGVyYTIlMjIlM0VIJTNDJTJGdGglM0UlMEElM0MlMkZ0ciUzRSUwQSUzQyUyRnRoZWFkJTNFJTBBJTNDdGJvZHklM0UlMEElM0N0ciUzRSUwQSUzQ3RkJTIwY2xhc3MlM0QlMjJjYXBzYWxlcmEyJTIyJTNFNTAlM0MlMkZ0ZCUzRSUwQSUzQ3RkJTNFMjc3JTIwbW0lM0MlMkZ0ZCUzRSUwQSUzQ3RkJTNFMTkwJTIwbW0lM0MlMkZ0ZCUzRSUwQSUzQ3RkJTNFNDIwJTIwbW0lM0MlMkZ0ZCUzRSUwQSUzQ3RkJTNFMzMwJTIwbW0lM0MlMkZ0ZCUzRSUwQSUzQ3RkJTNFNDQwJTIwbW0lM0MlMkZ0ZCUzRSUwQSUzQyUyRnRyJTNFJTBBJTNDdHIlM0UlMEElM0N0ZCUyMGNsYXNzJTNEJTIyY2Fwc2FsZXJhMiUyMiUzRTEwMCUzQyUyRnRkJTNFJTBBJTNDdGQlM0U0MzAlMjBtbSUzQyUyRnRkJTNFJTBBJTNDdGQlM0UzNDAlMjBtbSUzQyUyRnRkJTNFJTBBJTNDdGQlM0U2MzIlMjBtbSUzQyUyRnRkJTNFJTBBJTNDdGQlM0U1MjAlMjBtbSUzQyUyRnRkJTNFJTBBJTNDdGQlM0U1MTAlMjBtbSUzQyUyRnRkJTNFJTBBJTNDJTJGdHIlM0UlMEElM0N0ciUzRSUwQSUzQ3RkJTIwY2xhc3MlM0QlMjJjYXBzYWxlcmEyJTIyJTNFMjAwJTNDJTJGdGQlM0UlMEElM0N0ZCUzRTYyMCUyMG1tJTNDJTJGdGQlM0UlMEElM0N0ZCUzRTQxMCUyMG1tJTNDJTJGdGQlM0UlMEElM0N0ZCUzRTk2NSUyMG1tJTNDJTJGdGQlM0UlMEElM0N0ZCUzRTc2MCUyMG1tJTNDJTJGdGQlM0UlMEElM0N0ZCUzRTQ4MCUyMG1tJTNDJTJGdGQlM0UlMEElM0MlMkZ0ciUzRSUwQSUzQ3RyJTNFJTBBJTNDdGQlMjBjbGFzcyUzRCUyMmNhcHNhbGVyYTIlMjIlM0UzMDAlM0MlMkZ0ZCUzRSUwQSUzQ3RkJTNFNzMwJTIwbW0lM0MlMkZ0ZCUzRSUwQSUzQ3RkJTNFNTIwJTIwbW0lM0MlMkZ0ZCUzRSUwQSUzQ3RkJTNFMTE2MCUyMG1tJTNDJTJGdGQlM0UlMEElM0N0ZCUzRTk5MCUyMG1tJTNDJTJGdGQlM0UlMEElM0N0ZCUzRTQ4NSUyMG1tJTNDJTJGdGQlM0UlMEElM0MlMkZ0ciUzRSUwQSUzQ3RyJTNFJTBBJTNDdGQlMjBjbGFzcyUzRCUyMmNhcHNhbGVyYTIlMjIlM0U1MDAlM0MlMkZ0ZCUzRSUwQSUzQ3RkJTNFODg1JTIwbW0lM0MlMkZ0ZCUzRSUwQSUzQ3RkJTNFNjUwJTIwbW0lM0MlMkZ0ZCUzRSUwQSUzQ3RkJTNFMTMyNSUyMG1tJTNDJTJGdGQlM0UlMEElM0N0ZCUzRTExMDAlMjBtbSUzQyUyRnRkJTNFJTBBJTNDdGQlM0U2MDAlMjBtbSUzQyUyRnRkJTNFJTBBJTNDJTJGdHIlM0UlMEElM0N0ciUzRSUwQSUzQ3RkJTIwY2xhc3MlM0QlMjJjYXBzYWxlcmEyJTIyJTNFMTE1MCUzQyUyRnRkJTNFJTBBJTNDdGQlM0UxMTcwJTIwbW0lM0MlMkZ0ZCUzRSUwQSUzQ3RkJTNFOTcwJTIwbW0lM0MlMkZ0ZCUzRSUwQSUzQ3RkJTNFMTU1MCUyMG1tJTNDJTJGdGQlM0UlMEElM0N0ZCUzRTEzNDAlMjBtbSUzQyUyRnRkJTNFJTBBJTNDdGQlM0U3NTAlMjBtbSUzQyUyRnRkJTNFJTBBJTNDJTJGdHIlM0UlMEElM0MlMkZ0Ym9keSUzRSUwQSUzQyUyRnRhYmxlJTNF[\/vc_raw_html][\/vc_column][\/vc_row][vc_row][vc_column][vc_single_image image=&#8221;1749&#8243; img_size=&#8221;600&#215;407&#8243; alignment=&#8221;center&#8221; onclick=&#8221;link_image&#8221;][\/vc_column][\/vc_row][vc_row][vc_column][vc_text_separator title=&#8221;Contacte&#8221; el_class=&#8221;titleForm&#8221;]\n<div class=\"wpcf7 no-js\" id=\"wpcf7-f585-o1\" lang=\"en-US\" dir=\"ltr\" data-wpcf7-id=\"585\">\n<div class=\"screen-reader-response\"><p role=\"status\" aria-live=\"polite\" aria-atomic=\"true\"><\/p> <ul><\/ul><\/div>\n<form action=\"\/ca\/wp-json\/wp\/v2\/pages\/657#wpcf7-f585-o1\" method=\"post\" class=\"wpcf7-form init\" aria-label=\"Contact form\" novalidate=\"novalidate\" data-status=\"init\">\n<fieldset class=\"hidden-fields-container\"><input type=\"hidden\" name=\"_wpcf7\" value=\"585\" \/><input type=\"hidden\" name=\"_wpcf7_version\" value=\"6.1.5\" \/><input type=\"hidden\" name=\"_wpcf7_locale\" value=\"en_US\" \/><input type=\"hidden\" name=\"_wpcf7_unit_tag\" value=\"wpcf7-f585-o1\" \/><input type=\"hidden\" name=\"_wpcf7_container_post\" value=\"0\" \/><input type=\"hidden\" name=\"_wpcf7_posted_data_hash\" value=\"\" \/><input type=\"hidden\" name=\"_wpcf7_recaptcha_response\" value=\"\" \/>\n<\/fieldset>\n<p>Nom (*)\n<\/p>\n<p><span class=\"wpcf7-form-control-wrap\" data-name=\"your-name\"><input size=\"40\" maxlength=\"400\" class=\"wpcf7-form-control wpcf7-text wpcf7-validates-as-required\" aria-required=\"true\" aria-invalid=\"false\" value=\"\" type=\"text\" name=\"your-name\" \/><\/span>\n<\/p>\n<p>Poblaci\u00f3 (*)\n<\/p>\n<p><span class=\"wpcf7-form-control-wrap\" data-name=\"poblacio\"><input size=\"40\" maxlength=\"400\" class=\"wpcf7-form-control wpcf7-text wpcf7-validates-as-required\" aria-required=\"true\" aria-invalid=\"false\" value=\"\" type=\"text\" name=\"poblacio\" \/><\/span>\n<\/p>\n<p>Tel\u00e8fon (*)\n<\/p>\n<p><span class=\"wpcf7-form-control-wrap\" data-name=\"telefono\"><input size=\"40\" maxlength=\"400\" class=\"wpcf7-form-control wpcf7-text wpcf7-validates-as-required\" aria-required=\"true\" aria-invalid=\"false\" value=\"\" type=\"text\" name=\"telefono\" \/><\/span>\n<\/p>\n<p>Email (*)\n<\/p>\n<p><span class=\"wpcf7-form-control-wrap\" data-name=\"your-email\"><input size=\"40\" maxlength=\"400\" class=\"wpcf7-form-control wpcf7-email wpcf7-validates-as-required wpcf7-text wpcf7-validates-as-email\" aria-required=\"true\" aria-invalid=\"false\" value=\"\" type=\"email\" name=\"your-email\" \/><\/span>\n<\/p>\n<p>Consulta\n<\/p>\n<p><span class=\"wpcf7-form-control-wrap\" data-name=\"your-message\"><textarea cols=\"40\" rows=\"10\" maxlength=\"2000\" class=\"wpcf7-form-control wpcf7-textarea\" aria-invalid=\"false\" name=\"your-message\"><\/textarea><\/span>\n<\/p>\n<p><input class=\"wpcf7-form-control wpcf7-submit has-spinner\" type=\"submit\" value=\"Enviar\" \/>\n<\/p><p style=\"display: none !important;\" class=\"akismet-fields-container\" data-prefix=\"_wpcf7_ak_\"><label>&#916;<textarea name=\"_wpcf7_ak_hp_textarea\" cols=\"45\" rows=\"8\" maxlength=\"100\"><\/textarea><\/label><input type=\"hidden\" id=\"ak_js_1\" name=\"_wpcf7_ak_js\" value=\"182\"\/><script>document.getElementById( \"ak_js_1\" ).setAttribute( \"value\", ( new Date() ).getTime() );<\/script><\/p><div class=\"wpcf7-response-output\" aria-hidden=\"true\"><\/div>\n<\/form>\n<\/div>\n[\/vc_column][\/vc_row]<\/p>\n<\/div>","protected":false},"excerpt":{"rendered":"<p>[vc_row el_class=&#8221;productes&#8221;][vc_column][vc_column_text]Ideals per contenir aigua. Per les seves magn\u00edfiques dimensions i el seu poc pes, faciliten la manipulaci\u00f3 per instalar on millor convingui.[\/vc_column_text][\/vc_column][\/vc_row][vc_row][vc_column][vc_raw_html]JTNDdGFibGUlMjBjbGFzcyUzRCUyMnRhdWxhJTIyJTIwd2lkdGglM0QlMjIxMDAlMjUlMjIlM0UlMEElM0N0aGVhZCUzRSUwQSUzQ3RyJTNFJTBBJTNDdGglMjB3aWR0aCUzRCUyMjE1JTI1JTIyJTNFJTI2bmJzcCUzQiUzQyUyRnRoJTNFJTBBJTNDdGglMjBjbGFzcyUzRCUyMmNhcHNhbGVyYTElMjIlMjBjb2xzcGFuJTNEJTIyNSUyMiUzRURJTUVOU0lPTlMlM0MlMkZ0aCUzRSUwQSUzQyUyRnRyJTNFJTBBJTNDdHIlM0UlMEElM0N0aCUyMGNsYXNzJTNEJTIyY2Fwc2FsZXJhMyUyMiUzRUNBUEFDSVRBVCUzQyUyRnRoJTNFJTBBJTNDdGglMjBjbGFzcyUzRCUyMmNhcHNhbGVyYTIlMjIlM0VBMSUzQyUyRnRoJTNFJTBBJTNDdGglMjBjbGFzcyUzRCUyMmNhcHNhbGVyYTIlMjIlM0VBMiUzQyUyRnRoJTNFJTBBJTNDdGglMjBjbGFzcyUzRCUyMmNhcHNhbGVyYTIlMjIlM0VMMSUzQyUyRnRoJTNFJTBBJTNDdGglMjBjbGFzcyUzRCUyMmNhcHNhbGVyYTIlMjIlM0VMMiUzQyUyRnRoJTNFJTBBJTNDdGglMjBjbGFzcyUzRCUyMmNhcHNhbGVyYTIlMjIlM0VIJTNDJTJGdGglM0UlMEElM0MlMkZ0ciUzRSUwQSUzQyUyRnRoZWFkJTNFJTBBJTNDdGJvZHklM0UlMEElM0N0ciUzRSUwQSUzQ3RkJTIwY2xhc3MlM0QlMjJjYXBzYWxlcmEyJTIyJTNFNTAlM0MlMkZ0ZCUzRSUwQSUzQ3RkJTNFMjc3JTIwbW0lM0MlMkZ0ZCUzRSUwQSUzQ3RkJTNFMTkwJTIwbW0lM0MlMkZ0ZCUzRSUwQSUzQ3RkJTNFNDIwJTIwbW0lM0MlMkZ0ZCUzRSUwQSUzQ3RkJTNFMzMwJTIwbW0lM0MlMkZ0ZCUzRSUwQSUzQ3RkJTNFNDQwJTIwbW0lM0MlMkZ0ZCUzRSUwQSUzQyUyRnRyJTNFJTBBJTNDdHIlM0UlMEElM0N0ZCUyMGNsYXNzJTNEJTIyY2Fwc2FsZXJhMiUyMiUzRTEwMCUzQyUyRnRkJTNFJTBBJTNDdGQlM0U0MzAlMjBtbSUzQyUyRnRkJTNFJTBBJTNDdGQlM0UzNDAlMjBtbSUzQyUyRnRkJTNFJTBBJTNDdGQlM0U2MzIlMjBtbSUzQyUyRnRkJTNFJTBBJTNDdGQlM0U1MjAlMjBtbSUzQyUyRnRkJTNFJTBBJTNDdGQlM0U1MTAlMjBtbSUzQyUyRnRkJTNFJTBBJTNDJTJGdHIlM0UlMEElM0N0ciUzRSUwQSUzQ3RkJTIwY2xhc3MlM0QlMjJjYXBzYWxlcmEyJTIyJTNFMjAwJTNDJTJGdGQlM0UlMEElM0N0ZCUzRTYyMCUyMG1tJTNDJTJGdGQlM0UlMEElM0N0ZCUzRTQxMCUyMG1tJTNDJTJGdGQlM0UlMEElM0N0ZCUzRTk2NSUyMG1tJTNDJTJGdGQlM0UlMEElM0N0ZCUzRTc2MCUyMG1tJTNDJTJGdGQlM0UlMEElM0N0ZCUzRTQ4MCUyMG1tJTNDJTJGdGQlM0UlMEElM0MlMkZ0ciUzRSUwQSUzQ3RyJTNFJTBBJTNDdGQlMjBjbGFzcyUzRCUyMmNhcHNhbGVyYTIlMjIlM0UzMDAlM0MlMkZ0ZCUzRSUwQSUzQ3RkJTNFNzMwJTIwbW0lM0MlMkZ0ZCUzRSUwQSUzQ3RkJTNFNTIwJTIwbW0lM0MlMkZ0ZCUzRSUwQSUzQ3RkJTNFMTE2MCUyMG1tJTNDJTJGdGQlM0UlMEElM0N0ZCUzRTk5MCUyMG1tJTNDJTJGdGQlM0UlMEElM0N0ZCUzRTQ4NSUyMG1tJTNDJTJGdGQlM0UlMEElM0MlMkZ0ciUzRSUwQSUzQ3RyJTNFJTBBJTNDdGQlMjBjbGFzcyUzRCUyMmNhcHNhbGVyYTIlMjIlM0U1MDAlM0MlMkZ0ZCUzRSUwQSUzQ3RkJTNFODg1JTIwbW0lM0MlMkZ0ZCUzRSUwQSUzQ3RkJTNFNjUwJTIwbW0lM0MlMkZ0ZCUzRSUwQSUzQ3RkJTNFMTMyNSUyMG1tJTNDJTJGdGQlM0UlMEElM0N0ZCUzRTExMDAlMjBtbSUzQyUyRnRkJTNFJTBBJTNDdGQlM0U2MDAlMjBtbSUzQyUyRnRkJTNFJTBBJTNDJTJGdHIlM0UlMEElM0N0ciUzRSUwQSUzQ3RkJTIwY2xhc3MlM0QlMjJjYXBzYWxlcmEyJTIyJTNFMTE1MCUzQyUyRnRkJTNFJTBBJTNDdGQlM0UxMTcwJTIwbW0lM0MlMkZ0ZCUzRSUwQSUzQ3RkJTNFOTcwJTIwbW0lM0MlMkZ0ZCUzRSUwQSUzQ3RkJTNFMTU1MCUyMG1tJTNDJTJGdGQlM0UlMEElM0N0ZCUzRTEzNDAlMjBtbSUzQyUyRnRkJTNFJTBBJTNDdGQlM0U3NTAlMjBtbSUzQyUyRnRkJTNFJTBBJTNDJTJGdHIlM0UlMEElM0MlMkZ0Ym9keSUzRSUwQSUzQyUyRnRhYmxlJTNF[\/vc_raw_html][\/vc_column][\/vc_row][vc_row][vc_column][vc_single_image image=&#8221;1749&#8243; img_size=&#8221;600&#215;407&#8243; alignment=&#8221;center&#8221; onclick=&#8221;link_image&#8221;][\/vc_column][\/vc_row][vc_row][vc_column][vc_text_separator title=&#8221;Contacte&#8221; el_class=&#8221;titleForm&#8221;][\/vc_column][\/vc_row]<\/p>\n","protected":false},"author":1,"featured_media":0,"parent":2854,"menu_order":0,"comment_status":"closed","ping_status":"closed","template":"","meta":{"_joinchat":[]},"class_list":["post-657","page","type-page","status-publish","hentry","description-off"],"yoast_head":"<!-- This site is optimized with the Yoast SEO plugin v27.2 - https:\/\/yoast.com\/product\/yoast-seo-wordpress\/ -->\n<title>Dip\u00f2sits rectangulars &#8211; Europlast<\/title>\n<meta name=\"robots\" content=\"index, follow, max-snippet:-1, max-image-preview:large, max-video-preview:-1\" \/>\n<link rel=\"canonical\" href=\"https:\/\/www.europlast-sl.com\/ca\/diposits-aigua\/diposits-rectangulars\/\" \/>\n<meta property=\"og:locale\" content=\"ca_ES\" \/>\n<meta property=\"og:type\" content=\"article\" \/>\n<meta property=\"og:title\" content=\"Dip\u00f2sits rectangulars &#8211; Europlast\" \/>\n<meta property=\"og:description\" content=\"[vc_row el_class=&#8221;productes&#8221;][vc_column][vc_column_text]Ideals per contenir aigua. Per les seves magn\u00edfiques dimensions i el seu poc pes, faciliten la manipulaci\u00f3 per instalar on millor convingui.[\/vc_column_text][\/vc_column][\/vc_row][vc_row][vc_column][vc_raw_html]JTNDdGFibGUlMjBjbGFzcyUzRCUyMnRhdWxhJTIyJTIwd2lkdGglM0QlMjIxMDAlMjUlMjIlM0UlMEElM0N0aGVhZCUzRSUwQSUzQ3RyJTNFJTBBJTNDdGglMjB3aWR0aCUzRCUyMjE1JTI1JTIyJTNFJTI2bmJzcCUzQiUzQyUyRnRoJTNFJTBBJTNDdGglMjBjbGFzcyUzRCUyMmNhcHNhbGVyYTElMjIlMjBjb2xzcGFuJTNEJTIyNSUyMiUzRURJTUVOU0lPTlMlM0MlMkZ0aCUzRSUwQSUzQyUyRnRyJTNFJTBBJTNDdHIlM0UlMEElM0N0aCUyMGNsYXNzJTNEJTIyY2Fwc2FsZXJhMyUyMiUzRUNBUEFDSVRBVCUzQyUyRnRoJTNFJTBBJTNDdGglMjBjbGFzcyUzRCUyMmNhcHNhbGVyYTIlMjIlM0VBMSUzQyUyRnRoJTNFJTBBJTNDdGglMjBjbGFzcyUzRCUyMmNhcHNhbGVyYTIlMjIlM0VBMiUzQyUyRnRoJTNFJTBBJTNDdGglMjBjbGFzcyUzRCUyMmNhcHNhbGVyYTIlMjIlM0VMMSUzQyUyRnRoJTNFJTBBJTNDdGglMjBjbGFzcyUzRCUyMmNhcHNhbGVyYTIlMjIlM0VMMiUzQyUyRnRoJTNFJTBBJTNDdGglMjBjbGFzcyUzRCUyMmNhcHNhbGVyYTIlMjIlM0VIJTNDJTJGdGglM0UlMEElM0MlMkZ0ciUzRSUwQSUzQyUyRnRoZWFkJTNFJTBBJTNDdGJvZHklM0UlMEElM0N0ciUzRSUwQSUzQ3RkJTIwY2xhc3MlM0QlMjJjYXBzYWxlcmEyJTIyJTNFNTAlM0MlMkZ0ZCUzRSUwQSUzQ3RkJTNFMjc3JTIwbW0lM0MlMkZ0ZCUzRSUwQSUzQ3RkJTNFMTkwJTIwbW0lM0MlMkZ0ZCUzRSUwQSUzQ3RkJTNFNDIwJTIwbW0lM0MlMkZ0ZCUzRSUwQSUzQ3RkJTNFMzMwJTIwbW0lM0MlMkZ0ZCUzRSUwQSUzQ3RkJTNFNDQwJTIwbW0lM0MlMkZ0ZCUzRSUwQSUzQyUyRnRyJTNFJTBBJTNDdHIlM0UlMEElM0N0ZCUyMGNsYXNzJTNEJTIyY2Fwc2FsZXJhMiUyMiUzRTEwMCUzQyUyRnRkJTNFJTBBJTNDdGQlM0U0MzAlMjBtbSUzQyUyRnRkJTNFJTBBJTNDdGQlM0UzNDAlMjBtbSUzQyUyRnRkJTNFJTBBJTNDdGQlM0U2MzIlMjBtbSUzQyUyRnRkJTNFJTBBJTNDdGQlM0U1MjAlMjBtbSUzQyUyRnRkJTNFJTBBJTNDdGQlM0U1MTAlMjBtbSUzQyUyRnRkJTNFJTBBJTNDJTJGdHIlM0UlMEElM0N0ciUzRSUwQSUzQ3RkJTIwY2xhc3MlM0QlMjJjYXBzYWxlcmEyJTIyJTNFMjAwJTNDJTJGdGQlM0UlMEElM0N0ZCUzRTYyMCUyMG1tJTNDJTJGdGQlM0UlMEElM0N0ZCUzRTQxMCUyMG1tJTNDJTJGdGQlM0UlMEElM0N0ZCUzRTk2NSUyMG1tJTNDJTJGdGQlM0UlMEElM0N0ZCUzRTc2MCUyMG1tJTNDJTJGdGQlM0UlMEElM0N0ZCUzRTQ4MCUyMG1tJTNDJTJGdGQlM0UlMEElM0MlMkZ0ciUzRSUwQSUzQ3RyJTNFJTBBJTNDdGQlMjBjbGFzcyUzRCUyMmNhcHNhbGVyYTIlMjIlM0UzMDAlM0MlMkZ0ZCUzRSUwQSUzQ3RkJTNFNzMwJTIwbW0lM0MlMkZ0ZCUzRSUwQSUzQ3RkJTNFNTIwJTIwbW0lM0MlMkZ0ZCUzRSUwQSUzQ3RkJTNFMTE2MCUyMG1tJTNDJTJGdGQlM0UlMEElM0N0ZCUzRTk5MCUyMG1tJTNDJTJGdGQlM0UlMEElM0N0ZCUzRTQ4NSUyMG1tJTNDJTJGdGQlM0UlMEElM0MlMkZ0ciUzRSUwQSUzQ3RyJTNFJTBBJTNDdGQlMjBjbGFzcyUzRCUyMmNhcHNhbGVyYTIlMjIlM0U1MDAlM0MlMkZ0ZCUzRSUwQSUzQ3RkJTNFODg1JTIwbW0lM0MlMkZ0ZCUzRSUwQSUzQ3RkJTNFNjUwJTIwbW0lM0MlMkZ0ZCUzRSUwQSUzQ3RkJTNFMTMyNSUyMG1tJTNDJTJGdGQlM0UlMEElM0N0ZCUzRTExMDAlMjBtbSUzQyUyRnRkJTNFJTBBJTNDdGQlM0U2MDAlMjBtbSUzQyUyRnRkJTNFJTBBJTNDJTJGdHIlM0UlMEElM0N0ciUzRSUwQSUzQ3RkJTIwY2xhc3MlM0QlMjJjYXBzYWxlcmEyJTIyJTNFMTE1MCUzQyUyRnRkJTNFJTBBJTNDdGQlM0UxMTcwJTIwbW0lM0MlMkZ0ZCUzRSUwQSUzQ3RkJTNFOTcwJTIwbW0lM0MlMkZ0ZCUzRSUwQSUzQ3RkJTNFMTU1MCUyMG1tJTNDJTJGdGQlM0UlMEElM0N0ZCUzRTEzNDAlMjBtbSUzQyUyRnRkJTNFJTBBJTNDdGQlM0U3NTAlMjBtbSUzQyUyRnRkJTNFJTBBJTNDJTJGdHIlM0UlMEElM0MlMkZ0Ym9keSUzRSUwQSUzQyUyRnRhYmxlJTNF[\/vc_raw_html][\/vc_column][\/vc_row][vc_row][vc_column][vc_single_image image=&#8221;1749&#8243; img_size=&#8221;600&#215;407&#8243; alignment=&#8221;center&#8221; onclick=&#8221;link_image&#8221;][\/vc_column][\/vc_row][vc_row][vc_column][vc_text_separator title=&#8221;Contacte&#8221; el_class=&#8221;titleForm&#8221;][\/vc_column][\/vc_row]\" \/>\n<meta property=\"og:url\" content=\"https:\/\/www.europlast-sl.com\/ca\/diposits-aigua\/diposits-rectangulars\/\" \/>\n<meta property=\"og:site_name\" content=\"Europlast\" \/>\n<meta property=\"article:modified_time\" content=\"2018-12-17T11:19:44+00:00\" \/>\n<meta name=\"twitter:label1\" content=\"Temps estimat de lectura\" \/>\n\t<meta name=\"twitter:data1\" content=\"1 minut\" \/>\n<script type=\"application\/ld+json\" class=\"yoast-schema-graph\">{\"@context\":\"https:\/\/schema.org\",\"@graph\":[{\"@type\":\"WebPage\",\"@id\":\"https:\/\/www.europlast-sl.com\/ca\/diposits-aigua\/diposits-rectangulars\/\",\"url\":\"https:\/\/www.europlast-sl.com\/ca\/diposits-aigua\/diposits-rectangulars\/\",\"name\":\"Dip\u00f2sits rectangulars &#8211; Europlast\",\"isPartOf\":{\"@id\":\"https:\/\/www.europlast-sl.com\/ca\/#website\"},\"datePublished\":\"2014-09-02T14:19:08+00:00\",\"dateModified\":\"2018-12-17T11:19:44+00:00\",\"breadcrumb\":{\"@id\":\"https:\/\/www.europlast-sl.com\/ca\/diposits-aigua\/diposits-rectangulars\/#breadcrumb\"},\"inLanguage\":\"ca\",\"potentialAction\":[{\"@type\":\"ReadAction\",\"target\":[\"https:\/\/www.europlast-sl.com\/ca\/diposits-aigua\/diposits-rectangulars\/\"]}]},{\"@type\":\"BreadcrumbList\",\"@id\":\"https:\/\/www.europlast-sl.com\/ca\/diposits-aigua\/diposits-rectangulars\/#breadcrumb\",\"itemListElement\":[{\"@type\":\"ListItem\",\"position\":1,\"name\":\"Portada\",\"item\":\"https:\/\/www.europlast-sl.com\/ca\/\"},{\"@type\":\"ListItem\",\"position\":2,\"name\":\"Dip\u00f2sits d&#8217;aigua\",\"item\":\"https:\/\/www.europlast-sl.com\/ca\/diposits-aigua\/\"},{\"@type\":\"ListItem\",\"position\":3,\"name\":\"Dip\u00f2sits rectangulars\"}]},{\"@type\":\"WebSite\",\"@id\":\"https:\/\/www.europlast-sl.com\/ca\/#website\",\"url\":\"https:\/\/www.europlast-sl.com\/ca\/\",\"name\":\"Europlast\",\"description\":\"Especialistas en la fabricaci\u00f3n y comercializaci\u00f3n de dep\u00f3sitos\",\"potentialAction\":[{\"@type\":\"SearchAction\",\"target\":{\"@type\":\"EntryPoint\",\"urlTemplate\":\"https:\/\/www.europlast-sl.com\/ca\/?s={search_term_string}\"},\"query-input\":{\"@type\":\"PropertyValueSpecification\",\"valueRequired\":true,\"valueName\":\"search_term_string\"}}],\"inLanguage\":\"ca\"}]}<\/script>\n<!-- \/ Yoast SEO plugin. -->","yoast_head_json":{"title":"Dip\u00f2sits rectangulars &#8211; Europlast","robots":{"index":"index","follow":"follow","max-snippet":"max-snippet:-1","max-image-preview":"max-image-preview:large","max-video-preview":"max-video-preview:-1"},"canonical":"https:\/\/www.europlast-sl.com\/ca\/diposits-aigua\/diposits-rectangulars\/","og_locale":"ca_ES","og_type":"article","og_title":"Dip\u00f2sits rectangulars &#8211; Europlast","og_description":"[vc_row el_class=&#8221;productes&#8221;][vc_column][vc_column_text]Ideals per contenir aigua. Per les seves magn\u00edfiques dimensions i el seu poc pes, faciliten la manipulaci\u00f3 per instalar on millor convingui.[\/vc_column_text][\/vc_column][\/vc_row][vc_row][vc_column][vc_raw_html]JTNDdGFibGUlMjBjbGFzcyUzRCUyMnRhdWxhJTIyJTIwd2lkdGglM0QlMjIxMDAlMjUlMjIlM0UlMEElM0N0aGVhZCUzRSUwQSUzQ3RyJTNFJTBBJTNDdGglMjB3aWR0aCUzRCUyMjE1JTI1JTIyJTNFJTI2bmJzcCUzQiUzQyUyRnRoJTNFJTBBJTNDdGglMjBjbGFzcyUzRCUyMmNhcHNhbGVyYTElMjIlMjBjb2xzcGFuJTNEJTIyNSUyMiUzRURJTUVOU0lPTlMlM0MlMkZ0aCUzRSUwQSUzQyUyRnRyJTNFJTBBJTNDdHIlM0UlMEElM0N0aCUyMGNsYXNzJTNEJTIyY2Fwc2FsZXJhMyUyMiUzRUNBUEFDSVRBVCUzQyUyRnRoJTNFJTBBJTNDdGglMjBjbGFzcyUzRCUyMmNhcHNhbGVyYTIlMjIlM0VBMSUzQyUyRnRoJTNFJTBBJTNDdGglMjBjbGFzcyUzRCUyMmNhcHNhbGVyYTIlMjIlM0VBMiUzQyUyRnRoJTNFJTBBJTNDdGglMjBjbGFzcyUzRCUyMmNhcHNhbGVyYTIlMjIlM0VMMSUzQyUyRnRoJTNFJTBBJTNDdGglMjBjbGFzcyUzRCUyMmNhcHNhbGVyYTIlMjIlM0VMMiUzQyUyRnRoJTNFJTBBJTNDdGglMjBjbGFzcyUzRCUyMmNhcHNhbGVyYTIlMjIlM0VIJTNDJTJGdGglM0UlMEElM0MlMkZ0ciUzRSUwQSUzQyUyRnRoZWFkJTNFJTBBJTNDdGJvZHklM0UlMEElM0N0ciUzRSUwQSUzQ3RkJTIwY2xhc3MlM0QlMjJjYXBzYWxlcmEyJTIyJTNFNTAlM0MlMkZ0ZCUzRSUwQSUzQ3RkJTNFMjc3JTIwbW0lM0MlMkZ0ZCUzRSUwQSUzQ3RkJTNFMTkwJTIwbW0lM0MlMkZ0ZCUzRSUwQSUzQ3RkJTNFNDIwJTIwbW0lM0MlMkZ0ZCUzRSUwQSUzQ3RkJTNFMzMwJTIwbW0lM0MlMkZ0ZCUzRSUwQSUzQ3RkJTNFNDQwJTIwbW0lM0MlMkZ0ZCUzRSUwQSUzQyUyRnRyJTNFJTBBJTNDdHIlM0UlMEElM0N0ZCUyMGNsYXNzJTNEJTIyY2Fwc2FsZXJhMiUyMiUzRTEwMCUzQyUyRnRkJTNFJTBBJTNDdGQlM0U0MzAlMjBtbSUzQyUyRnRkJTNFJTBBJTNDdGQlM0UzNDAlMjBtbSUzQyUyRnRkJTNFJTBBJTNDdGQlM0U2MzIlMjBtbSUzQyUyRnRkJTNFJTBBJTNDdGQlM0U1MjAlMjBtbSUzQyUyRnRkJTNFJTBBJTNDdGQlM0U1MTAlMjBtbSUzQyUyRnRkJTNFJTBBJTNDJTJGdHIlM0UlMEElM0N0ciUzRSUwQSUzQ3RkJTIwY2xhc3MlM0QlMjJjYXBzYWxlcmEyJTIyJTNFMjAwJTNDJTJGdGQlM0UlMEElM0N0ZCUzRTYyMCUyMG1tJTNDJTJGdGQlM0UlMEElM0N0ZCUzRTQxMCUyMG1tJTNDJTJGdGQlM0UlMEElM0N0ZCUzRTk2NSUyMG1tJTNDJTJGdGQlM0UlMEElM0N0ZCUzRTc2MCUyMG1tJTNDJTJGdGQlM0UlMEElM0N0ZCUzRTQ4MCUyMG1tJTNDJTJGdGQlM0UlMEElM0MlMkZ0ciUzRSUwQSUzQ3RyJTNFJTBBJTNDdGQlMjBjbGFzcyUzRCUyMmNhcHNhbGVyYTIlMjIlM0UzMDAlM0MlMkZ0ZCUzRSUwQSUzQ3RkJTNFNzMwJTIwbW0lM0MlMkZ0ZCUzRSUwQSUzQ3RkJTNFNTIwJTIwbW0lM0MlMkZ0ZCUzRSUwQSUzQ3RkJTNFMTE2MCUyMG1tJTNDJTJGdGQlM0UlMEElM0N0ZCUzRTk5MCUyMG1tJTNDJTJGdGQlM0UlMEElM0N0ZCUzRTQ4NSUyMG1tJTNDJTJGdGQlM0UlMEElM0MlMkZ0ciUzRSUwQSUzQ3RyJTNFJTBBJTNDdGQlMjBjbGFzcyUzRCUyMmNhcHNhbGVyYTIlMjIlM0U1MDAlM0MlMkZ0ZCUzRSUwQSUzQ3RkJTNFODg1JTIwbW0lM0MlMkZ0ZCUzRSUwQSUzQ3RkJTNFNjUwJTIwbW0lM0MlMkZ0ZCUzRSUwQSUzQ3RkJTNFMTMyNSUyMG1tJTNDJTJGdGQlM0UlMEElM0N0ZCUzRTExMDAlMjBtbSUzQyUyRnRkJTNFJTBBJTNDdGQlM0U2MDAlMjBtbSUzQyUyRnRkJTNFJTBBJTNDJTJGdHIlM0UlMEElM0N0ciUzRSUwQSUzQ3RkJTIwY2xhc3MlM0QlMjJjYXBzYWxlcmEyJTIyJTNFMTE1MCUzQyUyRnRkJTNFJTBBJTNDdGQlM0UxMTcwJTIwbW0lM0MlMkZ0ZCUzRSUwQSUzQ3RkJTNFOTcwJTIwbW0lM0MlMkZ0ZCUzRSUwQSUzQ3RkJTNFMTU1MCUyMG1tJTNDJTJGdGQlM0UlMEElM0N0ZCUzRTEzNDAlMjBtbSUzQyUyRnRkJTNFJTBBJTNDdGQlM0U3NTAlMjBtbSUzQyUyRnRkJTNFJTBBJTNDJTJGdHIlM0UlMEElM0MlMkZ0Ym9keSUzRSUwQSUzQyUyRnRhYmxlJTNF[\/vc_raw_html][\/vc_column][\/vc_row][vc_row][vc_column][vc_single_image image=&#8221;1749&#8243; img_size=&#8221;600&#215;407&#8243; alignment=&#8221;center&#8221; onclick=&#8221;link_image&#8221;][\/vc_column][\/vc_row][vc_row][vc_column][vc_text_separator title=&#8221;Contacte&#8221; el_class=&#8221;titleForm&#8221;][\/vc_column][\/vc_row]","og_url":"https:\/\/www.europlast-sl.com\/ca\/diposits-aigua\/diposits-rectangulars\/","og_site_name":"Europlast","article_modified_time":"2018-12-17T11:19:44+00:00","twitter_misc":{"Temps estimat de lectura":"1 minut"},"schema":{"@context":"https:\/\/schema.org","@graph":[{"@type":"WebPage","@id":"https:\/\/www.europlast-sl.com\/ca\/diposits-aigua\/diposits-rectangulars\/","url":"https:\/\/www.europlast-sl.com\/ca\/diposits-aigua\/diposits-rectangulars\/","name":"Dip\u00f2sits rectangulars &#8211; Europlast","isPartOf":{"@id":"https:\/\/www.europlast-sl.com\/ca\/#website"},"datePublished":"2014-09-02T14:19:08+00:00","dateModified":"2018-12-17T11:19:44+00:00","breadcrumb":{"@id":"https:\/\/www.europlast-sl.com\/ca\/diposits-aigua\/diposits-rectangulars\/#breadcrumb"},"inLanguage":"ca","potentialAction":[{"@type":"ReadAction","target":["https:\/\/www.europlast-sl.com\/ca\/diposits-aigua\/diposits-rectangulars\/"]}]},{"@type":"BreadcrumbList","@id":"https:\/\/www.europlast-sl.com\/ca\/diposits-aigua\/diposits-rectangulars\/#breadcrumb","itemListElement":[{"@type":"ListItem","position":1,"name":"Portada","item":"https:\/\/www.europlast-sl.com\/ca\/"},{"@type":"ListItem","position":2,"name":"Dip\u00f2sits d&#8217;aigua","item":"https:\/\/www.europlast-sl.com\/ca\/diposits-aigua\/"},{"@type":"ListItem","position":3,"name":"Dip\u00f2sits rectangulars"}]},{"@type":"WebSite","@id":"https:\/\/www.europlast-sl.com\/ca\/#website","url":"https:\/\/www.europlast-sl.com\/ca\/","name":"Europlast","description":"Especialistas en la fabricaci\u00f3n y comercializaci\u00f3n de dep\u00f3sitos","potentialAction":[{"@type":"SearchAction","target":{"@type":"EntryPoint","urlTemplate":"https:\/\/www.europlast-sl.com\/ca\/?s={search_term_string}"},"query-input":{"@type":"PropertyValueSpecification","valueRequired":true,"valueName":"search_term_string"}}],"inLanguage":"ca"}]}},"_links":{"self":[{"href":"https:\/\/www.europlast-sl.com\/ca\/wp-json\/wp\/v2\/pages\/657","targetHints":{"allow":["GET"]}}],"collection":[{"href":"https:\/\/www.europlast-sl.com\/ca\/wp-json\/wp\/v2\/pages"}],"about":[{"href":"https:\/\/www.europlast-sl.com\/ca\/wp-json\/wp\/v2\/types\/page"}],"author":[{"embeddable":true,"href":"https:\/\/www.europlast-sl.com\/ca\/wp-json\/wp\/v2\/users\/1"}],"replies":[{"embeddable":true,"href":"https:\/\/www.europlast-sl.com\/ca\/wp-json\/wp\/v2\/comments?post=657"}],"version-history":[{"count":3,"href":"https:\/\/www.europlast-sl.com\/ca\/wp-json\/wp\/v2\/pages\/657\/revisions"}],"predecessor-version":[{"id":3101,"href":"https:\/\/www.europlast-sl.com\/ca\/wp-json\/wp\/v2\/pages\/657\/revisions\/3101"}],"up":[{"embeddable":true,"href":"https:\/\/www.europlast-sl.com\/ca\/wp-json\/wp\/v2\/pages\/2854"}],"wp:attachment":[{"href":"https:\/\/www.europlast-sl.com\/ca\/wp-json\/wp\/v2\/media?parent=657"}],"curies":[{"name":"wp","href":"https:\/\/api.w.org\/{rel}","templated":true}]}}