{"id":621,"date":"2014-09-02T12:40:30","date_gmt":"2014-09-02T12:40:30","guid":{"rendered":"https:\/\/www.europlast-sl.com\/nova\/?page_id=621"},"modified":"2014-09-02T15:47:56","modified_gmt":"2014-09-02T15:47:56","slug":"accessoris","status":"publish","type":"page","link":"https:\/\/www.europlast-sl.com\/ca\/productes\/accessoris\/","title":{"rendered":"Accessoris"},"content":{"rendered":"<div class=\"wpb-content-wrapper\"><p>[vc_row el_class=&#8221;productos&#8221;][vc_column width=&#8221;1\/6&#8243;][vc_single_image image=&#8221;203&#8243; border_color=&#8221;grey&#8221; img_link_target=&#8221;_self&#8221; img_size=&#8221;110 \u00d7 70&#8243;][\/vc_column][vc_column width=&#8221;2\/3&#8243;][vc_column_text]<\/p>\n<ul>\n<li><a href=\"?page_id=600\">Boca de pressi\u00f3 lateral.<\/a><\/li>\n<li><a href=\"?page_id=602\">Brida + porta brides.<\/a><\/li>\n<li><a href=\"?page_id=604\">Kit\u00a0per reparar.<\/a><\/li>\n<li><a href=\"?page_id=606\">Orelles d&#8217;elevaci\u00f3.<\/a><\/li>\n<li><a href=\"?page_id=608\">Pasamurs.<\/a><\/li>\n<li><a href=\"?page_id=610\">Tapa de polipropil\u00e9.<\/a><\/li>\n<li><a href=\"?page_id=612\">V\u00e0lvula d&#8217;esfera.<\/a><\/li>\n<li><a href=\"?page_id=614\">V\u00e0lvula flotador amb boia.<\/a><\/li>\n<\/ul>\n<p>[\/vc_column_text][\/vc_column][vc_column width=&#8221;1\/6&#8243;][\/vc_column][\/vc_row]<\/p>\n<\/div>","protected":false},"excerpt":{"rendered":"<p>[vc_row el_class=&#8221;productos&#8221;][vc_column width=&#8221;1\/6&#8243;][vc_single_image image=&#8221;203&#8243; border_color=&#8221;grey&#8221; img_link_target=&#8221;_self&#8221; img_size=&#8221;110 \u00d7 70&#8243;][\/vc_column][vc_column width=&#8221;2\/3&#8243;][vc_column_text] Boca de pressi\u00f3 lateral. Brida + porta brides. Kit\u00a0per reparar. Orelles d&#8217;elevaci\u00f3. Pasamurs. Tapa de polipropil\u00e9. V\u00e0lvula d&#8217;esfera. V\u00e0lvula flotador amb boia. [\/vc_column_text][\/vc_column][vc_column width=&#8221;1\/6&#8243;][\/vc_column][\/vc_row]<\/p>\n","protected":false},"author":1,"featured_media":0,"parent":563,"menu_order":0,"comment_status":"open","ping_status":"closed","template":"full-width.php","meta":{"_joinchat":[]},"class_list":["post-621","page","type-page","status-publish","hentry","description-off"],"yoast_head":"<!-- This site is optimized with the Yoast SEO plugin v27.2 - https:\/\/yoast.com\/product\/yoast-seo-wordpress\/ -->\n<title>Accessoris &#8211; Europlast<\/title>\n<meta name=\"robots\" content=\"index, follow, max-snippet:-1, max-image-preview:large, max-video-preview:-1\" \/>\n<link rel=\"canonical\" href=\"https:\/\/www.europlast-sl.com\/ca\/productes\/accessoris\/\" \/>\n<meta property=\"og:locale\" content=\"ca_ES\" \/>\n<meta property=\"og:type\" content=\"article\" \/>\n<meta property=\"og:title\" content=\"Accessoris &#8211; Europlast\" \/>\n<meta property=\"og:description\" content=\"[vc_row el_class=&#8221;productos&#8221;][vc_column width=&#8221;1\/6&#8243;][vc_single_image image=&#8221;203&#8243; border_color=&#8221;grey&#8221; img_link_target=&#8221;_self&#8221; img_size=&#8221;110 \u00d7 70&#8243;][\/vc_column][vc_column width=&#8221;2\/3&#8243;][vc_column_text] Boca de pressi\u00f3 lateral. Brida + porta brides. Kit\u00a0per reparar. Orelles d&#8217;elevaci\u00f3. Pasamurs. Tapa de polipropil\u00e9. V\u00e0lvula d&#8217;esfera. V\u00e0lvula flotador amb boia. [\/vc_column_text][\/vc_column][vc_column width=&#8221;1\/6&#8243;][\/vc_column][\/vc_row]\" \/>\n<meta property=\"og:url\" content=\"https:\/\/www.europlast-sl.com\/ca\/productes\/accessoris\/\" \/>\n<meta property=\"og:site_name\" content=\"Europlast\" \/>\n<meta property=\"article:modified_time\" content=\"2014-09-02T15:47:56+00:00\" \/>\n<script type=\"application\/ld+json\" class=\"yoast-schema-graph\">{\"@context\":\"https:\/\/schema.org\",\"@graph\":[{\"@type\":\"WebPage\",\"@id\":\"https:\/\/www.europlast-sl.com\/ca\/productes\/accessoris\/\",\"url\":\"https:\/\/www.europlast-sl.com\/ca\/productes\/accessoris\/\",\"name\":\"Accessoris &#8211; Europlast\",\"isPartOf\":{\"@id\":\"https:\/\/www.europlast-sl.com\/ca\/#website\"},\"datePublished\":\"2014-09-02T12:40:30+00:00\",\"dateModified\":\"2014-09-02T15:47:56+00:00\",\"breadcrumb\":{\"@id\":\"https:\/\/www.europlast-sl.com\/ca\/productes\/accessoris\/#breadcrumb\"},\"inLanguage\":\"ca\",\"potentialAction\":[{\"@type\":\"ReadAction\",\"target\":[\"https:\/\/www.europlast-sl.com\/ca\/productes\/accessoris\/\"]}]},{\"@type\":\"BreadcrumbList\",\"@id\":\"https:\/\/www.europlast-sl.com\/ca\/productes\/accessoris\/#breadcrumb\",\"itemListElement\":[{\"@type\":\"ListItem\",\"position\":1,\"name\":\"Portada\",\"item\":\"https:\/\/www.europlast-sl.com\/ca\/\"},{\"@type\":\"ListItem\",\"position\":2,\"name\":\"Productes\",\"item\":\"https:\/\/www.europlast-sl.com\/ca\/productes\/\"},{\"@type\":\"ListItem\",\"position\":3,\"name\":\"Accessoris\"}]},{\"@type\":\"WebSite\",\"@id\":\"https:\/\/www.europlast-sl.com\/ca\/#website\",\"url\":\"https:\/\/www.europlast-sl.com\/ca\/\",\"name\":\"Europlast\",\"description\":\"Especialistas en la fabricaci\u00f3n y comercializaci\u00f3n de dep\u00f3sitos\",\"potentialAction\":[{\"@type\":\"SearchAction\",\"target\":{\"@type\":\"EntryPoint\",\"urlTemplate\":\"https:\/\/www.europlast-sl.com\/ca\/?s={search_term_string}\"},\"query-input\":{\"@type\":\"PropertyValueSpecification\",\"valueRequired\":true,\"valueName\":\"search_term_string\"}}],\"inLanguage\":\"ca\"}]}<\/script>\n<!-- \/ Yoast SEO plugin. -->","yoast_head_json":{"title":"Accessoris &#8211; Europlast","robots":{"index":"index","follow":"follow","max-snippet":"max-snippet:-1","max-image-preview":"max-image-preview:large","max-video-preview":"max-video-preview:-1"},"canonical":"https:\/\/www.europlast-sl.com\/ca\/productes\/accessoris\/","og_locale":"ca_ES","og_type":"article","og_title":"Accessoris &#8211; Europlast","og_description":"[vc_row el_class=&#8221;productos&#8221;][vc_column width=&#8221;1\/6&#8243;][vc_single_image image=&#8221;203&#8243; border_color=&#8221;grey&#8221; img_link_target=&#8221;_self&#8221; img_size=&#8221;110 \u00d7 70&#8243;][\/vc_column][vc_column width=&#8221;2\/3&#8243;][vc_column_text] Boca de pressi\u00f3 lateral. Brida + porta brides. Kit\u00a0per reparar. Orelles d&#8217;elevaci\u00f3. Pasamurs. Tapa de polipropil\u00e9. V\u00e0lvula d&#8217;esfera. V\u00e0lvula flotador amb boia. [\/vc_column_text][\/vc_column][vc_column width=&#8221;1\/6&#8243;][\/vc_column][\/vc_row]","og_url":"https:\/\/www.europlast-sl.com\/ca\/productes\/accessoris\/","og_site_name":"Europlast","article_modified_time":"2014-09-02T15:47:56+00:00","schema":{"@context":"https:\/\/schema.org","@graph":[{"@type":"WebPage","@id":"https:\/\/www.europlast-sl.com\/ca\/productes\/accessoris\/","url":"https:\/\/www.europlast-sl.com\/ca\/productes\/accessoris\/","name":"Accessoris &#8211; Europlast","isPartOf":{"@id":"https:\/\/www.europlast-sl.com\/ca\/#website"},"datePublished":"2014-09-02T12:40:30+00:00","dateModified":"2014-09-02T15:47:56+00:00","breadcrumb":{"@id":"https:\/\/www.europlast-sl.com\/ca\/productes\/accessoris\/#breadcrumb"},"inLanguage":"ca","potentialAction":[{"@type":"ReadAction","target":["https:\/\/www.europlast-sl.com\/ca\/productes\/accessoris\/"]}]},{"@type":"BreadcrumbList","@id":"https:\/\/www.europlast-sl.com\/ca\/productes\/accessoris\/#breadcrumb","itemListElement":[{"@type":"ListItem","position":1,"name":"Portada","item":"https:\/\/www.europlast-sl.com\/ca\/"},{"@type":"ListItem","position":2,"name":"Productes","item":"https:\/\/www.europlast-sl.com\/ca\/productes\/"},{"@type":"ListItem","position":3,"name":"Accessoris"}]},{"@type":"WebSite","@id":"https:\/\/www.europlast-sl.com\/ca\/#website","url":"https:\/\/www.europlast-sl.com\/ca\/","name":"Europlast","description":"Especialistas en la fabricaci\u00f3n y comercializaci\u00f3n de dep\u00f3sitos","potentialAction":[{"@type":"SearchAction","target":{"@type":"EntryPoint","urlTemplate":"https:\/\/www.europlast-sl.com\/ca\/?s={search_term_string}"},"query-input":{"@type":"PropertyValueSpecification","valueRequired":true,"valueName":"search_term_string"}}],"inLanguage":"ca"}]}},"_links":{"self":[{"href":"https:\/\/www.europlast-sl.com\/ca\/wp-json\/wp\/v2\/pages\/621","targetHints":{"allow":["GET"]}}],"collection":[{"href":"https:\/\/www.europlast-sl.com\/ca\/wp-json\/wp\/v2\/pages"}],"about":[{"href":"https:\/\/www.europlast-sl.com\/ca\/wp-json\/wp\/v2\/types\/page"}],"author":[{"embeddable":true,"href":"https:\/\/www.europlast-sl.com\/ca\/wp-json\/wp\/v2\/users\/1"}],"replies":[{"embeddable":true,"href":"https:\/\/www.europlast-sl.com\/ca\/wp-json\/wp\/v2\/comments?post=621"}],"version-history":[{"count":0,"href":"https:\/\/www.europlast-sl.com\/ca\/wp-json\/wp\/v2\/pages\/621\/revisions"}],"up":[{"embeddable":true,"href":"https:\/\/www.europlast-sl.com\/ca\/wp-json\/wp\/v2\/pages\/563"}],"wp:attachment":[{"href":"https:\/\/www.europlast-sl.com\/ca\/wp-json\/wp\/v2\/media?parent=621"}],"curies":[{"name":"wp","href":"https:\/\/api.w.org\/{rel}","templated":true}]}}