{"id":602,"date":"2014-09-02T12:22:13","date_gmt":"2014-09-02T12:22:13","guid":{"rendered":"https:\/\/www.europlast-sl.com\/nova\/?page_id=602"},"modified":"2018-12-20T11:42:08","modified_gmt":"2018-12-20T11:42:08","slug":"brida-porta-brides","status":"publish","type":"page","link":"https:\/\/www.europlast-sl.com\/ca\/brida-porta-brides\/","title":{"rendered":"Brida + porta brides"},"content":{"rendered":"<div class=\"wpb-content-wrapper\"><p>[vc_row][vc_column][vc_column_text el_class=&#8221;productes&#8221;]Es l\u2019accesori m\u00e9s solicitat, s\u00f3n les connexions m\u00e9s pr\u00e0ctiques per les connexions del dip\u00f2sits.[\/vc_column_text][vc_row_inner][vc_column_inner width=&#8221;1\/2&#8243;][vc_single_image image=&#8221;1517&#8243; img_size=&#8221;600&#215;407&#8243; alignment=&#8221;center&#8221; onclick=&#8221;link_image&#8221;][\/vc_column_inner][vc_column_inner width=&#8221;1\/2&#8243;][vc_raw_html]JTNDdGFibGUlMjBjbGFzcyUzRCUyMnRhdWxhJTIyJTIwd2lkdGglM0QlMjIxMDAlMjUlMjIlM0UlMEElM0N0aGVhZCUzRSUwQSUzQ3RyJTNFJTBBJTNDdGglMjBjbGFzcyUzRCUyMmNhcHNhbGVyYTElMjIlMjBzdHlsZSUzRCUyMndpZHRoJTNBJTIwODglMjUlM0IlMjIlMjBjb2xzcGFuJTNEJTIyMyUyMiUzRUVRVUlWQUwlQzMlODhOQ0lFUyUzQyUyRnRoJTNFJTBBJTNDJTJGdHIlM0UlMEElM0MlMkZ0aGVhZCUzRSUwQSUzQ3Rib2R5JTNFJTBBJTNDdHIlM0UlMEElM0N0ZCUyMHN0eWxlJTNEJTIyd2lkdGglM0ElMjAyOC45MTY0JTI1JTNCJTIyJTNFRE4lM0MlMkZ0ZCUzRSUwQSUzQ3RkJTIwc3R5bGUlM0QlMjJ3aWR0aCUzQSUyMDI5LjA4MzYlMjUlM0IlMjIlM0VtbSUzQyUyRnRkJTNFJTBBJTNDdGQlMjBzdHlsZSUzRCUyMndpZHRoJTNBJTIwMzAlMjUlM0IlMjIlM0VQb2x6YWRlcyUzQyUyRnRkJTNFJTBBJTNDJTJGdHIlM0UlMEElM0N0ciUzRSUwQSUzQ3RkJTIwc3R5bGUlM0QlMjJ3aWR0aCUzQSUyMDI4LjkxNjQlMjUlM0IlMjIlM0UxNSUzQyUyRnRkJTNFJTBBJTNDdGQlMjBzdHlsZSUzRCUyMndpZHRoJTNBJTIwMjkuMDgzNiUyNSUzQiUyMiUzRTIwJTNDJTJGdGQlM0UlMEElM0N0ZCUyMHN0eWxlJTNEJTIyd2lkdGglM0ElMjAzMCUyNSUzQiUyMiUzRTElMkYyJTIyJTNDJTJGdGQlM0UlMEElM0MlMkZ0ciUzRSUwQSUzQ3RyJTNFJTBBJTNDdGQlMjBzdHlsZSUzRCUyMndpZHRoJTNBJTIwMjguOTE2NCUyNSUzQiUyMiUzRTIwJTNDJTJGdGQlM0UlMEElM0N0ZCUyMHN0eWxlJTNEJTIyd2lkdGglM0ElMjAyOS4wODM2JTI1JTNCJTIyJTNFMjUlM0MlMkZ0ZCUzRSUwQSUzQ3RkJTIwc3R5bGUlM0QlMjJ3aWR0aCUzQSUyMDMwJTI1JTNCJTIyJTNFMyUyRjQlMjIlM0MlMkZ0ZCUzRSUwQSUzQyUyRnRyJTNFJTBBJTNDdHIlM0UlMEElM0N0ZCUyMHN0eWxlJTNEJTIyd2lkdGglM0ElMjAyOC45MTY0JTI1JTNCJTIyJTNFMjUlM0MlMkZ0ZCUzRSUwQSUzQ3RkJTIwc3R5bGUlM0QlMjJ3aWR0aCUzQSUyMDI5LjA4MzYlMjUlM0IlMjIlM0UzMiUzQyUyRnRkJTNFJTBBJTNDdGQlMjBzdHlsZSUzRCUyMndpZHRoJTNBJTIwMzAlMjUlM0IlMjIlM0UxJTIyJTNDJTJGdGQlM0UlMEElM0MlMkZ0ciUzRSUwQSUzQ3RyJTNFJTBBJTNDdGQlMjBzdHlsZSUzRCUyMndpZHRoJTNBJTIwMjguOTE2NCUyNSUzQiUyMiUzRTMyJTNDJTJGdGQlM0UlMEElM0N0ZCUyMHN0eWxlJTNEJTIyd2lkdGglM0ElMjAyOS4wODM2JTI1JTNCJTIyJTNFNDAlM0MlMkZ0ZCUzRSUwQSUzQ3RkJTIwc3R5bGUlM0QlMjJ3aWR0aCUzQSUyMDMwJTI1JTNCJTIyJTNFMSUyMDElMkY0JTIyJTNDJTJGdGQlM0UlMEElM0MlMkZ0ciUzRSUwQSUzQ3RyJTNFJTBBJTNDdGQlMjBzdHlsZSUzRCUyMndpZHRoJTNBJTIwMjguOTE2NCUyNSUzQiUyMiUzRTQwJTNDJTJGdGQlM0UlMEElM0N0ZCUyMHN0eWxlJTNEJTIyd2lkdGglM0ElMjAyOS4wODM2JTI1JTNCJTIyJTNFNTAlM0MlMkZ0ZCUzRSUwQSUzQ3RkJTIwc3R5bGUlM0QlMjJ3aWR0aCUzQSUyMDMwJTI1JTNCJTIyJTNFMSUyMDElMkYyJTIyJTNDJTJGdGQlM0UlMEElM0MlMkZ0ciUzRSUwQSUzQ3RyJTNFJTBBJTNDdGQlMjBzdHlsZSUzRCUyMndpZHRoJTNBJTIwMjguOTE2NCUyNSUzQiUyMiUzRTUwJTNDJTJGdGQlM0UlMEElM0N0ZCUyMHN0eWxlJTNEJTIyd2lkdGglM0ElMjAyOS4wODM2JTI1JTNCJTIyJTNFNjMlM0MlMkZ0ZCUzRSUwQSUzQ3RkJTIwc3R5bGUlM0QlMjJ3aWR0aCUzQSUyMDMwJTI1JTNCJTIyJTNFMiUyMiUzQyUyRnRkJTNFJTBBJTNDJTJGdHIlM0UlMEElM0N0ciUzRSUwQSUzQ3RkJTIwc3R5bGUlM0QlMjJ3aWR0aCUzQSUyMDI4LjkxNjQlMjUlM0IlMjIlM0U2NSUzQyUyRnRkJTNFJTBBJTNDdGQlMjBzdHlsZSUzRCUyMndpZHRoJTNBJTIwMjkuMDgzNiUyNSUzQiUyMiUzRTc1JTNDJTJGdGQlM0UlMEElM0N0ZCUyMHN0eWxlJTNEJTIyd2lkdGglM0ElMjAzMCUyNSUzQiUyMiUzRTIlMjAxJTJGMiUyMiUzQyUyRnRkJTNFJTBBJTNDJTJGdHIlM0UlMEElM0N0ciUzRSUwQSUzQ3RkJTIwc3R5bGUlM0QlMjJ3aWR0aCUzQSUyMDI4LjkxNjQlMjUlM0IlMjIlM0U4MCUzQyUyRnRkJTNFJTBBJTNDdGQlMjBzdHlsZSUzRCUyMndpZHRoJTNBJTIwMjkuMDgzNiUyNSUzQiUyMiUzRTkwJTNDJTJGdGQlM0UlMEElM0N0ZCUyMHN0eWxlJTNEJTIyd2lkdGglM0ElMjAzMCUyNSUzQiUyMiUzRTMlMjIlM0MlMkZ0ZCUzRSUwQSUzQyUyRnRyJTNFJTBBJTNDdHIlM0UlMEElM0N0ZCUyMHN0eWxlJTNEJTIyd2lkdGglM0ElMjAyOC45MTY0JTI1JTNCJTIyJTNFMTAwJTNDJTJGdGQlM0UlMEElM0N0ZCUyMHN0eWxlJTNEJTIyd2lkdGglM0ElMjAyOS4wODM2JTI1JTNCJTIyJTNFMTEwJTNDJTJGdGQlM0UlMEElM0N0ZCUyMHN0eWxlJTNEJTIyd2lkdGglM0ElMjAzMCUyNSUzQiUyMiUzRTQlMjIlM0MlMkZ0ZCUzRSUwQSUzQyUyRnRyJTNFJTBBJTNDdHIlM0UlMEElM0N0ZCUyMHN0eWxlJTNEJTIyd2lkdGglM0ElMjAyOC45MTY0JTI1JTNCJTIyJTNFMTI1JTNDJTJGdGQlM0UlMEElM0N0ZCUyMHN0eWxlJTNEJTIyd2lkdGglM0ElMjAyOS4wODM2JTI1JTNCJTIyJTNFMTI1JTNDJTJGdGQlM0UlMEElM0N0ZCUyMHN0eWxlJTNEJTIyd2lkdGglM0ElMjAzMCUyNSUzQiUyMiUzRTUlMjIlM0MlMkZ0ZCUzRSUwQSUzQyUyRnRyJTNFJTBBJTNDJTJGdGJvZHklM0UlMEElM0MlMkZ0YWJsZSUzRQ==[\/vc_raw_html][\/vc_column_inner][\/vc_row_inner][\/vc_column][\/vc_row][vc_row][vc_column][vc_text_separator title=&#8221;Contacte&#8221;]\n<div class=\"wpcf7 no-js\" id=\"wpcf7-f585-o1\" lang=\"en-US\" dir=\"ltr\" data-wpcf7-id=\"585\">\n<div class=\"screen-reader-response\"><p role=\"status\" aria-live=\"polite\" aria-atomic=\"true\"><\/p> <ul><\/ul><\/div>\n<form action=\"\/ca\/wp-json\/wp\/v2\/pages\/602#wpcf7-f585-o1\" method=\"post\" class=\"wpcf7-form init\" aria-label=\"Contact form\" novalidate=\"novalidate\" data-status=\"init\">\n<fieldset class=\"hidden-fields-container\"><input type=\"hidden\" name=\"_wpcf7\" value=\"585\" \/><input type=\"hidden\" name=\"_wpcf7_version\" value=\"6.1.5\" \/><input type=\"hidden\" name=\"_wpcf7_locale\" value=\"en_US\" \/><input type=\"hidden\" name=\"_wpcf7_unit_tag\" value=\"wpcf7-f585-o1\" \/><input type=\"hidden\" name=\"_wpcf7_container_post\" value=\"0\" \/><input type=\"hidden\" name=\"_wpcf7_posted_data_hash\" value=\"\" \/><input type=\"hidden\" name=\"_wpcf7_recaptcha_response\" value=\"\" \/>\n<\/fieldset>\n<p>Nom (*)\n<\/p>\n<p><span class=\"wpcf7-form-control-wrap\" data-name=\"your-name\"><input size=\"40\" maxlength=\"400\" class=\"wpcf7-form-control wpcf7-text wpcf7-validates-as-required\" aria-required=\"true\" aria-invalid=\"false\" value=\"\" type=\"text\" name=\"your-name\" \/><\/span>\n<\/p>\n<p>Poblaci\u00f3 (*)\n<\/p>\n<p><span class=\"wpcf7-form-control-wrap\" data-name=\"poblacio\"><input size=\"40\" maxlength=\"400\" class=\"wpcf7-form-control wpcf7-text wpcf7-validates-as-required\" aria-required=\"true\" aria-invalid=\"false\" value=\"\" type=\"text\" name=\"poblacio\" \/><\/span>\n<\/p>\n<p>Tel\u00e8fon (*)\n<\/p>\n<p><span class=\"wpcf7-form-control-wrap\" data-name=\"telefono\"><input size=\"40\" maxlength=\"400\" class=\"wpcf7-form-control wpcf7-text wpcf7-validates-as-required\" aria-required=\"true\" aria-invalid=\"false\" value=\"\" type=\"text\" name=\"telefono\" \/><\/span>\n<\/p>\n<p>Email (*)\n<\/p>\n<p><span class=\"wpcf7-form-control-wrap\" data-name=\"your-email\"><input size=\"40\" maxlength=\"400\" class=\"wpcf7-form-control wpcf7-email wpcf7-validates-as-required wpcf7-text wpcf7-validates-as-email\" aria-required=\"true\" aria-invalid=\"false\" value=\"\" type=\"email\" name=\"your-email\" \/><\/span>\n<\/p>\n<p>Consulta\n<\/p>\n<p><span class=\"wpcf7-form-control-wrap\" data-name=\"your-message\"><textarea cols=\"40\" rows=\"10\" maxlength=\"2000\" class=\"wpcf7-form-control wpcf7-textarea\" aria-invalid=\"false\" name=\"your-message\"><\/textarea><\/span>\n<\/p>\n<p><input class=\"wpcf7-form-control wpcf7-submit has-spinner\" type=\"submit\" value=\"Enviar\" \/>\n<\/p><p style=\"display: none !important;\" class=\"akismet-fields-container\" data-prefix=\"_wpcf7_ak_\"><label>&#916;<textarea name=\"_wpcf7_ak_hp_textarea\" cols=\"45\" rows=\"8\" maxlength=\"100\"><\/textarea><\/label><input type=\"hidden\" id=\"ak_js_1\" name=\"_wpcf7_ak_js\" value=\"8\"\/><script>document.getElementById( \"ak_js_1\" ).setAttribute( \"value\", ( new Date() ).getTime() );<\/script><\/p><div class=\"wpcf7-response-output\" aria-hidden=\"true\"><\/div>\n<\/form>\n<\/div>\n[\/vc_column][\/vc_row]<\/p>\n<\/div>","protected":false},"excerpt":{"rendered":"<p>[vc_row][vc_column][vc_column_text el_class=&#8221;productes&#8221;]Es l\u2019accesori m\u00e9s solicitat, s\u00f3n les connexions m\u00e9s pr\u00e0ctiques per les connexions del dip\u00f2sits.[\/vc_column_text][vc_row_inner][vc_column_inner width=&#8221;1\/2&#8243;][vc_single_image image=&#8221;1517&#8243; img_size=&#8221;600&#215;407&#8243; alignment=&#8221;center&#8221; onclick=&#8221;link_image&#8221;][\/vc_column_inner][vc_column_inner width=&#8221;1\/2&#8243;][vc_raw_html]JTNDdGFibGUlMjBjbGFzcyUzRCUyMnRhdWxhJTIyJTIwd2lkdGglM0QlMjIxMDAlMjUlMjIlM0UlMEElM0N0aGVhZCUzRSUwQSUzQ3RyJTNFJTBBJTNDdGglMjBjbGFzcyUzRCUyMmNhcHNhbGVyYTElMjIlMjBzdHlsZSUzRCUyMndpZHRoJTNBJTIwODglMjUlM0IlMjIlMjBjb2xzcGFuJTNEJTIyMyUyMiUzRUVRVUlWQUwlQzMlODhOQ0lFUyUzQyUyRnRoJTNFJTBBJTNDJTJGdHIlM0UlMEElM0MlMkZ0aGVhZCUzRSUwQSUzQ3Rib2R5JTNFJTBBJTNDdHIlM0UlMEElM0N0ZCUyMHN0eWxlJTNEJTIyd2lkdGglM0ElMjAyOC45MTY0JTI1JTNCJTIyJTNFRE4lM0MlMkZ0ZCUzRSUwQSUzQ3RkJTIwc3R5bGUlM0QlMjJ3aWR0aCUzQSUyMDI5LjA4MzYlMjUlM0IlMjIlM0VtbSUzQyUyRnRkJTNFJTBBJTNDdGQlMjBzdHlsZSUzRCUyMndpZHRoJTNBJTIwMzAlMjUlM0IlMjIlM0VQb2x6YWRlcyUzQyUyRnRkJTNFJTBBJTNDJTJGdHIlM0UlMEElM0N0ciUzRSUwQSUzQ3RkJTIwc3R5bGUlM0QlMjJ3aWR0aCUzQSUyMDI4LjkxNjQlMjUlM0IlMjIlM0UxNSUzQyUyRnRkJTNFJTBBJTNDdGQlMjBzdHlsZSUzRCUyMndpZHRoJTNBJTIwMjkuMDgzNiUyNSUzQiUyMiUzRTIwJTNDJTJGdGQlM0UlMEElM0N0ZCUyMHN0eWxlJTNEJTIyd2lkdGglM0ElMjAzMCUyNSUzQiUyMiUzRTElMkYyJTIyJTNDJTJGdGQlM0UlMEElM0MlMkZ0ciUzRSUwQSUzQ3RyJTNFJTBBJTNDdGQlMjBzdHlsZSUzRCUyMndpZHRoJTNBJTIwMjguOTE2NCUyNSUzQiUyMiUzRTIwJTNDJTJGdGQlM0UlMEElM0N0ZCUyMHN0eWxlJTNEJTIyd2lkdGglM0ElMjAyOS4wODM2JTI1JTNCJTIyJTNFMjUlM0MlMkZ0ZCUzRSUwQSUzQ3RkJTIwc3R5bGUlM0QlMjJ3aWR0aCUzQSUyMDMwJTI1JTNCJTIyJTNFMyUyRjQlMjIlM0MlMkZ0ZCUzRSUwQSUzQyUyRnRyJTNFJTBBJTNDdHIlM0UlMEElM0N0ZCUyMHN0eWxlJTNEJTIyd2lkdGglM0ElMjAyOC45MTY0JTI1JTNCJTIyJTNFMjUlM0MlMkZ0ZCUzRSUwQSUzQ3RkJTIwc3R5bGUlM0QlMjJ3aWR0aCUzQSUyMDI5LjA4MzYlMjUlM0IlMjIlM0UzMiUzQyUyRnRkJTNFJTBBJTNDdGQlMjBzdHlsZSUzRCUyMndpZHRoJTNBJTIwMzAlMjUlM0IlMjIlM0UxJTIyJTNDJTJGdGQlM0UlMEElM0MlMkZ0ciUzRSUwQSUzQ3RyJTNFJTBBJTNDdGQlMjBzdHlsZSUzRCUyMndpZHRoJTNBJTIwMjguOTE2NCUyNSUzQiUyMiUzRTMyJTNDJTJGdGQlM0UlMEElM0N0ZCUyMHN0eWxlJTNEJTIyd2lkdGglM0ElMjAyOS4wODM2JTI1JTNCJTIyJTNFNDAlM0MlMkZ0ZCUzRSUwQSUzQ3RkJTIwc3R5bGUlM0QlMjJ3aWR0aCUzQSUyMDMwJTI1JTNCJTIyJTNFMSUyMDElMkY0JTIyJTNDJTJGdGQlM0UlMEElM0MlMkZ0ciUzRSUwQSUzQ3RyJTNFJTBBJTNDdGQlMjBzdHlsZSUzRCUyMndpZHRoJTNBJTIwMjguOTE2NCUyNSUzQiUyMiUzRTQwJTNDJTJGdGQlM0UlMEElM0N0ZCUyMHN0eWxlJTNEJTIyd2lkdGglM0ElMjAyOS4wODM2JTI1JTNCJTIyJTNFNTAlM0MlMkZ0ZCUzRSUwQSUzQ3RkJTIwc3R5bGUlM0QlMjJ3aWR0aCUzQSUyMDMwJTI1JTNCJTIyJTNFMSUyMDElMkYyJTIyJTNDJTJGdGQlM0UlMEElM0MlMkZ0ciUzRSUwQSUzQ3RyJTNFJTBBJTNDdGQlMjBzdHlsZSUzRCUyMndpZHRoJTNBJTIwMjguOTE2NCUyNSUzQiUyMiUzRTUwJTNDJTJGdGQlM0UlMEElM0N0ZCUyMHN0eWxlJTNEJTIyd2lkdGglM0ElMjAyOS4wODM2JTI1JTNCJTIyJTNFNjMlM0MlMkZ0ZCUzRSUwQSUzQ3RkJTIwc3R5bGUlM0QlMjJ3aWR0aCUzQSUyMDMwJTI1JTNCJTIyJTNFMiUyMiUzQyUyRnRkJTNFJTBBJTNDJTJGdHIlM0UlMEElM0N0ciUzRSUwQSUzQ3RkJTIwc3R5bGUlM0QlMjJ3aWR0aCUzQSUyMDI4LjkxNjQlMjUlM0IlMjIlM0U2NSUzQyUyRnRkJTNFJTBBJTNDdGQlMjBzdHlsZSUzRCUyMndpZHRoJTNBJTIwMjkuMDgzNiUyNSUzQiUyMiUzRTc1JTNDJTJGdGQlM0UlMEElM0N0ZCUyMHN0eWxlJTNEJTIyd2lkdGglM0ElMjAzMCUyNSUzQiUyMiUzRTIlMjAxJTJGMiUyMiUzQyUyRnRkJTNFJTBBJTNDJTJGdHIlM0UlMEElM0N0ciUzRSUwQSUzQ3RkJTIwc3R5bGUlM0QlMjJ3aWR0aCUzQSUyMDI4LjkxNjQlMjUlM0IlMjIlM0U4MCUzQyUyRnRkJTNFJTBBJTNDdGQlMjBzdHlsZSUzRCUyMndpZHRoJTNBJTIwMjkuMDgzNiUyNSUzQiUyMiUzRTkwJTNDJTJGdGQlM0UlMEElM0N0ZCUyMHN0eWxlJTNEJTIyd2lkdGglM0ElMjAzMCUyNSUzQiUyMiUzRTMlMjIlM0MlMkZ0ZCUzRSUwQSUzQyUyRnRyJTNFJTBBJTNDdHIlM0UlMEElM0N0ZCUyMHN0eWxlJTNEJTIyd2lkdGglM0ElMjAyOC45MTY0JTI1JTNCJTIyJTNFMTAwJTNDJTJGdGQlM0UlMEElM0N0ZCUyMHN0eWxlJTNEJTIyd2lkdGglM0ElMjAyOS4wODM2JTI1JTNCJTIyJTNFMTEwJTNDJTJGdGQlM0UlMEElM0N0ZCUyMHN0eWxlJTNEJTIyd2lkdGglM0ElMjAzMCUyNSUzQiUyMiUzRTQlMjIlM0MlMkZ0ZCUzRSUwQSUzQyUyRnRyJTNFJTBBJTNDdHIlM0UlMEElM0N0ZCUyMHN0eWxlJTNEJTIyd2lkdGglM0ElMjAyOC45MTY0JTI1JTNCJTIyJTNFMTI1JTNDJTJGdGQlM0UlMEElM0N0ZCUyMHN0eWxlJTNEJTIyd2lkdGglM0ElMjAyOS4wODM2JTI1JTNCJTIyJTNFMTI1JTNDJTJGdGQlM0UlMEElM0N0ZCUyMHN0eWxlJTNEJTIyd2lkdGglM0ElMjAzMCUyNSUzQiUyMiUzRTUlMjIlM0MlMkZ0ZCUzRSUwQSUzQyUyRnRyJTNFJTBBJTNDJTJGdGJvZHklM0UlMEElM0MlMkZ0YWJsZSUzRQ==[\/vc_raw_html][\/vc_column_inner][\/vc_row_inner][\/vc_column][\/vc_row][vc_row][vc_column][vc_text_separator title=&#8221;Contacte&#8221;][\/vc_column][\/vc_row]<\/p>\n","protected":false},"author":1,"featured_media":0,"parent":0,"menu_order":0,"comment_status":"closed","ping_status":"closed","template":"","meta":{"_joinchat":[]},"class_list":["post-602","page","type-page","status-publish","hentry","description-off"],"yoast_head":"<!-- This site is optimized with the Yoast SEO plugin v27.2 - https:\/\/yoast.com\/product\/yoast-seo-wordpress\/ -->\n<title>Brida + porta brides &#8211; Europlast<\/title>\n<meta name=\"robots\" content=\"index, follow, max-snippet:-1, max-image-preview:large, max-video-preview:-1\" \/>\n<link rel=\"canonical\" href=\"https:\/\/www.europlast-sl.com\/ca\/brida-porta-brides\/\" \/>\n<meta property=\"og:locale\" content=\"ca_ES\" \/>\n<meta property=\"og:type\" content=\"article\" \/>\n<meta property=\"og:title\" content=\"Brida + porta brides &#8211; Europlast\" \/>\n<meta property=\"og:description\" content=\"[vc_row][vc_column][vc_column_text el_class=&#8221;productes&#8221;]Es l\u2019accesori m\u00e9s solicitat, s\u00f3n les connexions m\u00e9s pr\u00e0ctiques per les connexions del dip\u00f2sits.[\/vc_column_text][vc_row_inner][vc_column_inner width=&#8221;1\/2&#8243;][vc_single_image image=&#8221;1517&#8243; img_size=&#8221;600&#215;407&#8243; alignment=&#8221;center&#8221; onclick=&#8221;link_image&#8221;][\/vc_column_inner][vc_column_inner width=&#8221;1\/2&#8243;][vc_raw_html]JTNDdGFibGUlMjBjbGFzcyUzRCUyMnRhdWxhJTIyJTIwd2lkdGglM0QlMjIxMDAlMjUlMjIlM0UlMEElM0N0aGVhZCUzRSUwQSUzQ3RyJTNFJTBBJTNDdGglMjBjbGFzcyUzRCUyMmNhcHNhbGVyYTElMjIlMjBzdHlsZSUzRCUyMndpZHRoJTNBJTIwODglMjUlM0IlMjIlMjBjb2xzcGFuJTNEJTIyMyUyMiUzRUVRVUlWQUwlQzMlODhOQ0lFUyUzQyUyRnRoJTNFJTBBJTNDJTJGdHIlM0UlMEElM0MlMkZ0aGVhZCUzRSUwQSUzQ3Rib2R5JTNFJTBBJTNDdHIlM0UlMEElM0N0ZCUyMHN0eWxlJTNEJTIyd2lkdGglM0ElMjAyOC45MTY0JTI1JTNCJTIyJTNFRE4lM0MlMkZ0ZCUzRSUwQSUzQ3RkJTIwc3R5bGUlM0QlMjJ3aWR0aCUzQSUyMDI5LjA4MzYlMjUlM0IlMjIlM0VtbSUzQyUyRnRkJTNFJTBBJTNDdGQlMjBzdHlsZSUzRCUyMndpZHRoJTNBJTIwMzAlMjUlM0IlMjIlM0VQb2x6YWRlcyUzQyUyRnRkJTNFJTBBJTNDJTJGdHIlM0UlMEElM0N0ciUzRSUwQSUzQ3RkJTIwc3R5bGUlM0QlMjJ3aWR0aCUzQSUyMDI4LjkxNjQlMjUlM0IlMjIlM0UxNSUzQyUyRnRkJTNFJTBBJTNDdGQlMjBzdHlsZSUzRCUyMndpZHRoJTNBJTIwMjkuMDgzNiUyNSUzQiUyMiUzRTIwJTNDJTJGdGQlM0UlMEElM0N0ZCUyMHN0eWxlJTNEJTIyd2lkdGglM0ElMjAzMCUyNSUzQiUyMiUzRTElMkYyJTIyJTNDJTJGdGQlM0UlMEElM0MlMkZ0ciUzRSUwQSUzQ3RyJTNFJTBBJTNDdGQlMjBzdHlsZSUzRCUyMndpZHRoJTNBJTIwMjguOTE2NCUyNSUzQiUyMiUzRTIwJTNDJTJGdGQlM0UlMEElM0N0ZCUyMHN0eWxlJTNEJTIyd2lkdGglM0ElMjAyOS4wODM2JTI1JTNCJTIyJTNFMjUlM0MlMkZ0ZCUzRSUwQSUzQ3RkJTIwc3R5bGUlM0QlMjJ3aWR0aCUzQSUyMDMwJTI1JTNCJTIyJTNFMyUyRjQlMjIlM0MlMkZ0ZCUzRSUwQSUzQyUyRnRyJTNFJTBBJTNDdHIlM0UlMEElM0N0ZCUyMHN0eWxlJTNEJTIyd2lkdGglM0ElMjAyOC45MTY0JTI1JTNCJTIyJTNFMjUlM0MlMkZ0ZCUzRSUwQSUzQ3RkJTIwc3R5bGUlM0QlMjJ3aWR0aCUzQSUyMDI5LjA4MzYlMjUlM0IlMjIlM0UzMiUzQyUyRnRkJTNFJTBBJTNDdGQlMjBzdHlsZSUzRCUyMndpZHRoJTNBJTIwMzAlMjUlM0IlMjIlM0UxJTIyJTNDJTJGdGQlM0UlMEElM0MlMkZ0ciUzRSUwQSUzQ3RyJTNFJTBBJTNDdGQlMjBzdHlsZSUzRCUyMndpZHRoJTNBJTIwMjguOTE2NCUyNSUzQiUyMiUzRTMyJTNDJTJGdGQlM0UlMEElM0N0ZCUyMHN0eWxlJTNEJTIyd2lkdGglM0ElMjAyOS4wODM2JTI1JTNCJTIyJTNFNDAlM0MlMkZ0ZCUzRSUwQSUzQ3RkJTIwc3R5bGUlM0QlMjJ3aWR0aCUzQSUyMDMwJTI1JTNCJTIyJTNFMSUyMDElMkY0JTIyJTNDJTJGdGQlM0UlMEElM0MlMkZ0ciUzRSUwQSUzQ3RyJTNFJTBBJTNDdGQlMjBzdHlsZSUzRCUyMndpZHRoJTNBJTIwMjguOTE2NCUyNSUzQiUyMiUzRTQwJTNDJTJGdGQlM0UlMEElM0N0ZCUyMHN0eWxlJTNEJTIyd2lkdGglM0ElMjAyOS4wODM2JTI1JTNCJTIyJTNFNTAlM0MlMkZ0ZCUzRSUwQSUzQ3RkJTIwc3R5bGUlM0QlMjJ3aWR0aCUzQSUyMDMwJTI1JTNCJTIyJTNFMSUyMDElMkYyJTIyJTNDJTJGdGQlM0UlMEElM0MlMkZ0ciUzRSUwQSUzQ3RyJTNFJTBBJTNDdGQlMjBzdHlsZSUzRCUyMndpZHRoJTNBJTIwMjguOTE2NCUyNSUzQiUyMiUzRTUwJTNDJTJGdGQlM0UlMEElM0N0ZCUyMHN0eWxlJTNEJTIyd2lkdGglM0ElMjAyOS4wODM2JTI1JTNCJTIyJTNFNjMlM0MlMkZ0ZCUzRSUwQSUzQ3RkJTIwc3R5bGUlM0QlMjJ3aWR0aCUzQSUyMDMwJTI1JTNCJTIyJTNFMiUyMiUzQyUyRnRkJTNFJTBBJTNDJTJGdHIlM0UlMEElM0N0ciUzRSUwQSUzQ3RkJTIwc3R5bGUlM0QlMjJ3aWR0aCUzQSUyMDI4LjkxNjQlMjUlM0IlMjIlM0U2NSUzQyUyRnRkJTNFJTBBJTNDdGQlMjBzdHlsZSUzRCUyMndpZHRoJTNBJTIwMjkuMDgzNiUyNSUzQiUyMiUzRTc1JTNDJTJGdGQlM0UlMEElM0N0ZCUyMHN0eWxlJTNEJTIyd2lkdGglM0ElMjAzMCUyNSUzQiUyMiUzRTIlMjAxJTJGMiUyMiUzQyUyRnRkJTNFJTBBJTNDJTJGdHIlM0UlMEElM0N0ciUzRSUwQSUzQ3RkJTIwc3R5bGUlM0QlMjJ3aWR0aCUzQSUyMDI4LjkxNjQlMjUlM0IlMjIlM0U4MCUzQyUyRnRkJTNFJTBBJTNDdGQlMjBzdHlsZSUzRCUyMndpZHRoJTNBJTIwMjkuMDgzNiUyNSUzQiUyMiUzRTkwJTNDJTJGdGQlM0UlMEElM0N0ZCUyMHN0eWxlJTNEJTIyd2lkdGglM0ElMjAzMCUyNSUzQiUyMiUzRTMlMjIlM0MlMkZ0ZCUzRSUwQSUzQyUyRnRyJTNFJTBBJTNDdHIlM0UlMEElM0N0ZCUyMHN0eWxlJTNEJTIyd2lkdGglM0ElMjAyOC45MTY0JTI1JTNCJTIyJTNFMTAwJTNDJTJGdGQlM0UlMEElM0N0ZCUyMHN0eWxlJTNEJTIyd2lkdGglM0ElMjAyOS4wODM2JTI1JTNCJTIyJTNFMTEwJTNDJTJGdGQlM0UlMEElM0N0ZCUyMHN0eWxlJTNEJTIyd2lkdGglM0ElMjAzMCUyNSUzQiUyMiUzRTQlMjIlM0MlMkZ0ZCUzRSUwQSUzQyUyRnRyJTNFJTBBJTNDdHIlM0UlMEElM0N0ZCUyMHN0eWxlJTNEJTIyd2lkdGglM0ElMjAyOC45MTY0JTI1JTNCJTIyJTNFMTI1JTNDJTJGdGQlM0UlMEElM0N0ZCUyMHN0eWxlJTNEJTIyd2lkdGglM0ElMjAyOS4wODM2JTI1JTNCJTIyJTNFMTI1JTNDJTJGdGQlM0UlMEElM0N0ZCUyMHN0eWxlJTNEJTIyd2lkdGglM0ElMjAzMCUyNSUzQiUyMiUzRTUlMjIlM0MlMkZ0ZCUzRSUwQSUzQyUyRnRyJTNFJTBBJTNDJTJGdGJvZHklM0UlMEElM0MlMkZ0YWJsZSUzRQ==[\/vc_raw_html][\/vc_column_inner][\/vc_row_inner][\/vc_column][\/vc_row][vc_row][vc_column][vc_text_separator title=&#8221;Contacte&#8221;][\/vc_column][\/vc_row]\" \/>\n<meta property=\"og:url\" content=\"https:\/\/www.europlast-sl.com\/ca\/brida-porta-brides\/\" \/>\n<meta property=\"og:site_name\" content=\"Europlast\" \/>\n<meta property=\"article:modified_time\" content=\"2018-12-20T11:42:08+00:00\" \/>\n<meta name=\"twitter:label1\" content=\"Temps estimat de lectura\" \/>\n\t<meta name=\"twitter:data1\" content=\"2 minuts\" \/>\n<script type=\"application\/ld+json\" class=\"yoast-schema-graph\">{\"@context\":\"https:\/\/schema.org\",\"@graph\":[{\"@type\":\"WebPage\",\"@id\":\"https:\/\/www.europlast-sl.com\/ca\/brida-porta-brides\/\",\"url\":\"https:\/\/www.europlast-sl.com\/ca\/brida-porta-brides\/\",\"name\":\"Brida + porta brides &#8211; Europlast\",\"isPartOf\":{\"@id\":\"https:\/\/www.europlast-sl.com\/ca\/#website\"},\"datePublished\":\"2014-09-02T12:22:13+00:00\",\"dateModified\":\"2018-12-20T11:42:08+00:00\",\"breadcrumb\":{\"@id\":\"https:\/\/www.europlast-sl.com\/ca\/brida-porta-brides\/#breadcrumb\"},\"inLanguage\":\"ca\",\"potentialAction\":[{\"@type\":\"ReadAction\",\"target\":[\"https:\/\/www.europlast-sl.com\/ca\/brida-porta-brides\/\"]}]},{\"@type\":\"BreadcrumbList\",\"@id\":\"https:\/\/www.europlast-sl.com\/ca\/brida-porta-brides\/#breadcrumb\",\"itemListElement\":[{\"@type\":\"ListItem\",\"position\":1,\"name\":\"Portada\",\"item\":\"https:\/\/www.europlast-sl.com\/ca\/\"},{\"@type\":\"ListItem\",\"position\":2,\"name\":\"Brida + porta brides\"}]},{\"@type\":\"WebSite\",\"@id\":\"https:\/\/www.europlast-sl.com\/ca\/#website\",\"url\":\"https:\/\/www.europlast-sl.com\/ca\/\",\"name\":\"Europlast\",\"description\":\"Especialistas en la fabricaci\u00f3n y comercializaci\u00f3n de dep\u00f3sitos\",\"potentialAction\":[{\"@type\":\"SearchAction\",\"target\":{\"@type\":\"EntryPoint\",\"urlTemplate\":\"https:\/\/www.europlast-sl.com\/ca\/?s={search_term_string}\"},\"query-input\":{\"@type\":\"PropertyValueSpecification\",\"valueRequired\":true,\"valueName\":\"search_term_string\"}}],\"inLanguage\":\"ca\"}]}<\/script>\n<!-- \/ Yoast SEO plugin. -->","yoast_head_json":{"title":"Brida + porta brides &#8211; Europlast","robots":{"index":"index","follow":"follow","max-snippet":"max-snippet:-1","max-image-preview":"max-image-preview:large","max-video-preview":"max-video-preview:-1"},"canonical":"https:\/\/www.europlast-sl.com\/ca\/brida-porta-brides\/","og_locale":"ca_ES","og_type":"article","og_title":"Brida + porta brides &#8211; Europlast","og_description":"[vc_row][vc_column][vc_column_text el_class=&#8221;productes&#8221;]Es l\u2019accesori m\u00e9s solicitat, s\u00f3n les connexions m\u00e9s pr\u00e0ctiques per les connexions del dip\u00f2sits.[\/vc_column_text][vc_row_inner][vc_column_inner width=&#8221;1\/2&#8243;][vc_single_image image=&#8221;1517&#8243; img_size=&#8221;600&#215;407&#8243; alignment=&#8221;center&#8221; onclick=&#8221;link_image&#8221;][\/vc_column_inner][vc_column_inner width=&#8221;1\/2&#8243;][vc_raw_html]JTNDdGFibGUlMjBjbGFzcyUzRCUyMnRhdWxhJTIyJTIwd2lkdGglM0QlMjIxMDAlMjUlMjIlM0UlMEElM0N0aGVhZCUzRSUwQSUzQ3RyJTNFJTBBJTNDdGglMjBjbGFzcyUzRCUyMmNhcHNhbGVyYTElMjIlMjBzdHlsZSUzRCUyMndpZHRoJTNBJTIwODglMjUlM0IlMjIlMjBjb2xzcGFuJTNEJTIyMyUyMiUzRUVRVUlWQUwlQzMlODhOQ0lFUyUzQyUyRnRoJTNFJTBBJTNDJTJGdHIlM0UlMEElM0MlMkZ0aGVhZCUzRSUwQSUzQ3Rib2R5JTNFJTBBJTNDdHIlM0UlMEElM0N0ZCUyMHN0eWxlJTNEJTIyd2lkdGglM0ElMjAyOC45MTY0JTI1JTNCJTIyJTNFRE4lM0MlMkZ0ZCUzRSUwQSUzQ3RkJTIwc3R5bGUlM0QlMjJ3aWR0aCUzQSUyMDI5LjA4MzYlMjUlM0IlMjIlM0VtbSUzQyUyRnRkJTNFJTBBJTNDdGQlMjBzdHlsZSUzRCUyMndpZHRoJTNBJTIwMzAlMjUlM0IlMjIlM0VQb2x6YWRlcyUzQyUyRnRkJTNFJTBBJTNDJTJGdHIlM0UlMEElM0N0ciUzRSUwQSUzQ3RkJTIwc3R5bGUlM0QlMjJ3aWR0aCUzQSUyMDI4LjkxNjQlMjUlM0IlMjIlM0UxNSUzQyUyRnRkJTNFJTBBJTNDdGQlMjBzdHlsZSUzRCUyMndpZHRoJTNBJTIwMjkuMDgzNiUyNSUzQiUyMiUzRTIwJTNDJTJGdGQlM0UlMEElM0N0ZCUyMHN0eWxlJTNEJTIyd2lkdGglM0ElMjAzMCUyNSUzQiUyMiUzRTElMkYyJTIyJTNDJTJGdGQlM0UlMEElM0MlMkZ0ciUzRSUwQSUzQ3RyJTNFJTBBJTNDdGQlMjBzdHlsZSUzRCUyMndpZHRoJTNBJTIwMjguOTE2NCUyNSUzQiUyMiUzRTIwJTNDJTJGdGQlM0UlMEElM0N0ZCUyMHN0eWxlJTNEJTIyd2lkdGglM0ElMjAyOS4wODM2JTI1JTNCJTIyJTNFMjUlM0MlMkZ0ZCUzRSUwQSUzQ3RkJTIwc3R5bGUlM0QlMjJ3aWR0aCUzQSUyMDMwJTI1JTNCJTIyJTNFMyUyRjQlMjIlM0MlMkZ0ZCUzRSUwQSUzQyUyRnRyJTNFJTBBJTNDdHIlM0UlMEElM0N0ZCUyMHN0eWxlJTNEJTIyd2lkdGglM0ElMjAyOC45MTY0JTI1JTNCJTIyJTNFMjUlM0MlMkZ0ZCUzRSUwQSUzQ3RkJTIwc3R5bGUlM0QlMjJ3aWR0aCUzQSUyMDI5LjA4MzYlMjUlM0IlMjIlM0UzMiUzQyUyRnRkJTNFJTBBJTNDdGQlMjBzdHlsZSUzRCUyMndpZHRoJTNBJTIwMzAlMjUlM0IlMjIlM0UxJTIyJTNDJTJGdGQlM0UlMEElM0MlMkZ0ciUzRSUwQSUzQ3RyJTNFJTBBJTNDdGQlMjBzdHlsZSUzRCUyMndpZHRoJTNBJTIwMjguOTE2NCUyNSUzQiUyMiUzRTMyJTNDJTJGdGQlM0UlMEElM0N0ZCUyMHN0eWxlJTNEJTIyd2lkdGglM0ElMjAyOS4wODM2JTI1JTNCJTIyJTNFNDAlM0MlMkZ0ZCUzRSUwQSUzQ3RkJTIwc3R5bGUlM0QlMjJ3aWR0aCUzQSUyMDMwJTI1JTNCJTIyJTNFMSUyMDElMkY0JTIyJTNDJTJGdGQlM0UlMEElM0MlMkZ0ciUzRSUwQSUzQ3RyJTNFJTBBJTNDdGQlMjBzdHlsZSUzRCUyMndpZHRoJTNBJTIwMjguOTE2NCUyNSUzQiUyMiUzRTQwJTNDJTJGdGQlM0UlMEElM0N0ZCUyMHN0eWxlJTNEJTIyd2lkdGglM0ElMjAyOS4wODM2JTI1JTNCJTIyJTNFNTAlM0MlMkZ0ZCUzRSUwQSUzQ3RkJTIwc3R5bGUlM0QlMjJ3aWR0aCUzQSUyMDMwJTI1JTNCJTIyJTNFMSUyMDElMkYyJTIyJTNDJTJGdGQlM0UlMEElM0MlMkZ0ciUzRSUwQSUzQ3RyJTNFJTBBJTNDdGQlMjBzdHlsZSUzRCUyMndpZHRoJTNBJTIwMjguOTE2NCUyNSUzQiUyMiUzRTUwJTNDJTJGdGQlM0UlMEElM0N0ZCUyMHN0eWxlJTNEJTIyd2lkdGglM0ElMjAyOS4wODM2JTI1JTNCJTIyJTNFNjMlM0MlMkZ0ZCUzRSUwQSUzQ3RkJTIwc3R5bGUlM0QlMjJ3aWR0aCUzQSUyMDMwJTI1JTNCJTIyJTNFMiUyMiUzQyUyRnRkJTNFJTBBJTNDJTJGdHIlM0UlMEElM0N0ciUzRSUwQSUzQ3RkJTIwc3R5bGUlM0QlMjJ3aWR0aCUzQSUyMDI4LjkxNjQlMjUlM0IlMjIlM0U2NSUzQyUyRnRkJTNFJTBBJTNDdGQlMjBzdHlsZSUzRCUyMndpZHRoJTNBJTIwMjkuMDgzNiUyNSUzQiUyMiUzRTc1JTNDJTJGdGQlM0UlMEElM0N0ZCUyMHN0eWxlJTNEJTIyd2lkdGglM0ElMjAzMCUyNSUzQiUyMiUzRTIlMjAxJTJGMiUyMiUzQyUyRnRkJTNFJTBBJTNDJTJGdHIlM0UlMEElM0N0ciUzRSUwQSUzQ3RkJTIwc3R5bGUlM0QlMjJ3aWR0aCUzQSUyMDI4LjkxNjQlMjUlM0IlMjIlM0U4MCUzQyUyRnRkJTNFJTBBJTNDdGQlMjBzdHlsZSUzRCUyMndpZHRoJTNBJTIwMjkuMDgzNiUyNSUzQiUyMiUzRTkwJTNDJTJGdGQlM0UlMEElM0N0ZCUyMHN0eWxlJTNEJTIyd2lkdGglM0ElMjAzMCUyNSUzQiUyMiUzRTMlMjIlM0MlMkZ0ZCUzRSUwQSUzQyUyRnRyJTNFJTBBJTNDdHIlM0UlMEElM0N0ZCUyMHN0eWxlJTNEJTIyd2lkdGglM0ElMjAyOC45MTY0JTI1JTNCJTIyJTNFMTAwJTNDJTJGdGQlM0UlMEElM0N0ZCUyMHN0eWxlJTNEJTIyd2lkdGglM0ElMjAyOS4wODM2JTI1JTNCJTIyJTNFMTEwJTNDJTJGdGQlM0UlMEElM0N0ZCUyMHN0eWxlJTNEJTIyd2lkdGglM0ElMjAzMCUyNSUzQiUyMiUzRTQlMjIlM0MlMkZ0ZCUzRSUwQSUzQyUyRnRyJTNFJTBBJTNDdHIlM0UlMEElM0N0ZCUyMHN0eWxlJTNEJTIyd2lkdGglM0ElMjAyOC45MTY0JTI1JTNCJTIyJTNFMTI1JTNDJTJGdGQlM0UlMEElM0N0ZCUyMHN0eWxlJTNEJTIyd2lkdGglM0ElMjAyOS4wODM2JTI1JTNCJTIyJTNFMTI1JTNDJTJGdGQlM0UlMEElM0N0ZCUyMHN0eWxlJTNEJTIyd2lkdGglM0ElMjAzMCUyNSUzQiUyMiUzRTUlMjIlM0MlMkZ0ZCUzRSUwQSUzQyUyRnRyJTNFJTBBJTNDJTJGdGJvZHklM0UlMEElM0MlMkZ0YWJsZSUzRQ==[\/vc_raw_html][\/vc_column_inner][\/vc_row_inner][\/vc_column][\/vc_row][vc_row][vc_column][vc_text_separator title=&#8221;Contacte&#8221;][\/vc_column][\/vc_row]","og_url":"https:\/\/www.europlast-sl.com\/ca\/brida-porta-brides\/","og_site_name":"Europlast","article_modified_time":"2018-12-20T11:42:08+00:00","twitter_misc":{"Temps estimat de lectura":"2 minuts"},"schema":{"@context":"https:\/\/schema.org","@graph":[{"@type":"WebPage","@id":"https:\/\/www.europlast-sl.com\/ca\/brida-porta-brides\/","url":"https:\/\/www.europlast-sl.com\/ca\/brida-porta-brides\/","name":"Brida + porta brides &#8211; Europlast","isPartOf":{"@id":"https:\/\/www.europlast-sl.com\/ca\/#website"},"datePublished":"2014-09-02T12:22:13+00:00","dateModified":"2018-12-20T11:42:08+00:00","breadcrumb":{"@id":"https:\/\/www.europlast-sl.com\/ca\/brida-porta-brides\/#breadcrumb"},"inLanguage":"ca","potentialAction":[{"@type":"ReadAction","target":["https:\/\/www.europlast-sl.com\/ca\/brida-porta-brides\/"]}]},{"@type":"BreadcrumbList","@id":"https:\/\/www.europlast-sl.com\/ca\/brida-porta-brides\/#breadcrumb","itemListElement":[{"@type":"ListItem","position":1,"name":"Portada","item":"https:\/\/www.europlast-sl.com\/ca\/"},{"@type":"ListItem","position":2,"name":"Brida + porta brides"}]},{"@type":"WebSite","@id":"https:\/\/www.europlast-sl.com\/ca\/#website","url":"https:\/\/www.europlast-sl.com\/ca\/","name":"Europlast","description":"Especialistas en la fabricaci\u00f3n y comercializaci\u00f3n de dep\u00f3sitos","potentialAction":[{"@type":"SearchAction","target":{"@type":"EntryPoint","urlTemplate":"https:\/\/www.europlast-sl.com\/ca\/?s={search_term_string}"},"query-input":{"@type":"PropertyValueSpecification","valueRequired":true,"valueName":"search_term_string"}}],"inLanguage":"ca"}]}},"_links":{"self":[{"href":"https:\/\/www.europlast-sl.com\/ca\/wp-json\/wp\/v2\/pages\/602","targetHints":{"allow":["GET"]}}],"collection":[{"href":"https:\/\/www.europlast-sl.com\/ca\/wp-json\/wp\/v2\/pages"}],"about":[{"href":"https:\/\/www.europlast-sl.com\/ca\/wp-json\/wp\/v2\/types\/page"}],"author":[{"embeddable":true,"href":"https:\/\/www.europlast-sl.com\/ca\/wp-json\/wp\/v2\/users\/1"}],"replies":[{"embeddable":true,"href":"https:\/\/www.europlast-sl.com\/ca\/wp-json\/wp\/v2\/comments?post=602"}],"version-history":[{"count":5,"href":"https:\/\/www.europlast-sl.com\/ca\/wp-json\/wp\/v2\/pages\/602\/revisions"}],"predecessor-version":[{"id":3283,"href":"https:\/\/www.europlast-sl.com\/ca\/wp-json\/wp\/v2\/pages\/602\/revisions\/3283"}],"wp:attachment":[{"href":"https:\/\/www.europlast-sl.com\/ca\/wp-json\/wp\/v2\/media?parent=602"}],"curies":[{"name":"wp","href":"https:\/\/api.w.org\/{rel}","templated":true}]}}