{"id":3090,"date":"2018-12-17T10:47:58","date_gmt":"2018-12-17T10:47:58","guid":{"rendered":"https:\/\/www.europlast-sl.com\/cookies\/"},"modified":"2018-12-19T08:26:02","modified_gmt":"2018-12-19T08:26:02","slug":"cookies","status":"publish","type":"page","link":"https:\/\/www.europlast-sl.com\/ca\/cookies\/","title":{"rendered":"Cookies"},"content":{"rendered":"<div class=\"wpb-content-wrapper\"><p>[vc_row][vc_column][vc_column_text]<strong>Pol\u00edtica de Cookies<\/strong><\/p>\n<p>Les cookies s\u00f3n un element b\u00e0sic pel funcionament de la xarxa, al llarg d&#8217;aquests \u00faltims anys ens han facilitat la feina i aportat beneficis a l&#8217;hora de prestar serveis online. Per contra, \u00faltimament s&#8217;ha disparat un cert temor social que les cookies puguin suposar un problema pel que fa a la privacitat de dades del propi usuari. Amb aquest document, volem fer-vos entendre, com afecten les cookies a la vostra privacitat.<\/p>\n<p><strong>Qu\u00e8 s\u00f3n les cookies?<\/strong><\/p>\n<p>Les cookies s\u00f3n petits arxius que contenen diferents n\u00fameros i lletres i que s&#8217;utilitzen per tal de poder distingir a un usuari que interactua amb la nostra web d&#8217;un altre i que tamb\u00e9 permeten la continu\u00eftat de la informaci\u00f3 entre diferents p\u00e0gines d&#8217;una mateixa web.<\/p>\n<p><strong>Per qu\u00e8 fem servir cookies?<\/strong><\/p>\n<p>B\u00e0sicament, utilitzem les cookies per poder oferir una millor experi\u00e8ncia d&#8217;usuari als nostres visitants. Aix\u00f2 ho aconseguim obtenint informaci\u00f3, per exemple, de la ruta que segueixen els nostres usuaris dins la nostra web o des d&#8217;on han arribat al nostre lloc. Amb aix\u00f2 millorem l&#8217;acc\u00e9s al nostre lloc web i per tant l&#8217;experi\u00e8ncia que l&#8217;usuari t\u00e9 navegant per ell. Cal recordar que per aix\u00f2 no necessitem cap tipus d&#8217;informaci\u00f3 personal o privada de l&#8217;usuari.<\/p>\n<p>Si vost\u00e8 continua utilizant el nostre lloc web despr\u00e9s d&#8217;haver rebut el missatge relatiu al \u00fas de les cookies, entenem que est\u00e0 d&#8217;acord amb l&#8217;\u00fas que li donarem de la forma descrita en aquesta pol\u00edtica. Si decideix no acceptar les nostres cookies, pot configurar el seu navegador per ser avisat per pantalla de la recepci\u00f3 de cookies i per impedir la instalaci\u00f3 de cookies al seu disc dur. Per prohibir la instalaci\u00f3 de les mateixes, ha de seguir les instruccions corresponents al seu navegador:<\/p>\n<ul>\n<li>Firefox: <a href=\"https:\/\/support.mozilla.org\/ca\/kb\/activa-i-desactiva-les-galetes-que-les-pagines-web\">https:\/\/support.mozilla.org\/ca\/kb\/activa-i-desactiva-les-galetes-que-les-pagines-web<\/a><\/li>\n<li>Chrome: <a href=\"http:\/\/support.google.com\/chrome\/bin\/answer.py?hl=es&amp;answer=95647\">http:\/\/support.google.com\/chrome\/bin\/answer.py?hl=es&amp;answer=95647<\/a><\/li>\n<li>Explorer: <a href=\"http:\/\/windows.microsoft.com\/es-es\/windows7\/how-to-manage-cookies-in-internet-explorer-9\">http:\/\/windows.microsoft.com\/es-es\/windows7\/how-to-manage-cookies-in-internet-explorer-9<\/a><\/li>\n<li>Safari: <a href=\"http:\/\/support.apple.com\/kb\/ph5042\">http:\/\/support.apple.com\/kb\/ph5042<\/a><\/li>\n<\/ul>\n<p>Si utilitza un altre navegador, pot obtenir m\u00e9s informaci\u00f3 sobre com configurar la instal\u00b7laci\u00f3 de de les cookies a trav\u00e9s de la secci\u00f3 d&#8217;ajuda o assist\u00e8ncia del navegador en q\u00fcesti\u00f3. Si decideix no acceptar les nostres cookies, podr\u00e0 continuar utilitzar el nostre web de forma habitual, tot i que \u00e9s possible que la seva experi\u00e8ncia d&#8217;usuari es vegi perjudicada.<\/p>\n<p>Les cookies s&#8217;utilitzen amb la seg\u00fcent finalitat:<\/p>\n<ul>\n<li>__utma, __utmb, __utmc, __utmz: An\u00e0lisi estad\u00edstic de la web amb Google Analytics.<\/li>\n<\/ul>\n<p>La normativa sobre les cookies est\u00e0 en constant evoluci\u00f3, pel que per a adaptar-se a les noves tecnologies o, incl\u00fas, per a futurs canvis normatius li recomanem que revisi les nostres condicions legals peri\u00f2dicament per a con\u00e8ixer la versi\u00f3 aplicable a cada moment.<\/p>\n<p>Relaci\u00f3 de cookies:<\/p>\n<ul>\n<li>PHPSESSID<\/li>\n<li>__stid<\/li>\n<li>__unam<\/li>\n<li>_ga<\/li>\n<li>_gid<\/li>\n<li>_icl_current_admin_language_d41d8cd98f00b204e9800998ecf8427e<\/li>\n<li>_icl_current_language<\/li>\n<li>_vwo_uuid<\/li>\n<li>fs_uid<\/li>\n<li>plesk-list-type<\/li>\n<li>plesk-sort-dir<\/li>\n<li>plesk-sort-field<\/li>\n<li>wfwaf-authcookie-11f253644191eb5df22f27a53b4e3c53<\/li>\n<li>wordpress_logged_in_f043918b41c3ce3087bb820a0ca18e83<\/li>\n<li>wordpress_sec_f043918b41c3ce3087bb820a0ca18e83<\/li>\n<li>wordpress_test_cookie<\/li>\n<li>wp-settings-1<\/li>\n<li>wp-settings-time-1<\/li>\n<\/ul>\n<p>[\/vc_column_text][\/vc_column][\/vc_row]<\/p>\n<\/div>","protected":false},"excerpt":{"rendered":"<p>[vc_row][vc_column][vc_column_text]Pol\u00edtica de Cookies Les cookies s\u00f3n un element b\u00e0sic pel funcionament de la xarxa, al llarg d&#8217;aquests \u00faltims anys ens han facilitat la feina i aportat beneficis a l&#8217;hora de prestar serveis online. Per contra, \u00faltimament s&#8217;ha disparat un cert temor social que les cookies puguin suposar un problema pel que fa a la privacitat&hellip;<\/p>\n","protected":false},"author":1,"featured_media":0,"parent":0,"menu_order":0,"comment_status":"closed","ping_status":"closed","template":"","meta":{"_joinchat":[]},"class_list":["post-3090","page","type-page","status-publish","hentry","description-off"],"yoast_head":"<!-- This site is optimized with the Yoast SEO plugin v27.2 - https:\/\/yoast.com\/product\/yoast-seo-wordpress\/ -->\n<title>Cookies &#8211; Europlast<\/title>\n<meta name=\"robots\" content=\"index, follow, max-snippet:-1, max-image-preview:large, max-video-preview:-1\" \/>\n<link rel=\"canonical\" href=\"https:\/\/www.europlast-sl.com\/ca\/cookies\/\" \/>\n<meta property=\"og:locale\" content=\"ca_ES\" \/>\n<meta property=\"og:type\" content=\"article\" \/>\n<meta property=\"og:title\" content=\"Cookies &#8211; Europlast\" \/>\n<meta property=\"og:description\" content=\"[vc_row][vc_column][vc_column_text]Pol\u00edtica de Cookies Les cookies s\u00f3n un element b\u00e0sic pel funcionament de la xarxa, al llarg d&#8217;aquests \u00faltims anys ens han facilitat la feina i aportat beneficis a l&#8217;hora de prestar serveis online. Per contra, \u00faltimament s&#8217;ha disparat un cert temor social que les cookies puguin suposar un problema pel que fa a la privacitat&hellip;\" \/>\n<meta property=\"og:url\" content=\"https:\/\/www.europlast-sl.com\/ca\/cookies\/\" \/>\n<meta property=\"og:site_name\" content=\"Europlast\" \/>\n<meta property=\"article:modified_time\" content=\"2018-12-19T08:26:02+00:00\" \/>\n<meta name=\"twitter:label1\" content=\"Temps estimat de lectura\" \/>\n\t<meta name=\"twitter:data1\" content=\"3 minuts\" \/>\n<script type=\"application\/ld+json\" class=\"yoast-schema-graph\">{\"@context\":\"https:\/\/schema.org\",\"@graph\":[{\"@type\":\"WebPage\",\"@id\":\"https:\/\/www.europlast-sl.com\/ca\/cookies\/\",\"url\":\"https:\/\/www.europlast-sl.com\/ca\/cookies\/\",\"name\":\"Cookies &#8211; Europlast\",\"isPartOf\":{\"@id\":\"https:\/\/www.europlast-sl.com\/ca\/#website\"},\"datePublished\":\"2018-12-17T10:47:58+00:00\",\"dateModified\":\"2018-12-19T08:26:02+00:00\",\"breadcrumb\":{\"@id\":\"https:\/\/www.europlast-sl.com\/ca\/cookies\/#breadcrumb\"},\"inLanguage\":\"ca\",\"potentialAction\":[{\"@type\":\"ReadAction\",\"target\":[\"https:\/\/www.europlast-sl.com\/ca\/cookies\/\"]}]},{\"@type\":\"BreadcrumbList\",\"@id\":\"https:\/\/www.europlast-sl.com\/ca\/cookies\/#breadcrumb\",\"itemListElement\":[{\"@type\":\"ListItem\",\"position\":1,\"name\":\"Portada\",\"item\":\"https:\/\/www.europlast-sl.com\/ca\/\"},{\"@type\":\"ListItem\",\"position\":2,\"name\":\"Cookies\"}]},{\"@type\":\"WebSite\",\"@id\":\"https:\/\/www.europlast-sl.com\/ca\/#website\",\"url\":\"https:\/\/www.europlast-sl.com\/ca\/\",\"name\":\"Europlast\",\"description\":\"Especialistas en la fabricaci\u00f3n y comercializaci\u00f3n de dep\u00f3sitos\",\"potentialAction\":[{\"@type\":\"SearchAction\",\"target\":{\"@type\":\"EntryPoint\",\"urlTemplate\":\"https:\/\/www.europlast-sl.com\/ca\/?s={search_term_string}\"},\"query-input\":{\"@type\":\"PropertyValueSpecification\",\"valueRequired\":true,\"valueName\":\"search_term_string\"}}],\"inLanguage\":\"ca\"}]}<\/script>\n<!-- \/ Yoast SEO plugin. -->","yoast_head_json":{"title":"Cookies &#8211; Europlast","robots":{"index":"index","follow":"follow","max-snippet":"max-snippet:-1","max-image-preview":"max-image-preview:large","max-video-preview":"max-video-preview:-1"},"canonical":"https:\/\/www.europlast-sl.com\/ca\/cookies\/","og_locale":"ca_ES","og_type":"article","og_title":"Cookies &#8211; Europlast","og_description":"[vc_row][vc_column][vc_column_text]Pol\u00edtica de Cookies Les cookies s\u00f3n un element b\u00e0sic pel funcionament de la xarxa, al llarg d&#8217;aquests \u00faltims anys ens han facilitat la feina i aportat beneficis a l&#8217;hora de prestar serveis online. Per contra, \u00faltimament s&#8217;ha disparat un cert temor social que les cookies puguin suposar un problema pel que fa a la privacitat&hellip;","og_url":"https:\/\/www.europlast-sl.com\/ca\/cookies\/","og_site_name":"Europlast","article_modified_time":"2018-12-19T08:26:02+00:00","twitter_misc":{"Temps estimat de lectura":"3 minuts"},"schema":{"@context":"https:\/\/schema.org","@graph":[{"@type":"WebPage","@id":"https:\/\/www.europlast-sl.com\/ca\/cookies\/","url":"https:\/\/www.europlast-sl.com\/ca\/cookies\/","name":"Cookies &#8211; Europlast","isPartOf":{"@id":"https:\/\/www.europlast-sl.com\/ca\/#website"},"datePublished":"2018-12-17T10:47:58+00:00","dateModified":"2018-12-19T08:26:02+00:00","breadcrumb":{"@id":"https:\/\/www.europlast-sl.com\/ca\/cookies\/#breadcrumb"},"inLanguage":"ca","potentialAction":[{"@type":"ReadAction","target":["https:\/\/www.europlast-sl.com\/ca\/cookies\/"]}]},{"@type":"BreadcrumbList","@id":"https:\/\/www.europlast-sl.com\/ca\/cookies\/#breadcrumb","itemListElement":[{"@type":"ListItem","position":1,"name":"Portada","item":"https:\/\/www.europlast-sl.com\/ca\/"},{"@type":"ListItem","position":2,"name":"Cookies"}]},{"@type":"WebSite","@id":"https:\/\/www.europlast-sl.com\/ca\/#website","url":"https:\/\/www.europlast-sl.com\/ca\/","name":"Europlast","description":"Especialistas en la fabricaci\u00f3n y comercializaci\u00f3n de dep\u00f3sitos","potentialAction":[{"@type":"SearchAction","target":{"@type":"EntryPoint","urlTemplate":"https:\/\/www.europlast-sl.com\/ca\/?s={search_term_string}"},"query-input":{"@type":"PropertyValueSpecification","valueRequired":true,"valueName":"search_term_string"}}],"inLanguage":"ca"}]}},"_links":{"self":[{"href":"https:\/\/www.europlast-sl.com\/ca\/wp-json\/wp\/v2\/pages\/3090","targetHints":{"allow":["GET"]}}],"collection":[{"href":"https:\/\/www.europlast-sl.com\/ca\/wp-json\/wp\/v2\/pages"}],"about":[{"href":"https:\/\/www.europlast-sl.com\/ca\/wp-json\/wp\/v2\/types\/page"}],"author":[{"embeddable":true,"href":"https:\/\/www.europlast-sl.com\/ca\/wp-json\/wp\/v2\/users\/1"}],"replies":[{"embeddable":true,"href":"https:\/\/www.europlast-sl.com\/ca\/wp-json\/wp\/v2\/comments?post=3090"}],"version-history":[{"count":2,"href":"https:\/\/www.europlast-sl.com\/ca\/wp-json\/wp\/v2\/pages\/3090\/revisions"}],"predecessor-version":[{"id":3269,"href":"https:\/\/www.europlast-sl.com\/ca\/wp-json\/wp\/v2\/pages\/3090\/revisions\/3269"}],"wp:attachment":[{"href":"https:\/\/www.europlast-sl.com\/ca\/wp-json\/wp\/v2\/media?parent=3090"}],"curies":[{"name":"wp","href":"https:\/\/api.w.org\/{rel}","templated":true}]}}