{"id":3003,"date":"2018-12-04T20:00:28","date_gmt":"2018-12-04T20:00:28","guid":{"rendered":"https:\/\/www.europlast-sl.com\/depositos-de-agua\/aguas-fecales\/"},"modified":"2018-12-20T11:36:08","modified_gmt":"2018-12-20T11:36:08","slug":"aigues-fecals","status":"publish","type":"page","link":"https:\/\/www.europlast-sl.com\/ca\/diposits-aigua\/aigues-fecals\/","title":{"rendered":"Aig\u00fces fecals"},"content":{"rendered":"<div class=\"wpb-content-wrapper\"><p>[vc_row][vc_column][vc_column_text el_class=&#8221;productes&#8221;]Dip\u00f2sits per acumular aig\u00fces fecals. Dintre d\u2019aquest tipus de dip\u00f2sit queden retingudes les aig\u00fces fecals, que entren al dip\u00f2sit mitjan\u00e7ant el colze de PVC que instalem a la part totalment superior i mitjan\u00e7ant la boca de registre \u00e9s per on s\u2019extreuen els s\u00f2lids i els l\u00edquids del interior del dip\u00f2sit, quan es precisa.<\/p>\n<p>Disposem del format vertical i el horitzontal.[\/vc_column_text][vc_row_inner][vc_column_inner][vc_raw_html]JTNDdGFibGUlMjBjbGFzcyUzRCUyMnRhdWxhJTIyJTIwd2lkdGglM0QlMjIxMDAlMjUlMjIlM0UlMEElM0N0aGVhZCUzRSUwQSUzQ3RyJTNFJTBBJTNDdGglMjB3aWR0aCUzRCUyMjE1JTI1JTIyJTNFJTI2bmJzcCUzQiUzQyUyRnRoJTNFJTBBJTNDdGglMjBjbGFzcyUzRCUyMmNhcHNhbGVyYTElMjIlMjBjb2xzcGFuJTNEJTIyMiUyMiUzRURJTUVOU0lPTlMlM0MlMkZ0aCUzRSUwQSUzQyUyRnRyJTNFJTBBJTNDdHIlM0UlMEElM0N0aCUyMGNsYXNzJTNEJTIyY2Fwc2FsZXJhMyUyMiUzRUNBUEFDSVRBVCUzQyUyRnRoJTNFJTBBJTNDdGglMjBjbGFzcyUzRCUyMmNhcHNhbGVyYTIlMjIlM0VESSVDMyU4ME1FVFJFJTNDJTJGdGglM0UlMEElM0N0aCUyMGNsYXNzJTNEJTIyY2Fwc2FsZXJhMiUyMiUzRUFMJUMzJTg3QURBJTNDJTJGdGglM0UlMEElM0MlMkZ0ciUzRSUwQSUzQyUyRnRoZWFkJTNFJTBBJTNDdGJvZHklM0UlMEElM0N0ciUzRSUwQSUzQ3RkJTIwY2xhc3MlM0QlMjJjYXBzYWxlcmEyJTIyJTNFNDIwMCUyMGx0cy4lM0MlMkZ0ZCUzRSUwQSUzQ3RkJTNFMTQ5MCUyMG1tLiUzQyUyRnRkJTNFJTBBJTNDdGQlM0UyODQwJTIwbW0uJTNDJTJGdGQlM0UlMEElM0MlMkZ0ciUzRSUwQSUzQ3RyJTNFJTBBJTNDdGQlMjBjbGFzcyUzRCUyMmNhcHNhbGVyYTIlMjIlM0U2MDAwJTIwbHRzLiUzQyUyRnRkJTNFJTBBJTNDdGQlM0UxNTAwJTIwbW0uJTNDJTJGdGQlM0UlMEElM0N0ZCUzRTM0MDAlMjBtbS4lM0MlMkZ0ZCUzRSUwQSUzQyUyRnRyJTNFJTBBJTNDdHIlM0UlMEElM0N0ZCUyMGNsYXNzJTNEJTIyY2Fwc2FsZXJhMiUyMiUzRTkwMDAlMjBsdHMuJTNDJTJGdGQlM0UlMEElM0N0ZCUzRTIwMDAlMjBtbS4lM0MlMkZ0ZCUzRSUwQSUzQ3RkJTNFMjkwMCUyMG1tLiUzQyUyRnRkJTNFJTBBJTNDJTJGdHIlM0UlMEElM0N0ciUzRSUwQSUzQ3RkJTIwY2xhc3MlM0QlMjJjYXBzYWxlcmEyJTIyJTNFMTIwMDAlMjBsdHMuJTNDJTJGdGQlM0UlMEElM0N0ZCUzRTIwMDAlMjZuYnNwJTNCbW0uJTNDJTJGdGQlM0UlMEElM0N0ZCUzRTM4MzAlMjBtbS4lM0MlMkZ0ZCUzRSUwQSUzQyUyRnRyJTNFJTBBJTNDdHIlM0UlMEElM0N0ZCUyMGNsYXNzJTNEJTIyY2Fwc2FsZXJhMiUyMiUzRTE1MDAwJTIwbHRzLiUzQyUyRnRkJTNFJTBBJTNDdGQlM0UyMDAwJTI2bmJzcCUzQm1tLiUzQyUyRnRkJTNFJTBBJTNDdGQlM0U0NzgwJTIwbW0uJTNDJTJGdGQlM0UlMEElM0MlMkZ0ciUzRSUwQSUzQ3RyJTNFJTBBJTNDdGQlMjBjbGFzcyUzRCUyMmNhcHNhbGVyYTIlMjIlM0UyMDAwMCUyMGx0cy4lM0MlMkZ0ZCUzRSUwQSUzQ3RkJTNFMjUwMCUyMG1tLiUzQyUyRnRkJTNFJTBBJTNDdGQlM0U0MDgwJTIwbW0uJTNDJTJGdGQlM0UlMEElM0MlMkZ0ciUzRSUwQSUzQyUyRnRib2R5JTNFJTBBJTNDJTJGdGFibGUlM0U=[\/vc_raw_html][vc_single_image image=&#8221;1575&#8243; img_size=&#8221;600&#215;407&#8243; alignment=&#8221;center&#8221; onclick=&#8221;link_image&#8221;][\/vc_column_inner][\/vc_row_inner][vc_row_inner][vc_column_inner][vc_raw_html]JTNDdGFibGUlMjBjbGFzcyUzRCUyMnRhdWxhJTIyJTIwd2lkdGglM0QlMjIxMDAlMjUlMjIlM0UlMEElM0N0aGVhZCUzRSUwQSUzQ3RyJTNFJTBBJTNDdGglMjB3aWR0aCUzRCUyMjE1JTI1JTIyJTNFJTI2bmJzcCUzQiUzQyUyRnRoJTNFJTBBJTNDdGglMjBjbGFzcyUzRCUyMmNhcHNhbGVyYTElMjIlMjBjb2xzcGFuJTNEJTIyMiUyMiUzRURJTUVOU0lPTlMlM0MlMkZ0aCUzRSUwQSUzQyUyRnRyJTNFJTBBJTNDdHIlM0UlMEElM0N0aCUyMGNsYXNzJTNEJTIyY2Fwc2FsZXJhMyUyMiUzRUNBUEFDSVRBVCUzQyUyRnRoJTNFJTBBJTNDdGglMjBjbGFzcyUzRCUyMmNhcHNhbGVyYTIlMjIlM0VESSVDMyU4ME1FVFJFJTNDJTJGdGglM0UlMEElM0N0aCUyMGNsYXNzJTNEJTIyY2Fwc2FsZXJhMiUyMiUzRUFMJUMzJTg3QURBJTNDJTJGdGglM0UlMEElM0MlMkZ0ciUzRSUwQSUzQyUyRnRoZWFkJTNFJTBBJTNDdGJvZHklM0UlMEElM0N0ciUzRSUwQSUzQ3RkJTIwY2xhc3MlM0QlMjJjYXBzYWxlcmEyJTIyJTNFNDIwMCUyMGx0cy4lM0MlMkZ0ZCUzRSUwQSUzQ3RkJTNFMTQ5MCUyMG1tLiUzQyUyRnRkJTNFJTBBJTNDdGQlM0UyODQwJTIwbW0uJTNDJTJGdGQlM0UlMEElM0MlMkZ0ciUzRSUwQSUzQ3RyJTNFJTBBJTNDdGQlMjBjbGFzcyUzRCUyMmNhcHNhbGVyYTIlMjIlM0U2MDAwJTIwbHRzLiUzQyUyRnRkJTNFJTBBJTNDdGQlM0UxNTAwJTIwbW0uJTNDJTJGdGQlM0UlMEElM0N0ZCUzRTM0MDAlMjBtbS4lM0MlMkZ0ZCUzRSUwQSUzQyUyRnRyJTNFJTBBJTNDdHIlM0UlMEElM0N0ZCUyMGNsYXNzJTNEJTIyY2Fwc2FsZXJhMiUyMiUzRTkwMDAlMjBsdHMuJTNDJTJGdGQlM0UlMEElM0N0ZCUzRTIwMDAlMjBtbS4lM0MlMkZ0ZCUzRSUwQSUzQ3RkJTNFMjkwMCUyMG1tLiUzQyUyRnRkJTNFJTBBJTNDJTJGdHIlM0UlMEElM0N0ciUzRSUwQSUzQ3RkJTIwY2xhc3MlM0QlMjJjYXBzYWxlcmEyJTIyJTNFMTIwMDAlMjBsdHMuJTNDJTJGdGQlM0UlMEElM0N0ZCUzRTIwMDAlMjZuYnNwJTNCbW0uJTNDJTJGdGQlM0UlMEElM0N0ZCUzRTM4MzAlMjBtbS4lM0MlMkZ0ZCUzRSUwQSUzQyUyRnRyJTNFJTBBJTNDdHIlM0UlMEElM0N0ZCUyMGNsYXNzJTNEJTIyY2Fwc2FsZXJhMiUyMiUzRTE1MDAwJTIwbHRzLiUzQyUyRnRkJTNFJTBBJTNDdGQlM0UyMDAwJTI2bmJzcCUzQm1tLiUzQyUyRnRkJTNFJTBBJTNDdGQlM0U0NzgwJTIwbW0uJTNDJTJGdGQlM0UlMEElM0MlMkZ0ciUzRSUwQSUzQ3RyJTNFJTBBJTNDdGQlMjBjbGFzcyUzRCUyMmNhcHNhbGVyYTIlMjIlM0UyMDAwMCUyMGx0cy4lM0MlMkZ0ZCUzRSUwQSUzQ3RkJTNFMjUwMCUyMG1tLiUzQyUyRnRkJTNFJTBBJTNDdGQlM0U0MDgwJTIwbW0uJTNDJTJGdGQlM0UlMEElM0MlMkZ0ciUzRSUwQSUzQyUyRnRib2R5JTNFJTBBJTNDJTJGdGFibGUlM0U=[\/vc_raw_html][vc_single_image image=&#8221;1578&#8243; img_size=&#8221;600&#215;407&#8243; alignment=&#8221;center&#8221; onclick=&#8221;link_image&#8221;][\/vc_column_inner][\/vc_row_inner][\/vc_column][\/vc_row][vc_row][vc_column][vc_text_separator title=&#8221;Contacte&#8221; el_class=&#8221;titleForm&#8221;]\n<div class=\"wpcf7 no-js\" id=\"wpcf7-f585-o1\" lang=\"en-US\" dir=\"ltr\" data-wpcf7-id=\"585\">\n<div class=\"screen-reader-response\"><p role=\"status\" aria-live=\"polite\" aria-atomic=\"true\"><\/p> <ul><\/ul><\/div>\n<form action=\"\/ca\/wp-json\/wp\/v2\/pages\/3003#wpcf7-f585-o1\" method=\"post\" class=\"wpcf7-form init\" aria-label=\"Contact form\" novalidate=\"novalidate\" data-status=\"init\">\n<fieldset class=\"hidden-fields-container\"><input type=\"hidden\" name=\"_wpcf7\" value=\"585\" \/><input type=\"hidden\" name=\"_wpcf7_version\" value=\"6.1.5\" \/><input type=\"hidden\" name=\"_wpcf7_locale\" value=\"en_US\" \/><input type=\"hidden\" name=\"_wpcf7_unit_tag\" value=\"wpcf7-f585-o1\" \/><input type=\"hidden\" name=\"_wpcf7_container_post\" value=\"0\" \/><input type=\"hidden\" name=\"_wpcf7_posted_data_hash\" value=\"\" \/><input type=\"hidden\" name=\"_wpcf7_recaptcha_response\" value=\"\" \/>\n<\/fieldset>\n<p>Nom (*)\n<\/p>\n<p><span class=\"wpcf7-form-control-wrap\" data-name=\"your-name\"><input size=\"40\" maxlength=\"400\" class=\"wpcf7-form-control wpcf7-text wpcf7-validates-as-required\" aria-required=\"true\" aria-invalid=\"false\" value=\"\" type=\"text\" name=\"your-name\" \/><\/span>\n<\/p>\n<p>Poblaci\u00f3 (*)\n<\/p>\n<p><span class=\"wpcf7-form-control-wrap\" data-name=\"poblacio\"><input size=\"40\" maxlength=\"400\" class=\"wpcf7-form-control wpcf7-text wpcf7-validates-as-required\" aria-required=\"true\" aria-invalid=\"false\" value=\"\" type=\"text\" name=\"poblacio\" \/><\/span>\n<\/p>\n<p>Tel\u00e8fon (*)\n<\/p>\n<p><span class=\"wpcf7-form-control-wrap\" data-name=\"telefono\"><input size=\"40\" maxlength=\"400\" class=\"wpcf7-form-control wpcf7-text wpcf7-validates-as-required\" aria-required=\"true\" aria-invalid=\"false\" value=\"\" type=\"text\" name=\"telefono\" \/><\/span>\n<\/p>\n<p>Email (*)\n<\/p>\n<p><span class=\"wpcf7-form-control-wrap\" data-name=\"your-email\"><input size=\"40\" maxlength=\"400\" class=\"wpcf7-form-control wpcf7-email wpcf7-validates-as-required wpcf7-text wpcf7-validates-as-email\" aria-required=\"true\" aria-invalid=\"false\" value=\"\" type=\"email\" name=\"your-email\" \/><\/span>\n<\/p>\n<p>Consulta\n<\/p>\n<p><span class=\"wpcf7-form-control-wrap\" data-name=\"your-message\"><textarea cols=\"40\" rows=\"10\" maxlength=\"2000\" class=\"wpcf7-form-control wpcf7-textarea\" aria-invalid=\"false\" name=\"your-message\"><\/textarea><\/span>\n<\/p>\n<p><input class=\"wpcf7-form-control wpcf7-submit has-spinner\" type=\"submit\" value=\"Enviar\" \/>\n<\/p><p style=\"display: none !important;\" class=\"akismet-fields-container\" data-prefix=\"_wpcf7_ak_\"><label>&#916;<textarea name=\"_wpcf7_ak_hp_textarea\" cols=\"45\" rows=\"8\" maxlength=\"100\"><\/textarea><\/label><input type=\"hidden\" id=\"ak_js_1\" name=\"_wpcf7_ak_js\" value=\"35\"\/><script>document.getElementById( \"ak_js_1\" ).setAttribute( \"value\", ( new Date() ).getTime() );<\/script><\/p><div class=\"wpcf7-response-output\" aria-hidden=\"true\"><\/div>\n<\/form>\n<\/div>\n[\/vc_column][\/vc_row]<\/p>\n<\/div>","protected":false},"excerpt":{"rendered":"<p>[vc_row][vc_column][vc_column_text el_class=&#8221;productes&#8221;]Dip\u00f2sits per acumular aig\u00fces fecals. Dintre d\u2019aquest tipus de dip\u00f2sit queden retingudes les aig\u00fces fecals, que entren al dip\u00f2sit mitjan\u00e7ant el colze de PVC que instalem a la part totalment superior i mitjan\u00e7ant la boca de registre \u00e9s per on s\u2019extreuen els s\u00f2lids i els l\u00edquids del interior del dip\u00f2sit, quan es precisa. Disposem&hellip;<\/p>\n","protected":false},"author":1,"featured_media":0,"parent":2854,"menu_order":0,"comment_status":"closed","ping_status":"closed","template":"","meta":{"_joinchat":[]},"class_list":["post-3003","page","type-page","status-publish","hentry","description-off"],"yoast_head":"<!-- This site is optimized with the Yoast SEO plugin v27.2 - https:\/\/yoast.com\/product\/yoast-seo-wordpress\/ -->\n<title>Aig\u00fces fecals &#8211; Europlast<\/title>\n<meta name=\"robots\" content=\"index, follow, max-snippet:-1, max-image-preview:large, max-video-preview:-1\" \/>\n<link rel=\"canonical\" href=\"https:\/\/www.europlast-sl.com\/ca\/diposits-aigua\/aigues-fecals\/\" \/>\n<meta property=\"og:locale\" content=\"ca_ES\" \/>\n<meta property=\"og:type\" content=\"article\" \/>\n<meta property=\"og:title\" content=\"Aig\u00fces fecals &#8211; Europlast\" \/>\n<meta property=\"og:description\" content=\"[vc_row][vc_column][vc_column_text el_class=&#8221;productes&#8221;]Dip\u00f2sits per acumular aig\u00fces fecals. Dintre d\u2019aquest tipus de dip\u00f2sit queden retingudes les aig\u00fces fecals, que entren al dip\u00f2sit mitjan\u00e7ant el colze de PVC que instalem a la part totalment superior i mitjan\u00e7ant la boca de registre \u00e9s per on s\u2019extreuen els s\u00f2lids i els l\u00edquids del interior del dip\u00f2sit, quan es precisa. Disposem&hellip;\" \/>\n<meta property=\"og:url\" content=\"https:\/\/www.europlast-sl.com\/ca\/diposits-aigua\/aigues-fecals\/\" \/>\n<meta property=\"og:site_name\" content=\"Europlast\" \/>\n<meta property=\"article:modified_time\" content=\"2018-12-20T11:36:08+00:00\" \/>\n<meta name=\"twitter:label1\" content=\"Temps estimat de lectura\" \/>\n\t<meta name=\"twitter:data1\" content=\"2 minuts\" \/>\n<script type=\"application\/ld+json\" class=\"yoast-schema-graph\">{\"@context\":\"https:\/\/schema.org\",\"@graph\":[{\"@type\":\"WebPage\",\"@id\":\"https:\/\/www.europlast-sl.com\/ca\/diposits-aigua\/aigues-fecals\/\",\"url\":\"https:\/\/www.europlast-sl.com\/ca\/diposits-aigua\/aigues-fecals\/\",\"name\":\"Aig\u00fces fecals &#8211; Europlast\",\"isPartOf\":{\"@id\":\"https:\/\/www.europlast-sl.com\/ca\/#website\"},\"datePublished\":\"2018-12-04T20:00:28+00:00\",\"dateModified\":\"2018-12-20T11:36:08+00:00\",\"breadcrumb\":{\"@id\":\"https:\/\/www.europlast-sl.com\/ca\/diposits-aigua\/aigues-fecals\/#breadcrumb\"},\"inLanguage\":\"ca\",\"potentialAction\":[{\"@type\":\"ReadAction\",\"target\":[\"https:\/\/www.europlast-sl.com\/ca\/diposits-aigua\/aigues-fecals\/\"]}]},{\"@type\":\"BreadcrumbList\",\"@id\":\"https:\/\/www.europlast-sl.com\/ca\/diposits-aigua\/aigues-fecals\/#breadcrumb\",\"itemListElement\":[{\"@type\":\"ListItem\",\"position\":1,\"name\":\"Portada\",\"item\":\"https:\/\/www.europlast-sl.com\/ca\/\"},{\"@type\":\"ListItem\",\"position\":2,\"name\":\"Dip\u00f2sits d&#8217;aigua\",\"item\":\"https:\/\/www.europlast-sl.com\/ca\/diposits-aigua\/\"},{\"@type\":\"ListItem\",\"position\":3,\"name\":\"Aig\u00fces fecals\"}]},{\"@type\":\"WebSite\",\"@id\":\"https:\/\/www.europlast-sl.com\/ca\/#website\",\"url\":\"https:\/\/www.europlast-sl.com\/ca\/\",\"name\":\"Europlast\",\"description\":\"Especialistas en la fabricaci\u00f3n y comercializaci\u00f3n de dep\u00f3sitos\",\"potentialAction\":[{\"@type\":\"SearchAction\",\"target\":{\"@type\":\"EntryPoint\",\"urlTemplate\":\"https:\/\/www.europlast-sl.com\/ca\/?s={search_term_string}\"},\"query-input\":{\"@type\":\"PropertyValueSpecification\",\"valueRequired\":true,\"valueName\":\"search_term_string\"}}],\"inLanguage\":\"ca\"}]}<\/script>\n<!-- \/ Yoast SEO plugin. -->","yoast_head_json":{"title":"Aig\u00fces fecals &#8211; Europlast","robots":{"index":"index","follow":"follow","max-snippet":"max-snippet:-1","max-image-preview":"max-image-preview:large","max-video-preview":"max-video-preview:-1"},"canonical":"https:\/\/www.europlast-sl.com\/ca\/diposits-aigua\/aigues-fecals\/","og_locale":"ca_ES","og_type":"article","og_title":"Aig\u00fces fecals &#8211; Europlast","og_description":"[vc_row][vc_column][vc_column_text el_class=&#8221;productes&#8221;]Dip\u00f2sits per acumular aig\u00fces fecals. Dintre d\u2019aquest tipus de dip\u00f2sit queden retingudes les aig\u00fces fecals, que entren al dip\u00f2sit mitjan\u00e7ant el colze de PVC que instalem a la part totalment superior i mitjan\u00e7ant la boca de registre \u00e9s per on s\u2019extreuen els s\u00f2lids i els l\u00edquids del interior del dip\u00f2sit, quan es precisa. Disposem&hellip;","og_url":"https:\/\/www.europlast-sl.com\/ca\/diposits-aigua\/aigues-fecals\/","og_site_name":"Europlast","article_modified_time":"2018-12-20T11:36:08+00:00","twitter_misc":{"Temps estimat de lectura":"2 minuts"},"schema":{"@context":"https:\/\/schema.org","@graph":[{"@type":"WebPage","@id":"https:\/\/www.europlast-sl.com\/ca\/diposits-aigua\/aigues-fecals\/","url":"https:\/\/www.europlast-sl.com\/ca\/diposits-aigua\/aigues-fecals\/","name":"Aig\u00fces fecals &#8211; Europlast","isPartOf":{"@id":"https:\/\/www.europlast-sl.com\/ca\/#website"},"datePublished":"2018-12-04T20:00:28+00:00","dateModified":"2018-12-20T11:36:08+00:00","breadcrumb":{"@id":"https:\/\/www.europlast-sl.com\/ca\/diposits-aigua\/aigues-fecals\/#breadcrumb"},"inLanguage":"ca","potentialAction":[{"@type":"ReadAction","target":["https:\/\/www.europlast-sl.com\/ca\/diposits-aigua\/aigues-fecals\/"]}]},{"@type":"BreadcrumbList","@id":"https:\/\/www.europlast-sl.com\/ca\/diposits-aigua\/aigues-fecals\/#breadcrumb","itemListElement":[{"@type":"ListItem","position":1,"name":"Portada","item":"https:\/\/www.europlast-sl.com\/ca\/"},{"@type":"ListItem","position":2,"name":"Dip\u00f2sits d&#8217;aigua","item":"https:\/\/www.europlast-sl.com\/ca\/diposits-aigua\/"},{"@type":"ListItem","position":3,"name":"Aig\u00fces fecals"}]},{"@type":"WebSite","@id":"https:\/\/www.europlast-sl.com\/ca\/#website","url":"https:\/\/www.europlast-sl.com\/ca\/","name":"Europlast","description":"Especialistas en la fabricaci\u00f3n y comercializaci\u00f3n de dep\u00f3sitos","potentialAction":[{"@type":"SearchAction","target":{"@type":"EntryPoint","urlTemplate":"https:\/\/www.europlast-sl.com\/ca\/?s={search_term_string}"},"query-input":{"@type":"PropertyValueSpecification","valueRequired":true,"valueName":"search_term_string"}}],"inLanguage":"ca"}]}},"_links":{"self":[{"href":"https:\/\/www.europlast-sl.com\/ca\/wp-json\/wp\/v2\/pages\/3003","targetHints":{"allow":["GET"]}}],"collection":[{"href":"https:\/\/www.europlast-sl.com\/ca\/wp-json\/wp\/v2\/pages"}],"about":[{"href":"https:\/\/www.europlast-sl.com\/ca\/wp-json\/wp\/v2\/types\/page"}],"author":[{"embeddable":true,"href":"https:\/\/www.europlast-sl.com\/ca\/wp-json\/wp\/v2\/users\/1"}],"replies":[{"embeddable":true,"href":"https:\/\/www.europlast-sl.com\/ca\/wp-json\/wp\/v2\/comments?post=3003"}],"version-history":[{"count":4,"href":"https:\/\/www.europlast-sl.com\/ca\/wp-json\/wp\/v2\/pages\/3003\/revisions"}],"predecessor-version":[{"id":3120,"href":"https:\/\/www.europlast-sl.com\/ca\/wp-json\/wp\/v2\/pages\/3003\/revisions\/3120"}],"up":[{"embeddable":true,"href":"https:\/\/www.europlast-sl.com\/ca\/wp-json\/wp\/v2\/pages\/2854"}],"wp:attachment":[{"href":"https:\/\/www.europlast-sl.com\/ca\/wp-json\/wp\/v2\/media?parent=3003"}],"curies":[{"name":"wp","href":"https:\/\/api.w.org\/{rel}","templated":true}]}}