{"id":2965,"date":"2018-12-04T20:36:55","date_gmt":"2018-12-04T20:36:55","guid":{"rendered":"https:\/\/www.europlast-sl.com\/depuracion-aguas-residuales\/desarenador\/"},"modified":"2018-12-20T11:39:33","modified_gmt":"2018-12-20T11:39:33","slug":"desarenador","status":"publish","type":"page","link":"https:\/\/www.europlast-sl.com\/ca\/depuracio-aigues-residuals\/desarenador\/","title":{"rendered":"Desarenador"},"content":{"rendered":"<div class=\"wpb-content-wrapper\"><p>[vc_row el_class=&#8221;productes&#8221;][vc_column][vc_column_text]Un \u00fanic equip per a separar els fangs dels greixos que v\u00e9nen barrejats amb l\u2019efluent de l\u2019aigua. Ideal si es desposa de reduit espai, donat que mitjan\u00e7ant el mateix colze entra tot el material dins l\u2019equip, els fangs es dipositen al fons del mateix i degut a la difer\u00e8ncia de la gravetat, els greixos ascendixen fins a un estat superior del sistema. La sortida est\u00e1 disposada de manera clau per garantitzar la sortida \u00fanica de l\u2019aigua al exterior de l\u2019equip. A la part superior instalem dues boques per al correcte mateniment.[\/vc_column_text][\/vc_column][\/vc_row][vc_row][vc_column][vc_raw_html]JTNDdGFibGUlMjBjbGFzcyUzRCUyMnRhdWxhJTIyJTIwd2lkdGglM0QlMjIxMDAlMjUlMjIlM0UlMEElM0N0aGVhZCUzRSUwQSUzQ3RyJTNFJTBBJTNDdGglMjBzdHlsZSUzRCUyMndpZHRoJTNBJTIwMTQlMjUlM0IlMjIlM0UlMjZuYnNwJTNCJTNDJTJGdGglM0UlMEElM0N0aCUyMGNsYXNzJTNEJTIyY2Fwc2FsZXJhMSUyMiUyMHN0eWxlJTNEJTIyd2lkdGglM0ElMjAxMDclMjUlM0IlMjIlMjBjb2xzcGFuJTNEJTIyNSUyMiUzRURJTUVOU0lPTlMlM0MlMkZ0aCUzRSUwQSUzQyUyRnRyJTNFJTBBJTNDdHIlM0UlMEElM0N0aCUyMGNsYXNzJTNEJTIyY2Fwc2FsZXJhMyUyMiUyMHN0eWxlJTNEJTIyd2lkdGglM0ElMjAxNCUyNSUzQiUyMiUzRUNBUEFDSVRBVCUzQyUyRnRoJTNFJTBBJTNDdGglMjBjbGFzcyUzRCUyMmNhcHNhbGVyYTIlMjIlMjBzdHlsZSUzRCUyMndpZHRoJTNBJTIwMTglMjUlM0IlMjIlM0VDQUJBTCUzQyUyRnRoJTNFJTBBJTNDdGglMjBjbGFzcyUzRCUyMmNhcHNhbGVyYTIlMjIlMjBzdHlsZSUzRCUyMndpZHRoJTNBJTIwMTklMjUlM0IlMjIlM0VESSVDMyU4ME1FVFJFJTNDJTJGdGglM0UlMEElM0N0aCUyMGNsYXNzJTNEJTIyY2Fwc2FsZXJhMiUyMiUyMHN0eWxlJTNEJTIyd2lkdGglM0ElMjAxOSUyNSUzQiUyMiUzRUxPTkdJVFVEJTNDJTJGdGglM0UlMEElM0N0aCUyMGNsYXNzJTNEJTIyY2Fwc2FsZXJhMiUyMiUyMHN0eWxlJTNEJTIyd2lkdGglM0ElMjAxNC43OTI3JTI1JTNCJTIyJTNFQk9DQSUzQyUyRnRoJTNFJTBBJTNDdGglMjBjbGFzcyUzRCUyMmNhcHNhbGVyYTIlMjIlMjBzdHlsZSUzRCUyMndpZHRoJTNBJTIwMzYuMjA3MyUyNSUzQiUyMiUzRUNBTk9OQURBJTNDJTJGdGglM0UlMEElM0MlMkZ0ciUzRSUwQSUzQyUyRnRoZWFkJTNFJTBBJTNDdGJvZHklM0UlMEElM0N0ciUzRSUwQSUzQ3RkJTIwY2xhc3MlM0QlMjJjYXBzYWxlcmEyJTIyJTIwc3R5bGUlM0QlMjJ3aWR0aCUzQSUyMDE0JTI1JTNCJTIyJTNFMTI0NSUyMGx0cy4lM0MlMkZ0ZCUzRSUwQSUzQ3RkJTIwc3R5bGUlM0QlMjJ3aWR0aCUzQSUyMDE4JTI1JTNCJTIyJTNFNCUyMGx0cy4lMkZzJTNDJTJGdGQlM0UlMEElM0N0ZCUyMHN0eWxlJTNEJTIyd2lkdGglM0ElMjAxOSUyNSUzQiUyMiUzRTg1MCUyMG1tLiUzQyUyRnRkJTNFJTBBJTNDdGQlMjBzdHlsZSUzRCUyMndpZHRoJTNBJTIwMTklMjUlM0IlMjIlM0UyMTMwJTIwbW0uJTNDJTJGdGQlM0UlMEElM0N0ZCUyMHN0eWxlJTNEJTIyd2lkdGglM0ElMjAxNC43OTI3JTI1JTNCJTIyJTNFNTYwJTIwbW0uJTNDJTJGdGQlM0UlMEElM0N0ZCUyMHN0eWxlJTNEJTIyd2lkdGglM0ElMjAzNi4yMDczJTI1JTNCJTIyJTNFMTEwJTIwbW0uJTNDJTJGdGQlM0UlMEElM0MlMkZ0ciUzRSUwQSUzQ3RyJTNFJTBBJTNDdGQlMjBjbGFzcyUzRCUyMmNhcHNhbGVyYTIlMjIlMjBzdHlsZSUzRCUyMndpZHRoJTNBJTIwMTQlMjUlM0IlMjIlM0UyMzAwJTIwbHRzLiUzQyUyRnRkJTNFJTBBJTNDdGQlMjBzdHlsZSUzRCUyMndpZHRoJTNBJTIwMTglMjUlM0IlMjIlM0UxMCUyMGx0cy4lMkZzJTNDJTJGdGQlM0UlMEElM0N0ZCUyMHN0eWxlJTNEJTIyd2lkdGglM0ElMjAxOSUyNSUzQiUyMiUzRTEwNzAlMjBtbS4lM0MlMkZ0ZCUzRSUwQSUzQ3RkJTIwc3R5bGUlM0QlMjJ3aWR0aCUzQSUyMDE5JTI1JTNCJTIyJTNFMjkzMCUyMG1tLiUzQyUyRnRkJTNFJTBBJTNDdGQlMjBzdHlsZSUzRCUyMndpZHRoJTNBJTIwMTQuNzkyNyUyNSUzQiUyMiUzRTU2MCUyMG1tLiUzQyUyRnRkJTNFJTBBJTNDdGQlMjBzdHlsZSUzRCUyMndpZHRoJTNBJTIwMzYuMjA3MyUyNSUzQiUyMiUzRTExMCUyMG1tLiUzQyUyRnRkJTNFJTBBJTNDJTJGdHIlM0UlMEElM0N0ciUzRSUwQSUzQ3RkJTIwY2xhc3MlM0QlMjJjYXBzYWxlcmEyJTIyJTIwc3R5bGUlM0QlMjJ3aWR0aCUzQSUyMDE0JTI1JTNCJTIyJTNFMzUwMCUyMGx0cy4lM0MlMkZ0ZCUzRSUwQSUzQ3RkJTIwc3R5bGUlM0QlMjJ3aWR0aCUzQSUyMDE4JTI1JTNCJTIyJTNFMTMlMjBsdHMuJTJGcyUzQyUyRnRkJTNFJTBBJTNDdGQlMjBzdHlsZSUzRCUyMndpZHRoJTNBJTIwMTklMjUlM0IlMjIlM0UxNTAwJTIwbW0uJTNDJTJGdGQlM0UlMEElM0N0ZCUyMHN0eWxlJTNEJTIyd2lkdGglM0ElMjAxOSUyNSUzQiUyMiUzRTI4NTAlMjBtbS4lM0MlMkZ0ZCUzRSUwQSUzQ3RkJTIwc3R5bGUlM0QlMjJ3aWR0aCUzQSUyMDE0Ljc5MjclMjUlM0IlMjIlM0U1NjAlMjBtbS4lM0MlMkZ0ZCUzRSUwQSUzQ3RkJTIwc3R5bGUlM0QlMjJ3aWR0aCUzQSUyMDM2LjIwNzMlMjUlM0IlMjIlM0UxMTAlMjBtbS4lM0MlMkZ0ZCUzRSUwQSUzQyUyRnRyJTNFJTBBJTNDdHIlM0UlMEElM0N0ZCUyMGNsYXNzJTNEJTIyY2Fwc2FsZXJhMiUyMiUyMHN0eWxlJTNEJTIyd2lkdGglM0ElMjAxNCUyNSUzQiUyMiUzRTQyMDAlMjBsdHMuJTNDJTJGdGQlM0UlMEElM0N0ZCUyMHN0eWxlJTNEJTIyd2lkdGglM0ElMjAxOCUyNSUzQiUyMiUzRTE1JTIwbHRzLiUyRnMlM0MlMkZ0ZCUzRSUwQSUzQ3RkJTIwc3R5bGUlM0QlMjJ3aWR0aCUzQSUyMDE5JTI1JTNCJTIyJTNFMTQ5MCUyMG1tLiUzQyUyRnRkJTNFJTBBJTNDdGQlMjBzdHlsZSUzRCUyMndpZHRoJTNBJTIwMTklMjUlM0IlMjIlM0UzMDAwJTIwbW0uJTNDJTJGdGQlM0UlMEElM0N0ZCUyMHN0eWxlJTNEJTIyd2lkdGglM0ElMjAxNC43OTI3JTI1JTNCJTIyJTNFNTYwJTIwbW0uJTNDJTJGdGQlM0UlMEElM0N0ZCUyMHN0eWxlJTNEJTIyd2lkdGglM0ElMjAzNi4yMDczJTI1JTNCJTIyJTNFMTEwJTIwbW0uJTNDJTJGdGQlM0UlMEElM0MlMkZ0ciUzRSUwQSUzQ3RyJTNFJTBBJTNDdGQlMjBjbGFzcyUzRCUyMmNhcHNhbGVyYTIlMjIlMjBzdHlsZSUzRCUyMndpZHRoJTNBJTIwMTQlMjUlM0IlMjIlM0U2MDAwJTIwbHRzLiUzQyUyRnRkJTNFJTBBJTNDdGQlMjBzdHlsZSUzRCUyMndpZHRoJTNBJTIwMTglMjUlM0IlMjIlM0UxOCUyMGx0cy4lMkZzJTNDJTJGdGQlM0UlMEElM0N0ZCUyMHN0eWxlJTNEJTIyd2lkdGglM0ElMjAxOSUyNSUzQiUyMiUzRTE1MDAlMjBtbS4lM0MlMkZ0ZCUzRSUwQSUzQ3RkJTIwc3R5bGUlM0QlMjJ3aWR0aCUzQSUyMDE5JTI1JTNCJTIyJTNFMzQwMCUyMG1tLiUzQyUyRnRkJTNFJTBBJTNDdGQlMjBzdHlsZSUzRCUyMndpZHRoJTNBJTIwMTQuNzkyNyUyNSUzQiUyMiUzRTU2MCUyMG1tLiUzQyUyRnRkJTNFJTBBJTNDdGQlMjBzdHlsZSUzRCUyMndpZHRoJTNBJTIwMzYuMjA3MyUyNSUzQiUyMiUzRTExMCUyMG1tLiUzQyUyRnRkJTNFJTBBJTNDJTJGdHIlM0UlMEElM0N0ciUzRSUwQSUzQ3RkJTIwY2xhc3MlM0QlMjJjYXBzYWxlcmEyJTIyJTIwc3R5bGUlM0QlMjJ3aWR0aCUzQSUyMDE0JTI1JTNCJTIyJTNFODAwMCUyMGx0cy4lM0MlMkZ0ZCUzRSUwQSUzQ3RkJTIwc3R5bGUlM0QlMjJ3aWR0aCUzQSUyMDE4JTI1JTNCJTIyJTNFMjAlMjBsdHMuJTJGcyUzQyUyRnRkJTNFJTBBJTNDdGQlMjBzdHlsZSUzRCUyMndpZHRoJTNBJTIwMTklMjUlM0IlMjIlM0UyMDAwJTIwbW0uJTNDJTJGdGQlM0UlMEElM0N0ZCUyMHN0eWxlJTNEJTIyd2lkdGglM0ElMjAxOSUyNSUzQiUyMiUzRTI2MDAlMjBtbS4lM0MlMkZ0ZCUzRSUwQSUzQ3RkJTIwc3R5bGUlM0QlMjJ3aWR0aCUzQSUyMDE0Ljc5MjclMjUlM0IlMjIlM0U1NjAlMjBtbS4lM0MlMkZ0ZCUzRSUwQSUzQ3RkJTIwc3R5bGUlM0QlMjJ3aWR0aCUzQSUyMDM2LjIwNzMlMjUlM0IlMjIlM0UxMTAlMjBtbS4lM0MlMkZ0ZCUzRSUwQSUzQyUyRnRyJTNFJTBBJTNDJTJGdGJvZHklM0UlMEElM0MlMkZ0YWJsZSUzRQ==[\/vc_raw_html][vc_single_image image=&#8221;1630&#8243; img_size=&#8221;600&#215;407&#8243; alignment=&#8221;center&#8221; onclick=&#8221;link_image&#8221;][vc_single_image image=&#8221;1633&#8243; img_size=&#8221;600&#215;407&#8243; alignment=&#8221;center&#8221; onclick=&#8221;link_image&#8221;][\/vc_column][\/vc_row][vc_row][vc_column][vc_text_separator title=&#8221;Contacte&#8221; el_class=&#8221;titleForm&#8221;]\n<div class=\"wpcf7 no-js\" id=\"wpcf7-f585-o1\" lang=\"en-US\" dir=\"ltr\" data-wpcf7-id=\"585\">\n<div class=\"screen-reader-response\"><p role=\"status\" aria-live=\"polite\" aria-atomic=\"true\"><\/p> <ul><\/ul><\/div>\n<form action=\"\/ca\/wp-json\/wp\/v2\/pages\/2965#wpcf7-f585-o1\" method=\"post\" class=\"wpcf7-form init\" aria-label=\"Contact form\" novalidate=\"novalidate\" data-status=\"init\">\n<fieldset class=\"hidden-fields-container\"><input type=\"hidden\" name=\"_wpcf7\" value=\"585\" \/><input type=\"hidden\" name=\"_wpcf7_version\" value=\"6.1.5\" \/><input type=\"hidden\" name=\"_wpcf7_locale\" value=\"en_US\" \/><input type=\"hidden\" name=\"_wpcf7_unit_tag\" value=\"wpcf7-f585-o1\" \/><input type=\"hidden\" name=\"_wpcf7_container_post\" value=\"0\" \/><input type=\"hidden\" name=\"_wpcf7_posted_data_hash\" value=\"\" \/><input type=\"hidden\" name=\"_wpcf7_recaptcha_response\" value=\"\" \/>\n<\/fieldset>\n<p>Nom (*)\n<\/p>\n<p><span class=\"wpcf7-form-control-wrap\" data-name=\"your-name\"><input size=\"40\" maxlength=\"400\" class=\"wpcf7-form-control wpcf7-text wpcf7-validates-as-required\" aria-required=\"true\" aria-invalid=\"false\" value=\"\" type=\"text\" name=\"your-name\" \/><\/span>\n<\/p>\n<p>Poblaci\u00f3 (*)\n<\/p>\n<p><span class=\"wpcf7-form-control-wrap\" data-name=\"poblacio\"><input size=\"40\" maxlength=\"400\" class=\"wpcf7-form-control wpcf7-text wpcf7-validates-as-required\" aria-required=\"true\" aria-invalid=\"false\" value=\"\" type=\"text\" name=\"poblacio\" \/><\/span>\n<\/p>\n<p>Tel\u00e8fon (*)\n<\/p>\n<p><span class=\"wpcf7-form-control-wrap\" data-name=\"telefono\"><input size=\"40\" maxlength=\"400\" class=\"wpcf7-form-control wpcf7-text wpcf7-validates-as-required\" aria-required=\"true\" aria-invalid=\"false\" value=\"\" type=\"text\" name=\"telefono\" \/><\/span>\n<\/p>\n<p>Email (*)\n<\/p>\n<p><span class=\"wpcf7-form-control-wrap\" data-name=\"your-email\"><input size=\"40\" maxlength=\"400\" class=\"wpcf7-form-control wpcf7-email wpcf7-validates-as-required wpcf7-text wpcf7-validates-as-email\" aria-required=\"true\" aria-invalid=\"false\" value=\"\" type=\"email\" name=\"your-email\" \/><\/span>\n<\/p>\n<p>Consulta\n<\/p>\n<p><span class=\"wpcf7-form-control-wrap\" data-name=\"your-message\"><textarea cols=\"40\" rows=\"10\" maxlength=\"2000\" class=\"wpcf7-form-control wpcf7-textarea\" aria-invalid=\"false\" name=\"your-message\"><\/textarea><\/span>\n<\/p>\n<p><input class=\"wpcf7-form-control wpcf7-submit has-spinner\" type=\"submit\" value=\"Enviar\" \/>\n<\/p><p style=\"display: none !important;\" class=\"akismet-fields-container\" data-prefix=\"_wpcf7_ak_\"><label>&#916;<textarea name=\"_wpcf7_ak_hp_textarea\" cols=\"45\" rows=\"8\" maxlength=\"100\"><\/textarea><\/label><input type=\"hidden\" id=\"ak_js_1\" name=\"_wpcf7_ak_js\" value=\"3\"\/><script>document.getElementById( \"ak_js_1\" ).setAttribute( \"value\", ( new Date() ).getTime() );<\/script><\/p><div class=\"wpcf7-response-output\" aria-hidden=\"true\"><\/div>\n<\/form>\n<\/div>\n[\/vc_column][\/vc_row]<\/p>\n<\/div>","protected":false},"excerpt":{"rendered":"<p>[vc_row el_class=&#8221;productes&#8221;][vc_column][vc_column_text]Un \u00fanic equip per a separar els fangs dels greixos que v\u00e9nen barrejats amb l\u2019efluent de l\u2019aigua. Ideal si es desposa de reduit espai, donat que mitjan\u00e7ant el mateix colze entra tot el material dins l\u2019equip, els fangs es dipositen al fons del mateix i degut a la difer\u00e8ncia de la gravetat, els greixos&hellip;<\/p>\n","protected":false},"author":1,"featured_media":0,"parent":2932,"menu_order":0,"comment_status":"closed","ping_status":"closed","template":"","meta":{"_joinchat":[]},"class_list":["post-2965","page","type-page","status-publish","hentry","description-off"],"yoast_head":"<!-- This site is optimized with the Yoast SEO plugin v27.2 - https:\/\/yoast.com\/product\/yoast-seo-wordpress\/ -->\n<title>Desarenador &#8211; Europlast<\/title>\n<meta name=\"robots\" content=\"index, follow, max-snippet:-1, max-image-preview:large, max-video-preview:-1\" \/>\n<link rel=\"canonical\" href=\"https:\/\/www.europlast-sl.com\/ca\/depuracio-aigues-residuals\/desarenador\/\" \/>\n<meta property=\"og:locale\" content=\"ca_ES\" \/>\n<meta property=\"og:type\" content=\"article\" \/>\n<meta property=\"og:title\" content=\"Desarenador &#8211; Europlast\" \/>\n<meta property=\"og:description\" content=\"[vc_row el_class=&#8221;productes&#8221;][vc_column][vc_column_text]Un \u00fanic equip per a separar els fangs dels greixos que v\u00e9nen barrejats amb l\u2019efluent de l\u2019aigua. Ideal si es desposa de reduit espai, donat que mitjan\u00e7ant el mateix colze entra tot el material dins l\u2019equip, els fangs es dipositen al fons del mateix i degut a la difer\u00e8ncia de la gravetat, els greixos&hellip;\" \/>\n<meta property=\"og:url\" content=\"https:\/\/www.europlast-sl.com\/ca\/depuracio-aigues-residuals\/desarenador\/\" \/>\n<meta property=\"og:site_name\" content=\"Europlast\" \/>\n<meta property=\"article:modified_time\" content=\"2018-12-20T11:39:33+00:00\" \/>\n<meta name=\"twitter:label1\" content=\"Temps estimat de lectura\" \/>\n\t<meta name=\"twitter:data1\" content=\"3 minuts\" \/>\n<script type=\"application\/ld+json\" class=\"yoast-schema-graph\">{\"@context\":\"https:\/\/schema.org\",\"@graph\":[{\"@type\":\"WebPage\",\"@id\":\"https:\/\/www.europlast-sl.com\/ca\/depuracio-aigues-residuals\/desarenador\/\",\"url\":\"https:\/\/www.europlast-sl.com\/ca\/depuracio-aigues-residuals\/desarenador\/\",\"name\":\"Desarenador &#8211; Europlast\",\"isPartOf\":{\"@id\":\"https:\/\/www.europlast-sl.com\/ca\/#website\"},\"datePublished\":\"2018-12-04T20:36:55+00:00\",\"dateModified\":\"2018-12-20T11:39:33+00:00\",\"breadcrumb\":{\"@id\":\"https:\/\/www.europlast-sl.com\/ca\/depuracio-aigues-residuals\/desarenador\/#breadcrumb\"},\"inLanguage\":\"ca\",\"potentialAction\":[{\"@type\":\"ReadAction\",\"target\":[\"https:\/\/www.europlast-sl.com\/ca\/depuracio-aigues-residuals\/desarenador\/\"]}]},{\"@type\":\"BreadcrumbList\",\"@id\":\"https:\/\/www.europlast-sl.com\/ca\/depuracio-aigues-residuals\/desarenador\/#breadcrumb\",\"itemListElement\":[{\"@type\":\"ListItem\",\"position\":1,\"name\":\"Portada\",\"item\":\"https:\/\/www.europlast-sl.com\/ca\/\"},{\"@type\":\"ListItem\",\"position\":2,\"name\":\"Aguas residuales\",\"item\":\"https:\/\/www.europlast-sl.com\/ca\/depuracio-aigues-residuals\/\"},{\"@type\":\"ListItem\",\"position\":3,\"name\":\"Desarenador\"}]},{\"@type\":\"WebSite\",\"@id\":\"https:\/\/www.europlast-sl.com\/ca\/#website\",\"url\":\"https:\/\/www.europlast-sl.com\/ca\/\",\"name\":\"Europlast\",\"description\":\"Especialistas en la fabricaci\u00f3n y comercializaci\u00f3n de dep\u00f3sitos\",\"potentialAction\":[{\"@type\":\"SearchAction\",\"target\":{\"@type\":\"EntryPoint\",\"urlTemplate\":\"https:\/\/www.europlast-sl.com\/ca\/?s={search_term_string}\"},\"query-input\":{\"@type\":\"PropertyValueSpecification\",\"valueRequired\":true,\"valueName\":\"search_term_string\"}}],\"inLanguage\":\"ca\"}]}<\/script>\n<!-- \/ Yoast SEO plugin. -->","yoast_head_json":{"title":"Desarenador &#8211; Europlast","robots":{"index":"index","follow":"follow","max-snippet":"max-snippet:-1","max-image-preview":"max-image-preview:large","max-video-preview":"max-video-preview:-1"},"canonical":"https:\/\/www.europlast-sl.com\/ca\/depuracio-aigues-residuals\/desarenador\/","og_locale":"ca_ES","og_type":"article","og_title":"Desarenador &#8211; Europlast","og_description":"[vc_row el_class=&#8221;productes&#8221;][vc_column][vc_column_text]Un \u00fanic equip per a separar els fangs dels greixos que v\u00e9nen barrejats amb l\u2019efluent de l\u2019aigua. Ideal si es desposa de reduit espai, donat que mitjan\u00e7ant el mateix colze entra tot el material dins l\u2019equip, els fangs es dipositen al fons del mateix i degut a la difer\u00e8ncia de la gravetat, els greixos&hellip;","og_url":"https:\/\/www.europlast-sl.com\/ca\/depuracio-aigues-residuals\/desarenador\/","og_site_name":"Europlast","article_modified_time":"2018-12-20T11:39:33+00:00","twitter_misc":{"Temps estimat de lectura":"3 minuts"},"schema":{"@context":"https:\/\/schema.org","@graph":[{"@type":"WebPage","@id":"https:\/\/www.europlast-sl.com\/ca\/depuracio-aigues-residuals\/desarenador\/","url":"https:\/\/www.europlast-sl.com\/ca\/depuracio-aigues-residuals\/desarenador\/","name":"Desarenador &#8211; Europlast","isPartOf":{"@id":"https:\/\/www.europlast-sl.com\/ca\/#website"},"datePublished":"2018-12-04T20:36:55+00:00","dateModified":"2018-12-20T11:39:33+00:00","breadcrumb":{"@id":"https:\/\/www.europlast-sl.com\/ca\/depuracio-aigues-residuals\/desarenador\/#breadcrumb"},"inLanguage":"ca","potentialAction":[{"@type":"ReadAction","target":["https:\/\/www.europlast-sl.com\/ca\/depuracio-aigues-residuals\/desarenador\/"]}]},{"@type":"BreadcrumbList","@id":"https:\/\/www.europlast-sl.com\/ca\/depuracio-aigues-residuals\/desarenador\/#breadcrumb","itemListElement":[{"@type":"ListItem","position":1,"name":"Portada","item":"https:\/\/www.europlast-sl.com\/ca\/"},{"@type":"ListItem","position":2,"name":"Aguas residuales","item":"https:\/\/www.europlast-sl.com\/ca\/depuracio-aigues-residuals\/"},{"@type":"ListItem","position":3,"name":"Desarenador"}]},{"@type":"WebSite","@id":"https:\/\/www.europlast-sl.com\/ca\/#website","url":"https:\/\/www.europlast-sl.com\/ca\/","name":"Europlast","description":"Especialistas en la fabricaci\u00f3n y comercializaci\u00f3n de dep\u00f3sitos","potentialAction":[{"@type":"SearchAction","target":{"@type":"EntryPoint","urlTemplate":"https:\/\/www.europlast-sl.com\/ca\/?s={search_term_string}"},"query-input":{"@type":"PropertyValueSpecification","valueRequired":true,"valueName":"search_term_string"}}],"inLanguage":"ca"}]}},"_links":{"self":[{"href":"https:\/\/www.europlast-sl.com\/ca\/wp-json\/wp\/v2\/pages\/2965","targetHints":{"allow":["GET"]}}],"collection":[{"href":"https:\/\/www.europlast-sl.com\/ca\/wp-json\/wp\/v2\/pages"}],"about":[{"href":"https:\/\/www.europlast-sl.com\/ca\/wp-json\/wp\/v2\/types\/page"}],"author":[{"embeddable":true,"href":"https:\/\/www.europlast-sl.com\/ca\/wp-json\/wp\/v2\/users\/1"}],"replies":[{"embeddable":true,"href":"https:\/\/www.europlast-sl.com\/ca\/wp-json\/wp\/v2\/comments?post=2965"}],"version-history":[{"count":2,"href":"https:\/\/www.europlast-sl.com\/ca\/wp-json\/wp\/v2\/pages\/2965\/revisions"}],"predecessor-version":[{"id":3175,"href":"https:\/\/www.europlast-sl.com\/ca\/wp-json\/wp\/v2\/pages\/2965\/revisions\/3175"}],"up":[{"embeddable":true,"href":"https:\/\/www.europlast-sl.com\/ca\/wp-json\/wp\/v2\/pages\/2932"}],"wp:attachment":[{"href":"https:\/\/www.europlast-sl.com\/ca\/wp-json\/wp\/v2\/media?parent=2965"}],"curies":[{"name":"wp","href":"https:\/\/api.w.org\/{rel}","templated":true}]}}