{"id":2962,"date":"2018-12-04T20:35:35","date_gmt":"2018-12-04T20:35:35","guid":{"rendered":"https:\/\/www.europlast-sl.com\/depuracion-aguas-residuales\/oxidacion-total\/"},"modified":"2018-12-20T11:39:25","modified_gmt":"2018-12-20T11:39:25","slug":"oxidacio-total","status":"publish","type":"page","link":"https:\/\/www.europlast-sl.com\/ca\/depuracio-aigues-residuals\/oxidacio-total\/","title":{"rendered":"Oxidaci\u00f3 total"},"content":{"rendered":"<div class=\"wpb-content-wrapper\"><p>[vc_row][vc_column][vc_column_text el_class=&#8221;productes&#8221;]Al reactor biol\u00f2gic es donen les diferents reaccions que son neces\u00e0ries per a la descomposici\u00f3 bioqu\u00edmica de la mat\u00e8ria org\u00e0nica. Per poder tindre lloc a aquestes reaccions es necesari un aport d\u2019oxigen que mantingui les condicions aer\u00f2bies al reactor i crear la circulaci\u00f3 suficient per a mantenir en suspensi\u00f3 els microorganismes.<\/p>\n<p>Al equip oxidaci\u00f3 total, la barreja d\u2019aigua residual i fangs recirculats es distribueix uniformement per tot el volum del reactor on s\u2019aireja. Degut al temps prolongat d\u2019aireaci\u00f3 el proc\u00e9s es mant\u00e9 a la fase de creximent end\u00f2gen, a la cual els microorganismes es mengen entre ells.<\/p>\n<p>La insuficient disponibilitat de nutrients, porta a una situaci\u00f3 on els microorganismes utilitzen el material cel.lular del altres com font de nutrici\u00f3.<\/p>\n<p>Les depuradores EP\/OX Europlast es subministren totalment equipades per al seu funcionament inmediat un cop instalades. Aquest equipament inclou el soplant (que oscil.la entre 2.2 als 5.5 Kw, segons el model), els difusors, la bomba submergible de recirculaci\u00f3 de fangs i el quadre el\u00e8ctric de protecci\u00f3.[\/vc_column_text][\/vc_column][\/vc_row][vc_row el_class=&#8221;productes&#8221;][vc_column][vc_raw_html]JTNDdGFibGUlMjBjbGFzcyUzRCUyMnRhdWxhJTIyJTIwd2lkdGglM0QlMjIxMDAlMjUlMjIlM0UlMEElM0N0aGVhZCUzRSUwQSUzQ3RyJTIwc3R5bGUlM0QlMjJoZWlnaHQlM0ElMjAyMXB4JTNCJTIyJTNFJTBBJTNDdGglMjBzdHlsZSUzRCUyMmhlaWdodCUzQSUyMDIxcHglM0IlMjIlMjB3aWR0aCUzRCUyMjE1JTI1JTIyJTNFJTI2bmJzcCUzQiUzQyUyRnRoJTNFJTBBJTNDdGglMjBjbGFzcyUzRCUyMmNhcHNhbGVyYTElMjIlMjBzdHlsZSUzRCUyMmhlaWdodCUzQSUyMDIxcHglM0IlMjIlMjBjb2xzcGFuJTNEJTIyNCUyMiUzRURJTUVOU0lPTlMlM0MlMkZ0aCUzRSUwQSUzQyUyRnRyJTNFJTBBJTNDdHIlMjBzdHlsZSUzRCUyMmhlaWdodCUzQSUyMDIxcHglM0IlMjIlM0UlMEElM0N0aCUyMGNsYXNzJTNEJTIyY2Fwc2FsZXJhMyUyMiUyMHN0eWxlJTNEJTIyaGVpZ2h0JTNBJTIwMjFweCUzQiUyMiUzRU4lMjZvcmRtJTNCJTIwSEFCSVRBTlRTJTNDJTJGdGglM0UlMEElM0N0aCUyMGNsYXNzJTNEJTIyY2Fwc2FsZXJhMiUyMiUyMHN0eWxlJTNEJTIyaGVpZ2h0JTNBJTIwMjFweCUzQiUyMiUzRUNBUEFDSVRBVCUzQyUyRnRoJTNFJTBBJTNDdGglMjBjbGFzcyUzRCUyMmNhcHNhbGVyYTIlMjIlMjBzdHlsZSUzRCUyMmhlaWdodCUzQSUyMDIxcHglM0IlMjIlM0VESUFNRVRSRSUzQyUyRnRoJTNFJTBBJTNDdGglMjBjbGFzcyUzRCUyMmNhcHNhbGVyYTIlMjIlMjBzdHlsZSUzRCUyMmhlaWdodCUzQSUyMDIxcHglM0IlMjIlM0VMT05HSVRVRCUzQyUyRnRoJTNFJTBBJTNDdGglMjBjbGFzcyUzRCUyMmNhcHNhbGVyYTIlMjIlMjBzdHlsZSUzRCUyMmhlaWdodCUzQSUyMDIxcHglM0IlMjIlM0VGT1JNQVQlM0MlMkZ0aCUzRSUwQSUzQyUyRnRyJTNFJTBBJTNDJTJGdGhlYWQlM0UlMEElM0N0Ym9keSUzRSUwQSUzQ3RyJTIwc3R5bGUlM0QlMjJoZWlnaHQlM0ElMjAyMXB4JTNCJTIyJTNFJTBBJTNDdGQlMjBjbGFzcyUzRCUyMmNhcHNhbGVyYTIlMjIlMjBzdHlsZSUzRCUyMmhlaWdodCUzQSUyMDIxcHglM0IlMjIlM0U1JTNDJTJGdGQlM0UlMEElM0N0ZCUyMHN0eWxlJTNEJTIyaGVpZ2h0JTNBJTIwMjFweCUzQiUyMiUzRTIzMDAlMjBtbSUzQyUyRnRkJTNFJTBBJTNDdGQlMjBzdHlsZSUzRCUyMmhlaWdodCUzQSUyMDIxcHglM0IlMjIlM0UxMDcwJTIwbW0lM0MlMkZ0ZCUzRSUwQSUzQ3RkJTIwc3R5bGUlM0QlMjJoZWlnaHQlM0ElMjAyMXB4JTNCJTIyJTNFMjkzMCUyMG1tJTNDJTJGdGQlM0UlMEElM0N0ZCUyMHN0eWxlJTNEJTIyaGVpZ2h0JTNBJTIwMjFweCUzQiUyMiUzRUhPUklUWk9OVEFMJTNDJTJGdGQlM0UlMEElM0MlMkZ0ciUzRSUwQSUzQ3RyJTIwc3R5bGUlM0QlMjJoZWlnaHQlM0ElMjAyMXB4JTNCJTIyJTNFJTBBJTNDdGQlMjBjbGFzcyUzRCUyMmNhcHNhbGVyYTIlMjIlMjBzdHlsZSUzRCUyMmhlaWdodCUzQSUyMDIxcHglM0IlMjIlM0UxMCUzQyUyRnRkJTNFJTBBJTNDdGQlMjBzdHlsZSUzRCUyMmhlaWdodCUzQSUyMDIxcHglM0IlMjIlM0U1MDAwJTIwbW0lM0MlMkZ0ZCUzRSUwQSUzQ3RkJTIwc3R5bGUlM0QlMjJoZWlnaHQlM0ElMjAyMXB4JTNCJTIyJTNFMTUwMCUyMG1tJTNDJTJGdGQlM0UlMEElM0N0ZCUyMHN0eWxlJTNEJTIyaGVpZ2h0JTNBJTIwMjFweCUzQiUyMiUzRTI4NjAlMjBtbSUzQyUyRnRkJTNFJTBBJTNDdGQlMjBzdHlsZSUzRCUyMmhlaWdodCUzQSUyMDIxcHglM0IlMjIlM0VIT1JJVFpPTlRBTCUzQyUyRnRkJTNFJTBBJTNDJTJGdHIlM0UlMEElM0N0ciUyMHN0eWxlJTNEJTIyaGVpZ2h0JTNBJTIwMjFweCUzQiUyMiUzRSUwQSUzQ3RkJTIwY2xhc3MlM0QlMjJjYXBzYWxlcmEyJTIyJTIwc3R5bGUlM0QlMjJoZWlnaHQlM0ElMjAyMXB4JTNCJTIyJTNFMjAlM0MlMkZ0ZCUzRSUwQSUzQ3RkJTIwc3R5bGUlM0QlMjJoZWlnaHQlM0ElMjAyMXB4JTNCJTIyJTNFODUwMCUyMG1tJTNDJTJGdGQlM0UlMEElM0N0ZCUyMHN0eWxlJTNEJTIyaGVpZ2h0JTNBJTIwMjFweCUzQiUyMiUzRTIwMDAlMjBtbSUzQyUyRnRkJTNFJTBBJTNDdGQlMjBzdHlsZSUzRCUyMmhlaWdodCUzQSUyMDIxcHglM0IlMjIlM0UyNzEwJTIwbW0lM0MlMkZ0ZCUzRSUwQSUzQ3RkJTIwc3R5bGUlM0QlMjJoZWlnaHQlM0ElMjAyMXB4JTNCJTIyJTNFSE9SSVRaT05UQUwlM0MlMkZ0ZCUzRSUwQSUzQyUyRnRyJTNFJTBBJTNDdHIlMjBzdHlsZSUzRCUyMmhlaWdodCUzQSUyMDIxcHglM0IlMjIlM0UlMEElM0N0ZCUyMGNsYXNzJTNEJTIyY2Fwc2FsZXJhMiUyMiUyMHN0eWxlJTNEJTIyaGVpZ2h0JTNBJTIwMjFweCUzQiUyMiUzRTMwJTNDJTJGdGQlM0UlMEElM0N0ZCUyMHN0eWxlJTNEJTIyaGVpZ2h0JTNBJTIwMjFweCUzQiUyMiUzRTExMDAwJTIwbW0lM0MlMkZ0ZCUzRSUwQSUzQ3RkJTIwc3R5bGUlM0QlMjJoZWlnaHQlM0ElMjAyMXB4JTNCJTIyJTNFMjAwMCUyMG1tJTNDJTJGdGQlM0UlMEElM0N0ZCUyMHN0eWxlJTNEJTIyaGVpZ2h0JTNBJTIwMjFweCUzQiUyMiUzRTM1MDAlMjBtbSUzQyUyRnRkJTNFJTBBJTNDdGQlMjBzdHlsZSUzRCUyMmhlaWdodCUzQSUyMDIxcHglM0IlMjIlM0VIT1JJVFpPTlRBTCUzQyUyRnRkJTNFJTBBJTNDJTJGdHIlM0UlMEElM0N0ciUyMHN0eWxlJTNEJTIyaGVpZ2h0JTNBJTIwMjFweCUzQiUyMiUzRSUwQSUzQ3RkJTIwY2xhc3MlM0QlMjJjYXBzYWxlcmEyJTIyJTIwc3R5bGUlM0QlMjJoZWlnaHQlM0ElMjAyMXB4JTNCJTIyJTNFNTAlM0MlMkZ0ZCUzRSUwQSUzQ3RkJTIwc3R5bGUlM0QlMjJoZWlnaHQlM0ElMjAyMXB4JTNCJTIyJTNFMTUwMDAlMjBtbSUzQyUyRnRkJTNFJTBBJTNDdGQlMjBzdHlsZSUzRCUyMmhlaWdodCUzQSUyMDIxcHglM0IlMjIlM0UyMDAwJTIwbW0lM0MlMkZ0ZCUzRSUwQSUzQ3RkJTIwc3R5bGUlM0QlMjJoZWlnaHQlM0ElMjAyMXB4JTNCJTIyJTNFNDc4MCUyMG1tJTNDJTJGdGQlM0UlMEElM0N0ZCUyMHN0eWxlJTNEJTIyaGVpZ2h0JTNBJTIwMjFweCUzQiUyMiUzRUhPUklUWk9OVEFMJTNDJTJGdGQlM0UlMEElM0MlMkZ0ciUzRSUwQSUzQ3RyJTIwc3R5bGUlM0QlMjJoZWlnaHQlM0ElMjAyMXB4JTNCJTIyJTNFJTBBJTNDdGQlMjBjbGFzcyUzRCUyMmNhcHNhbGVyYTIlMjIlMjBzdHlsZSUzRCUyMmhlaWdodCUzQSUyMDIxcHglM0IlMjIlM0U3NSUzQyUyRnRkJTNFJTBBJTNDdGQlMjBzdHlsZSUzRCUyMmhlaWdodCUzQSUyMDIxcHglM0IlMjIlM0UyMjAwMCUyMG1tJTNDJTJGdGQlM0UlMEElM0N0ZCUyMHN0eWxlJTNEJTIyaGVpZ2h0JTNBJTIwMjFweCUzQiUyMiUzRTI1MDAlMjBtbSUzQyUyRnRkJTNFJTBBJTNDdGQlMjBzdHlsZSUzRCUyMmhlaWdodCUzQSUyMDIxcHglM0IlMjIlM0U0NDkwJTIwbW0lM0MlMkZ0ZCUzRSUwQSUzQ3RkJTIwc3R5bGUlM0QlMjJoZWlnaHQlM0ElMjAyMXB4JTNCJTIyJTNFSE9SSVRaT05UQUwlM0MlMkZ0ZCUzRSUwQSUzQyUyRnRyJTNFJTBBJTNDdHIlMjBzdHlsZSUzRCUyMmhlaWdodCUzQSUyMDIxcHglM0IlMjIlM0UlMEElM0N0ZCUyMGNsYXNzJTNEJTIyY2Fwc2FsZXJhMiUyMiUyMHN0eWxlJTNEJTIyaGVpZ2h0JTNBJTIwMjFweCUzQiUyMiUzRTEwMCUzQyUyRnRkJTNFJTBBJTNDdGQlMjBzdHlsZSUzRCUyMmhlaWdodCUzQSUyMDIxcHglM0IlMjIlM0UyNzAwMCUyMG1tJTNDJTJGdGQlM0UlMEElM0N0ZCUyMHN0eWxlJTNEJTIyaGVpZ2h0JTNBJTIwMjFweCUzQiUyMiUzRTI1MDAlMjBtbSUzQyUyRnRkJTNFJTBBJTNDdGQlMjBzdHlsZSUzRCUyMmhlaWdodCUzQSUyMDIxcHglM0IlMjIlM0U1NTAwJTIwbW0lM0MlMkZ0ZCUzRSUwQSUzQ3RkJTIwc3R5bGUlM0QlMjJoZWlnaHQlM0ElMjAyMXB4JTNCJTIyJTNFSE9SSVRaT05UQUwlM0MlMkZ0ZCUzRSUwQSUzQyUyRnRyJTNFJTBBJTNDdHIlMjBzdHlsZSUzRCUyMmhlaWdodCUzQSUyMDIxcHglM0IlMjIlM0UlMEElM0N0ZCUyMGNsYXNzJTNEJTIyY2Fwc2FsZXJhMiUyMiUyMHN0eWxlJTNEJTIyaGVpZ2h0JTNBJTIwMjFweCUzQiUyMiUzRTEyNSUzQyUyRnRkJTNFJTBBJTNDdGQlMjBzdHlsZSUzRCUyMmhlaWdodCUzQSUyMDIxcHglM0IlMjIlM0UzODAwMCUyMG1tJTNDJTJGdGQlM0UlMEElM0N0ZCUyMHN0eWxlJTNEJTIyaGVpZ2h0JTNBJTIwMjFweCUzQiUyMiUzRTI1MDAlMjBtbSUzQyUyRnRkJTNFJTBBJTNDdGQlMjBzdHlsZSUzRCUyMmhlaWdodCUzQSUyMDIxcHglM0IlMjIlM0U3NTQwJTIwbW0lM0MlMkZ0ZCUzRSUwQSUzQ3RkJTIwc3R5bGUlM0QlMjJoZWlnaHQlM0ElMjAyMXB4JTNCJTIyJTNFSE9SSVRaT05UQUwlM0MlMkZ0ZCUzRSUwQSUzQyUyRnRyJTNFJTBBJTNDdHIlMjBzdHlsZSUzRCUyMmhlaWdodCUzQSUyMDIxcHglM0IlMjIlM0UlMEElM0N0ZCUyMGNsYXNzJTNEJTIyY2Fwc2FsZXJhMiUyMiUyMHN0eWxlJTNEJTIyaGVpZ2h0JTNBJTIwMjFweCUzQiUyMiUzRTE1MCUzQyUyRnRkJTNFJTBBJTNDdGQlMjBzdHlsZSUzRCUyMmhlaWdodCUzQSUyMDIxcHglM0IlMjIlM0U0MzAwMCUyMG1tJTNDJTJGdGQlM0UlMEElM0N0ZCUyMHN0eWxlJTNEJTIyaGVpZ2h0JTNBJTIwMjFweCUzQiUyMiUzRTI1MDAlMjBtbSUzQyUyRnRkJTNFJTBBJTNDdGQlMjBzdHlsZSUzRCUyMmhlaWdodCUzQSUyMDIxcHglM0IlMjIlM0U4NzYwJTIwbW0lM0MlMkZ0ZCUzRSUwQSUzQ3RkJTIwc3R5bGUlM0QlMjJoZWlnaHQlM0ElMjAyMXB4JTNCJTIyJTNFSE9SSVRaT05UQUwlM0MlMkZ0ZCUzRSUwQSUzQyUyRnRyJTNFJTBBJTNDJTJGdGJvZHklM0UlMEElM0MlMkZ0YWJsZSUzRQ==[\/vc_raw_html][vc_single_image image=&#8221;1663&#8243; img_size=&#8221;600&#215;407&#8243; alignment=&#8221;center&#8221; onclick=&#8221;link_image&#8221;][\/vc_column][\/vc_row][vc_row][vc_column][vc_text_separator title=&#8221;Contacte&#8221; el_class=&#8221;titleForm&#8221;]\n<div class=\"wpcf7 no-js\" id=\"wpcf7-f585-o1\" lang=\"en-US\" dir=\"ltr\" data-wpcf7-id=\"585\">\n<div class=\"screen-reader-response\"><p role=\"status\" aria-live=\"polite\" aria-atomic=\"true\"><\/p> <ul><\/ul><\/div>\n<form action=\"\/ca\/wp-json\/wp\/v2\/pages\/2962#wpcf7-f585-o1\" method=\"post\" class=\"wpcf7-form init\" aria-label=\"Contact form\" novalidate=\"novalidate\" data-status=\"init\">\n<fieldset class=\"hidden-fields-container\"><input type=\"hidden\" name=\"_wpcf7\" value=\"585\" \/><input type=\"hidden\" name=\"_wpcf7_version\" value=\"6.1.5\" \/><input type=\"hidden\" name=\"_wpcf7_locale\" value=\"en_US\" \/><input type=\"hidden\" name=\"_wpcf7_unit_tag\" value=\"wpcf7-f585-o1\" \/><input type=\"hidden\" name=\"_wpcf7_container_post\" value=\"0\" \/><input type=\"hidden\" name=\"_wpcf7_posted_data_hash\" value=\"\" \/><input type=\"hidden\" name=\"_wpcf7_recaptcha_response\" value=\"\" \/>\n<\/fieldset>\n<p>Nom (*)\n<\/p>\n<p><span class=\"wpcf7-form-control-wrap\" data-name=\"your-name\"><input size=\"40\" maxlength=\"400\" class=\"wpcf7-form-control wpcf7-text wpcf7-validates-as-required\" aria-required=\"true\" aria-invalid=\"false\" value=\"\" type=\"text\" name=\"your-name\" \/><\/span>\n<\/p>\n<p>Poblaci\u00f3 (*)\n<\/p>\n<p><span class=\"wpcf7-form-control-wrap\" data-name=\"poblacio\"><input size=\"40\" maxlength=\"400\" class=\"wpcf7-form-control wpcf7-text wpcf7-validates-as-required\" aria-required=\"true\" aria-invalid=\"false\" value=\"\" type=\"text\" name=\"poblacio\" \/><\/span>\n<\/p>\n<p>Tel\u00e8fon (*)\n<\/p>\n<p><span class=\"wpcf7-form-control-wrap\" data-name=\"telefono\"><input size=\"40\" maxlength=\"400\" class=\"wpcf7-form-control wpcf7-text wpcf7-validates-as-required\" aria-required=\"true\" aria-invalid=\"false\" value=\"\" type=\"text\" name=\"telefono\" \/><\/span>\n<\/p>\n<p>Email (*)\n<\/p>\n<p><span class=\"wpcf7-form-control-wrap\" data-name=\"your-email\"><input size=\"40\" maxlength=\"400\" class=\"wpcf7-form-control wpcf7-email wpcf7-validates-as-required wpcf7-text wpcf7-validates-as-email\" aria-required=\"true\" aria-invalid=\"false\" value=\"\" type=\"email\" name=\"your-email\" \/><\/span>\n<\/p>\n<p>Consulta\n<\/p>\n<p><span class=\"wpcf7-form-control-wrap\" data-name=\"your-message\"><textarea cols=\"40\" rows=\"10\" maxlength=\"2000\" class=\"wpcf7-form-control wpcf7-textarea\" aria-invalid=\"false\" name=\"your-message\"><\/textarea><\/span>\n<\/p>\n<p><input class=\"wpcf7-form-control wpcf7-submit has-spinner\" type=\"submit\" value=\"Enviar\" \/>\n<\/p><p style=\"display: none !important;\" class=\"akismet-fields-container\" data-prefix=\"_wpcf7_ak_\"><label>&#916;<textarea name=\"_wpcf7_ak_hp_textarea\" cols=\"45\" rows=\"8\" maxlength=\"100\"><\/textarea><\/label><input type=\"hidden\" id=\"ak_js_1\" name=\"_wpcf7_ak_js\" value=\"12\"\/><script>document.getElementById( \"ak_js_1\" ).setAttribute( \"value\", ( new Date() ).getTime() );<\/script><\/p><div class=\"wpcf7-response-output\" aria-hidden=\"true\"><\/div>\n<\/form>\n<\/div>\n[\/vc_column][\/vc_row]<\/p>\n<\/div>","protected":false},"excerpt":{"rendered":"<p>[vc_row][vc_column][vc_column_text el_class=&#8221;productes&#8221;]Al reactor biol\u00f2gic es donen les diferents reaccions que son neces\u00e0ries per a la descomposici\u00f3 bioqu\u00edmica de la mat\u00e8ria org\u00e0nica. Per poder tindre lloc a aquestes reaccions es necesari un aport d\u2019oxigen que mantingui les condicions aer\u00f2bies al reactor i crear la circulaci\u00f3 suficient per a mantenir en suspensi\u00f3 els microorganismes. Al equip oxidaci\u00f3&hellip;<\/p>\n","protected":false},"author":1,"featured_media":0,"parent":2932,"menu_order":0,"comment_status":"closed","ping_status":"closed","template":"","meta":{"_joinchat":[]},"class_list":["post-2962","page","type-page","status-publish","hentry","description-off"],"yoast_head":"<!-- This site is optimized with the Yoast SEO plugin v27.2 - https:\/\/yoast.com\/product\/yoast-seo-wordpress\/ -->\n<title>Oxidaci\u00f3 total &#8211; Europlast<\/title>\n<meta name=\"robots\" content=\"index, follow, max-snippet:-1, max-image-preview:large, max-video-preview:-1\" \/>\n<link rel=\"canonical\" href=\"https:\/\/www.europlast-sl.com\/ca\/depuracio-aigues-residuals\/oxidacio-total\/\" \/>\n<meta property=\"og:locale\" content=\"ca_ES\" \/>\n<meta property=\"og:type\" content=\"article\" \/>\n<meta property=\"og:title\" content=\"Oxidaci\u00f3 total &#8211; Europlast\" \/>\n<meta property=\"og:description\" content=\"[vc_row][vc_column][vc_column_text el_class=&#8221;productes&#8221;]Al reactor biol\u00f2gic es donen les diferents reaccions que son neces\u00e0ries per a la descomposici\u00f3 bioqu\u00edmica de la mat\u00e8ria org\u00e0nica. Per poder tindre lloc a aquestes reaccions es necesari un aport d\u2019oxigen que mantingui les condicions aer\u00f2bies al reactor i crear la circulaci\u00f3 suficient per a mantenir en suspensi\u00f3 els microorganismes. Al equip oxidaci\u00f3&hellip;\" \/>\n<meta property=\"og:url\" content=\"https:\/\/www.europlast-sl.com\/ca\/depuracio-aigues-residuals\/oxidacio-total\/\" \/>\n<meta property=\"og:site_name\" content=\"Europlast\" \/>\n<meta property=\"article:modified_time\" content=\"2018-12-20T11:39:25+00:00\" \/>\n<meta name=\"twitter:label1\" content=\"Temps estimat de lectura\" \/>\n\t<meta name=\"twitter:data1\" content=\"3 minuts\" \/>\n<script type=\"application\/ld+json\" class=\"yoast-schema-graph\">{\"@context\":\"https:\/\/schema.org\",\"@graph\":[{\"@type\":\"WebPage\",\"@id\":\"https:\/\/www.europlast-sl.com\/ca\/depuracio-aigues-residuals\/oxidacio-total\/\",\"url\":\"https:\/\/www.europlast-sl.com\/ca\/depuracio-aigues-residuals\/oxidacio-total\/\",\"name\":\"Oxidaci\u00f3 total &#8211; Europlast\",\"isPartOf\":{\"@id\":\"https:\/\/www.europlast-sl.com\/ca\/#website\"},\"datePublished\":\"2018-12-04T20:35:35+00:00\",\"dateModified\":\"2018-12-20T11:39:25+00:00\",\"breadcrumb\":{\"@id\":\"https:\/\/www.europlast-sl.com\/ca\/depuracio-aigues-residuals\/oxidacio-total\/#breadcrumb\"},\"inLanguage\":\"ca\",\"potentialAction\":[{\"@type\":\"ReadAction\",\"target\":[\"https:\/\/www.europlast-sl.com\/ca\/depuracio-aigues-residuals\/oxidacio-total\/\"]}]},{\"@type\":\"BreadcrumbList\",\"@id\":\"https:\/\/www.europlast-sl.com\/ca\/depuracio-aigues-residuals\/oxidacio-total\/#breadcrumb\",\"itemListElement\":[{\"@type\":\"ListItem\",\"position\":1,\"name\":\"Portada\",\"item\":\"https:\/\/www.europlast-sl.com\/ca\/\"},{\"@type\":\"ListItem\",\"position\":2,\"name\":\"Aguas residuales\",\"item\":\"https:\/\/www.europlast-sl.com\/ca\/depuracio-aigues-residuals\/\"},{\"@type\":\"ListItem\",\"position\":3,\"name\":\"Oxidaci\u00f3 total\"}]},{\"@type\":\"WebSite\",\"@id\":\"https:\/\/www.europlast-sl.com\/ca\/#website\",\"url\":\"https:\/\/www.europlast-sl.com\/ca\/\",\"name\":\"Europlast\",\"description\":\"Especialistas en la fabricaci\u00f3n y comercializaci\u00f3n de dep\u00f3sitos\",\"potentialAction\":[{\"@type\":\"SearchAction\",\"target\":{\"@type\":\"EntryPoint\",\"urlTemplate\":\"https:\/\/www.europlast-sl.com\/ca\/?s={search_term_string}\"},\"query-input\":{\"@type\":\"PropertyValueSpecification\",\"valueRequired\":true,\"valueName\":\"search_term_string\"}}],\"inLanguage\":\"ca\"}]}<\/script>\n<!-- \/ Yoast SEO plugin. -->","yoast_head_json":{"title":"Oxidaci\u00f3 total &#8211; Europlast","robots":{"index":"index","follow":"follow","max-snippet":"max-snippet:-1","max-image-preview":"max-image-preview:large","max-video-preview":"max-video-preview:-1"},"canonical":"https:\/\/www.europlast-sl.com\/ca\/depuracio-aigues-residuals\/oxidacio-total\/","og_locale":"ca_ES","og_type":"article","og_title":"Oxidaci\u00f3 total &#8211; Europlast","og_description":"[vc_row][vc_column][vc_column_text el_class=&#8221;productes&#8221;]Al reactor biol\u00f2gic es donen les diferents reaccions que son neces\u00e0ries per a la descomposici\u00f3 bioqu\u00edmica de la mat\u00e8ria org\u00e0nica. Per poder tindre lloc a aquestes reaccions es necesari un aport d\u2019oxigen que mantingui les condicions aer\u00f2bies al reactor i crear la circulaci\u00f3 suficient per a mantenir en suspensi\u00f3 els microorganismes. Al equip oxidaci\u00f3&hellip;","og_url":"https:\/\/www.europlast-sl.com\/ca\/depuracio-aigues-residuals\/oxidacio-total\/","og_site_name":"Europlast","article_modified_time":"2018-12-20T11:39:25+00:00","twitter_misc":{"Temps estimat de lectura":"3 minuts"},"schema":{"@context":"https:\/\/schema.org","@graph":[{"@type":"WebPage","@id":"https:\/\/www.europlast-sl.com\/ca\/depuracio-aigues-residuals\/oxidacio-total\/","url":"https:\/\/www.europlast-sl.com\/ca\/depuracio-aigues-residuals\/oxidacio-total\/","name":"Oxidaci\u00f3 total &#8211; Europlast","isPartOf":{"@id":"https:\/\/www.europlast-sl.com\/ca\/#website"},"datePublished":"2018-12-04T20:35:35+00:00","dateModified":"2018-12-20T11:39:25+00:00","breadcrumb":{"@id":"https:\/\/www.europlast-sl.com\/ca\/depuracio-aigues-residuals\/oxidacio-total\/#breadcrumb"},"inLanguage":"ca","potentialAction":[{"@type":"ReadAction","target":["https:\/\/www.europlast-sl.com\/ca\/depuracio-aigues-residuals\/oxidacio-total\/"]}]},{"@type":"BreadcrumbList","@id":"https:\/\/www.europlast-sl.com\/ca\/depuracio-aigues-residuals\/oxidacio-total\/#breadcrumb","itemListElement":[{"@type":"ListItem","position":1,"name":"Portada","item":"https:\/\/www.europlast-sl.com\/ca\/"},{"@type":"ListItem","position":2,"name":"Aguas residuales","item":"https:\/\/www.europlast-sl.com\/ca\/depuracio-aigues-residuals\/"},{"@type":"ListItem","position":3,"name":"Oxidaci\u00f3 total"}]},{"@type":"WebSite","@id":"https:\/\/www.europlast-sl.com\/ca\/#website","url":"https:\/\/www.europlast-sl.com\/ca\/","name":"Europlast","description":"Especialistas en la fabricaci\u00f3n y comercializaci\u00f3n de dep\u00f3sitos","potentialAction":[{"@type":"SearchAction","target":{"@type":"EntryPoint","urlTemplate":"https:\/\/www.europlast-sl.com\/ca\/?s={search_term_string}"},"query-input":{"@type":"PropertyValueSpecification","valueRequired":true,"valueName":"search_term_string"}}],"inLanguage":"ca"}]}},"_links":{"self":[{"href":"https:\/\/www.europlast-sl.com\/ca\/wp-json\/wp\/v2\/pages\/2962","targetHints":{"allow":["GET"]}}],"collection":[{"href":"https:\/\/www.europlast-sl.com\/ca\/wp-json\/wp\/v2\/pages"}],"about":[{"href":"https:\/\/www.europlast-sl.com\/ca\/wp-json\/wp\/v2\/types\/page"}],"author":[{"embeddable":true,"href":"https:\/\/www.europlast-sl.com\/ca\/wp-json\/wp\/v2\/users\/1"}],"replies":[{"embeddable":true,"href":"https:\/\/www.europlast-sl.com\/ca\/wp-json\/wp\/v2\/comments?post=2962"}],"version-history":[{"count":2,"href":"https:\/\/www.europlast-sl.com\/ca\/wp-json\/wp\/v2\/pages\/2962\/revisions"}],"predecessor-version":[{"id":3165,"href":"https:\/\/www.europlast-sl.com\/ca\/wp-json\/wp\/v2\/pages\/2962\/revisions\/3165"}],"up":[{"embeddable":true,"href":"https:\/\/www.europlast-sl.com\/ca\/wp-json\/wp\/v2\/pages\/2932"}],"wp:attachment":[{"href":"https:\/\/www.europlast-sl.com\/ca\/wp-json\/wp\/v2\/media?parent=2962"}],"curies":[{"name":"wp","href":"https:\/\/api.w.org\/{rel}","templated":true}]}}