{"id":2934,"date":"2018-12-04T20:19:32","date_gmt":"2018-12-04T20:19:32","guid":{"rendered":"https:\/\/www.europlast-sl.com\/depuracion-aguas-residuales\/arquetas-de-registro\/"},"modified":"2018-12-20T11:37:46","modified_gmt":"2018-12-20T11:37:46","slug":"arquetes-de-registre","status":"publish","type":"page","link":"https:\/\/www.europlast-sl.com\/ca\/depuracio-aigues-residuals\/arquetes-de-registre\/","title":{"rendered":"Arquetes de registre"},"content":{"rendered":"<div class=\"wpb-content-wrapper\"><p>[vc_row el_class=&#8221;productos&#8221;][vc_column][vc_column_text]Equip per instalar posterior a qualsevol proc\u00e9s de depuraci\u00f3 d&#8217;aigua residual, per aix\u00ed facilitar l&#8217;estat de depuraci\u00f3 de l&#8217;aigua.[\/vc_column_text][\/vc_column][\/vc_row][vc_row][vc_column][vc_raw_html]JTNDdGFibGUlMjBjbGFzcyUzRCUyMnRhdWxhJTIyJTIwc3R5bGUlM0QlMjJoZWlnaHQlM0ElMjAzN3B4JTNCJTIwd2lkdGglM0ElMjAxMDAlMjUlM0IlMjIlM0UlMEElM0N0Ym9keSUzRSUwQSUzQ3RyJTIwc3R5bGUlM0QlMjJoZWlnaHQlM0ElMjAyMXB4JTNCJTIyJTNFJTBBJTNDdGglMjBzdHlsZSUzRCUyMmhlaWdodCUzQSUyMDIxcHglM0IlMjB3aWR0aCUzQSUyMDg3cHglM0IlMjIlMjBjbGFzcyUzRCUyMmNhcHNhbGVyYTElMjIlM0UlM0NzdHJvbmclM0VDQVBBQ0lUQVQlM0MlMkZzdHJvbmclM0UlM0MlMkZ0ZCUzRSUwQSUzQyUyRnRyJTNFJTBBJTNDdHIlMjBzdHlsZSUzRCUyMmhlaWdodCUzQSUyMDIxcHglM0IlMjIlM0UlMEElM0N0ZCUyMHN0eWxlJTNEJTIyaGVpZ2h0JTNBJTIwMjFweCUzQiUyMHdpZHRoJTNBJTIwODdweCUzQiUyMiUzRTEwMCUzQyUyRnRkJTNFJTBBJTNDJTJGdHIlM0UlMEElM0N0ciUyMHN0eWxlJTNEJTIyaGVpZ2h0JTNBJTIwMjFweCUzQiUyMiUzRSUwQSUzQ3RkJTIwc3R5bGUlM0QlMjJoZWlnaHQlM0ElMjAyMXB4JTNCJTIwd2lkdGglM0ElMjA4N3B4JTNCJTIyJTNFMjAwJTNDJTJGdGQlM0UlMEElM0MlMkZ0ciUzRSUwQSUzQyUyRnRib2R5JTNFJTBBJTNDJTJGdGFibGUlM0U=[\/vc_raw_html][vc_raw_html]JTNDdGFibGUlMjBjbGFzcyUzRCUyMnRhdWxhJTIyJTIwd2lkdGglM0QlMjIxMDAlMjUlMjIlM0UlMEElM0N0aGVhZCUzRSUwQSUzQ3RyJTIwc3R5bGUlM0QlMjJoZWlnaHQlM0ElMjAyMXB4JTNCJTIyJTNFJTBBJTNDdGglMjBzdHlsZSUzRCUyMmhlaWdodCUzQSUyMDIxcHglM0IlMjIlMjB3aWR0aCUzRCUyMjE1JTI1JTIyJTNFJTI2bmJzcCUzQiUzQyUyRnRoJTNFJTBBJTNDdGglMjBjbGFzcyUzRCUyMmNhcHNhbGVyYTElMjIlMjBzdHlsZSUzRCUyMmhlaWdodCUzQSUyMDIxcHglM0IlMjIlMjBjb2xzcGFuJTNEJTIyNSUyMiUzRURJTUVOU0lPTlMlM0MlMkZ0aCUzRSUwQSUzQyUyRnRyJTNFJTBBJTNDdHIlMjBzdHlsZSUzRCUyMmhlaWdodCUzQSUyMDIxcHglM0IlMjIlM0UlMEElM0N0aCUyMGNsYXNzJTNEJTIyY2Fwc2FsZXJhMyUyMiUyMHN0eWxlJTNEJTIyaGVpZ2h0JTNBJTIwMjFweCUzQiUyMiUzRUNBUEFDSVRBVCUzQyUyRnRoJTNFJTBBJTNDdGglMjBjbGFzcyUzRCUyMmNhcHNhbGVyYTIlMjIlMjBzdHlsZSUzRCUyMmhlaWdodCUzQSUyMDIxcHglM0IlMjIlM0VBMSUzQyUyRnRoJTNFJTBBJTNDdGglMjBjbGFzcyUzRCUyMmNhcHNhbGVyYTIlMjIlMjBzdHlsZSUzRCUyMmhlaWdodCUzQSUyMDIxcHglM0IlMjIlM0VBMiUzQyUyRnRoJTNFJTBBJTNDdGglMjBjbGFzcyUzRCUyMmNhcHNhbGVyYTIlMjIlMjBzdHlsZSUzRCUyMmhlaWdodCUzQSUyMDIxcHglM0IlMjIlM0VMMSUzQyUyRnRoJTNFJTBBJTNDdGglMjBjbGFzcyUzRCUyMmNhcHNhbGVyYTIlMjIlMjBzdHlsZSUzRCUyMmhlaWdodCUzQSUyMDIxcHglM0IlMjIlM0VMMiUzQyUyRnRoJTNFJTBBJTNDdGglMjBjbGFzcyUzRCUyMmNhcHNhbGVyYTIlMjIlMjBzdHlsZSUzRCUyMmhlaWdodCUzQSUyMDIxcHglM0IlMjIlM0VIJTNDJTJGdGglM0UlMEElM0MlMkZ0ciUzRSUwQSUzQyUyRnRoZWFkJTNFJTBBJTNDdGJvZHklM0UlMEElM0N0ciUyMHN0eWxlJTNEJTIyaGVpZ2h0JTNBJTIwMjFweCUzQiUyMiUzRSUwQSUzQ3RkJTIwY2xhc3MlM0QlMjJjYXBzYWxlcmEyJTIyJTIwc3R5bGUlM0QlMjJoZWlnaHQlM0ElMjAyMXB4JTNCJTIyJTNFMTAwJTNDJTJGdGQlM0UlMEElM0N0ZCUyMHN0eWxlJTNEJTIyaGVpZ2h0JTNBJTIwMjFweCUzQiUyMiUzRTQzMCUyMG1tJTNDJTJGdGQlM0UlMEElM0N0ZCUyMHN0eWxlJTNEJTIyaGVpZ2h0JTNBJTIwMjFweCUzQiUyMiUzRTM0MCUyMG1tJTNDJTJGdGQlM0UlMEElM0N0ZCUyMHN0eWxlJTNEJTIyaGVpZ2h0JTNBJTIwMjFweCUzQiUyMiUzRTYzMiUyMG1tJTNDJTJGdGQlM0UlMEElM0N0ZCUyMHN0eWxlJTNEJTIyaGVpZ2h0JTNBJTIwMjFweCUzQiUyMiUzRTUyMCUyMG1tJTNDJTJGdGQlM0UlMEElM0N0ZCUyMHN0eWxlJTNEJTIyaGVpZ2h0JTNBJTIwMjFweCUzQiUyMiUzRTUxMCUyMG1tJTNDJTJGdGQlM0UlMEElM0MlMkZ0ciUzRSUwQSUzQ3RyJTIwc3R5bGUlM0QlMjJoZWlnaHQlM0ElMjAyMXB4JTNCJTIyJTNFJTBBJTNDdGQlMjBjbGFzcyUzRCUyMmNhcHNhbGVyYTIlMjIlMjBzdHlsZSUzRCUyMmhlaWdodCUzQSUyMDIxcHglM0IlMjIlM0UyMDAlM0MlMkZ0ZCUzRSUwQSUzQ3RkJTIwc3R5bGUlM0QlMjJoZWlnaHQlM0ElMjAyMXB4JTNCJTIyJTNFNjIwJTIwbW0lM0MlMkZ0ZCUzRSUwQSUzQ3RkJTIwc3R5bGUlM0QlMjJoZWlnaHQlM0ElMjAyMXB4JTNCJTIyJTNFNDEwJTIwbW0lM0MlMkZ0ZCUzRSUwQSUzQ3RkJTIwc3R5bGUlM0QlMjJoZWlnaHQlM0ElMjAyMXB4JTNCJTIyJTNFOTY1JTIwbW0lM0MlMkZ0ZCUzRSUwQSUzQ3RkJTIwc3R5bGUlM0QlMjJoZWlnaHQlM0ElMjAyMXB4JTNCJTIyJTNFNzYwJTIwbW0lM0MlMkZ0ZCUzRSUwQSUzQ3RkJTIwc3R5bGUlM0QlMjJoZWlnaHQlM0ElMjAyMXB4JTNCJTIyJTNFNDgwJTIwbW0lM0MlMkZ0ZCUzRSUwQSUzQyUyRnRyJTNFJTBBJTNDJTJGdGJvZHklM0UlMEElM0MlMkZ0YWJsZSUzRQ==[\/vc_raw_html][vc_single_image image=&#8221;1504&#8243; img_size=&#8221;600&#215;407&#8243; alignment=&#8221;center&#8221; onclick=&#8221;link_image&#8221;][\/vc_column][\/vc_row][vc_row][vc_column][vc_text_separator title=&#8221;Contacte&#8221; el_class=&#8221;titleForm&#8221;]\n<div class=\"wpcf7 no-js\" id=\"wpcf7-f585-o1\" lang=\"en-US\" dir=\"ltr\" data-wpcf7-id=\"585\">\n<div class=\"screen-reader-response\"><p role=\"status\" aria-live=\"polite\" aria-atomic=\"true\"><\/p> <ul><\/ul><\/div>\n<form action=\"\/ca\/wp-json\/wp\/v2\/pages\/2934#wpcf7-f585-o1\" method=\"post\" class=\"wpcf7-form init\" aria-label=\"Contact form\" novalidate=\"novalidate\" data-status=\"init\">\n<fieldset class=\"hidden-fields-container\"><input type=\"hidden\" name=\"_wpcf7\" value=\"585\" \/><input type=\"hidden\" name=\"_wpcf7_version\" value=\"6.1.5\" \/><input type=\"hidden\" name=\"_wpcf7_locale\" value=\"en_US\" \/><input type=\"hidden\" name=\"_wpcf7_unit_tag\" value=\"wpcf7-f585-o1\" \/><input type=\"hidden\" name=\"_wpcf7_container_post\" value=\"0\" \/><input type=\"hidden\" name=\"_wpcf7_posted_data_hash\" value=\"\" \/><input type=\"hidden\" name=\"_wpcf7_recaptcha_response\" value=\"\" \/>\n<\/fieldset>\n<p>Nom (*)\n<\/p>\n<p><span class=\"wpcf7-form-control-wrap\" data-name=\"your-name\"><input size=\"40\" maxlength=\"400\" class=\"wpcf7-form-control wpcf7-text wpcf7-validates-as-required\" aria-required=\"true\" aria-invalid=\"false\" value=\"\" type=\"text\" name=\"your-name\" \/><\/span>\n<\/p>\n<p>Poblaci\u00f3 (*)\n<\/p>\n<p><span class=\"wpcf7-form-control-wrap\" data-name=\"poblacio\"><input size=\"40\" maxlength=\"400\" class=\"wpcf7-form-control wpcf7-text wpcf7-validates-as-required\" aria-required=\"true\" aria-invalid=\"false\" value=\"\" type=\"text\" name=\"poblacio\" \/><\/span>\n<\/p>\n<p>Tel\u00e8fon (*)\n<\/p>\n<p><span class=\"wpcf7-form-control-wrap\" data-name=\"telefono\"><input size=\"40\" maxlength=\"400\" class=\"wpcf7-form-control wpcf7-text wpcf7-validates-as-required\" aria-required=\"true\" aria-invalid=\"false\" value=\"\" type=\"text\" name=\"telefono\" \/><\/span>\n<\/p>\n<p>Email (*)\n<\/p>\n<p><span class=\"wpcf7-form-control-wrap\" data-name=\"your-email\"><input size=\"40\" maxlength=\"400\" class=\"wpcf7-form-control wpcf7-email wpcf7-validates-as-required wpcf7-text wpcf7-validates-as-email\" aria-required=\"true\" aria-invalid=\"false\" value=\"\" type=\"email\" name=\"your-email\" \/><\/span>\n<\/p>\n<p>Consulta\n<\/p>\n<p><span class=\"wpcf7-form-control-wrap\" data-name=\"your-message\"><textarea cols=\"40\" rows=\"10\" maxlength=\"2000\" class=\"wpcf7-form-control wpcf7-textarea\" aria-invalid=\"false\" name=\"your-message\"><\/textarea><\/span>\n<\/p>\n<p><input class=\"wpcf7-form-control wpcf7-submit has-spinner\" type=\"submit\" value=\"Enviar\" \/>\n<\/p><p style=\"display: none !important;\" class=\"akismet-fields-container\" data-prefix=\"_wpcf7_ak_\"><label>&#916;<textarea name=\"_wpcf7_ak_hp_textarea\" cols=\"45\" rows=\"8\" maxlength=\"100\"><\/textarea><\/label><input type=\"hidden\" id=\"ak_js_1\" name=\"_wpcf7_ak_js\" value=\"207\"\/><script>document.getElementById( \"ak_js_1\" ).setAttribute( \"value\", ( new Date() ).getTime() );<\/script><\/p><div class=\"wpcf7-response-output\" aria-hidden=\"true\"><\/div>\n<\/form>\n<\/div>\n[\/vc_column][\/vc_row]<\/p>\n<\/div>","protected":false},"excerpt":{"rendered":"<p>[vc_row el_class=&#8221;productos&#8221;][vc_column][vc_column_text]Equip per instalar posterior a qualsevol proc\u00e9s de depuraci\u00f3 d&#8217;aigua residual, per aix\u00ed facilitar l&#8217;estat de depuraci\u00f3 de l&#8217;aigua.[\/vc_column_text][\/vc_column][\/vc_row][vc_row][vc_column][vc_raw_html]JTNDdGFibGUlMjBjbGFzcyUzRCUyMnRhdWxhJTIyJTIwc3R5bGUlM0QlMjJoZWlnaHQlM0ElMjAzN3B4JTNCJTIwd2lkdGglM0ElMjAxMDAlMjUlM0IlMjIlM0UlMEElM0N0Ym9keSUzRSUwQSUzQ3RyJTIwc3R5bGUlM0QlMjJoZWlnaHQlM0ElMjAyMXB4JTNCJTIyJTNFJTBBJTNDdGglMjBzdHlsZSUzRCUyMmhlaWdodCUzQSUyMDIxcHglM0IlMjB3aWR0aCUzQSUyMDg3cHglM0IlMjIlMjBjbGFzcyUzRCUyMmNhcHNhbGVyYTElMjIlM0UlM0NzdHJvbmclM0VDQVBBQ0lUQVQlM0MlMkZzdHJvbmclM0UlM0MlMkZ0ZCUzRSUwQSUzQyUyRnRyJTNFJTBBJTNDdHIlMjBzdHlsZSUzRCUyMmhlaWdodCUzQSUyMDIxcHglM0IlMjIlM0UlMEElM0N0ZCUyMHN0eWxlJTNEJTIyaGVpZ2h0JTNBJTIwMjFweCUzQiUyMHdpZHRoJTNBJTIwODdweCUzQiUyMiUzRTEwMCUzQyUyRnRkJTNFJTBBJTNDJTJGdHIlM0UlMEElM0N0ciUyMHN0eWxlJTNEJTIyaGVpZ2h0JTNBJTIwMjFweCUzQiUyMiUzRSUwQSUzQ3RkJTIwc3R5bGUlM0QlMjJoZWlnaHQlM0ElMjAyMXB4JTNCJTIwd2lkdGglM0ElMjA4N3B4JTNCJTIyJTNFMjAwJTNDJTJGdGQlM0UlMEElM0MlMkZ0ciUzRSUwQSUzQyUyRnRib2R5JTNFJTBBJTNDJTJGdGFibGUlM0U=[\/vc_raw_html][vc_raw_html]JTNDdGFibGUlMjBjbGFzcyUzRCUyMnRhdWxhJTIyJTIwd2lkdGglM0QlMjIxMDAlMjUlMjIlM0UlMEElM0N0aGVhZCUzRSUwQSUzQ3RyJTIwc3R5bGUlM0QlMjJoZWlnaHQlM0ElMjAyMXB4JTNCJTIyJTNFJTBBJTNDdGglMjBzdHlsZSUzRCUyMmhlaWdodCUzQSUyMDIxcHglM0IlMjIlMjB3aWR0aCUzRCUyMjE1JTI1JTIyJTNFJTI2bmJzcCUzQiUzQyUyRnRoJTNFJTBBJTNDdGglMjBjbGFzcyUzRCUyMmNhcHNhbGVyYTElMjIlMjBzdHlsZSUzRCUyMmhlaWdodCUzQSUyMDIxcHglM0IlMjIlMjBjb2xzcGFuJTNEJTIyNSUyMiUzRURJTUVOU0lPTlMlM0MlMkZ0aCUzRSUwQSUzQyUyRnRyJTNFJTBBJTNDdHIlMjBzdHlsZSUzRCUyMmhlaWdodCUzQSUyMDIxcHglM0IlMjIlM0UlMEElM0N0aCUyMGNsYXNzJTNEJTIyY2Fwc2FsZXJhMyUyMiUyMHN0eWxlJTNEJTIyaGVpZ2h0JTNBJTIwMjFweCUzQiUyMiUzRUNBUEFDSVRBVCUzQyUyRnRoJTNFJTBBJTNDdGglMjBjbGFzcyUzRCUyMmNhcHNhbGVyYTIlMjIlMjBzdHlsZSUzRCUyMmhlaWdodCUzQSUyMDIxcHglM0IlMjIlM0VBMSUzQyUyRnRoJTNFJTBBJTNDdGglMjBjbGFzcyUzRCUyMmNhcHNhbGVyYTIlMjIlMjBzdHlsZSUzRCUyMmhlaWdodCUzQSUyMDIxcHglM0IlMjIlM0VBMiUzQyUyRnRoJTNFJTBBJTNDdGglMjBjbGFzcyUzRCUyMmNhcHNhbGVyYTIlMjIlMjBzdHlsZSUzRCUyMmhlaWdodCUzQSUyMDIxcHglM0IlMjIlM0VMMSUzQyUyRnRoJTNFJTBBJTNDdGglMjBjbGFzcyUzRCUyMmNhcHNhbGVyYTIlMjIlMjBzdHlsZSUzRCUyMmhlaWdodCUzQSUyMDIxcHglM0IlMjIlM0VMMiUzQyUyRnRoJTNFJTBBJTNDdGglMjBjbGFzcyUzRCUyMmNhcHNhbGVyYTIlMjIlMjBzdHlsZSUzRCUyMmhlaWdodCUzQSUyMDIxcHglM0IlMjIlM0VIJTNDJTJGdGglM0UlMEElM0MlMkZ0ciUzRSUwQSUzQyUyRnRoZWFkJTNFJTBBJTNDdGJvZHklM0UlMEElM0N0ciUyMHN0eWxlJTNEJTIyaGVpZ2h0JTNBJTIwMjFweCUzQiUyMiUzRSUwQSUzQ3RkJTIwY2xhc3MlM0QlMjJjYXBzYWxlcmEyJTIyJTIwc3R5bGUlM0QlMjJoZWlnaHQlM0ElMjAyMXB4JTNCJTIyJTNFMTAwJTNDJTJGdGQlM0UlMEElM0N0ZCUyMHN0eWxlJTNEJTIyaGVpZ2h0JTNBJTIwMjFweCUzQiUyMiUzRTQzMCUyMG1tJTNDJTJGdGQlM0UlMEElM0N0ZCUyMHN0eWxlJTNEJTIyaGVpZ2h0JTNBJTIwMjFweCUzQiUyMiUzRTM0MCUyMG1tJTNDJTJGdGQlM0UlMEElM0N0ZCUyMHN0eWxlJTNEJTIyaGVpZ2h0JTNBJTIwMjFweCUzQiUyMiUzRTYzMiUyMG1tJTNDJTJGdGQlM0UlMEElM0N0ZCUyMHN0eWxlJTNEJTIyaGVpZ2h0JTNBJTIwMjFweCUzQiUyMiUzRTUyMCUyMG1tJTNDJTJGdGQlM0UlMEElM0N0ZCUyMHN0eWxlJTNEJTIyaGVpZ2h0JTNBJTIwMjFweCUzQiUyMiUzRTUxMCUyMG1tJTNDJTJGdGQlM0UlMEElM0MlMkZ0ciUzRSUwQSUzQ3RyJTIwc3R5bGUlM0QlMjJoZWlnaHQlM0ElMjAyMXB4JTNCJTIyJTNFJTBBJTNDdGQlMjBjbGFzcyUzRCUyMmNhcHNhbGVyYTIlMjIlMjBzdHlsZSUzRCUyMmhlaWdodCUzQSUyMDIxcHglM0IlMjIlM0UyMDAlM0MlMkZ0ZCUzRSUwQSUzQ3RkJTIwc3R5bGUlM0QlMjJoZWlnaHQlM0ElMjAyMXB4JTNCJTIyJTNFNjIwJTIwbW0lM0MlMkZ0ZCUzRSUwQSUzQ3RkJTIwc3R5bGUlM0QlMjJoZWlnaHQlM0ElMjAyMXB4JTNCJTIyJTNFNDEwJTIwbW0lM0MlMkZ0ZCUzRSUwQSUzQ3RkJTIwc3R5bGUlM0QlMjJoZWlnaHQlM0ElMjAyMXB4JTNCJTIyJTNFOTY1JTIwbW0lM0MlMkZ0ZCUzRSUwQSUzQ3RkJTIwc3R5bGUlM0QlMjJoZWlnaHQlM0ElMjAyMXB4JTNCJTIyJTNFNzYwJTIwbW0lM0MlMkZ0ZCUzRSUwQSUzQ3RkJTIwc3R5bGUlM0QlMjJoZWlnaHQlM0ElMjAyMXB4JTNCJTIyJTNFNDgwJTIwbW0lM0MlMkZ0ZCUzRSUwQSUzQyUyRnRyJTNFJTBBJTNDJTJGdGJvZHklM0UlMEElM0MlMkZ0YWJsZSUzRQ==[\/vc_raw_html][vc_single_image image=&#8221;1504&#8243; img_size=&#8221;600&#215;407&#8243; alignment=&#8221;center&#8221; onclick=&#8221;link_image&#8221;][\/vc_column][\/vc_row][vc_row][vc_column][vc_text_separator title=&#8221;Contacte&#8221; el_class=&#8221;titleForm&#8221;][\/vc_column][\/vc_row]<\/p>\n","protected":false},"author":1,"featured_media":0,"parent":2932,"menu_order":0,"comment_status":"closed","ping_status":"closed","template":"","meta":{"_joinchat":[]},"class_list":["post-2934","page","type-page","status-publish","hentry","description-off"],"yoast_head":"<!-- This site is optimized with the Yoast SEO plugin v27.2 - https:\/\/yoast.com\/product\/yoast-seo-wordpress\/ -->\n<title>Arquetes de registre &#8211; Europlast<\/title>\n<meta name=\"robots\" content=\"index, follow, max-snippet:-1, max-image-preview:large, max-video-preview:-1\" \/>\n<link rel=\"canonical\" href=\"https:\/\/www.europlast-sl.com\/ca\/depuracio-aigues-residuals\/arquetes-de-registre\/\" \/>\n<meta property=\"og:locale\" content=\"ca_ES\" \/>\n<meta property=\"og:type\" content=\"article\" \/>\n<meta property=\"og:title\" content=\"Arquetes de registre &#8211; Europlast\" \/>\n<meta property=\"og:description\" content=\"[vc_row el_class=&#8221;productos&#8221;][vc_column][vc_column_text]Equip per instalar posterior a qualsevol proc\u00e9s de depuraci\u00f3 d&#8217;aigua residual, per aix\u00ed facilitar l&#8217;estat de depuraci\u00f3 de l&#8217;aigua.[\/vc_column_text][\/vc_column][\/vc_row][vc_row][vc_column][vc_raw_html]JTNDdGFibGUlMjBjbGFzcyUzRCUyMnRhdWxhJTIyJTIwc3R5bGUlM0QlMjJoZWlnaHQlM0ElMjAzN3B4JTNCJTIwd2lkdGglM0ElMjAxMDAlMjUlM0IlMjIlM0UlMEElM0N0Ym9keSUzRSUwQSUzQ3RyJTIwc3R5bGUlM0QlMjJoZWlnaHQlM0ElMjAyMXB4JTNCJTIyJTNFJTBBJTNDdGglMjBzdHlsZSUzRCUyMmhlaWdodCUzQSUyMDIxcHglM0IlMjB3aWR0aCUzQSUyMDg3cHglM0IlMjIlMjBjbGFzcyUzRCUyMmNhcHNhbGVyYTElMjIlM0UlM0NzdHJvbmclM0VDQVBBQ0lUQVQlM0MlMkZzdHJvbmclM0UlM0MlMkZ0ZCUzRSUwQSUzQyUyRnRyJTNFJTBBJTNDdHIlMjBzdHlsZSUzRCUyMmhlaWdodCUzQSUyMDIxcHglM0IlMjIlM0UlMEElM0N0ZCUyMHN0eWxlJTNEJTIyaGVpZ2h0JTNBJTIwMjFweCUzQiUyMHdpZHRoJTNBJTIwODdweCUzQiUyMiUzRTEwMCUzQyUyRnRkJTNFJTBBJTNDJTJGdHIlM0UlMEElM0N0ciUyMHN0eWxlJTNEJTIyaGVpZ2h0JTNBJTIwMjFweCUzQiUyMiUzRSUwQSUzQ3RkJTIwc3R5bGUlM0QlMjJoZWlnaHQlM0ElMjAyMXB4JTNCJTIwd2lkdGglM0ElMjA4N3B4JTNCJTIyJTNFMjAwJTNDJTJGdGQlM0UlMEElM0MlMkZ0ciUzRSUwQSUzQyUyRnRib2R5JTNFJTBBJTNDJTJGdGFibGUlM0U=[\/vc_raw_html][vc_raw_html]JTNDdGFibGUlMjBjbGFzcyUzRCUyMnRhdWxhJTIyJTIwd2lkdGglM0QlMjIxMDAlMjUlMjIlM0UlMEElM0N0aGVhZCUzRSUwQSUzQ3RyJTIwc3R5bGUlM0QlMjJoZWlnaHQlM0ElMjAyMXB4JTNCJTIyJTNFJTBBJTNDdGglMjBzdHlsZSUzRCUyMmhlaWdodCUzQSUyMDIxcHglM0IlMjIlMjB3aWR0aCUzRCUyMjE1JTI1JTIyJTNFJTI2bmJzcCUzQiUzQyUyRnRoJTNFJTBBJTNDdGglMjBjbGFzcyUzRCUyMmNhcHNhbGVyYTElMjIlMjBzdHlsZSUzRCUyMmhlaWdodCUzQSUyMDIxcHglM0IlMjIlMjBjb2xzcGFuJTNEJTIyNSUyMiUzRURJTUVOU0lPTlMlM0MlMkZ0aCUzRSUwQSUzQyUyRnRyJTNFJTBBJTNDdHIlMjBzdHlsZSUzRCUyMmhlaWdodCUzQSUyMDIxcHglM0IlMjIlM0UlMEElM0N0aCUyMGNsYXNzJTNEJTIyY2Fwc2FsZXJhMyUyMiUyMHN0eWxlJTNEJTIyaGVpZ2h0JTNBJTIwMjFweCUzQiUyMiUzRUNBUEFDSVRBVCUzQyUyRnRoJTNFJTBBJTNDdGglMjBjbGFzcyUzRCUyMmNhcHNhbGVyYTIlMjIlMjBzdHlsZSUzRCUyMmhlaWdodCUzQSUyMDIxcHglM0IlMjIlM0VBMSUzQyUyRnRoJTNFJTBBJTNDdGglMjBjbGFzcyUzRCUyMmNhcHNhbGVyYTIlMjIlMjBzdHlsZSUzRCUyMmhlaWdodCUzQSUyMDIxcHglM0IlMjIlM0VBMiUzQyUyRnRoJTNFJTBBJTNDdGglMjBjbGFzcyUzRCUyMmNhcHNhbGVyYTIlMjIlMjBzdHlsZSUzRCUyMmhlaWdodCUzQSUyMDIxcHglM0IlMjIlM0VMMSUzQyUyRnRoJTNFJTBBJTNDdGglMjBjbGFzcyUzRCUyMmNhcHNhbGVyYTIlMjIlMjBzdHlsZSUzRCUyMmhlaWdodCUzQSUyMDIxcHglM0IlMjIlM0VMMiUzQyUyRnRoJTNFJTBBJTNDdGglMjBjbGFzcyUzRCUyMmNhcHNhbGVyYTIlMjIlMjBzdHlsZSUzRCUyMmhlaWdodCUzQSUyMDIxcHglM0IlMjIlM0VIJTNDJTJGdGglM0UlMEElM0MlMkZ0ciUzRSUwQSUzQyUyRnRoZWFkJTNFJTBBJTNDdGJvZHklM0UlMEElM0N0ciUyMHN0eWxlJTNEJTIyaGVpZ2h0JTNBJTIwMjFweCUzQiUyMiUzRSUwQSUzQ3RkJTIwY2xhc3MlM0QlMjJjYXBzYWxlcmEyJTIyJTIwc3R5bGUlM0QlMjJoZWlnaHQlM0ElMjAyMXB4JTNCJTIyJTNFMTAwJTNDJTJGdGQlM0UlMEElM0N0ZCUyMHN0eWxlJTNEJTIyaGVpZ2h0JTNBJTIwMjFweCUzQiUyMiUzRTQzMCUyMG1tJTNDJTJGdGQlM0UlMEElM0N0ZCUyMHN0eWxlJTNEJTIyaGVpZ2h0JTNBJTIwMjFweCUzQiUyMiUzRTM0MCUyMG1tJTNDJTJGdGQlM0UlMEElM0N0ZCUyMHN0eWxlJTNEJTIyaGVpZ2h0JTNBJTIwMjFweCUzQiUyMiUzRTYzMiUyMG1tJTNDJTJGdGQlM0UlMEElM0N0ZCUyMHN0eWxlJTNEJTIyaGVpZ2h0JTNBJTIwMjFweCUzQiUyMiUzRTUyMCUyMG1tJTNDJTJGdGQlM0UlMEElM0N0ZCUyMHN0eWxlJTNEJTIyaGVpZ2h0JTNBJTIwMjFweCUzQiUyMiUzRTUxMCUyMG1tJTNDJTJGdGQlM0UlMEElM0MlMkZ0ciUzRSUwQSUzQ3RyJTIwc3R5bGUlM0QlMjJoZWlnaHQlM0ElMjAyMXB4JTNCJTIyJTNFJTBBJTNDdGQlMjBjbGFzcyUzRCUyMmNhcHNhbGVyYTIlMjIlMjBzdHlsZSUzRCUyMmhlaWdodCUzQSUyMDIxcHglM0IlMjIlM0UyMDAlM0MlMkZ0ZCUzRSUwQSUzQ3RkJTIwc3R5bGUlM0QlMjJoZWlnaHQlM0ElMjAyMXB4JTNCJTIyJTNFNjIwJTIwbW0lM0MlMkZ0ZCUzRSUwQSUzQ3RkJTIwc3R5bGUlM0QlMjJoZWlnaHQlM0ElMjAyMXB4JTNCJTIyJTNFNDEwJTIwbW0lM0MlMkZ0ZCUzRSUwQSUzQ3RkJTIwc3R5bGUlM0QlMjJoZWlnaHQlM0ElMjAyMXB4JTNCJTIyJTNFOTY1JTIwbW0lM0MlMkZ0ZCUzRSUwQSUzQ3RkJTIwc3R5bGUlM0QlMjJoZWlnaHQlM0ElMjAyMXB4JTNCJTIyJTNFNzYwJTIwbW0lM0MlMkZ0ZCUzRSUwQSUzQ3RkJTIwc3R5bGUlM0QlMjJoZWlnaHQlM0ElMjAyMXB4JTNCJTIyJTNFNDgwJTIwbW0lM0MlMkZ0ZCUzRSUwQSUzQyUyRnRyJTNFJTBBJTNDJTJGdGJvZHklM0UlMEElM0MlMkZ0YWJsZSUzRQ==[\/vc_raw_html][vc_single_image image=&#8221;1504&#8243; img_size=&#8221;600&#215;407&#8243; alignment=&#8221;center&#8221; onclick=&#8221;link_image&#8221;][\/vc_column][\/vc_row][vc_row][vc_column][vc_text_separator title=&#8221;Contacte&#8221; el_class=&#8221;titleForm&#8221;][\/vc_column][\/vc_row]\" \/>\n<meta property=\"og:url\" content=\"https:\/\/www.europlast-sl.com\/ca\/depuracio-aigues-residuals\/arquetes-de-registre\/\" \/>\n<meta property=\"og:site_name\" content=\"Europlast\" \/>\n<meta property=\"article:modified_time\" content=\"2018-12-20T11:37:46+00:00\" \/>\n<meta name=\"twitter:label1\" content=\"Temps estimat de lectura\" \/>\n\t<meta name=\"twitter:data1\" content=\"2 minuts\" \/>\n<script type=\"application\/ld+json\" class=\"yoast-schema-graph\">{\"@context\":\"https:\/\/schema.org\",\"@graph\":[{\"@type\":\"WebPage\",\"@id\":\"https:\/\/www.europlast-sl.com\/ca\/depuracio-aigues-residuals\/arquetes-de-registre\/\",\"url\":\"https:\/\/www.europlast-sl.com\/ca\/depuracio-aigues-residuals\/arquetes-de-registre\/\",\"name\":\"Arquetes de registre &#8211; Europlast\",\"isPartOf\":{\"@id\":\"https:\/\/www.europlast-sl.com\/ca\/#website\"},\"datePublished\":\"2018-12-04T20:19:32+00:00\",\"dateModified\":\"2018-12-20T11:37:46+00:00\",\"breadcrumb\":{\"@id\":\"https:\/\/www.europlast-sl.com\/ca\/depuracio-aigues-residuals\/arquetes-de-registre\/#breadcrumb\"},\"inLanguage\":\"ca\",\"potentialAction\":[{\"@type\":\"ReadAction\",\"target\":[\"https:\/\/www.europlast-sl.com\/ca\/depuracio-aigues-residuals\/arquetes-de-registre\/\"]}]},{\"@type\":\"BreadcrumbList\",\"@id\":\"https:\/\/www.europlast-sl.com\/ca\/depuracio-aigues-residuals\/arquetes-de-registre\/#breadcrumb\",\"itemListElement\":[{\"@type\":\"ListItem\",\"position\":1,\"name\":\"Portada\",\"item\":\"https:\/\/www.europlast-sl.com\/ca\/\"},{\"@type\":\"ListItem\",\"position\":2,\"name\":\"Aguas residuales\",\"item\":\"https:\/\/www.europlast-sl.com\/ca\/depuracio-aigues-residuals\/\"},{\"@type\":\"ListItem\",\"position\":3,\"name\":\"Arquetes de registre\"}]},{\"@type\":\"WebSite\",\"@id\":\"https:\/\/www.europlast-sl.com\/ca\/#website\",\"url\":\"https:\/\/www.europlast-sl.com\/ca\/\",\"name\":\"Europlast\",\"description\":\"Especialistas en la fabricaci\u00f3n y comercializaci\u00f3n de dep\u00f3sitos\",\"potentialAction\":[{\"@type\":\"SearchAction\",\"target\":{\"@type\":\"EntryPoint\",\"urlTemplate\":\"https:\/\/www.europlast-sl.com\/ca\/?s={search_term_string}\"},\"query-input\":{\"@type\":\"PropertyValueSpecification\",\"valueRequired\":true,\"valueName\":\"search_term_string\"}}],\"inLanguage\":\"ca\"}]}<\/script>\n<!-- \/ Yoast SEO plugin. -->","yoast_head_json":{"title":"Arquetes de registre &#8211; Europlast","robots":{"index":"index","follow":"follow","max-snippet":"max-snippet:-1","max-image-preview":"max-image-preview:large","max-video-preview":"max-video-preview:-1"},"canonical":"https:\/\/www.europlast-sl.com\/ca\/depuracio-aigues-residuals\/arquetes-de-registre\/","og_locale":"ca_ES","og_type":"article","og_title":"Arquetes de registre &#8211; Europlast","og_description":"[vc_row el_class=&#8221;productos&#8221;][vc_column][vc_column_text]Equip per instalar posterior a qualsevol proc\u00e9s de depuraci\u00f3 d&#8217;aigua residual, per aix\u00ed facilitar l&#8217;estat de depuraci\u00f3 de l&#8217;aigua.[\/vc_column_text][\/vc_column][\/vc_row][vc_row][vc_column][vc_raw_html]JTNDdGFibGUlMjBjbGFzcyUzRCUyMnRhdWxhJTIyJTIwc3R5bGUlM0QlMjJoZWlnaHQlM0ElMjAzN3B4JTNCJTIwd2lkdGglM0ElMjAxMDAlMjUlM0IlMjIlM0UlMEElM0N0Ym9keSUzRSUwQSUzQ3RyJTIwc3R5bGUlM0QlMjJoZWlnaHQlM0ElMjAyMXB4JTNCJTIyJTNFJTBBJTNDdGglMjBzdHlsZSUzRCUyMmhlaWdodCUzQSUyMDIxcHglM0IlMjB3aWR0aCUzQSUyMDg3cHglM0IlMjIlMjBjbGFzcyUzRCUyMmNhcHNhbGVyYTElMjIlM0UlM0NzdHJvbmclM0VDQVBBQ0lUQVQlM0MlMkZzdHJvbmclM0UlM0MlMkZ0ZCUzRSUwQSUzQyUyRnRyJTNFJTBBJTNDdHIlMjBzdHlsZSUzRCUyMmhlaWdodCUzQSUyMDIxcHglM0IlMjIlM0UlMEElM0N0ZCUyMHN0eWxlJTNEJTIyaGVpZ2h0JTNBJTIwMjFweCUzQiUyMHdpZHRoJTNBJTIwODdweCUzQiUyMiUzRTEwMCUzQyUyRnRkJTNFJTBBJTNDJTJGdHIlM0UlMEElM0N0ciUyMHN0eWxlJTNEJTIyaGVpZ2h0JTNBJTIwMjFweCUzQiUyMiUzRSUwQSUzQ3RkJTIwc3R5bGUlM0QlMjJoZWlnaHQlM0ElMjAyMXB4JTNCJTIwd2lkdGglM0ElMjA4N3B4JTNCJTIyJTNFMjAwJTNDJTJGdGQlM0UlMEElM0MlMkZ0ciUzRSUwQSUzQyUyRnRib2R5JTNFJTBBJTNDJTJGdGFibGUlM0U=[\/vc_raw_html][vc_raw_html]JTNDdGFibGUlMjBjbGFzcyUzRCUyMnRhdWxhJTIyJTIwd2lkdGglM0QlMjIxMDAlMjUlMjIlM0UlMEElM0N0aGVhZCUzRSUwQSUzQ3RyJTIwc3R5bGUlM0QlMjJoZWlnaHQlM0ElMjAyMXB4JTNCJTIyJTNFJTBBJTNDdGglMjBzdHlsZSUzRCUyMmhlaWdodCUzQSUyMDIxcHglM0IlMjIlMjB3aWR0aCUzRCUyMjE1JTI1JTIyJTNFJTI2bmJzcCUzQiUzQyUyRnRoJTNFJTBBJTNDdGglMjBjbGFzcyUzRCUyMmNhcHNhbGVyYTElMjIlMjBzdHlsZSUzRCUyMmhlaWdodCUzQSUyMDIxcHglM0IlMjIlMjBjb2xzcGFuJTNEJTIyNSUyMiUzRURJTUVOU0lPTlMlM0MlMkZ0aCUzRSUwQSUzQyUyRnRyJTNFJTBBJTNDdHIlMjBzdHlsZSUzRCUyMmhlaWdodCUzQSUyMDIxcHglM0IlMjIlM0UlMEElM0N0aCUyMGNsYXNzJTNEJTIyY2Fwc2FsZXJhMyUyMiUyMHN0eWxlJTNEJTIyaGVpZ2h0JTNBJTIwMjFweCUzQiUyMiUzRUNBUEFDSVRBVCUzQyUyRnRoJTNFJTBBJTNDdGglMjBjbGFzcyUzRCUyMmNhcHNhbGVyYTIlMjIlMjBzdHlsZSUzRCUyMmhlaWdodCUzQSUyMDIxcHglM0IlMjIlM0VBMSUzQyUyRnRoJTNFJTBBJTNDdGglMjBjbGFzcyUzRCUyMmNhcHNhbGVyYTIlMjIlMjBzdHlsZSUzRCUyMmhlaWdodCUzQSUyMDIxcHglM0IlMjIlM0VBMiUzQyUyRnRoJTNFJTBBJTNDdGglMjBjbGFzcyUzRCUyMmNhcHNhbGVyYTIlMjIlMjBzdHlsZSUzRCUyMmhlaWdodCUzQSUyMDIxcHglM0IlMjIlM0VMMSUzQyUyRnRoJTNFJTBBJTNDdGglMjBjbGFzcyUzRCUyMmNhcHNhbGVyYTIlMjIlMjBzdHlsZSUzRCUyMmhlaWdodCUzQSUyMDIxcHglM0IlMjIlM0VMMiUzQyUyRnRoJTNFJTBBJTNDdGglMjBjbGFzcyUzRCUyMmNhcHNhbGVyYTIlMjIlMjBzdHlsZSUzRCUyMmhlaWdodCUzQSUyMDIxcHglM0IlMjIlM0VIJTNDJTJGdGglM0UlMEElM0MlMkZ0ciUzRSUwQSUzQyUyRnRoZWFkJTNFJTBBJTNDdGJvZHklM0UlMEElM0N0ciUyMHN0eWxlJTNEJTIyaGVpZ2h0JTNBJTIwMjFweCUzQiUyMiUzRSUwQSUzQ3RkJTIwY2xhc3MlM0QlMjJjYXBzYWxlcmEyJTIyJTIwc3R5bGUlM0QlMjJoZWlnaHQlM0ElMjAyMXB4JTNCJTIyJTNFMTAwJTNDJTJGdGQlM0UlMEElM0N0ZCUyMHN0eWxlJTNEJTIyaGVpZ2h0JTNBJTIwMjFweCUzQiUyMiUzRTQzMCUyMG1tJTNDJTJGdGQlM0UlMEElM0N0ZCUyMHN0eWxlJTNEJTIyaGVpZ2h0JTNBJTIwMjFweCUzQiUyMiUzRTM0MCUyMG1tJTNDJTJGdGQlM0UlMEElM0N0ZCUyMHN0eWxlJTNEJTIyaGVpZ2h0JTNBJTIwMjFweCUzQiUyMiUzRTYzMiUyMG1tJTNDJTJGdGQlM0UlMEElM0N0ZCUyMHN0eWxlJTNEJTIyaGVpZ2h0JTNBJTIwMjFweCUzQiUyMiUzRTUyMCUyMG1tJTNDJTJGdGQlM0UlMEElM0N0ZCUyMHN0eWxlJTNEJTIyaGVpZ2h0JTNBJTIwMjFweCUzQiUyMiUzRTUxMCUyMG1tJTNDJTJGdGQlM0UlMEElM0MlMkZ0ciUzRSUwQSUzQ3RyJTIwc3R5bGUlM0QlMjJoZWlnaHQlM0ElMjAyMXB4JTNCJTIyJTNFJTBBJTNDdGQlMjBjbGFzcyUzRCUyMmNhcHNhbGVyYTIlMjIlMjBzdHlsZSUzRCUyMmhlaWdodCUzQSUyMDIxcHglM0IlMjIlM0UyMDAlM0MlMkZ0ZCUzRSUwQSUzQ3RkJTIwc3R5bGUlM0QlMjJoZWlnaHQlM0ElMjAyMXB4JTNCJTIyJTNFNjIwJTIwbW0lM0MlMkZ0ZCUzRSUwQSUzQ3RkJTIwc3R5bGUlM0QlMjJoZWlnaHQlM0ElMjAyMXB4JTNCJTIyJTNFNDEwJTIwbW0lM0MlMkZ0ZCUzRSUwQSUzQ3RkJTIwc3R5bGUlM0QlMjJoZWlnaHQlM0ElMjAyMXB4JTNCJTIyJTNFOTY1JTIwbW0lM0MlMkZ0ZCUzRSUwQSUzQ3RkJTIwc3R5bGUlM0QlMjJoZWlnaHQlM0ElMjAyMXB4JTNCJTIyJTNFNzYwJTIwbW0lM0MlMkZ0ZCUzRSUwQSUzQ3RkJTIwc3R5bGUlM0QlMjJoZWlnaHQlM0ElMjAyMXB4JTNCJTIyJTNFNDgwJTIwbW0lM0MlMkZ0ZCUzRSUwQSUzQyUyRnRyJTNFJTBBJTNDJTJGdGJvZHklM0UlMEElM0MlMkZ0YWJsZSUzRQ==[\/vc_raw_html][vc_single_image image=&#8221;1504&#8243; img_size=&#8221;600&#215;407&#8243; alignment=&#8221;center&#8221; onclick=&#8221;link_image&#8221;][\/vc_column][\/vc_row][vc_row][vc_column][vc_text_separator title=&#8221;Contacte&#8221; el_class=&#8221;titleForm&#8221;][\/vc_column][\/vc_row]","og_url":"https:\/\/www.europlast-sl.com\/ca\/depuracio-aigues-residuals\/arquetes-de-registre\/","og_site_name":"Europlast","article_modified_time":"2018-12-20T11:37:46+00:00","twitter_misc":{"Temps estimat de lectura":"2 minuts"},"schema":{"@context":"https:\/\/schema.org","@graph":[{"@type":"WebPage","@id":"https:\/\/www.europlast-sl.com\/ca\/depuracio-aigues-residuals\/arquetes-de-registre\/","url":"https:\/\/www.europlast-sl.com\/ca\/depuracio-aigues-residuals\/arquetes-de-registre\/","name":"Arquetes de registre &#8211; Europlast","isPartOf":{"@id":"https:\/\/www.europlast-sl.com\/ca\/#website"},"datePublished":"2018-12-04T20:19:32+00:00","dateModified":"2018-12-20T11:37:46+00:00","breadcrumb":{"@id":"https:\/\/www.europlast-sl.com\/ca\/depuracio-aigues-residuals\/arquetes-de-registre\/#breadcrumb"},"inLanguage":"ca","potentialAction":[{"@type":"ReadAction","target":["https:\/\/www.europlast-sl.com\/ca\/depuracio-aigues-residuals\/arquetes-de-registre\/"]}]},{"@type":"BreadcrumbList","@id":"https:\/\/www.europlast-sl.com\/ca\/depuracio-aigues-residuals\/arquetes-de-registre\/#breadcrumb","itemListElement":[{"@type":"ListItem","position":1,"name":"Portada","item":"https:\/\/www.europlast-sl.com\/ca\/"},{"@type":"ListItem","position":2,"name":"Aguas residuales","item":"https:\/\/www.europlast-sl.com\/ca\/depuracio-aigues-residuals\/"},{"@type":"ListItem","position":3,"name":"Arquetes de registre"}]},{"@type":"WebSite","@id":"https:\/\/www.europlast-sl.com\/ca\/#website","url":"https:\/\/www.europlast-sl.com\/ca\/","name":"Europlast","description":"Especialistas en la fabricaci\u00f3n y comercializaci\u00f3n de dep\u00f3sitos","potentialAction":[{"@type":"SearchAction","target":{"@type":"EntryPoint","urlTemplate":"https:\/\/www.europlast-sl.com\/ca\/?s={search_term_string}"},"query-input":{"@type":"PropertyValueSpecification","valueRequired":true,"valueName":"search_term_string"}}],"inLanguage":"ca"}]}},"_links":{"self":[{"href":"https:\/\/www.europlast-sl.com\/ca\/wp-json\/wp\/v2\/pages\/2934","targetHints":{"allow":["GET"]}}],"collection":[{"href":"https:\/\/www.europlast-sl.com\/ca\/wp-json\/wp\/v2\/pages"}],"about":[{"href":"https:\/\/www.europlast-sl.com\/ca\/wp-json\/wp\/v2\/types\/page"}],"author":[{"embeddable":true,"href":"https:\/\/www.europlast-sl.com\/ca\/wp-json\/wp\/v2\/users\/1"}],"replies":[{"embeddable":true,"href":"https:\/\/www.europlast-sl.com\/ca\/wp-json\/wp\/v2\/comments?post=2934"}],"version-history":[{"count":4,"href":"https:\/\/www.europlast-sl.com\/ca\/wp-json\/wp\/v2\/pages\/2934\/revisions"}],"predecessor-version":[{"id":3273,"href":"https:\/\/www.europlast-sl.com\/ca\/wp-json\/wp\/v2\/pages\/2934\/revisions\/3273"}],"up":[{"embeddable":true,"href":"https:\/\/www.europlast-sl.com\/ca\/wp-json\/wp\/v2\/pages\/2932"}],"wp:attachment":[{"href":"https:\/\/www.europlast-sl.com\/ca\/wp-json\/wp\/v2\/media?parent=2934"}],"curies":[{"name":"wp","href":"https:\/\/api.w.org\/{rel}","templated":true}]}}