{"id":2932,"date":"2018-12-04T20:17:31","date_gmt":"2018-12-04T20:17:31","guid":{"rendered":"https:\/\/www.europlast-sl.com\/depuracion-aguas-residuales\/"},"modified":"2018-12-20T11:38:53","modified_gmt":"2018-12-20T11:38:53","slug":"depuracio-aigues-residuals","status":"publish","type":"page","link":"https:\/\/www.europlast-sl.com\/ca\/depuracio-aigues-residuals\/","title":{"rendered":"Aguas residuales"},"content":{"rendered":"<div class=\"wpb-content-wrapper\"><p>[vc_row][vc_column][vc_column_text el_class=&#8221;principal&#8221;]<\/p>\n<h4 style=\"text-align: center;\"><strong>Fabriquem tot material necessari per a la depuraci\u00f3 d&#8217;aig\u00fces residuals. Els nostres productes garanteixen el correcte tractament de les aig\u00fces residuals complint les normatives i requisits de la llei.<\/strong><\/h4>\n<p>[\/vc_column_text][\/vc_column][\/vc_row][vc_row el_class=&#8221;llistat&#8221;][vc_column width=&#8221;1\/3&#8243;][vc_single_image image=&#8221;2458&#8243; img_size=&#8221;348 \u00d7 200&#8243; alignment=&#8221;center&#8221; onclick=&#8221;custom_link&#8221; link=&#8221;https:\/\/www.europlast-sl.com\/ca\/depuracion-aguas-residuales\/arquetas-de-registro\/&#8221;][vc_column_text]<\/p>\n<p style=\"text-align: center;\"><a href=\"https:\/\/www.europlast-sl.com\/ca\/depuracion-aguas-residuales\/arquetas-de-registro\/\">Arquetes de registre<\/a><\/p>\n<p>[\/vc_column_text][vc_empty_space height=&#8221;20px&#8221;][\/vc_column][vc_column width=&#8221;1\/3&#8243;][vc_single_image image=&#8221;2663&#8243; img_size=&#8221;348 \u00d7 200&#8243; alignment=&#8221;center&#8221; onclick=&#8221;custom_link&#8221; link=&#8221;https:\/\/www.europlast-sl.com\/ca\/depuracion-aguas-residuales\/rejas-de-desbaste\/&#8221;][vc_column_text]<\/p>\n<p style=\"text-align: center;\"><a href=\"https:\/\/www.europlast-sl.com\/ca\/depuracion-aguas-residuales\/rejas-de-desbaste\/\">Reixa de desbast<\/a><\/p>\n<p>[\/vc_column_text][vc_empty_space height=&#8221;20px&#8221;][\/vc_column][vc_column width=&#8221;1\/3&#8243;][vc_single_image image=&#8221;2666&#8243; img_size=&#8221;348 \u00d7 200&#8243; alignment=&#8221;center&#8221; onclick=&#8221;custom_link&#8221; link=&#8221;https:\/\/www.europlast-sl.com\/ca\/depuracion-aguas-residuales\/clarificador-de-aguas-grises\/&#8221;][vc_column_text]<\/p>\n<p style=\"text-align: center;\"><a href=\"https:\/\/www.europlast-sl.com\/ca\/depuracion-aguas-residuales\/clarificador-de-aguas-grises\/\">Clarificador d\u2019aig\u00fces grises<\/a><\/p>\n<p>[\/vc_column_text][vc_empty_space height=&#8221;20px&#8221;][\/vc_column][\/vc_row][vc_row el_class=&#8221;llistat&#8221;][vc_column width=&#8221;1\/3&#8243;][vc_single_image image=&#8221;2772&#8243; img_size=&#8221;348 \u00d7 200&#8243; alignment=&#8221;center&#8221; onclick=&#8221;custom_link&#8221; link=&#8221;https:\/\/www.europlast-sl.com\/depuracion-aguas-residuales\/fosa-filtro-con-separador-de-grasas\/&#8221;][vc_column_text]<\/p>\n<p style=\"text-align: center;\"><a href=\"https:\/\/www.europlast-sl.com\/ca\/depuracion-aguas-residuales\/fosa-filtro-con-separador-de-grasas\/2\">Fosa filtre amb separador de greixos<\/a><\/p>\n<p>[\/vc_column_text][vc_empty_space height=&#8221;20px&#8221;][\/vc_column][vc_column width=&#8221;1\/3&#8243;][vc_single_image image=&#8221;2672&#8243; img_size=&#8221;348 \u00d7 200&#8243; alignment=&#8221;center&#8221; onclick=&#8221;custom_link&#8221; link=&#8221;https:\/\/www.europlast-sl.com\/ca\/depuracion-aguas-residuales\/filtro-biologico\/&#8221;][vc_column_text]<\/p>\n<p style=\"text-align: center;\"><a href=\"https:\/\/www.europlast-sl.com\/ca\/depuracion-aguas-residuales\/filtro-biologico\/\">Filtre biol\u00f2gic<\/a><\/p>\n<p>[\/vc_column_text][vc_empty_space height=&#8221;20px&#8221;][\/vc_column][vc_column width=&#8221;1\/3&#8243;][vc_single_image image=&#8221;2473&#8243; img_size=&#8221;348 \u00d7 200&#8243; alignment=&#8221;center&#8221; onclick=&#8221;custom_link&#8221; link=&#8221;https:\/\/www.europlast-sl.com\/ca\/depuracion-aguas-residuales\/pozo-de-bombeo\/&#8221;][vc_column_text]<\/p>\n<p style=\"text-align: center;\"><a href=\"https:\/\/www.europlast-sl.com\/ca\/depuracion-aguas-residuales\/pozo-de-bombeo\/\">Pou de bombeig<\/a><\/p>\n<p>[\/vc_column_text][vc_empty_space height=&#8221;20px&#8221;][\/vc_column][\/vc_row][vc_row el_class=&#8221;llistat&#8221;][vc_column width=&#8221;1\/3&#8243;][vc_single_image image=&#8221;2678&#8243; img_size=&#8221;348 \u00d7 200&#8243; alignment=&#8221;center&#8221; onclick=&#8221;custom_link&#8221; link=&#8221;https:\/\/www.europlast-sl.com\/ca\/depuracion-aguas-residuales\/oxidacion-total\/&#8221;][vc_column_text]<\/p>\n<p style=\"text-align: center;\"><a href=\"https:\/\/www.europlast-sl.com\/ca\/depuracion-aguas-residuales\/oxidacion-total\/\">Oxidaci\u00f3 total<\/a><\/p>\n<p>[\/vc_column_text][vc_empty_space height=&#8221;20px&#8221;][\/vc_column][vc_column width=&#8221;1\/3&#8243;][vc_single_image image=&#8221;2681&#8243; img_size=&#8221;348 \u00d7 200&#8243; alignment=&#8221;center&#8221; onclick=&#8221;custom_link&#8221; link=&#8221;https:\/\/www.europlast-sl.com\/ca\/depuracion-aguas-residuales\/desarenador\/&#8221;][vc_column_text]<\/p>\n<p style=\"text-align: center;\"><a href=\"https:\/\/www.europlast-sl.com\/ca\/depuracion-aguas-residuales\/desarenador\/\">Desarenador<\/a><\/p>\n<p>[\/vc_column_text][vc_empty_space height=&#8221;20px&#8221;][\/vc_column][vc_column width=&#8221;1\/3&#8243;][\/vc_column][\/vc_row][vc_row css=&#8221;.vc_custom_1544024905668{padding-top: 20px !important;padding-right: 20px !important;padding-bottom: 20px !important;padding-left: 20px !important;background-color: #efefef !important;}&#8221;][vc_column][vc_column_text]El tractament (o purificaci\u00f3) d&#8217;aig\u00fces residuals es defineix com el proc\u00e9s d&#8217;eliminaci\u00f3 en les aig\u00fces residuals (urbanes o industrials) que hagin estat contaminats amb residus org\u00e0nics i \/ o org\u00e0nics.<\/p>\n<p>El <strong>proc\u00e9s de purificaci\u00f3 d&#8217;aig\u00fces residuals \u00e9s biol\u00f2gic i es basa en l&#8217;acci\u00f3 purificadora exercida per la flora bacteriana<\/strong>. Els microorganismes que s&#8217;alimenten de la subst\u00e0ncia org\u00e0nica continguda en les aig\u00fces residuals entrants poden ser anaer\u00f2bics (\u00e9s a dir, no requereixen oxigen lliure) o aer\u00f2bics (\u00e9s a dir, requereixen la pres\u00e8ncia d&#8217;oxigen lliure).[\/vc_column_text][\/vc_column][\/vc_row]<\/p>\n<\/div>","protected":false},"excerpt":{"rendered":"<p>[vc_row][vc_column][vc_column_text el_class=&#8221;principal&#8221;] Fabriquem tot material necessari per a la depuraci\u00f3 d&#8217;aig\u00fces residuals. Els nostres productes garanteixen el correcte tractament de les aig\u00fces residuals complint les normatives i requisits de la llei. [\/vc_column_text][\/vc_column][\/vc_row][vc_row el_class=&#8221;llistat&#8221;][vc_column width=&#8221;1\/3&#8243;][vc_single_image image=&#8221;2458&#8243; img_size=&#8221;348 \u00d7 200&#8243; alignment=&#8221;center&#8221; onclick=&#8221;custom_link&#8221; link=&#8221;https:\/\/www.europlast-sl.com\/ca\/depuracion-aguas-residuales\/arquetas-de-registro\/&#8221;][vc_column_text] Arquetes de registre [\/vc_column_text][vc_empty_space height=&#8221;20px&#8221;][\/vc_column][vc_column width=&#8221;1\/3&#8243;][vc_single_image image=&#8221;2663&#8243; img_size=&#8221;348 \u00d7 200&#8243; alignment=&#8221;center&#8221; onclick=&#8221;custom_link&#8221; link=&#8221;https:\/\/www.europlast-sl.com\/ca\/depuracion-aguas-residuales\/rejas-de-desbaste\/&#8221;][vc_column_text] Reixa&hellip;<\/p>\n","protected":false},"author":1,"featured_media":0,"parent":0,"menu_order":0,"comment_status":"closed","ping_status":"closed","template":"","meta":{"_joinchat":[]},"class_list":["post-2932","page","type-page","status-publish","hentry","description-off"],"yoast_head":"<!-- This site is optimized with the Yoast SEO plugin v27.2 - https:\/\/yoast.com\/product\/yoast-seo-wordpress\/ -->\n<title>Aguas residuales &#8211; Europlast<\/title>\n<meta name=\"robots\" content=\"index, follow, max-snippet:-1, max-image-preview:large, max-video-preview:-1\" \/>\n<link rel=\"canonical\" href=\"https:\/\/www.europlast-sl.com\/ca\/depuracio-aigues-residuals\/\" \/>\n<meta property=\"og:locale\" content=\"ca_ES\" \/>\n<meta property=\"og:type\" content=\"article\" \/>\n<meta property=\"og:title\" content=\"Aguas residuales &#8211; Europlast\" \/>\n<meta property=\"og:description\" content=\"[vc_row][vc_column][vc_column_text el_class=&#8221;principal&#8221;] Fabriquem tot material necessari per a la depuraci\u00f3 d&#8217;aig\u00fces residuals. Els nostres productes garanteixen el correcte tractament de les aig\u00fces residuals complint les normatives i requisits de la llei. [\/vc_column_text][\/vc_column][\/vc_row][vc_row el_class=&#8221;llistat&#8221;][vc_column width=&#8221;1\/3&#8243;][vc_single_image image=&#8221;2458&#8243; img_size=&#8221;348 \u00d7 200&#8243; alignment=&#8221;center&#8221; onclick=&#8221;custom_link&#8221; link=&#8221;https:\/\/www.europlast-sl.com\/ca\/depuracion-aguas-residuales\/arquetas-de-registro\/&#8221;][vc_column_text] Arquetes de registre [\/vc_column_text][vc_empty_space height=&#8221;20px&#8221;][\/vc_column][vc_column width=&#8221;1\/3&#8243;][vc_single_image image=&#8221;2663&#8243; img_size=&#8221;348 \u00d7 200&#8243; alignment=&#8221;center&#8221; onclick=&#8221;custom_link&#8221; link=&#8221;https:\/\/www.europlast-sl.com\/ca\/depuracion-aguas-residuales\/rejas-de-desbaste\/&#8221;][vc_column_text] Reixa&hellip;\" \/>\n<meta property=\"og:url\" content=\"https:\/\/www.europlast-sl.com\/ca\/depuracio-aigues-residuals\/\" \/>\n<meta property=\"og:site_name\" content=\"Europlast\" \/>\n<meta property=\"article:modified_time\" content=\"2018-12-20T11:38:53+00:00\" \/>\n<meta name=\"twitter:label1\" content=\"Temps estimat de lectura\" \/>\n\t<meta name=\"twitter:data1\" content=\"3 minuts\" \/>\n<script type=\"application\/ld+json\" class=\"yoast-schema-graph\">{\"@context\":\"https:\/\/schema.org\",\"@graph\":[{\"@type\":\"WebPage\",\"@id\":\"https:\/\/www.europlast-sl.com\/ca\/depuracio-aigues-residuals\/\",\"url\":\"https:\/\/www.europlast-sl.com\/ca\/depuracio-aigues-residuals\/\",\"name\":\"Aguas residuales &#8211; Europlast\",\"isPartOf\":{\"@id\":\"https:\/\/www.europlast-sl.com\/ca\/#website\"},\"datePublished\":\"2018-12-04T20:17:31+00:00\",\"dateModified\":\"2018-12-20T11:38:53+00:00\",\"breadcrumb\":{\"@id\":\"https:\/\/www.europlast-sl.com\/ca\/depuracio-aigues-residuals\/#breadcrumb\"},\"inLanguage\":\"ca\",\"potentialAction\":[{\"@type\":\"ReadAction\",\"target\":[\"https:\/\/www.europlast-sl.com\/ca\/depuracio-aigues-residuals\/\"]}]},{\"@type\":\"BreadcrumbList\",\"@id\":\"https:\/\/www.europlast-sl.com\/ca\/depuracio-aigues-residuals\/#breadcrumb\",\"itemListElement\":[{\"@type\":\"ListItem\",\"position\":1,\"name\":\"Portada\",\"item\":\"https:\/\/www.europlast-sl.com\/ca\/\"},{\"@type\":\"ListItem\",\"position\":2,\"name\":\"Aguas residuales\"}]},{\"@type\":\"WebSite\",\"@id\":\"https:\/\/www.europlast-sl.com\/ca\/#website\",\"url\":\"https:\/\/www.europlast-sl.com\/ca\/\",\"name\":\"Europlast\",\"description\":\"Especialistas en la fabricaci\u00f3n y comercializaci\u00f3n de dep\u00f3sitos\",\"potentialAction\":[{\"@type\":\"SearchAction\",\"target\":{\"@type\":\"EntryPoint\",\"urlTemplate\":\"https:\/\/www.europlast-sl.com\/ca\/?s={search_term_string}\"},\"query-input\":{\"@type\":\"PropertyValueSpecification\",\"valueRequired\":true,\"valueName\":\"search_term_string\"}}],\"inLanguage\":\"ca\"}]}<\/script>\n<!-- \/ Yoast SEO plugin. -->","yoast_head_json":{"title":"Aguas residuales &#8211; Europlast","robots":{"index":"index","follow":"follow","max-snippet":"max-snippet:-1","max-image-preview":"max-image-preview:large","max-video-preview":"max-video-preview:-1"},"canonical":"https:\/\/www.europlast-sl.com\/ca\/depuracio-aigues-residuals\/","og_locale":"ca_ES","og_type":"article","og_title":"Aguas residuales &#8211; Europlast","og_description":"[vc_row][vc_column][vc_column_text el_class=&#8221;principal&#8221;] Fabriquem tot material necessari per a la depuraci\u00f3 d&#8217;aig\u00fces residuals. Els nostres productes garanteixen el correcte tractament de les aig\u00fces residuals complint les normatives i requisits de la llei. [\/vc_column_text][\/vc_column][\/vc_row][vc_row el_class=&#8221;llistat&#8221;][vc_column width=&#8221;1\/3&#8243;][vc_single_image image=&#8221;2458&#8243; img_size=&#8221;348 \u00d7 200&#8243; alignment=&#8221;center&#8221; onclick=&#8221;custom_link&#8221; link=&#8221;https:\/\/www.europlast-sl.com\/ca\/depuracion-aguas-residuales\/arquetas-de-registro\/&#8221;][vc_column_text] Arquetes de registre [\/vc_column_text][vc_empty_space height=&#8221;20px&#8221;][\/vc_column][vc_column width=&#8221;1\/3&#8243;][vc_single_image image=&#8221;2663&#8243; img_size=&#8221;348 \u00d7 200&#8243; alignment=&#8221;center&#8221; onclick=&#8221;custom_link&#8221; link=&#8221;https:\/\/www.europlast-sl.com\/ca\/depuracion-aguas-residuales\/rejas-de-desbaste\/&#8221;][vc_column_text] Reixa&hellip;","og_url":"https:\/\/www.europlast-sl.com\/ca\/depuracio-aigues-residuals\/","og_site_name":"Europlast","article_modified_time":"2018-12-20T11:38:53+00:00","twitter_misc":{"Temps estimat de lectura":"3 minuts"},"schema":{"@context":"https:\/\/schema.org","@graph":[{"@type":"WebPage","@id":"https:\/\/www.europlast-sl.com\/ca\/depuracio-aigues-residuals\/","url":"https:\/\/www.europlast-sl.com\/ca\/depuracio-aigues-residuals\/","name":"Aguas residuales &#8211; Europlast","isPartOf":{"@id":"https:\/\/www.europlast-sl.com\/ca\/#website"},"datePublished":"2018-12-04T20:17:31+00:00","dateModified":"2018-12-20T11:38:53+00:00","breadcrumb":{"@id":"https:\/\/www.europlast-sl.com\/ca\/depuracio-aigues-residuals\/#breadcrumb"},"inLanguage":"ca","potentialAction":[{"@type":"ReadAction","target":["https:\/\/www.europlast-sl.com\/ca\/depuracio-aigues-residuals\/"]}]},{"@type":"BreadcrumbList","@id":"https:\/\/www.europlast-sl.com\/ca\/depuracio-aigues-residuals\/#breadcrumb","itemListElement":[{"@type":"ListItem","position":1,"name":"Portada","item":"https:\/\/www.europlast-sl.com\/ca\/"},{"@type":"ListItem","position":2,"name":"Aguas residuales"}]},{"@type":"WebSite","@id":"https:\/\/www.europlast-sl.com\/ca\/#website","url":"https:\/\/www.europlast-sl.com\/ca\/","name":"Europlast","description":"Especialistas en la fabricaci\u00f3n y comercializaci\u00f3n de dep\u00f3sitos","potentialAction":[{"@type":"SearchAction","target":{"@type":"EntryPoint","urlTemplate":"https:\/\/www.europlast-sl.com\/ca\/?s={search_term_string}"},"query-input":{"@type":"PropertyValueSpecification","valueRequired":true,"valueName":"search_term_string"}}],"inLanguage":"ca"}]}},"_links":{"self":[{"href":"https:\/\/www.europlast-sl.com\/ca\/wp-json\/wp\/v2\/pages\/2932","targetHints":{"allow":["GET"]}}],"collection":[{"href":"https:\/\/www.europlast-sl.com\/ca\/wp-json\/wp\/v2\/pages"}],"about":[{"href":"https:\/\/www.europlast-sl.com\/ca\/wp-json\/wp\/v2\/types\/page"}],"author":[{"embeddable":true,"href":"https:\/\/www.europlast-sl.com\/ca\/wp-json\/wp\/v2\/users\/1"}],"replies":[{"embeddable":true,"href":"https:\/\/www.europlast-sl.com\/ca\/wp-json\/wp\/v2\/comments?post=2932"}],"version-history":[{"count":4,"href":"https:\/\/www.europlast-sl.com\/ca\/wp-json\/wp\/v2\/pages\/2932\/revisions"}],"predecessor-version":[{"id":3178,"href":"https:\/\/www.europlast-sl.com\/ca\/wp-json\/wp\/v2\/pages\/2932\/revisions\/3178"}],"wp:attachment":[{"href":"https:\/\/www.europlast-sl.com\/ca\/wp-json\/wp\/v2\/media?parent=2932"}],"curies":[{"name":"wp","href":"https:\/\/api.w.org\/{rel}","templated":true}]}}