{"id":2875,"date":"2014-08-20T19:07:14","date_gmt":"2014-08-20T19:07:14","guid":{"rendered":"https:\/\/www.europlast-sl.com\/accesorios\/"},"modified":"2018-12-20T11:40:58","modified_gmt":"2018-12-20T11:40:58","slug":"accesoris","status":"publish","type":"page","link":"https:\/\/www.europlast-sl.com\/ca\/accesoris\/","title":{"rendered":"Accessoris"},"content":{"rendered":"<div class=\"wpb-content-wrapper\"><p>[vc_row el_class=&#8221;llistat&#8221;][vc_column width=&#8221;1\/3&#8243;][vc_single_image image=&#8221;2497&#8243; img_size=&#8221;348 \u00d7 200&#8243; alignment=&#8221;center&#8221; onclick=&#8221;custom_link&#8221; link=&#8221;https:\/\/www.europlast-sl.com\/ca\/boca-de-pressio-lateral\/&#8221;][vc_column_text]<\/p>\n<p style=\"text-align: center;\"><a href=\"https:\/\/www.europlast-sl.com\/ca\/boca-de-pressio-lateral\/\">Boca de presi\u00f3 lateral<\/a><\/p>\n<p>[\/vc_column_text][vc_empty_space][\/vc_column][vc_column width=&#8221;1\/3&#8243;][vc_single_image image=&#8221;2749&#8243; img_size=&#8221;348 \u00d7 200&#8243; alignment=&#8221;center&#8221; onclick=&#8221;custom_link&#8221; link=&#8221;https:\/\/www.europlast-sl.com\/ca\/orelles-delevacio\/&#8221;][vc_column_text]<\/p>\n<p style=\"text-align: center;\"><a href=\"https:\/\/www.europlast-sl.com\/ca\/orelles-delevacio\/\/\">Orelles d&#8217;elevaci\u00f3<\/a><\/p>\n<p>[\/vc_column_text][vc_empty_space][\/vc_column][vc_column width=&#8221;1\/3&#8243;][vc_single_image image=&#8221;2503&#8243; img_size=&#8221;348 \u00d7 200&#8243; alignment=&#8221;center&#8221; onclick=&#8221;custom_link&#8221; link=&#8221;https:\/\/www.europlast-sl.com\/ca\/brida-porta-brides\/&#8221;][vc_column_text]<\/p>\n<p style=\"text-align: center;\"><a href=\"https:\/\/www.europlast-sl.com\/ca\/brida-porta-brides\/\">Brides + porta brides<\/a><\/p>\n<p>[\/vc_column_text][vc_empty_space][\/vc_column][\/vc_row][vc_row el_class=&#8221;llistat&#8221;][vc_column width=&#8221;1\/3&#8243;][vc_single_image image=&#8221;2506&#8243; img_size=&#8221;348 \u00d7 200&#8243; alignment=&#8221;center&#8221; onclick=&#8221;custom_link&#8221; link=&#8221;https:\/\/www.europlast-sl.com\/ca\/pasamurs\/&#8221;][vc_column_text]<\/p>\n<p style=\"text-align: center;\"><a href=\"https:\/\/www.europlast-sl.com\/ca\/pasamurs\/\">Passamurs<\/a><\/p>\n<p>[\/vc_column_text][vc_empty_space][\/vc_column][vc_column width=&#8221;1\/3&#8243;][vc_single_image image=&#8221;2509&#8243; img_size=&#8221;348 \u00d7 200&#8243; alignment=&#8221;center&#8221; onclick=&#8221;custom_link&#8221; link=&#8221;https:\/\/www.europlast-sl.com\/ca\/valvula-desfera\/&#8221;][vc_column_text]<\/p>\n<p style=\"text-align: center;\"><a href=\"https:\/\/www.europlast-sl.com\/ca\/valvula-desfera\/\">V\u00e0lvula d&#8217;esfera<\/a><\/p>\n<p>[\/vc_column_text][vc_empty_space][\/vc_column][vc_column width=&#8221;1\/3&#8243;][vc_single_image image=&#8221;2512&#8243; img_size=&#8221;348 \u00d7 200&#8243; alignment=&#8221;center&#8221; onclick=&#8221;custom_link&#8221; link=&#8221;https:\/\/www.europlast-sl.com\/ca\/tapa-de-polipropile\/&#8221;][vc_column_text]<\/p>\n<p style=\"text-align: center;\"><a href=\"https:\/\/www.europlast-sl.com\/ca\/tapa-de-polipropile\/\">Tapa de polipropil\u00e8<\/a><\/p>\n<p>[\/vc_column_text][vc_empty_space][\/vc_column][\/vc_row][vc_row el_class=&#8221;llistat&#8221;][vc_column width=&#8221;1\/3&#8243;][vc_single_image image=&#8221;2515&#8243; img_size=&#8221;348 \u00d7 200&#8243; alignment=&#8221;center&#8221; onclick=&#8221;custom_link&#8221; link=&#8221;https:\/\/www.europlast-sl.com\/ca\/kit-per-reparar\/&#8221;][vc_column_text]<\/p>\n<p style=\"text-align: center;\"><a href=\"https:\/\/www.europlast-sl.com\/ca\/kit-per-reparar\/\">Kit per reparar<\/a><\/p>\n<p>[\/vc_column_text][vc_empty_space][\/vc_column][vc_column width=&#8221;1\/3&#8243;][vc_single_image image=&#8221;2753&#8243; img_size=&#8221;348 \u00d7 200&#8243; alignment=&#8221;center&#8221; onclick=&#8221;custom_link&#8221; link=&#8221;https:\/\/www.europlast-sl.com\/ca\/valvula-flotador-amb-boia\/&#8221;][vc_column_text]<\/p>\n<p style=\"text-align: center;\"><a href=\"https:\/\/www.europlast-sl.com\/ca\/valvula-flotador-amb-boia\/\">V\u00e1lvula flotador amb boia<\/a><\/p>\n<p>[\/vc_column_text][vc_empty_space][\/vc_column][vc_column width=&#8221;1\/3&#8243;][\/vc_column][\/vc_row]<\/p>\n<\/div>","protected":false},"excerpt":{"rendered":"<p>[vc_row el_class=&#8221;llistat&#8221;][vc_column width=&#8221;1\/3&#8243;][vc_single_image image=&#8221;2497&#8243; img_size=&#8221;348 \u00d7 200&#8243; alignment=&#8221;center&#8221; onclick=&#8221;custom_link&#8221; link=&#8221;https:\/\/www.europlast-sl.com\/ca\/boca-de-pressio-lateral\/&#8221;][vc_column_text] Boca de presi\u00f3 lateral [\/vc_column_text][vc_empty_space][\/vc_column][vc_column width=&#8221;1\/3&#8243;][vc_single_image image=&#8221;2749&#8243; img_size=&#8221;348 \u00d7 200&#8243; alignment=&#8221;center&#8221; onclick=&#8221;custom_link&#8221; link=&#8221;https:\/\/www.europlast-sl.com\/ca\/orelles-delevacio\/&#8221;][vc_column_text] Orelles d&#8217;elevaci\u00f3 [\/vc_column_text][vc_empty_space][\/vc_column][vc_column width=&#8221;1\/3&#8243;][vc_single_image image=&#8221;2503&#8243; img_size=&#8221;348 \u00d7 200&#8243; alignment=&#8221;center&#8221; onclick=&#8221;custom_link&#8221; link=&#8221;https:\/\/www.europlast-sl.com\/ca\/brida-porta-brides\/&#8221;][vc_column_text] Brides + porta brides [\/vc_column_text][vc_empty_space][\/vc_column][\/vc_row][vc_row el_class=&#8221;llistat&#8221;][vc_column width=&#8221;1\/3&#8243;][vc_single_image image=&#8221;2506&#8243; img_size=&#8221;348 \u00d7 200&#8243; alignment=&#8221;center&#8221; onclick=&#8221;custom_link&#8221; link=&#8221;https:\/\/www.europlast-sl.com\/ca\/pasamurs\/&#8221;][vc_column_text] Passamurs [\/vc_column_text][vc_empty_space][\/vc_column][vc_column width=&#8221;1\/3&#8243;][vc_single_image image=&#8221;2509&#8243; img_size=&#8221;348 \u00d7 200&#8243;&hellip;<\/p>\n","protected":false},"author":1,"featured_media":0,"parent":0,"menu_order":0,"comment_status":"closed","ping_status":"closed","template":"","meta":{"_joinchat":[]},"class_list":["post-2875","page","type-page","status-publish","hentry","description-off"],"yoast_head":"<!-- This site is optimized with the Yoast SEO plugin v27.2 - https:\/\/yoast.com\/product\/yoast-seo-wordpress\/ -->\n<title>Accessoris &#8211; Europlast<\/title>\n<meta name=\"robots\" content=\"index, follow, max-snippet:-1, max-image-preview:large, max-video-preview:-1\" \/>\n<link rel=\"canonical\" href=\"https:\/\/www.europlast-sl.com\/ca\/accesoris\/\" \/>\n<meta property=\"og:locale\" content=\"ca_ES\" \/>\n<meta property=\"og:type\" content=\"article\" \/>\n<meta property=\"og:title\" content=\"Accessoris &#8211; Europlast\" \/>\n<meta property=\"og:description\" content=\"[vc_row el_class=&#8221;llistat&#8221;][vc_column width=&#8221;1\/3&#8243;][vc_single_image image=&#8221;2497&#8243; img_size=&#8221;348 \u00d7 200&#8243; alignment=&#8221;center&#8221; onclick=&#8221;custom_link&#8221; link=&#8221;https:\/\/www.europlast-sl.com\/ca\/boca-de-pressio-lateral\/&#8221;][vc_column_text] Boca de presi\u00f3 lateral [\/vc_column_text][vc_empty_space][\/vc_column][vc_column width=&#8221;1\/3&#8243;][vc_single_image image=&#8221;2749&#8243; img_size=&#8221;348 \u00d7 200&#8243; alignment=&#8221;center&#8221; onclick=&#8221;custom_link&#8221; link=&#8221;https:\/\/www.europlast-sl.com\/ca\/orelles-delevacio\/&#8221;][vc_column_text] Orelles d&#8217;elevaci\u00f3 [\/vc_column_text][vc_empty_space][\/vc_column][vc_column width=&#8221;1\/3&#8243;][vc_single_image image=&#8221;2503&#8243; img_size=&#8221;348 \u00d7 200&#8243; alignment=&#8221;center&#8221; onclick=&#8221;custom_link&#8221; link=&#8221;https:\/\/www.europlast-sl.com\/ca\/brida-porta-brides\/&#8221;][vc_column_text] Brides + porta brides [\/vc_column_text][vc_empty_space][\/vc_column][\/vc_row][vc_row el_class=&#8221;llistat&#8221;][vc_column width=&#8221;1\/3&#8243;][vc_single_image image=&#8221;2506&#8243; img_size=&#8221;348 \u00d7 200&#8243; alignment=&#8221;center&#8221; onclick=&#8221;custom_link&#8221; link=&#8221;https:\/\/www.europlast-sl.com\/ca\/pasamurs\/&#8221;][vc_column_text] Passamurs [\/vc_column_text][vc_empty_space][\/vc_column][vc_column width=&#8221;1\/3&#8243;][vc_single_image image=&#8221;2509&#8243; img_size=&#8221;348 \u00d7 200&#8243;&hellip;\" \/>\n<meta property=\"og:url\" content=\"https:\/\/www.europlast-sl.com\/ca\/accesoris\/\" \/>\n<meta property=\"og:site_name\" content=\"Europlast\" \/>\n<meta property=\"article:modified_time\" content=\"2018-12-20T11:40:58+00:00\" \/>\n<meta name=\"twitter:label1\" content=\"Temps estimat de lectura\" \/>\n\t<meta name=\"twitter:data1\" content=\"2 minuts\" \/>\n<script type=\"application\/ld+json\" class=\"yoast-schema-graph\">{\"@context\":\"https:\/\/schema.org\",\"@graph\":[{\"@type\":\"WebPage\",\"@id\":\"https:\/\/www.europlast-sl.com\/ca\/accesoris\/\",\"url\":\"https:\/\/www.europlast-sl.com\/ca\/accesoris\/\",\"name\":\"Accessoris &#8211; Europlast\",\"isPartOf\":{\"@id\":\"https:\/\/www.europlast-sl.com\/ca\/#website\"},\"datePublished\":\"2014-08-20T19:07:14+00:00\",\"dateModified\":\"2018-12-20T11:40:58+00:00\",\"breadcrumb\":{\"@id\":\"https:\/\/www.europlast-sl.com\/ca\/accesoris\/#breadcrumb\"},\"inLanguage\":\"ca\",\"potentialAction\":[{\"@type\":\"ReadAction\",\"target\":[\"https:\/\/www.europlast-sl.com\/ca\/accesoris\/\"]}]},{\"@type\":\"BreadcrumbList\",\"@id\":\"https:\/\/www.europlast-sl.com\/ca\/accesoris\/#breadcrumb\",\"itemListElement\":[{\"@type\":\"ListItem\",\"position\":1,\"name\":\"Portada\",\"item\":\"https:\/\/www.europlast-sl.com\/ca\/\"},{\"@type\":\"ListItem\",\"position\":2,\"name\":\"Accessoris\"}]},{\"@type\":\"WebSite\",\"@id\":\"https:\/\/www.europlast-sl.com\/ca\/#website\",\"url\":\"https:\/\/www.europlast-sl.com\/ca\/\",\"name\":\"Europlast\",\"description\":\"Especialistas en la fabricaci\u00f3n y comercializaci\u00f3n de dep\u00f3sitos\",\"potentialAction\":[{\"@type\":\"SearchAction\",\"target\":{\"@type\":\"EntryPoint\",\"urlTemplate\":\"https:\/\/www.europlast-sl.com\/ca\/?s={search_term_string}\"},\"query-input\":{\"@type\":\"PropertyValueSpecification\",\"valueRequired\":true,\"valueName\":\"search_term_string\"}}],\"inLanguage\":\"ca\"}]}<\/script>\n<!-- \/ Yoast SEO plugin. -->","yoast_head_json":{"title":"Accessoris &#8211; Europlast","robots":{"index":"index","follow":"follow","max-snippet":"max-snippet:-1","max-image-preview":"max-image-preview:large","max-video-preview":"max-video-preview:-1"},"canonical":"https:\/\/www.europlast-sl.com\/ca\/accesoris\/","og_locale":"ca_ES","og_type":"article","og_title":"Accessoris &#8211; Europlast","og_description":"[vc_row el_class=&#8221;llistat&#8221;][vc_column width=&#8221;1\/3&#8243;][vc_single_image image=&#8221;2497&#8243; img_size=&#8221;348 \u00d7 200&#8243; alignment=&#8221;center&#8221; onclick=&#8221;custom_link&#8221; link=&#8221;https:\/\/www.europlast-sl.com\/ca\/boca-de-pressio-lateral\/&#8221;][vc_column_text] Boca de presi\u00f3 lateral [\/vc_column_text][vc_empty_space][\/vc_column][vc_column width=&#8221;1\/3&#8243;][vc_single_image image=&#8221;2749&#8243; img_size=&#8221;348 \u00d7 200&#8243; alignment=&#8221;center&#8221; onclick=&#8221;custom_link&#8221; link=&#8221;https:\/\/www.europlast-sl.com\/ca\/orelles-delevacio\/&#8221;][vc_column_text] Orelles d&#8217;elevaci\u00f3 [\/vc_column_text][vc_empty_space][\/vc_column][vc_column width=&#8221;1\/3&#8243;][vc_single_image image=&#8221;2503&#8243; img_size=&#8221;348 \u00d7 200&#8243; alignment=&#8221;center&#8221; onclick=&#8221;custom_link&#8221; link=&#8221;https:\/\/www.europlast-sl.com\/ca\/brida-porta-brides\/&#8221;][vc_column_text] Brides + porta brides [\/vc_column_text][vc_empty_space][\/vc_column][\/vc_row][vc_row el_class=&#8221;llistat&#8221;][vc_column width=&#8221;1\/3&#8243;][vc_single_image image=&#8221;2506&#8243; img_size=&#8221;348 \u00d7 200&#8243; alignment=&#8221;center&#8221; onclick=&#8221;custom_link&#8221; link=&#8221;https:\/\/www.europlast-sl.com\/ca\/pasamurs\/&#8221;][vc_column_text] Passamurs [\/vc_column_text][vc_empty_space][\/vc_column][vc_column width=&#8221;1\/3&#8243;][vc_single_image image=&#8221;2509&#8243; img_size=&#8221;348 \u00d7 200&#8243;&hellip;","og_url":"https:\/\/www.europlast-sl.com\/ca\/accesoris\/","og_site_name":"Europlast","article_modified_time":"2018-12-20T11:40:58+00:00","twitter_misc":{"Temps estimat de lectura":"2 minuts"},"schema":{"@context":"https:\/\/schema.org","@graph":[{"@type":"WebPage","@id":"https:\/\/www.europlast-sl.com\/ca\/accesoris\/","url":"https:\/\/www.europlast-sl.com\/ca\/accesoris\/","name":"Accessoris &#8211; Europlast","isPartOf":{"@id":"https:\/\/www.europlast-sl.com\/ca\/#website"},"datePublished":"2014-08-20T19:07:14+00:00","dateModified":"2018-12-20T11:40:58+00:00","breadcrumb":{"@id":"https:\/\/www.europlast-sl.com\/ca\/accesoris\/#breadcrumb"},"inLanguage":"ca","potentialAction":[{"@type":"ReadAction","target":["https:\/\/www.europlast-sl.com\/ca\/accesoris\/"]}]},{"@type":"BreadcrumbList","@id":"https:\/\/www.europlast-sl.com\/ca\/accesoris\/#breadcrumb","itemListElement":[{"@type":"ListItem","position":1,"name":"Portada","item":"https:\/\/www.europlast-sl.com\/ca\/"},{"@type":"ListItem","position":2,"name":"Accessoris"}]},{"@type":"WebSite","@id":"https:\/\/www.europlast-sl.com\/ca\/#website","url":"https:\/\/www.europlast-sl.com\/ca\/","name":"Europlast","description":"Especialistas en la fabricaci\u00f3n y comercializaci\u00f3n de dep\u00f3sitos","potentialAction":[{"@type":"SearchAction","target":{"@type":"EntryPoint","urlTemplate":"https:\/\/www.europlast-sl.com\/ca\/?s={search_term_string}"},"query-input":{"@type":"PropertyValueSpecification","valueRequired":true,"valueName":"search_term_string"}}],"inLanguage":"ca"}]}},"_links":{"self":[{"href":"https:\/\/www.europlast-sl.com\/ca\/wp-json\/wp\/v2\/pages\/2875","targetHints":{"allow":["GET"]}}],"collection":[{"href":"https:\/\/www.europlast-sl.com\/ca\/wp-json\/wp\/v2\/pages"}],"about":[{"href":"https:\/\/www.europlast-sl.com\/ca\/wp-json\/wp\/v2\/types\/page"}],"author":[{"embeddable":true,"href":"https:\/\/www.europlast-sl.com\/ca\/wp-json\/wp\/v2\/users\/1"}],"replies":[{"embeddable":true,"href":"https:\/\/www.europlast-sl.com\/ca\/wp-json\/wp\/v2\/comments?post=2875"}],"version-history":[{"count":3,"href":"https:\/\/www.europlast-sl.com\/ca\/wp-json\/wp\/v2\/pages\/2875\/revisions"}],"predecessor-version":[{"id":3143,"href":"https:\/\/www.europlast-sl.com\/ca\/wp-json\/wp\/v2\/pages\/2875\/revisions\/3143"}],"wp:attachment":[{"href":"https:\/\/www.europlast-sl.com\/ca\/wp-json\/wp\/v2\/media?parent=2875"}],"curies":[{"name":"wp","href":"https:\/\/api.w.org\/{rel}","templated":true}]}}