{"id":2866,"date":"2018-12-05T16:27:20","date_gmt":"2018-12-05T16:27:20","guid":{"rendered":"https:\/\/www.europlast-sl.com\/depositos-de-agua\/depositos-agua-cilindricos-enterrados\/"},"modified":"2018-12-20T11:34:26","modified_gmt":"2018-12-20T11:34:26","slug":"diposits-cilindrics-enterrats","status":"publish","type":"page","link":"https:\/\/www.europlast-sl.com\/ca\/diposits-aigua\/diposits-cilindrics-enterrats\/","title":{"rendered":"Dip\u00f2sits aigua cil\u00edndrics enterrats"},"content":{"rendered":"<div class=\"wpb-content-wrapper\"><p>[vc_row el_class=&#8221;productes&#8221;][vc_column][vc_column_text]<\/p>\n<h2>Dip\u00f2sits cil\u00edndrics enterrats horitzontals<\/h2>\n<p>[\/vc_column_text][vc_column_text]<strong>Dip\u00f2sits d&#8217;aigua<\/strong> en format cil\u00edndric horitzontal per ubicar enterrats, idonis per a l&#8217;emmagatzematge d&#8217;aigua i tamb\u00e9 es poden fer servir com a dip\u00f2sits d&#8217;aigua per a reg. Disposem d&#8217;una gran gamma de diferents capacitats i dimensions. Molt manejables per al seu correcte posicionament en el lloc on hagin d&#8217;anar instal\u00b7lats. Amb el lliurament d&#8217;aquests <strong>dip\u00f2sits d&#8217;aigua<\/strong> per enterrar, sempre adjuntem les correctes normes d&#8217;instal\u00b7laci\u00f3.<\/p>\n<p>Aquests dip\u00f2sits s\u00f3n per emmagatzemar aig\u00fces pluvials, per a reg, o altres funcions i utilitats. Inclouen una presa d&#8217;entrada i una altra de sortida i les instal\u00b7lem sobre el dip\u00f2sit de forma personalitzada adaptant-nos a les necessitats requerides.<\/p>\n<p>Per sol\u00b7licitar m\u00e9s informaci\u00f3 sobre la capacitat i preus dels <strong>dip\u00f2sits d&#8217;aigua<\/strong> pots posar-te en contacte amb Europlast.[\/vc_column_text][\/vc_column][\/vc_row][vc_row][vc_column][vc_raw_html]JTNDdGFibGUlMjBjbGFzcyUzRCUyMnRhdWxhJTIyJTIwd2lkdGglM0QlMjIxMDAlMjUlMjIlM0UlMEElM0N0aGVhZCUzRSUwQSUzQ3RyJTNFJTBBJTNDdGglMjB3aWR0aCUzRCUyMjE1JTI1JTIyJTNFJTI2bmJzcCUzQiUzQyUyRnRoJTNFJTBBJTNDdGglMjBjbGFzcyUzRCUyMmNhcHNhbGVyYTElMjIlMjBjb2xzcGFuJTNEJTIyMyUyMiUzRURJTUVOU0lPTlMlM0MlMkZ0aCUzRSUwQSUzQyUyRnRyJTNFJTBBJTNDdHIlM0UlMEElM0N0aCUyMGNsYXNzJTNEJTIyY2Fwc2FsZXJhMyUyMiUzRUNBUEFDSVRBVCUzQyUyRnRoJTNFJTBBJTNDdGglMjBjbGFzcyUzRCUyMmNhcHNhbGVyYTIlMjIlM0VMJTNDJTJGdGglM0UlMEElM0N0aCUyMGNsYXNzJTNEJTIyY2Fwc2FsZXJhMiUyMiUzRUQlM0MlMkZ0aCUzRSUwQSUzQ3RoJTIwY2xhc3MlM0QlMjJjYXBzYWxlcmEyJTIyJTNFQiUzQyUyRnRoJTNFJTBBJTNDJTJGdHIlM0UlMEElM0MlMkZ0aGVhZCUzRSUwQSUzQ3Rib2R5JTNFJTBBJTNDdHIlM0UlMEElM0N0ZCUyMGNsYXNzJTNEJTIyY2Fwc2FsZXJhMiUyMiUzRTY1MCUyMGx0cy4lM0MlMkZ0ZCUzRSUwQSUzQ3RkJTNFMTg4MCUyMG1tLiUzQyUyRnRkJTNFJTBBJTNDdGQlM0U3MzAlMjBtbS4lM0MlMkZ0ZCUzRSUwQSUzQ3RkJTNFNTYwJTIwbW0uJTNDJTJGdGQlM0UlMEElM0MlMkZ0ciUzRSUwQSUzQ3RyJTNFJTBBJTNDdGQlMjBjbGFzcyUzRCUyMmNhcHNhbGVyYTIlMjIlM0UxMDAwJTIwbHRzLiUzQyUyRnRkJTNFJTBBJTNDdGQlM0UyMDQwJTIwbW0uJTNDJTJGdGQlM0UlMEElM0N0ZCUzRTg3NyUyMG1tLiUzQyUyRnRkJTNFJTBBJTNDdGQlM0U1NjAlMjBtbS4lM0MlMkZ0ZCUzRSUwQSUzQyUyRnRyJTNFJTBBJTNDdHIlM0UlMEElM0N0ZCUyMGNsYXNzJTNEJTIyY2Fwc2FsZXJhMiUyMiUzRTIxNTAlMjBsdHMuJTNDJTJGdGQlM0UlMEElM0N0ZCUzRTI4MDAlMjBtbS4lM0MlMkZ0ZCUzRSUwQSUzQ3RkJTNFMTA3MCUyMG1tLiUzQyUyRnRkJTNFJTBBJTNDdGQlM0U1NjAlMjBtbS4lM0MlMkZ0ZCUzRSUwQSUzQyUyRnRyJTNFJTBBJTNDdHIlM0UlMEElM0N0ZCUyMGNsYXNzJTNEJTIyY2Fwc2FsZXJhMiUyMiUzRTQyMDAlMjBsdHMuJTNDJTJGdGQlM0UlMEElM0N0ZCUzRTI4NDAlMjBtbS4lM0MlMkZ0ZCUzRSUwQSUzQ3RkJTNFMTQ5MCUyMG1tLiUzQyUyRnRkJTNFJTBBJTNDdGQlM0U1NjAlMjBtbS4lM0MlMkZ0ZCUzRSUwQSUzQyUyRnRyJTNFJTBBJTNDJTJGdGJvZHklM0UlMEElM0MlMkZ0YWJsZSUzRQ==[\/vc_raw_html][vc_single_image image=&#8221;1583&#8243; img_size=&#8221;600&#215;407&#8243; alignment=&#8221;center&#8221; onclick=&#8221;link_image&#8221;][\/vc_column][\/vc_row][vc_row][vc_column][vc_raw_html]JTNDdGFibGUlMjBjbGFzcyUzRCUyMnRhdWxhJTIyJTIwd2lkdGglM0QlMjIxMDAlMjUlMjIlM0UlMEElM0N0aGVhZCUzRSUwQSUzQ3RyJTNFJTBBJTNDdGglMjB3aWR0aCUzRCUyMjE1JTI1JTIyJTNFJTI2bmJzcCUzQiUzQyUyRnRoJTNFJTBBJTNDdGglMjBjbGFzcyUzRCUyMmNhcHNhbGVyYTElMjIlMjBjb2xzcGFuJTNEJTIyMyUyMiUzRURJTUVOU0lPTlMlM0MlMkZ0aCUzRSUwQSUzQyUyRnRyJTNFJTBBJTNDdHIlM0UlMEElM0N0aCUyMGNsYXNzJTNEJTIyY2Fwc2FsZXJhMyUyMiUzRUNBUEFDSVRBVCUzQyUyRnRoJTNFJTBBJTNDdGglMjBjbGFzcyUzRCUyMmNhcHNhbGVyYTIlMjIlM0VEJTNDJTJGdGglM0UlMEElM0N0aCUyMGNsYXNzJTNEJTIyY2Fwc2FsZXJhMiUyMiUzRUxPTkdJVFVEJTNDJTJGdGglM0UlMEElM0N0aCUyMGNsYXNzJTNEJTIyY2Fwc2FsZXJhMiUyMiUzRUIlM0MlMkZ0aCUzRSUwQSUzQyUyRnRyJTNFJTBBJTNDJTJGdGhlYWQlM0UlMEElM0N0Ym9keSUzRSUwQSUzQ3RyJTNFJTBBJTNDdGQlMjBjbGFzcyUzRCUyMmNhcHNhbGVyYTIlMjIlM0U2MDAwJTIwbHRzLiUzQyUyRnRkJTNFJTBBJTNDdGQlM0UyMDAwJTIwbW0uJTNDJTJGdGQlM0UlMEElM0N0ZCUzRTIwMDAlMjBtbS4lM0MlMkZ0ZCUzRSUwQSUzQ3RkJTNFNTYwJTIwbW0uJTNDJTJGdGQlM0UlMEElM0MlMkZ0ciUzRSUwQSUzQ3RyJTNFJTBBJTNDdGQlMjBjbGFzcyUzRCUyMmNhcHNhbGVyYTIlMjIlM0U4MDAwJTIwbHRzLiUzQyUyRnRkJTNFJTBBJTNDdGQlM0UyMDAwJTIwbW0uJTNDJTJGdGQlM0UlMEElM0N0ZCUzRTI2MDAlMjBtbS4lM0MlMkZ0ZCUzRSUwQSUzQ3RkJTNFNTYwJTIwbW0uJTNDJTJGdGQlM0UlMEElM0MlMkZ0ciUzRSUwQSUzQ3RyJTNFJTBBJTNDdGQlMjBjbGFzcyUzRCUyMmNhcHNhbGVyYTIlMjIlM0UxMDAwMCUyMGx0cy4lM0MlMkZ0ZCUzRSUwQSUzQ3RkJTNFMjAwMCUyMG1tLiUzQyUyRnRkJTNFJTBBJTNDdGQlM0UzMjAwJTIwbW0uJTNDJTJGdGQlM0UlMEElM0N0ZCUzRTU2MCUyMG1tLiUzQyUyRnRkJTNFJTBBJTNDJTJGdHIlM0UlMEElM0N0ciUzRSUwQSUzQ3RkJTIwY2xhc3MlM0QlMjJjYXBzYWxlcmEyJTIyJTNFMTIwMDAlMjBsdHMuJTNDJTJGdGQlM0UlMEElM0N0ZCUzRTIwMDAlMjBtbS4lM0MlMkZ0ZCUzRSUwQSUzQ3RkJTNFMzgzMCUyMG1tLiUzQyUyRnRkJTNFJTBBJTNDdGQlM0U1NjAlMjBtbS4lM0MlMkZ0ZCUzRSUwQSUzQyUyRnRyJTNFJTBBJTNDdHIlM0UlMEElM0N0ZCUyMGNsYXNzJTNEJTIyY2Fwc2FsZXJhMiUyMiUzRTE1MDAwJTIwbHRzLiUzQyUyRnRkJTNFJTBBJTNDdGQlM0UyMDAwJTIwbW0uJTNDJTJGdGQlM0UlMEElM0N0ZCUzRTQ3ODAlMjBtbS4lM0MlMkZ0ZCUzRSUwQSUzQ3RkJTNFNTYwJTIwbW0uJTNDJTJGdGQlM0UlMEElM0MlMkZ0ciUzRSUwQSUzQ3RyJTNFJTBBJTNDdGQlMjBjbGFzcyUzRCUyMmNhcHNhbGVyYTIlMjIlM0UyMDAwMCUyMGx0cy4lM0MlMkZ0ZCUzRSUwQSUzQ3RkJTNFMjUwMCUyMG1tLiUzQyUyRnRkJTNFJTBBJTNDdGQlM0U0MDgwJTIwbW0uJTNDJTJGdGQlM0UlMEElM0N0ZCUzRTU2MCUyMG1tLiUzQyUyRnRkJTNFJTBBJTNDJTJGdHIlM0UlMEElM0N0ciUzRSUwQSUzQ3RkJTIwY2xhc3MlM0QlMjJjYXBzYWxlcmEyJTIyJTNFMjUwMDAlMjBsdHMuJTNDJTJGdGQlM0UlMEElM0N0ZCUzRTI1MDAlMjBtbS4lM0MlMkZ0ZCUzRSUwQSUzQ3RkJTNFNTEwMCUyMG1tLiUzQyUyRnRkJTNFJTBBJTNDdGQlM0U1NjAlMjBtbS4lM0MlMkZ0ZCUzRSUwQSUzQyUyRnRyJTNFJTBBJTNDdHIlM0UlMEElM0N0ZCUyMGNsYXNzJTNEJTIyY2Fwc2FsZXJhMiUyMiUzRTMwMDAwJTIwbHRzLiUzQyUyRnRkJTNFJTBBJTNDdGQlM0UyNTAwJTIwbW0uJTNDJTJGdGQlM0UlMEElM0N0ZCUzRTYxMTAlMjBtbS4lM0MlMkZ0ZCUzRSUwQSUzQ3RkJTNFNTYwJTIwbW0uJTNDJTJGdGQlM0UlMEElM0MlMkZ0ciUzRSUwQSUzQ3RyJTNFJTBBJTNDdGQlMjBjbGFzcyUzRCUyMmNhcHNhbGVyYTIlMjIlM0UzNTAwMCUyMGx0cy4lM0MlMkZ0ZCUzRSUwQSUzQ3RkJTNFMjUwMCUyMG1tLiUzQyUyRnRkJTNFJTBBJTNDdGQlM0U3MTMwJTIwbW0uJTNDJTJGdGQlM0UlMEElM0N0ZCUzRTU2MCUyMG1tLiUzQyUyRnRkJTNFJTBBJTNDJTJGdHIlM0UlMEElM0N0ciUzRSUwQSUzQ3RkJTIwY2xhc3MlM0QlMjJjYXBzYWxlcmEyJTIyJTNFNDAwMDAlMjBsdHMuJTNDJTJGdGQlM0UlMEElM0N0ZCUzRTI1MDAlMjBtbS4lM0MlMkZ0ZCUzRSUwQSUzQ3RkJTNFODE1MCUyMG1tLiUzQyUyRnRkJTNFJTBBJTNDdGQlM0U1NjAlMjBtbS4lM0MlMkZ0ZCUzRSUwQSUzQyUyRnRyJTNFJTBBJTNDJTJGdGJvZHklM0UlMEElM0MlMkZ0YWJsZSUzRQ==[\/vc_raw_html][vc_single_image image=&#8221;1587&#8243; img_size=&#8221;600&#215;407&#8243; alignment=&#8221;center&#8221; onclick=&#8221;link_image&#8221;][\/vc_column][\/vc_row][vc_row][vc_column][\/vc_column][\/vc_row][vc_row][vc_column][vc_column_text]<\/p>\n<h2>Dip\u00f2sits cil\u00edndrics enterrats verticals<\/h2>\n<p>[\/vc_column_text][vc_column_text el_class=&#8221;productes&#8221;]Aquests <strong>dip\u00f2sits d&#8217;aigua<\/strong> tenen forma cil\u00edndrica i s\u00f3n per a col\u00b7locar verticalment i enterrats sota la superf\u00edcie. Es tracta dip\u00f2sits d&#8217;aigua per a reg, aigua de pluja, i tamb\u00e9 per a l&#8217;emmagatzematge d&#8217;aigua o altres l\u00edquids. Les capacitats d&#8217;aquests <strong>dip\u00f2sits d&#8217;aigua<\/strong> oscil\u00b7len entre els 650 i 40.000 litres.<\/p>\n<p>Aquests <strong>dip\u00f2sits d&#8217;aigua pluvial<\/strong> tenen diverses utilitats, com ara l&#8217;emmagatzematge de les mateixes o utilitzar-les per al reg. Un dip\u00f2sit d&#8217;aigua com aquest \u00e9s idoni i molt pr\u00e0ctic per a la seva instal\u00b7laci\u00f3, facilitant i estalviant costos.<\/p>\n<p>Sempre els subministrem amb una presa d&#8217;ompliment i una altra presa de buidatge.<\/p>\n<p>Per sol\u00b7licitar m\u00e9s informaci\u00f3 sobre la capacitat i preus dels <strong>dip\u00f2sits d&#8217;aigua<\/strong> pots posar-te en contacte amb Europlast.[\/vc_column_text][vc_row_inner][vc_column_inner][vc_raw_html]JTNDdGFibGUlMjBjbGFzcyUzRCUyMnRhdWxhJTIyJTIwd2lkdGglM0QlMjIxMDAlMjUlMjIlM0UlMEElM0N0aGVhZCUzRSUwQSUzQ3RyJTNFJTBBJTNDdGglMjB3aWR0aCUzRCUyMjE1JTI1JTIyJTNFJTI2bmJzcCUzQiUzQyUyRnRoJTNFJTBBJTNDdGglMjBjbGFzcyUzRCUyMmNhcHNhbGVyYTElMjIlMjBjb2xzcGFuJTNEJTIyMyUyMiUzRURJTUVOU0lPTlMlM0MlMkZ0aCUzRSUwQSUzQyUyRnRyJTNFJTBBJTNDdHIlM0UlMEElM0N0aCUyMGNsYXNzJTNEJTIyY2Fwc2FsZXJhMyUyMiUzRUNBUEFDSVRBVCUzQyUyRnRoJTNFJTBBJTNDdGglMjBjbGFzcyUzRCUyMmNhcHNhbGVyYTIlMjIlM0VEJTNDJTJGdGglM0UlMEElM0N0aCUyMGNsYXNzJTNEJTIyY2Fwc2FsZXJhMiUyMiUzRUglM0MlMkZ0aCUzRSUwQSUzQ3RoJTIwY2xhc3MlM0QlMjJjYXBzYWxlcmEyJTIyJTNFQiUzQyUyRnRoJTNFJTBBJTNDJTJGdHIlM0UlMEElM0MlMkZ0aGVhZCUzRSUwQSUzQ3Rib2R5JTNFJTBBJTNDdHIlM0UlMEElM0N0ZCUyMGNsYXNzJTNEJTIyY2Fwc2FsZXJhMiUyMiUzRTY1MCUyMGx0cy4lM0MlMkZ0ZCUzRSUwQSUzQ3RkJTNFNzMwJTIwbW0uJTNDJTJGdGQlM0UlMEElM0N0ZCUzRTE4ODAlMjBtbS4lM0MlMkZ0ZCUzRSUwQSUzQ3RkJTNFMzAwJTIwbW0uJTNDJTJGdGQlM0UlMEElM0MlMkZ0ciUzRSUwQSUzQ3RyJTNFJTBBJTNDdGQlMjBjbGFzcyUzRCUyMmNhcHNhbGVyYTIlMjIlM0UxMDAwJTIwbHRzLiUzQyUyRnRkJTNFJTBBJTNDdGQlM0U4NzclMjBtbS4lM0MlMkZ0ZCUzRSUwQSUzQ3RkJTNFMjA0MCUyMG1tLiUzQyUyRnRkJTNFJTBBJTNDdGQlM0UzMDAlMjBtbS4lM0MlMkZ0ZCUzRSUwQSUzQyUyRnRyJTNFJTBBJTNDdHIlM0UlMEElM0N0ZCUyMGNsYXNzJTNEJTIyY2Fwc2FsZXJhMiUyMiUzRTIxNTAlMjBsdHMuJTNDJTJGdGQlM0UlMEElM0N0ZCUzRTEwNzAlMjBtbS4lM0MlMkZ0ZCUzRSUwQSUzQ3RkJTNFMjgwMCUyMG1tLiUzQyUyRnRkJTNFJTBBJTNDdGQlM0U1NjAlMjBtbS4lM0MlMkZ0ZCUzRSUwQSUzQyUyRnRyJTNFJTBBJTNDdHIlM0UlMEElM0N0ZCUyMGNsYXNzJTNEJTIyY2Fwc2FsZXJhMiUyMiUzRTQyMDAlMjBsdHMuJTNDJTJGdGQlM0UlMEElM0N0ZCUzRTE0OTAlMjBtbS4lM0MlMkZ0ZCUzRSUwQSUzQ3RkJTNFMjg0MCUyMG1tLiUzQyUyRnRkJTNFJTBBJTNDdGQlM0U1NjAlMjBtbS4lM0MlMkZ0ZCUzRSUwQSUzQyUyRnRyJTNFJTBBJTNDdHIlM0UlMEElM0N0ZCUyMGNsYXNzJTNEJTIyY2Fwc2FsZXJhMiUyMiUzRTUwMDAlMjBsdHMuJTNDJTJGdGQlM0UlMEElM0N0ZCUzRTE5NTAlMjBtbS4lM0MlMkZ0ZCUzRSUwQSUzQ3RkJTNFMTcwMCUyMG1tLiUzQyUyRnRkJTNFJTBBJTNDdGQlM0U1NjAlMjBtbS4lM0MlMkZ0ZCUzRSUwQSUzQyUyRnRyJTNFJTBBJTNDdHIlM0UlMEElM0N0ZCUyMGNsYXNzJTNEJTIyY2Fwc2FsZXJhMiUyMiUzRTc0MDAlMjBsdHMuJTNDJTJGdGQlM0UlMEElM0N0ZCUzRTIwMzAlMjBtbS4lM0MlMkZ0ZCUzRSUwQSUzQ3RkJTNFMjQwMCUyMG1tLiUzQyUyRnRkJTNFJTBBJTNDdGQlM0U1NjAlMjBtbS4lM0MlMkZ0ZCUzRSUwQSUzQyUyRnRyJTNFJTBBJTNDJTJGdGJvZHklM0UlMEElM0MlMkZ0YWJsZSUzRQ==[\/vc_raw_html][vc_single_image image=&#8221;1557&#8243; img_size=&#8221;600&#215;407&#8243; alignment=&#8221;center&#8221; onclick=&#8221;link_image&#8221;][vc_single_image image=&#8221;1568&#8243; img_size=&#8221;600&#215;407&#8243; alignment=&#8221;center&#8221; onclick=&#8221;link_image&#8221;][\/vc_column_inner][\/vc_row_inner][vc_row_inner][vc_column_inner][vc_raw_html]JTNDdGFibGUlMjBjbGFzcyUzRCUyMnRhdWxhJTIyJTIwd2lkdGglM0QlMjIxMDAlMjUlMjIlM0UlMEElM0N0aGVhZCUzRSUwQSUzQ3RyJTNFJTBBJTNDdGglMjB3aWR0aCUzRCUyMjE1JTI1JTIyJTNFJTI2bmJzcCUzQiUzQyUyRnRoJTNFJTBBJTNDdGglMjBjbGFzcyUzRCUyMmNhcHNhbGVyYTElMjIlMjBjb2xzcGFuJTNEJTIyMyUyMiUzRURJTUVOU0lPTlMlM0MlMkZ0aCUzRSUwQSUzQyUyRnRyJTNFJTBBJTNDdHIlM0UlMEElM0N0aCUyMGNsYXNzJTNEJTIyY2Fwc2FsZXJhMyUyMiUzRUNBUEFDSVRBVCUzQyUyRnRoJTNFJTBBJTNDdGglMjBjbGFzcyUzRCUyMmNhcHNhbGVyYTIlMjIlM0VEJTNDJTJGdGglM0UlMEElM0N0aCUyMGNsYXNzJTNEJTIyY2Fwc2FsZXJhMiUyMiUzRUglM0MlMkZ0aCUzRSUwQSUzQ3RoJTIwY2xhc3MlM0QlMjJjYXBzYWxlcmEyJTIyJTNFQiUzQyUyRnRoJTNFJTBBJTNDJTJGdHIlM0UlMEElM0MlMkZ0aGVhZCUzRSUwQSUzQ3Rib2R5JTNFJTBBJTNDdHIlM0UlMEElM0N0ZCUyMGNsYXNzJTNEJTIyY2Fwc2FsZXJhMiUyMiUzRTYwMDAlMjBsdHMuJTNDJTJGdGQlM0UlMEElM0N0ZCUzRTIwMDAlMjBtbS4lM0MlMkZ0ZCUzRSUwQSUzQ3RkJTNFMjAwMCUyMG1tLiUzQyUyRnRkJTNFJTBBJTNDdGQlM0U1NjAlMjBtbS4lM0MlMkZ0ZCUzRSUwQSUzQyUyRnRyJTNFJTBBJTNDdHIlM0UlMEElM0N0ZCUyMGNsYXNzJTNEJTIyY2Fwc2FsZXJhMiUyMiUzRTgwMDAlMjBsdHMuJTNDJTJGdGQlM0UlMEElM0N0ZCUzRTIwMDAlMjBtbS4lM0MlMkZ0ZCUzRSUwQSUzQ3RkJTNFMjYwMCUyMG1tLiUzQyUyRnRkJTNFJTBBJTNDdGQlM0U1NjAlMjBtbS4lM0MlMkZ0ZCUzRSUwQSUzQyUyRnRyJTNFJTBBJTNDdHIlM0UlMEElM0N0ZCUyMGNsYXNzJTNEJTIyY2Fwc2FsZXJhMiUyMiUzRTEwMDAwJTIwbHRzLiUzQyUyRnRkJTNFJTBBJTNDdGQlM0UyMDAwJTIwbW0uJTNDJTJGdGQlM0UlMEElM0N0ZCUzRTMyMDAlMjBtbS4lM0MlMkZ0ZCUzRSUwQSUzQ3RkJTNFNTYwJTIwbW0uJTNDJTJGdGQlM0UlMEElM0MlMkZ0ciUzRSUwQSUzQ3RyJTNFJTBBJTNDdGQlMjBjbGFzcyUzRCUyMmNhcHNhbGVyYTIlMjIlM0UxMjAwMCUyMGx0cy4lM0MlMkZ0ZCUzRSUwQSUzQ3RkJTNFMjAwMCUyMG1tLiUzQyUyRnRkJTNFJTBBJTNDdGQlM0UzODMwJTIwbW0uJTNDJTJGdGQlM0UlMEElM0N0ZCUzRTU2MCUyMG1tLiUzQyUyRnRkJTNFJTBBJTNDJTJGdHIlM0UlMEElM0N0ciUzRSUwQSUzQ3RkJTIwY2xhc3MlM0QlMjJjYXBzYWxlcmEyJTIyJTNFMTUwMDAlMjBsdHMuJTNDJTJGdGQlM0UlMEElM0N0ZCUzRTIwMDAlMjBtbS4lM0MlMkZ0ZCUzRSUwQSUzQ3RkJTNFNDc4MCUyMG1tLiUzQyUyRnRkJTNFJTBBJTNDdGQlM0U1NjAlMjBtbS4lM0MlMkZ0ZCUzRSUwQSUzQyUyRnRyJTNFJTBBJTNDdHIlM0UlMEElM0N0ZCUyMGNsYXNzJTNEJTIyY2Fwc2FsZXJhMiUyMiUzRTIwMDAwJTIwbHRzLiUzQyUyRnRkJTNFJTBBJTNDdGQlM0UyNTAwJTIwbW0uJTNDJTJGdGQlM0UlMEElM0N0ZCUzRTQwODAlMjBtbS4lM0MlMkZ0ZCUzRSUwQSUzQ3RkJTNFNTYwJTIwbW0uJTNDJTJGdGQlM0UlMEElM0MlMkZ0ciUzRSUwQSUzQ3RyJTNFJTBBJTNDdGQlMjBjbGFzcyUzRCUyMmNhcHNhbGVyYTIlMjIlM0UyNTAwMCUyMGx0cy4lM0MlMkZ0ZCUzRSUwQSUzQ3RkJTNFMjUwMCUyMG1tLiUzQyUyRnRkJTNFJTBBJTNDdGQlM0U1MTAwJTIwbW0uJTNDJTJGdGQlM0UlMEElM0N0ZCUzRTU2MCUyMG1tLiUzQyUyRnRkJTNFJTBBJTNDJTJGdHIlM0UlMEElM0N0ciUzRSUwQSUzQ3RkJTIwY2xhc3MlM0QlMjJjYXBzYWxlcmEyJTIyJTNFMzAwMDAlMjBsdHMuJTNDJTJGdGQlM0UlMEElM0N0ZCUzRTI1MDAlMjBtbS4lM0MlMkZ0ZCUzRSUwQSUzQ3RkJTNFNjExMCUyMG1tLiUzQyUyRnRkJTNFJTBBJTNDdGQlM0U1NjAlMjBtbS4lM0MlMkZ0ZCUzRSUwQSUzQyUyRnRyJTNFJTBBJTNDdHIlM0UlMEElM0N0ZCUyMGNsYXNzJTNEJTIyY2Fwc2FsZXJhMiUyMiUzRTM1MDAwJTIwbHRzLiUzQyUyRnRkJTNFJTBBJTNDdGQlM0UyNTAwJTIwbW0uJTNDJTJGdGQlM0UlMEElM0N0ZCUzRTcxMzAlMjBtbS4lM0MlMkZ0ZCUzRSUwQSUzQ3RkJTNFNTYwJTIwbW0uJTNDJTJGdGQlM0UlMEElM0MlMkZ0ciUzRSUwQSUzQ3RyJTNFJTBBJTNDdGQlMjBjbGFzcyUzRCUyMmNhcHNhbGVyYTIlMjIlM0U0MDAwMCUyMGx0cy4lM0MlMkZ0ZCUzRSUwQSUzQ3RkJTNFMjUwMCUyMG1tLiUzQyUyRnRkJTNFJTBBJTNDdGQlM0U4MTUwJTIwbW0uJTNDJTJGdGQlM0UlMEElM0N0ZCUzRTU2MCUyMG1tLiUzQyUyRnRkJTNFJTBBJTNDJTJGdHIlM0UlMEElM0MlMkZ0Ym9keSUzRSUwQSUzQyUyRnRhYmxlJTNF[\/vc_raw_html][vc_single_image image=&#8221;1890&#8243; img_size=&#8221;600&#215;531&#8243; alignment=&#8221;center&#8221; onclick=&#8221;link_image&#8221;][\/vc_column_inner][\/vc_row_inner][\/vc_column][\/vc_row][vc_row][vc_column][vc_text_separator title=&#8221;Contacte&#8221;]\n<div class=\"wpcf7 no-js\" id=\"wpcf7-f585-o1\" lang=\"en-US\" dir=\"ltr\" data-wpcf7-id=\"585\">\n<div class=\"screen-reader-response\"><p role=\"status\" aria-live=\"polite\" aria-atomic=\"true\"><\/p> <ul><\/ul><\/div>\n<form action=\"\/ca\/wp-json\/wp\/v2\/pages\/2866#wpcf7-f585-o1\" method=\"post\" class=\"wpcf7-form init\" aria-label=\"Contact form\" novalidate=\"novalidate\" data-status=\"init\">\n<fieldset class=\"hidden-fields-container\"><input type=\"hidden\" name=\"_wpcf7\" value=\"585\" \/><input type=\"hidden\" name=\"_wpcf7_version\" value=\"6.1.5\" \/><input type=\"hidden\" name=\"_wpcf7_locale\" value=\"en_US\" \/><input type=\"hidden\" name=\"_wpcf7_unit_tag\" value=\"wpcf7-f585-o1\" \/><input type=\"hidden\" name=\"_wpcf7_container_post\" value=\"0\" \/><input type=\"hidden\" name=\"_wpcf7_posted_data_hash\" value=\"\" \/><input type=\"hidden\" name=\"_wpcf7_recaptcha_response\" value=\"\" \/>\n<\/fieldset>\n<p>Nom (*)\n<\/p>\n<p><span class=\"wpcf7-form-control-wrap\" data-name=\"your-name\"><input size=\"40\" maxlength=\"400\" class=\"wpcf7-form-control wpcf7-text wpcf7-validates-as-required\" aria-required=\"true\" aria-invalid=\"false\" value=\"\" type=\"text\" name=\"your-name\" \/><\/span>\n<\/p>\n<p>Poblaci\u00f3 (*)\n<\/p>\n<p><span class=\"wpcf7-form-control-wrap\" data-name=\"poblacio\"><input size=\"40\" maxlength=\"400\" class=\"wpcf7-form-control wpcf7-text wpcf7-validates-as-required\" aria-required=\"true\" aria-invalid=\"false\" value=\"\" type=\"text\" name=\"poblacio\" \/><\/span>\n<\/p>\n<p>Tel\u00e8fon (*)\n<\/p>\n<p><span class=\"wpcf7-form-control-wrap\" data-name=\"telefono\"><input size=\"40\" maxlength=\"400\" class=\"wpcf7-form-control wpcf7-text wpcf7-validates-as-required\" aria-required=\"true\" aria-invalid=\"false\" value=\"\" type=\"text\" name=\"telefono\" \/><\/span>\n<\/p>\n<p>Email (*)\n<\/p>\n<p><span class=\"wpcf7-form-control-wrap\" data-name=\"your-email\"><input size=\"40\" maxlength=\"400\" class=\"wpcf7-form-control wpcf7-email wpcf7-validates-as-required wpcf7-text wpcf7-validates-as-email\" aria-required=\"true\" aria-invalid=\"false\" value=\"\" type=\"email\" name=\"your-email\" \/><\/span>\n<\/p>\n<p>Consulta\n<\/p>\n<p><span class=\"wpcf7-form-control-wrap\" data-name=\"your-message\"><textarea cols=\"40\" rows=\"10\" maxlength=\"2000\" class=\"wpcf7-form-control wpcf7-textarea\" aria-invalid=\"false\" name=\"your-message\"><\/textarea><\/span>\n<\/p>\n<p><input class=\"wpcf7-form-control wpcf7-submit has-spinner\" type=\"submit\" value=\"Enviar\" \/>\n<\/p><p style=\"display: none !important;\" class=\"akismet-fields-container\" data-prefix=\"_wpcf7_ak_\"><label>&#916;<textarea name=\"_wpcf7_ak_hp_textarea\" cols=\"45\" rows=\"8\" maxlength=\"100\"><\/textarea><\/label><input type=\"hidden\" id=\"ak_js_1\" name=\"_wpcf7_ak_js\" value=\"194\"\/><script>document.getElementById( \"ak_js_1\" ).setAttribute( \"value\", ( new Date() ).getTime() );<\/script><\/p><div class=\"wpcf7-response-output\" aria-hidden=\"true\"><\/div>\n<\/form>\n<\/div>\n[\/vc_column][\/vc_row][vc_row][vc_column][\/vc_column][\/vc_row]<\/p>\n<\/div>","protected":false},"excerpt":{"rendered":"<p>[vc_row el_class=&#8221;productes&#8221;][vc_column][vc_column_text] Dip\u00f2sits cil\u00edndrics enterrats horitzontals [\/vc_column_text][vc_column_text]Dip\u00f2sits d&#8217;aigua en format cil\u00edndric horitzontal per ubicar enterrats, idonis per a l&#8217;emmagatzematge d&#8217;aigua i tamb\u00e9 es poden fer servir com a dip\u00f2sits d&#8217;aigua per a reg. Disposem d&#8217;una gran gamma de diferents capacitats i dimensions. Molt manejables per al seu correcte posicionament en el lloc on hagin d&#8217;anar&hellip;<\/p>\n","protected":false},"author":1,"featured_media":0,"parent":2854,"menu_order":0,"comment_status":"closed","ping_status":"closed","template":"","meta":{"_joinchat":[]},"class_list":["post-2866","page","type-page","status-publish","hentry","description-off"],"yoast_head":"<!-- This site is optimized with the Yoast SEO plugin v27.2 - https:\/\/yoast.com\/product\/yoast-seo-wordpress\/ -->\n<title>Dip\u00f2sits aigua cil\u00edndrics enterrats &#8211; Europlast<\/title>\n<meta name=\"robots\" content=\"index, follow, max-snippet:-1, max-image-preview:large, max-video-preview:-1\" \/>\n<link rel=\"canonical\" href=\"https:\/\/www.europlast-sl.com\/ca\/diposits-aigua\/diposits-cilindrics-enterrats\/\" \/>\n<meta property=\"og:locale\" content=\"ca_ES\" \/>\n<meta property=\"og:type\" content=\"article\" \/>\n<meta property=\"og:title\" content=\"Dip\u00f2sits aigua cil\u00edndrics enterrats &#8211; Europlast\" \/>\n<meta property=\"og:description\" content=\"[vc_row el_class=&#8221;productes&#8221;][vc_column][vc_column_text] Dip\u00f2sits cil\u00edndrics enterrats horitzontals [\/vc_column_text][vc_column_text]Dip\u00f2sits d&#8217;aigua en format cil\u00edndric horitzontal per ubicar enterrats, idonis per a l&#8217;emmagatzematge d&#8217;aigua i tamb\u00e9 es poden fer servir com a dip\u00f2sits d&#8217;aigua per a reg. Disposem d&#8217;una gran gamma de diferents capacitats i dimensions. Molt manejables per al seu correcte posicionament en el lloc on hagin d&#8217;anar&hellip;\" \/>\n<meta property=\"og:url\" content=\"https:\/\/www.europlast-sl.com\/ca\/diposits-aigua\/diposits-cilindrics-enterrats\/\" \/>\n<meta property=\"og:site_name\" content=\"Europlast\" \/>\n<meta property=\"article:modified_time\" content=\"2018-12-20T11:34:26+00:00\" \/>\n<meta name=\"twitter:label1\" content=\"Temps estimat de lectura\" \/>\n\t<meta name=\"twitter:data1\" content=\"6 minuts\" \/>\n<script type=\"application\/ld+json\" class=\"yoast-schema-graph\">{\"@context\":\"https:\/\/schema.org\",\"@graph\":[{\"@type\":\"WebPage\",\"@id\":\"https:\/\/www.europlast-sl.com\/ca\/diposits-aigua\/diposits-cilindrics-enterrats\/\",\"url\":\"https:\/\/www.europlast-sl.com\/ca\/diposits-aigua\/diposits-cilindrics-enterrats\/\",\"name\":\"Dip\u00f2sits aigua cil\u00edndrics enterrats &#8211; Europlast\",\"isPartOf\":{\"@id\":\"https:\/\/www.europlast-sl.com\/ca\/#website\"},\"datePublished\":\"2018-12-05T16:27:20+00:00\",\"dateModified\":\"2018-12-20T11:34:26+00:00\",\"breadcrumb\":{\"@id\":\"https:\/\/www.europlast-sl.com\/ca\/diposits-aigua\/diposits-cilindrics-enterrats\/#breadcrumb\"},\"inLanguage\":\"ca\",\"potentialAction\":[{\"@type\":\"ReadAction\",\"target\":[\"https:\/\/www.europlast-sl.com\/ca\/diposits-aigua\/diposits-cilindrics-enterrats\/\"]}]},{\"@type\":\"BreadcrumbList\",\"@id\":\"https:\/\/www.europlast-sl.com\/ca\/diposits-aigua\/diposits-cilindrics-enterrats\/#breadcrumb\",\"itemListElement\":[{\"@type\":\"ListItem\",\"position\":1,\"name\":\"Portada\",\"item\":\"https:\/\/www.europlast-sl.com\/ca\/\"},{\"@type\":\"ListItem\",\"position\":2,\"name\":\"Dip\u00f2sits d&#8217;aigua\",\"item\":\"https:\/\/www.europlast-sl.com\/ca\/diposits-aigua\/\"},{\"@type\":\"ListItem\",\"position\":3,\"name\":\"Dip\u00f2sits aigua cil\u00edndrics enterrats\"}]},{\"@type\":\"WebSite\",\"@id\":\"https:\/\/www.europlast-sl.com\/ca\/#website\",\"url\":\"https:\/\/www.europlast-sl.com\/ca\/\",\"name\":\"Europlast\",\"description\":\"Especialistas en la fabricaci\u00f3n y comercializaci\u00f3n de dep\u00f3sitos\",\"potentialAction\":[{\"@type\":\"SearchAction\",\"target\":{\"@type\":\"EntryPoint\",\"urlTemplate\":\"https:\/\/www.europlast-sl.com\/ca\/?s={search_term_string}\"},\"query-input\":{\"@type\":\"PropertyValueSpecification\",\"valueRequired\":true,\"valueName\":\"search_term_string\"}}],\"inLanguage\":\"ca\"}]}<\/script>\n<!-- \/ Yoast SEO plugin. -->","yoast_head_json":{"title":"Dip\u00f2sits aigua cil\u00edndrics enterrats &#8211; Europlast","robots":{"index":"index","follow":"follow","max-snippet":"max-snippet:-1","max-image-preview":"max-image-preview:large","max-video-preview":"max-video-preview:-1"},"canonical":"https:\/\/www.europlast-sl.com\/ca\/diposits-aigua\/diposits-cilindrics-enterrats\/","og_locale":"ca_ES","og_type":"article","og_title":"Dip\u00f2sits aigua cil\u00edndrics enterrats &#8211; Europlast","og_description":"[vc_row el_class=&#8221;productes&#8221;][vc_column][vc_column_text] Dip\u00f2sits cil\u00edndrics enterrats horitzontals [\/vc_column_text][vc_column_text]Dip\u00f2sits d&#8217;aigua en format cil\u00edndric horitzontal per ubicar enterrats, idonis per a l&#8217;emmagatzematge d&#8217;aigua i tamb\u00e9 es poden fer servir com a dip\u00f2sits d&#8217;aigua per a reg. Disposem d&#8217;una gran gamma de diferents capacitats i dimensions. Molt manejables per al seu correcte posicionament en el lloc on hagin d&#8217;anar&hellip;","og_url":"https:\/\/www.europlast-sl.com\/ca\/diposits-aigua\/diposits-cilindrics-enterrats\/","og_site_name":"Europlast","article_modified_time":"2018-12-20T11:34:26+00:00","twitter_misc":{"Temps estimat de lectura":"6 minuts"},"schema":{"@context":"https:\/\/schema.org","@graph":[{"@type":"WebPage","@id":"https:\/\/www.europlast-sl.com\/ca\/diposits-aigua\/diposits-cilindrics-enterrats\/","url":"https:\/\/www.europlast-sl.com\/ca\/diposits-aigua\/diposits-cilindrics-enterrats\/","name":"Dip\u00f2sits aigua cil\u00edndrics enterrats &#8211; Europlast","isPartOf":{"@id":"https:\/\/www.europlast-sl.com\/ca\/#website"},"datePublished":"2018-12-05T16:27:20+00:00","dateModified":"2018-12-20T11:34:26+00:00","breadcrumb":{"@id":"https:\/\/www.europlast-sl.com\/ca\/diposits-aigua\/diposits-cilindrics-enterrats\/#breadcrumb"},"inLanguage":"ca","potentialAction":[{"@type":"ReadAction","target":["https:\/\/www.europlast-sl.com\/ca\/diposits-aigua\/diposits-cilindrics-enterrats\/"]}]},{"@type":"BreadcrumbList","@id":"https:\/\/www.europlast-sl.com\/ca\/diposits-aigua\/diposits-cilindrics-enterrats\/#breadcrumb","itemListElement":[{"@type":"ListItem","position":1,"name":"Portada","item":"https:\/\/www.europlast-sl.com\/ca\/"},{"@type":"ListItem","position":2,"name":"Dip\u00f2sits d&#8217;aigua","item":"https:\/\/www.europlast-sl.com\/ca\/diposits-aigua\/"},{"@type":"ListItem","position":3,"name":"Dip\u00f2sits aigua cil\u00edndrics enterrats"}]},{"@type":"WebSite","@id":"https:\/\/www.europlast-sl.com\/ca\/#website","url":"https:\/\/www.europlast-sl.com\/ca\/","name":"Europlast","description":"Especialistas en la fabricaci\u00f3n y comercializaci\u00f3n de dep\u00f3sitos","potentialAction":[{"@type":"SearchAction","target":{"@type":"EntryPoint","urlTemplate":"https:\/\/www.europlast-sl.com\/ca\/?s={search_term_string}"},"query-input":{"@type":"PropertyValueSpecification","valueRequired":true,"valueName":"search_term_string"}}],"inLanguage":"ca"}]}},"_links":{"self":[{"href":"https:\/\/www.europlast-sl.com\/ca\/wp-json\/wp\/v2\/pages\/2866","targetHints":{"allow":["GET"]}}],"collection":[{"href":"https:\/\/www.europlast-sl.com\/ca\/wp-json\/wp\/v2\/pages"}],"about":[{"href":"https:\/\/www.europlast-sl.com\/ca\/wp-json\/wp\/v2\/types\/page"}],"author":[{"embeddable":true,"href":"https:\/\/www.europlast-sl.com\/ca\/wp-json\/wp\/v2\/users\/1"}],"replies":[{"embeddable":true,"href":"https:\/\/www.europlast-sl.com\/ca\/wp-json\/wp\/v2\/comments?post=2866"}],"version-history":[{"count":2,"href":"https:\/\/www.europlast-sl.com\/ca\/wp-json\/wp\/v2\/pages\/2866\/revisions"}],"predecessor-version":[{"id":2869,"href":"https:\/\/www.europlast-sl.com\/ca\/wp-json\/wp\/v2\/pages\/2866\/revisions\/2869"}],"up":[{"embeddable":true,"href":"https:\/\/www.europlast-sl.com\/ca\/wp-json\/wp\/v2\/pages\/2854"}],"wp:attachment":[{"href":"https:\/\/www.europlast-sl.com\/ca\/wp-json\/wp\/v2\/media?parent=2866"}],"curies":[{"name":"wp","href":"https:\/\/api.w.org\/{rel}","templated":true}]}}